{"id":1773,"date":"2024-10-24T23:22:19","date_gmt":"2024-10-24T15:22:19","guid":{"rendered":"https:\/\/shop.yipinqian.com\/product\/semi-icy-quality-natural-type-a-jadeite-jade-crafted-as-pixiu-set-with-18k-gold-clasp-as-pendant-with-certificate-weigh-6-76-grams-measurement-26-7-13-7-10-2-mm-18kp33\/"},"modified":"2025-02-24T00:49:51","modified_gmt":"2025-02-23T16:49:51","slug":"semi-icy-quality-natural-type-a-jadeite-jade-crafted-as-pixiu-set-with-18k-gold-clasp-as-pendant-with-certificate-weigh-6-76-grams-measurement-26-7-13-7-10-2-mm-18kp33","status":"publish","type":"product","link":"https:\/\/shop.yipinqian.com\/fr\/produit\/semi-icy-quality-natural-type-a-jadeite-jade-crafted-as-pixiu-set-with-18k-gold-clasp-as-pendant-with-certificate-weigh-6-76-grams-measurement-26-7-13-7-10-2-mm-18kp33\/","title":{"rendered":"Jade jad\u00e9ite naturelle de type A de qualit\u00e9 semi-glac\u00e9e fabriqu\u00e9 en Pixiu serti d&#039;un fermoir en or 18 carats en pendentif avec certificat pesant 6,76 grammes, mesurant 26,7 * 13,7 * 10,2 mm (18kp33)"},"content":{"rendered":"<p>Rehaussez votre style avec ce superbe pendentif Pixiu en jade jad\u00e9ite naturelle de type A de qualit\u00e9 semi-glac\u00e9e serti d&#039;un fermoir en or 18 carats. <strong>6,76 grammes<\/strong> et mesurant \u00e0 <strong>26,7 * 13,7 * 10,2 mm<\/strong>, ce pendentif est un superbe accessoire de bijoux qui sera un ajout parfait \u00e0 votre collection.<\/p>\n<p><\/p>\n<p>Remarque : Cette jad\u00e9ite pixiu a une base verte tr\u00e8s claire bien que peu visible, un bon achat car la qualit\u00e9 est bonne<\/p>\n<p><\/p>\n<p>Le fermoir en or 18 carats p\u00e8se 0,408 gramme<\/p>\n<p>Num\u00e9ros de certificat : GD2111H006114<\/p>\n<p><\/p>\n<ul>\n<li>\n<strong>Jad\u00e9ite naturelle de type A :<\/strong> Fabriqu\u00e9 \u00e0 partir de jad\u00e9ite naturelle de type A de haute qualit\u00e9, ce pendentif respire l&#039;\u00e9l\u00e9gance et la sophistication.<\/li>\n<li>\n<strong>Fermoir en or 18 carats :<\/strong> Le Pixiu est dot\u00e9 d&#039;un fermoir en or PT\/Carat durable et luxueux qui ajoute \u00e0 la beaut\u00e9 du design.<\/li>\n<li>\n<strong>Certificat inclus :<\/strong> Avec un certificat d&#039;authenticit\u00e9 inclus, vous pouvez \u00eatre s\u00fbr que vous obtenez de la v\u00e9ritable jad\u00e9ite du Myanmar.<\/li>\n<\/ul>\n<p>Ce collier unisexe est un excellent cadeau pour toute occasion, qu&#039;elle soit de bon augure ou non ! Bien qu&#039;il ne soit assorti d&#039;aucune garantie, vous pouvez \u00eatre assur\u00e9 que ce bijou est fait pour durer des ann\u00e9es !<\/p>\n<p><\/p>\n<p>Yi Pin Qian \u2013 N\u00e9gociant en pierres pr\u00e9cieuses et m\u00e9taux pr\u00e9cieux \u00e0 Singapour \u2013 Num\u00e9ro de licence PS20190000031<\/p>\n<p><\/p>\n<p>*Toutes les jad\u00e9ites achet\u00e9es chez Yi Pin Qian \u00e0 Singapour, les clients peuvent r\u00e9server des cr\u00e9neaux pour le polissage ou une r\u00e9paration mineure en cas de mauvaise manipulation - des frais s&#039;appliquent et uniquement pour les clients de Yi Pin Qian \u00e0 Singapour*<\/p>\n<p><\/p>\n<p><strong>**Types de certificats**<\/strong><\/p>\n<p><\/p>\n<p><strong>NGI (Nan Yang Gemmologie)<\/strong><\/p>\n<p>ou <strong>Certificats \u00e9trangers <\/strong>(Yi Pin Qian utilise uniquement des certificats authentiques provenant de laboratoires \u00e9trangers et contr\u00f4le \u00e9galement la qualit\u00e9 de chacun de nos produits avant de les mettre en vente \u00e0 Singapour)<\/p>\n<p><\/p>\n<p>Chaque produit sur TikTok aura le type de certificat fourni indiqu\u00e9 dans la description. Pour tout client souhaitant envoyer sa commande \u00e0 NGI Singapore, il y aura un d\u00e9lai d&#039;attente pour la livraison de la commande estim\u00e9 \u00e0 environ 4 semaines pour recevoir votre commande. <strong>Les demandes de rapport sur les pierres pr\u00e9cieuses NGI doivent \u00eatre effectu\u00e9es en envoyant un message \u00e0 la boutique TikTok de Yi Pin Qian.<\/strong> Merci, <strong><u>des frais suppl\u00e9mentaires s&#039;appliquent<\/u><\/strong>.<\/p>\n<p><\/p>\n<p><strong>La jad\u00e9ite naturelle n&#039;est pas parfaite, juste un petit rappel : notre jad\u00e9ite naturelle, comme toutes les belles choses de la nature, poss\u00e8de ses caract\u00e9ristiques et ses variations uniques. Nous invitons nos pr\u00e9cieux clients \u00e0 adopter ces variations naturelles. Bon shopping !<\/strong><\/p>\n<p><\/p>\n<p><strong><u>Aucune des photos et des s\u00e9quences vid\u00e9o n&#039;a \u00e9t\u00e9 filtr\u00e9e. Nous encourageons nos clients \u00e0 regarder \u00e9galement les vid\u00e9os d&#039;accompagnement pour une vue plus compl\u00e8te de nos produits<\/u><\/strong><\/p>","protected":false},"excerpt":{"rendered":"<p>Elevate your style with this exquisite Semi Icy Quality Natural Type A Jadeite Jade Pixiu pendant set in 18k gold clasp. Weighing 6.76 grams and measuring at 26.7 * 13.7 * 10.2 mm, this pendant is a stunning jewelry accessory that will make a perfect addition to your collection. Note: This pixiu jadeite has a [&hellip;]<\/p>","protected":false},"featured_media":7825,"comment_status":"open","ping_status":"closed","template":"","meta":[],"product_brand":[],"product_cat":[194],"product_tag":[],"class_list":{"0":"post-1773","1":"product","2":"type-product","3":"status-publish","4":"has-post-thumbnail","6":"product_cat-value-picks","8":"first","9":"instock","10":"sale","11":"shipping-taxable","12":"purchasable","13":"product-type-simple"},"_links":{"self":[{"href":"https:\/\/shop.yipinqian.com\/fr\/wp-json\/wp\/v2\/product\/1773","targetHints":{"allow":["GET"]}}],"collection":[{"href":"https:\/\/shop.yipinqian.com\/fr\/wp-json\/wp\/v2\/product"}],"about":[{"href":"https:\/\/shop.yipinqian.com\/fr\/wp-json\/wp\/v2\/types\/product"}],"replies":[{"embeddable":true,"href":"https:\/\/shop.yipinqian.com\/fr\/wp-json\/wp\/v2\/comments?post=1773"}],"version-history":[{"count":0,"href":"https:\/\/shop.yipinqian.com\/fr\/wp-json\/wp\/v2\/product\/1773\/revisions"}],"wp:featuredmedia":[{"embeddable":true,"href":"https:\/\/shop.yipinqian.com\/fr\/wp-json\/wp\/v2\/media\/7825"}],"wp:attachment":[{"href":"https:\/\/shop.yipinqian.com\/fr\/wp-json\/wp\/v2\/media?parent=1773"}],"wp:term":[{"taxonomy":"product_brand","embeddable":true,"href":"https:\/\/shop.yipinqian.com\/fr\/wp-json\/wp\/v2\/product_brand?post=1773"},{"taxonomy":"product_cat","embeddable":true,"href":"https:\/\/shop.yipinqian.com\/fr\/wp-json\/wp\/v2\/product_cat?post=1773"},{"taxonomy":"product_tag","embeddable":true,"href":"https:\/\/shop.yipinqian.com\/fr\/wp-json\/wp\/v2\/product_tag?post=1773"}],"curies":[{"name":"wp","href":"https:\/\/api.w.org\/{rel}","templated":true}]}}