{"id":1769,"date":"2024-10-24T23:22:16","date_gmt":"2024-10-24T15:22:16","guid":{"rendered":"https:\/\/shop.yipinqian.com\/product\/semi-icy-natural-type-a-jadeite-pendant-necklace-crafted-with-grapes-symbols-of-a-huge-profit-suitable-for-businessmen-certificate-weigh-19-72-grams-44-8-19-13-3-mm-pendant161\/"},"modified":"2025-02-24T00:49:51","modified_gmt":"2025-02-23T16:49:51","slug":"semi-icy-natural-type-a-jadeite-pendant-necklace-crafted-with-grapes-symbols-of-a-huge-profit-suitable-for-businessmen-certificate-weigh-19-72-grams-44-8-19-13-3-mm-pendant161","status":"publish","type":"product","link":"https:\/\/shop.yipinqian.com\/fr\/produit\/semi-icy-natural-type-a-jadeite-pendant-necklace-crafted-with-grapes-symbols-of-a-huge-profit-suitable-for-businessmen-certificate-weigh-19-72-grams-44-8-19-13-3-mm-pendant161\/","title":{"rendered":"Collier pendentif en jad\u00e9ite naturelle semi-glac\u00e9e de type A fabriqu\u00e9 avec des symboles de raisins d&#039;un \u00e9norme profit, adapt\u00e9 aux hommes d&#039;affaires, le certificat p\u00e8se 19,72 grammes, 44,8 * 19 * 13,3 mm (pendentif161)"},"content":{"rendered":"<p>Ce collier pendentif en jad\u00e9ite naturelle semi-glac\u00e9e de type A est un accessoire parfait pour les hommes d&#039;affaires qui souhaitent attirer la bonne fortune et la prosp\u00e9rit\u00e9. Le collier est con\u00e7u avec des raisins symbolisant un \u00e9norme profit, ce qui en fait un cadeau id\u00e9al pour ceux qui recherchent le succ\u00e8s dans leurs entreprises.<\/p>\n<p><\/p>\n<p><strong>Num\u00e9ros de certificat : GD2111H016759<\/strong><\/p>\n<ul>\n<li>Pes\u00e9e <strong>19,72 grammes<\/strong>, le pendentif mesure <strong>44,8 * 19 * 13,3 mm<\/strong> (pendentif161) et ajoute une touche d&#039;\u00e9l\u00e9gance \u00e0 n&#039;importe quelle tenue.<\/li>\n<li>Le collier est fabriqu\u00e9 \u00e0 partir de jad\u00e9ite de haute qualit\u00e9 import\u00e9e du Myanmar, qui a \u00e9t\u00e9 certifi\u00e9e comme jade de type A.<\/li>\n<li>Le style du collier a \u00e9t\u00e9 con\u00e7u en gardant \u00e0 l&#039;esprit une tenue d\u00e9contract\u00e9e et peut \u00eatre port\u00e9 quotidiennement sans aucun probl\u00e8me.<\/li>\n<\/ul>\n<p>Ce pendentif unisexe est accompagn\u00e9 d&#039;un certificat d&#039;authenticit\u00e9, vous permettant d&#039;\u00eatre s\u00fbr d&#039;obtenir un v\u00e9ritable bijou en jad\u00e9ite qui durera des ann\u00e9es. Le type de garantie peut ne pas \u00eatre disponible ; cependant, le mat\u00e9riau de haute qualit\u00e9 utilis\u00e9 le rend suffisamment durable pour rester comme neuf pendant longtemps sans aucun probl\u00e8me<\/p>\n<p><\/p>\n<p>Yi Pin Qian \u2013 N\u00e9gociant en pierres pr\u00e9cieuses et m\u00e9taux pr\u00e9cieux \u00e0 Singapour \u2013 Num\u00e9ro de licence PS20190000031<\/p>\n<p><\/p>\n<p>*Toutes les jad\u00e9ites achet\u00e9es chez Yi Pin Qian \u00e0 Singapour, les clients peuvent r\u00e9server des cr\u00e9neaux pour le polissage ou une r\u00e9paration mineure en cas de mauvaise manipulation - des frais s&#039;appliquent et uniquement pour les clients de Yi Pin Qian \u00e0 Singapour*<\/p>\n<p><\/p>\n<p><strong>**Types de certificats**<\/strong><\/p>\n<p><\/p>\n<p><strong>NGI (Nan Yang Gemmologie)<\/strong><\/p>\n<p>ou <strong>Certificats \u00e9trangers <\/strong>(Yi Pin Qian utilise uniquement des certificats authentiques provenant de laboratoires \u00e9trangers et contr\u00f4le \u00e9galement la qualit\u00e9 de chacun de nos produits avant de les mettre en vente \u00e0 Singapour)<\/p>\n<p><\/p>\n<p>Chaque produit sur TikTok aura le type de certificat fourni indiqu\u00e9 dans la description. Pour tout client souhaitant envoyer sa commande \u00e0 NGI Singapore, il y aura un d\u00e9lai d&#039;attente pour la livraison de la commande estim\u00e9 \u00e0 environ 4 semaines pour recevoir votre commande. <strong>Les demandes de rapport sur les pierres pr\u00e9cieuses NGI doivent \u00eatre effectu\u00e9es en envoyant un message \u00e0 la boutique TikTok de Yi Pin Qian.<\/strong> Merci, <strong><u>des frais suppl\u00e9mentaires s&#039;appliquent<\/u><\/strong>.<\/p>\n<p><\/p>\n<p><strong>La jad\u00e9ite naturelle n&#039;est pas parfaite, juste un petit rappel : notre jad\u00e9ite naturelle, comme toutes les belles choses de la nature, poss\u00e8de ses caract\u00e9ristiques et ses variations uniques. Nous invitons nos pr\u00e9cieux clients \u00e0 adopter ces variations naturelles. Bon shopping !<\/strong><\/p>\n<p><\/p>\n<p><strong><u>Aucune des photos et des s\u00e9quences vid\u00e9o n&#039;a \u00e9t\u00e9 filtr\u00e9e. Nous encourageons nos clients \u00e0 regarder \u00e9galement les vid\u00e9os d&#039;accompagnement pour une vue plus compl\u00e8te de nos produits<\/u><\/strong><\/p>","protected":false},"excerpt":{"rendered":"<p>This Semi Icy Natural Type A Jadeite Pendant Necklace is a perfect accessory for businessmen who want to attract good fortune and prosperity. The necklace is crafted with Grapes symbols of a huge profit, making it an ideal gift for those who seek success in their ventures. Certificate numbers: GD2111H016759 Weighing 19.72 grams, the pendant [&hellip;]<\/p>","protected":false},"featured_media":7797,"comment_status":"open","ping_status":"closed","template":"","meta":[],"product_brand":[],"product_cat":[194],"product_tag":[],"class_list":{"0":"post-1769","1":"product","2":"type-product","3":"status-publish","4":"has-post-thumbnail","6":"product_cat-value-picks","8":"first","9":"instock","10":"sale","11":"shipping-taxable","12":"purchasable","13":"product-type-simple"},"_links":{"self":[{"href":"https:\/\/shop.yipinqian.com\/fr\/wp-json\/wp\/v2\/product\/1769","targetHints":{"allow":["GET"]}}],"collection":[{"href":"https:\/\/shop.yipinqian.com\/fr\/wp-json\/wp\/v2\/product"}],"about":[{"href":"https:\/\/shop.yipinqian.com\/fr\/wp-json\/wp\/v2\/types\/product"}],"replies":[{"embeddable":true,"href":"https:\/\/shop.yipinqian.com\/fr\/wp-json\/wp\/v2\/comments?post=1769"}],"version-history":[{"count":0,"href":"https:\/\/shop.yipinqian.com\/fr\/wp-json\/wp\/v2\/product\/1769\/revisions"}],"wp:featuredmedia":[{"embeddable":true,"href":"https:\/\/shop.yipinqian.com\/fr\/wp-json\/wp\/v2\/media\/7797"}],"wp:attachment":[{"href":"https:\/\/shop.yipinqian.com\/fr\/wp-json\/wp\/v2\/media?parent=1769"}],"wp:term":[{"taxonomy":"product_brand","embeddable":true,"href":"https:\/\/shop.yipinqian.com\/fr\/wp-json\/wp\/v2\/product_brand?post=1769"},{"taxonomy":"product_cat","embeddable":true,"href":"https:\/\/shop.yipinqian.com\/fr\/wp-json\/wp\/v2\/product_cat?post=1769"},{"taxonomy":"product_tag","embeddable":true,"href":"https:\/\/shop.yipinqian.com\/fr\/wp-json\/wp\/v2\/product_tag?post=1769"}],"curies":[{"name":"wp","href":"https:\/\/api.w.org\/{rel}","templated":true}]}}