{"id":1766,"date":"2024-10-24T23:22:15","date_gmt":"2024-10-24T15:22:15","guid":{"rendered":"https:\/\/shop.yipinqian.com\/product\/semi-icy-natural-type-a-jadeite-jade-with-green-crafted-as-chinese-cabbage-pendant-with-certificate-weigh-21-33-grams-measurement-47-25-12-mm-pendant197\/"},"modified":"2025-02-17T00:04:16","modified_gmt":"2025-02-16T16:04:16","slug":"semi-icy-natural-type-a-jadeite-jade-with-green-crafted-as-chinese-cabbage-pendant-with-certificate-weigh-21-33-grams-measurement-47-25-12-mm-pendant197","status":"publish","type":"product","link":"https:\/\/shop.yipinqian.com\/fr\/produit\/semi-icy-natural-type-a-jadeite-jade-with-green-crafted-as-chinese-cabbage-pendant-with-certificate-weigh-21-33-grams-measurement-47-25-12-mm-pendant197\/","title":{"rendered":"Pendentif en jade jad\u00e9ite de type A naturel semi-glac\u00e9 avec vert fa\u00e7onn\u00e9 comme chou chinois, avec certificat pesant 21,33 grammes, mesurant 47 * 25 * 12 mm (pendentif197)"},"content":{"rendered":"<p>Ce pendentif en jade jad\u00e9ite naturel semi-glac\u00e9 de type A p\u00e8se 21,33 grammes et mesure 47 * 25 * 12 mm. Il est con\u00e7u comme un pendentif en chou chinois, avec une belle teinte verte qui ne manquera pas d&#039;attirer l&#039;attention.<\/p>\n<p><\/p>\n<p><strong>Num\u00e9ros de certificat : GD2204H0002646<\/strong><\/p>\n<ul>\n<li>\n<strong>Type de jade :<\/strong> Jad\u00e9ite<\/li>\n<li>\n<strong>Style de collier :<\/strong> Occasionnel<\/li>\n<li>\n<strong>Certificat:<\/strong> Oui<\/li>\n<li>\n<strong>Pays d&#039;origine :<\/strong> Birmanie<\/li>\n<li>\n<strong>Occasion:<\/strong>Tous les jours<\/li>\n<\/ul>\n<p>Ce pendentif est accompagn\u00e9 d&#039;un certificat garantissant son authenticit\u00e9 et sa qualit\u00e9. Son style de collier d\u00e9contract\u00e9 le rend parfait pour un usage quotidien, aussi bien pour les hommes que pour les femmes.<\/p>\n<p>Le jade naturel semi-glac\u00e9 ajoute \u00e0 l&#039;attrait de cette pi\u00e8ce, tandis que le design du chou chinois ajoute du caract\u00e8re et de l&#039;unicit\u00e9.<\/p>\n<p>Ajoutez ce magnifique pendentif chou en jade naturel semi-glac\u00e9 \u00e0 votre collection de bijoux d\u00e8s aujourd&#039;hui.<\/p>\n<p><\/p>\n<p>Yi Pin Qian \u2013 N\u00e9gociant en pierres pr\u00e9cieuses et m\u00e9taux pr\u00e9cieux \u00e0 Singapour \u2013 Num\u00e9ro de licence PS20190000031<\/p>\n<p><\/p>\n<p>*Toutes les jad\u00e9ites achet\u00e9es chez Yi Pin Qian \u00e0 Singapour, les clients peuvent r\u00e9server des cr\u00e9neaux pour le polissage ou une r\u00e9paration mineure en cas de mauvaise manipulation - des frais s&#039;appliquent et uniquement pour les clients de Yi Pin Qian \u00e0 Singapour*<\/p>\n<p><\/p>\n<p><strong>**Types de certificats**<\/strong><\/p>\n<p><\/p>\n<p><strong>NGI (Nan Yang Gemmologie)<\/strong><\/p>\n<p>ou <strong>Certificats \u00e9trangers <\/strong>(Yi Pin Qian utilise uniquement des certificats authentiques provenant de laboratoires \u00e9trangers et contr\u00f4le \u00e9galement la qualit\u00e9 de chacun de nos produits avant de les mettre en vente \u00e0 Singapour)<\/p>\n<p><\/p>\n<p>Chaque produit sur TikTok aura le type de certificat fourni indiqu\u00e9 dans la description. Pour tout client souhaitant envoyer sa commande \u00e0 NGI Singapore, il y aura un d\u00e9lai d&#039;attente pour la livraison de la commande estim\u00e9 \u00e0 environ 4 semaines pour recevoir votre commande. <strong>Les demandes de rapport sur les pierres pr\u00e9cieuses NGI doivent \u00eatre effectu\u00e9es en envoyant un message \u00e0 la boutique TikTok de Yi Pin Qian.<\/strong> Merci, <strong><u>des frais suppl\u00e9mentaires s&#039;appliquent<\/u><\/strong>.<\/p>\n<p><\/p>\n<p><strong>La jad\u00e9ite naturelle n&#039;est pas parfaite, juste un petit rappel : notre jad\u00e9ite naturelle, comme toutes les belles choses de la nature, poss\u00e8de ses caract\u00e9ristiques et ses variations uniques. Nous invitons nos pr\u00e9cieux clients \u00e0 adopter ces variations naturelles. Bon shopping !<\/strong><\/p>\n<p><\/p>\n<p><strong><u>Aucune des photos et des s\u00e9quences vid\u00e9o n&#039;a \u00e9t\u00e9 filtr\u00e9e. Nous encourageons nos clients \u00e0 regarder \u00e9galement les vid\u00e9os d&#039;accompagnement pour une vue plus compl\u00e8te de nos produits<\/u><\/strong><\/p>","protected":false},"excerpt":{"rendered":"<p>This Semi Icy Natural Type A Jadeite Jade pendant weighs 21.33 grams and measures 47 * 25 * 12 mm. It is crafted as a Chinese Cabbage Pendant, with a beautiful green hue that is sure to catch the eye. Certificate numbers: GD2204H0002646 Jade Type: Jadeite Necklace Style: Casual Certificate: Yes Country of Origin: Myanmar [&hellip;]<\/p>","protected":false},"featured_media":7777,"comment_status":"open","ping_status":"closed","template":"","meta":[],"product_brand":[],"product_cat":[48],"product_tag":[],"class_list":{"0":"post-1766","1":"product","2":"type-product","3":"status-publish","4":"has-post-thumbnail","6":"product_cat-pendants","8":"first","9":"instock","10":"sale","11":"shipping-taxable","12":"purchasable","13":"product-type-simple"},"_links":{"self":[{"href":"https:\/\/shop.yipinqian.com\/fr\/wp-json\/wp\/v2\/product\/1766","targetHints":{"allow":["GET"]}}],"collection":[{"href":"https:\/\/shop.yipinqian.com\/fr\/wp-json\/wp\/v2\/product"}],"about":[{"href":"https:\/\/shop.yipinqian.com\/fr\/wp-json\/wp\/v2\/types\/product"}],"replies":[{"embeddable":true,"href":"https:\/\/shop.yipinqian.com\/fr\/wp-json\/wp\/v2\/comments?post=1766"}],"version-history":[{"count":0,"href":"https:\/\/shop.yipinqian.com\/fr\/wp-json\/wp\/v2\/product\/1766\/revisions"}],"wp:featuredmedia":[{"embeddable":true,"href":"https:\/\/shop.yipinqian.com\/fr\/wp-json\/wp\/v2\/media\/7777"}],"wp:attachment":[{"href":"https:\/\/shop.yipinqian.com\/fr\/wp-json\/wp\/v2\/media?parent=1766"}],"wp:term":[{"taxonomy":"product_brand","embeddable":true,"href":"https:\/\/shop.yipinqian.com\/fr\/wp-json\/wp\/v2\/product_brand?post=1766"},{"taxonomy":"product_cat","embeddable":true,"href":"https:\/\/shop.yipinqian.com\/fr\/wp-json\/wp\/v2\/product_cat?post=1766"},{"taxonomy":"product_tag","embeddable":true,"href":"https:\/\/shop.yipinqian.com\/fr\/wp-json\/wp\/v2\/product_tag?post=1766"}],"curies":[{"name":"wp","href":"https:\/\/api.w.org\/{rel}","templated":true}]}}