{"id":1765,"date":"2024-10-24T23:22:15","date_gmt":"2024-10-24T15:22:15","guid":{"rendered":"https:\/\/shop.yipinqian.com\/product\/semi-icy-natural-type-a-jadeite-jade-crafted-with-blessing-melon-as-pendant-adding-18k-gold-clasp-with-certificate-weigh-7-46-grams-measurement-36-3-14-5-8-3-mm-18kp30\/"},"modified":"2025-02-24T00:49:52","modified_gmt":"2025-02-23T16:49:52","slug":"semi-icy-natural-type-a-jadeite-jade-crafted-with-blessing-melon-as-pendant-adding-18k-gold-clasp-with-certificate-weigh-7-46-grams-measurement-36-3-14-5-8-3-mm-18kp30","status":"publish","type":"product","link":"https:\/\/shop.yipinqian.com\/fr\/produit\/semi-icy-natural-type-a-jadeite-jade-crafted-with-blessing-melon-as-pendant-adding-18k-gold-clasp-with-certificate-weigh-7-46-grams-measurement-36-3-14-5-8-3-mm-18kp30\/","title":{"rendered":"Semi Icy Natural Type A Jadeite Jade crafted with Blessing Melon as Pendant adding 18k gold clasp with certificate weigh 7.46 grams, measurement 36.3 * 14.5 * 8.3 mm (18kp30)"},"content":{"rendered":"<p>This Semi Icy Natural Type A Jadeite Jade pendant is crafted with a Blessing Melon design, adding a touch of elegance to any outfit. The pendant comes with an <strong>18k gold clasp <\/strong>et <strong>Jadeite weighs 7.46 grams<\/strong>, measuring <strong>36.3 * 14.5 * 8.3 mm<\/strong> (18kp30).<\/p>\n<p>\u00a0<\/p>\n<p>Key Features: &#8211; Semi Icy Natural Type A Jadeite Jade &#8211; Blessing Melon Design &#8211; Comes with Certificate &#8211; Weighs 7.46 grams &#8211; Measurement: 36.3 *14 .5 *8 .3 mm (18kp30)<\/p>\n<p>\u00a0<\/p>\n<p>Certificate numbers: 911289015154<\/p>\n<p>\u00a0<\/p>\n<p>This pendant is crafted from high-quality natural jadeite from Myanmar and features a stunning design that adds to its auspicious aura.The necklace style of this piece is casual, making it perfect for everyday wear by both men and women. Key Attributes:<\/p>\n<ul>\n<li>Avec certificat : Oui<\/li>\n<li>Mat\u00e9riau secondaire : diamant<\/li>\n<li>Mat\u00e9riau de la monture : PT\/Carat Gold<\/li>\n<li>Pays d&#039;origine : Myanmar<\/li>\n<li>Occasion : propice<\/li>\n<li>Warranty Type : No<\/li>\n<li>,<\/li>\n<li>Jade Type :Jadeite , Genger :Unisex<\/li>\n<\/ul>\n<p>Overall, this jade necklace makes for an excellent gift or personal accessory that exudes elegance and sophistication in any setting!<\/p>\n<p>\u00a0<\/p>\n<p><strong>La jad\u00e9ite naturelle n&#039;est pas parfaite, juste un petit rappel : notre jad\u00e9ite naturelle, comme toutes les belles choses de la nature, poss\u00e8de ses caract\u00e9ristiques et ses variations uniques. Nous invitons nos pr\u00e9cieux clients \u00e0 adopter ces variations naturelles. Bon shopping !<\/strong><\/p>\n<p>\u00a0<\/p>\n<p><strong><u>Aucune des photos et des s\u00e9quences vid\u00e9o n&#039;a \u00e9t\u00e9 filtr\u00e9e. Nous encourageons nos clients \u00e0 regarder \u00e9galement les vid\u00e9os d&#039;accompagnement pour une vue plus compl\u00e8te de nos produits<\/u><\/strong><\/p>","protected":false},"excerpt":{"rendered":"<p>Ce pendentif en jade jad\u00e9ite de type A naturel semi-glac\u00e9 est con\u00e7u avec un motif de melon de b\u00e9n\u00e9diction, ajoutant une touche d&#039;\u00e9l\u00e9gance \u00e0 n&#039;importe quelle tenue. Le pendentif est livr\u00e9 avec un fermoir en or 18 carats et la jad\u00e9ite p\u00e8se 7,46 grammes, mesurant 36,3 * 14,5 * 8,3 mm (18kp30). Principales caract\u00e9ristiques : \u2013 Jadeite de type A naturelle semi-glac\u00e9e [\u2026]<\/p>","protected":false},"featured_media":7760,"comment_status":"open","ping_status":"closed","template":"","meta":[],"product_brand":[],"product_cat":[194],"product_tag":[],"class_list":{"0":"post-1765","1":"product","2":"type-product","3":"status-publish","4":"has-post-thumbnail","6":"product_cat-value-picks","8":"first","9":"instock","10":"sale","11":"shipping-taxable","12":"purchasable","13":"product-type-simple"},"_links":{"self":[{"href":"https:\/\/shop.yipinqian.com\/fr\/wp-json\/wp\/v2\/product\/1765","targetHints":{"allow":["GET"]}}],"collection":[{"href":"https:\/\/shop.yipinqian.com\/fr\/wp-json\/wp\/v2\/product"}],"about":[{"href":"https:\/\/shop.yipinqian.com\/fr\/wp-json\/wp\/v2\/types\/product"}],"replies":[{"embeddable":true,"href":"https:\/\/shop.yipinqian.com\/fr\/wp-json\/wp\/v2\/comments?post=1765"}],"version-history":[{"count":0,"href":"https:\/\/shop.yipinqian.com\/fr\/wp-json\/wp\/v2\/product\/1765\/revisions"}],"wp:featuredmedia":[{"embeddable":true,"href":"https:\/\/shop.yipinqian.com\/fr\/wp-json\/wp\/v2\/media\/7760"}],"wp:attachment":[{"href":"https:\/\/shop.yipinqian.com\/fr\/wp-json\/wp\/v2\/media?parent=1765"}],"wp:term":[{"taxonomy":"product_brand","embeddable":true,"href":"https:\/\/shop.yipinqian.com\/fr\/wp-json\/wp\/v2\/product_brand?post=1765"},{"taxonomy":"product_cat","embeddable":true,"href":"https:\/\/shop.yipinqian.com\/fr\/wp-json\/wp\/v2\/product_cat?post=1765"},{"taxonomy":"product_tag","embeddable":true,"href":"https:\/\/shop.yipinqian.com\/fr\/wp-json\/wp\/v2\/product_tag?post=1765"}],"curies":[{"name":"wp","href":"https:\/\/api.w.org\/{rel}","templated":true}]}}