{"id":1764,"date":"2024-10-24T23:22:14","date_gmt":"2024-10-24T15:22:14","guid":{"rendered":"https:\/\/shop.yipinqian.com\/product\/semi-icy-milo-buddha-natural-type-a-jadeite-pendant-with-certificate-weighs-13-87-grams-44-2-26-5-8-1-mm-milo-represent-the-strength-that-can-tolerate-the-things-of-the-world-represents-the-mind-that\/"},"modified":"2025-02-24T00:49:52","modified_gmt":"2025-02-23T16:49:52","slug":"semi-icy-milo-buddha-natural-type-a-jadeite-pendant-with-certificate-weighs-13-87-grams-44-2-26-5-8-1-mm-milo-represent-the-strength-that-can-tolerate-the-things-of-the-world-represents-the-mind-that","status":"publish","type":"product","link":"https:\/\/shop.yipinqian.com\/fr\/produit\/semi-icy-milo-buddha-natural-type-a-jadeite-pendant-with-certificate-weighs-13-87-grams-44-2-26-5-8-1-mm-milo-represent-the-strength-that-can-tolerate-the-things-of-the-world-represents-the-mind-that\/","title":{"rendered":"Semi Icy Milo Buddha Natural Type A Jadeite Pendant with certificate weighs 13.87 grams, 44.2 * 26.5 * 8.1 mm, milo represent The strength that can tolerate the things of the world represents the mind that can solve a thousand sorrows (pendant85)"},"content":{"rendered":"<p>This Semi Icy Milo Buddha Natural Type A Jadeite Pendant is a beautiful addition to any jewelry collection. It comes with a certificate and weighs 13.87 grams with dimensions of 44.2 * 26.5 * 8.1 mm, making it the perfect size for everyday wear.<\/p>\n<ul>\n<li>\n<strong>Strength and Mind:<\/strong> The milo design on this pendant represents strength that can tolerate the things of the world, while also representing a mind that can solve a thousand sorrows.<\/li>\n<li>\n<strong>Jad\u00e9ite :<\/strong> Made from Type A Jadeite, this pendant is not only beautiful but also durable.<\/li>\n<li>\n<strong>Style d\u00e9contract\u00e9 :<\/strong> The necklace style of this pendant is casual, making it perfect for daily wear or to add an elegant touch to any outfit.<\/li>\n<\/ul>\n<p>This Pendant originates from Myanmar and makes for an excellent unisex daily accessory that represents both strength and mindfulness in one beautifully crafted piece of jewelry!<\/p>\n<p>\u00a0<\/p>\n<p><strong>Certificate numbers: GD2106H016350<\/strong><\/p>\n<p><img fetchpriority=\"high\" decoding=\"async\" height=\"1080\" src=\"https:\/\/shop.yipinqian.com\/wp-content\/uploads\/2024\/10\/3eaf8f0a736fdcae5281316634001ee2.jpg?from=476444299\" width=\"1080\"><img decoding=\"async\" height=\"1080\" src=\"https:\/\/shop.yipinqian.com\/wp-content\/uploads\/2024\/10\/83b130aa3d85bff4f0d011e4a34ff1b1.jpg?from=476444299\" width=\"1080\"><\/p>\n<p>Yi Pin Qian \u2013 N\u00e9gociant en pierres pr\u00e9cieuses et m\u00e9taux pr\u00e9cieux \u00e0 Singapour \u2013 Num\u00e9ro de licence PS20190000031<\/p>\n<p>\u00a0<\/p>\n<p>*Toutes les jad\u00e9ites achet\u00e9es chez Yi Pin Qian \u00e0 Singapour, les clients peuvent r\u00e9server des cr\u00e9neaux pour le polissage ou une r\u00e9paration mineure en cas de mauvaise manipulation - des frais s&#039;appliquent et uniquement pour les clients de Yi Pin Qian \u00e0 Singapour*<\/p>\n<p>\u00a0<\/p>\n<p><strong>**Types de certificats**<\/strong><\/p>\n<p>\u00a0<\/p>\n<p><strong>NGI (Nan Yang Gemmologie)<\/strong><\/p>\n<p>ou <strong>Certificats \u00e9trangers <\/strong>(Yi Pin Qian utilise uniquement des certificats authentiques provenant de laboratoires \u00e9trangers et contr\u00f4le \u00e9galement la qualit\u00e9 de chacun de nos produits avant de les mettre en vente \u00e0 Singapour)<\/p>\n<p>\u00a0<\/p>\n<p>Chaque produit sur TikTok aura le type de certificat fourni indiqu\u00e9 dans la description. Pour tout client souhaitant envoyer sa commande \u00e0 NGI Singapore, il y aura un d\u00e9lai d&#039;attente pour la livraison de la commande estim\u00e9 \u00e0 environ 4 semaines pour recevoir votre commande. <strong>Les demandes de rapport sur les pierres pr\u00e9cieuses NGI doivent \u00eatre effectu\u00e9es en envoyant un message \u00e0 la boutique TikTok de Yi Pin Qian.<\/strong> Merci, <strong><u>des frais suppl\u00e9mentaires s&#039;appliquent<\/u><\/strong>.<\/p>\n<p>\u00a0<\/p>\n<p><strong>La jad\u00e9ite naturelle n&#039;est pas parfaite, juste un petit rappel : notre jad\u00e9ite naturelle, comme toutes les belles choses de la nature, poss\u00e8de ses caract\u00e9ristiques et ses variations uniques. Nous invitons nos pr\u00e9cieux clients \u00e0 adopter ces variations naturelles. Bon shopping !<\/strong><\/p>\n<p>\u00a0<\/p>\n<p><strong><u>Aucune des photos et des s\u00e9quences vid\u00e9o n&#039;a \u00e9t\u00e9 filtr\u00e9e. Nous encourageons nos clients \u00e0 regarder \u00e9galement les vid\u00e9os d&#039;accompagnement pour une vue plus compl\u00e8te de nos produits<\/u><\/strong><\/p>","protected":false},"excerpt":{"rendered":"<p>This Semi Icy Milo Buddha Natural Type A Jadeite Pendant is a beautiful addition to any jewelry collection. It comes with a certificate and weighs 13.87 grams with dimensions of 44.2 * 26.5 * 8.1 mm, making it the perfect size for everyday wear. Strength and Mind: The milo design on this pendant represents strength [&hellip;]<\/p>","protected":false},"featured_media":7752,"comment_status":"open","ping_status":"closed","template":"","meta":[],"product_brand":[],"product_cat":[194],"product_tag":[],"class_list":{"0":"post-1764","1":"product","2":"type-product","3":"status-publish","4":"has-post-thumbnail","6":"product_cat-value-picks","8":"first","9":"instock","10":"sale","11":"shipping-taxable","12":"purchasable","13":"product-type-simple"},"_links":{"self":[{"href":"https:\/\/shop.yipinqian.com\/fr\/wp-json\/wp\/v2\/product\/1764","targetHints":{"allow":["GET"]}}],"collection":[{"href":"https:\/\/shop.yipinqian.com\/fr\/wp-json\/wp\/v2\/product"}],"about":[{"href":"https:\/\/shop.yipinqian.com\/fr\/wp-json\/wp\/v2\/types\/product"}],"replies":[{"embeddable":true,"href":"https:\/\/shop.yipinqian.com\/fr\/wp-json\/wp\/v2\/comments?post=1764"}],"version-history":[{"count":0,"href":"https:\/\/shop.yipinqian.com\/fr\/wp-json\/wp\/v2\/product\/1764\/revisions"}],"wp:featuredmedia":[{"embeddable":true,"href":"https:\/\/shop.yipinqian.com\/fr\/wp-json\/wp\/v2\/media\/7752"}],"wp:attachment":[{"href":"https:\/\/shop.yipinqian.com\/fr\/wp-json\/wp\/v2\/media?parent=1764"}],"wp:term":[{"taxonomy":"product_brand","embeddable":true,"href":"https:\/\/shop.yipinqian.com\/fr\/wp-json\/wp\/v2\/product_brand?post=1764"},{"taxonomy":"product_cat","embeddable":true,"href":"https:\/\/shop.yipinqian.com\/fr\/wp-json\/wp\/v2\/product_cat?post=1764"},{"taxonomy":"product_tag","embeddable":true,"href":"https:\/\/shop.yipinqian.com\/fr\/wp-json\/wp\/v2\/product_tag?post=1764"}],"curies":[{"name":"wp","href":"https:\/\/api.w.org\/{rel}","templated":true}]}}