{"id":1762,"date":"2024-10-24T23:22:12","date_gmt":"2024-10-24T15:22:12","guid":{"rendered":"https:\/\/shop.yipinqian.com\/product\/semi-icy-lavender-with-green-natural-type-a-jadeite-jade-crafted-with-bamboo-and-lizard-as-pendant-certificate-weigh-43-34-grams-measurement-64-3-30-5-10-mm-pendant196\/"},"modified":"2025-02-24T01:17:27","modified_gmt":"2025-02-23T17:17:27","slug":"semi-icy-lavender-with-green-natural-type-a-jadeite-jade-crafted-with-bamboo-and-lizard-as-pendant-certificate-weigh-43-34-grams-measurement-64-3-30-5-10-mm-pendant196","status":"publish","type":"product","link":"https:\/\/shop.yipinqian.com\/fr\/produit\/semi-icy-lavender-with-green-natural-type-a-jadeite-jade-crafted-with-bamboo-and-lizard-as-pendant-certificate-weigh-43-34-grams-measurement-64-3-30-5-10-mm-pendant196\/","title":{"rendered":"Semi Icy Lavender with green Natural Type A Jadeite Jade crafted with Bamboo and lizard as Pendant, certificate weigh 43.34 grams, measurement 64.3 * 30.5 * 10 mm (pendant196)"},"content":{"rendered":"<p>This Semi Icy Lavender with green Natural Type A Jadeite Jade Pendant is a stunning addition to any jewelry collection. Measuring 64.3 * 30.5 * 10 mm, it&#8217;s crafted with Bamboo and lizard for a unique and eye-catching design.<\/p>\n<p>\u00a0<\/p>\n<p><strong>Certificate numbers: 920460036863<\/strong><\/p>\n<ul>\n<li>\n<strong>Beautifully Unique:<\/strong> The semi icy lavender and green jadeite jade create a one-of-a-kind color combination that&#8217;s sure to turn heads.<\/li>\n<li>\n<strong>Certificat inclus :<\/strong> This pendant comes with certification, weighing in at 43.34 grams, so you can be sure of its authenticity.<\/li>\n<li>\n<strong>Durable Design:<\/strong> Expertly crafted from high-quality materials, this pendant is built to last, making it the perfect addition to your collection for years to come.<\/li>\n<\/ul>\n<p>Made in Myanmar from natural Type A jadeite, this unisex pendant is perfect for casual wear or as a statement piece on special occasions. With no warranty type specified you can rely on the long-lasting quality of this exquisite piece without worrying about any hidden costs or surprises along the way<\/p>\n<p>\u00a0<\/p>\n<p>Yi Pin Qian \u2013 N\u00e9gociant en pierres pr\u00e9cieuses et m\u00e9taux pr\u00e9cieux \u00e0 Singapour \u2013 Num\u00e9ro de licence PS20190000031<\/p>\n<p>\u00a0<\/p>\n<p>*Toutes les jad\u00e9ites achet\u00e9es chez Yi Pin Qian \u00e0 Singapour, les clients peuvent r\u00e9server des cr\u00e9neaux pour le polissage ou une r\u00e9paration mineure en cas de mauvaise manipulation - des frais s&#039;appliquent et uniquement pour les clients de Yi Pin Qian \u00e0 Singapour*<\/p>\n<p>\u00a0<\/p>\n<p><strong>**Types de certificats**<\/strong><\/p>\n<p>\u00a0<\/p>\n<p><strong>NGI (Nan Yang Gemmologie)<\/strong><\/p>\n<p>ou <strong>Certificats \u00e9trangers <\/strong>(Yi Pin Qian utilise uniquement des certificats authentiques provenant de laboratoires \u00e9trangers et contr\u00f4le \u00e9galement la qualit\u00e9 de chacun de nos produits avant de les mettre en vente \u00e0 Singapour)<\/p>\n<p>\u00a0<\/p>\n<p>Chaque produit sur TikTok aura le type de certificat fourni indiqu\u00e9 dans la description. Pour tout client souhaitant envoyer sa commande \u00e0 NGI Singapore, il y aura un d\u00e9lai d&#039;attente pour la livraison de la commande estim\u00e9 \u00e0 environ 4 semaines pour recevoir votre commande. <strong>Les demandes de rapport sur les pierres pr\u00e9cieuses NGI doivent \u00eatre effectu\u00e9es en envoyant un message \u00e0 la boutique TikTok de Yi Pin Qian.<\/strong> Merci, <strong><u>des frais suppl\u00e9mentaires s&#039;appliquent<\/u><\/strong>.<\/p>\n<p>\u00a0<\/p>\n<p><strong>La jad\u00e9ite naturelle n&#039;est pas parfaite, juste un petit rappel : notre jad\u00e9ite naturelle, comme toutes les belles choses de la nature, poss\u00e8de ses caract\u00e9ristiques et ses variations uniques. Nous invitons nos pr\u00e9cieux clients \u00e0 adopter ces variations naturelles. Bon shopping !<\/strong><\/p>\n<p>\u00a0<\/p>\n<p><strong><u>Aucune des photos et des s\u00e9quences vid\u00e9o n&#039;a \u00e9t\u00e9 filtr\u00e9e. Nous encourageons nos clients \u00e0 regarder \u00e9galement les vid\u00e9os d&#039;accompagnement pour une vue plus compl\u00e8te de nos produits<\/u><\/strong><\/p>\n<p>\u00a0<\/p>\n<p>.<\/p>","protected":false},"excerpt":{"rendered":"<p>This Semi Icy Lavender with green Natural Type A Jadeite Jade Pendant is a stunning addition to any jewelry collection. Measuring 64.3 * 30.5 * 10 mm, it&#8217;s crafted with Bamboo and lizard for a unique and eye-catching design. \u00a0 Certificate numbers: 920460036863 Beautifully Unique: The semi icy lavender and green jadeite jade create a [&hellip;]<\/p>","protected":false},"featured_media":7740,"comment_status":"open","ping_status":"closed","template":"","meta":[],"product_brand":[],"product_cat":[195],"product_tag":[],"class_list":{"0":"post-1762","1":"product","2":"type-product","3":"status-publish","4":"has-post-thumbnail","6":"product_cat-heirloom-grade","8":"first","9":"instock","10":"sale","11":"shipping-taxable","12":"purchasable","13":"product-type-simple"},"_links":{"self":[{"href":"https:\/\/shop.yipinqian.com\/fr\/wp-json\/wp\/v2\/product\/1762","targetHints":{"allow":["GET"]}}],"collection":[{"href":"https:\/\/shop.yipinqian.com\/fr\/wp-json\/wp\/v2\/product"}],"about":[{"href":"https:\/\/shop.yipinqian.com\/fr\/wp-json\/wp\/v2\/types\/product"}],"replies":[{"embeddable":true,"href":"https:\/\/shop.yipinqian.com\/fr\/wp-json\/wp\/v2\/comments?post=1762"}],"version-history":[{"count":0,"href":"https:\/\/shop.yipinqian.com\/fr\/wp-json\/wp\/v2\/product\/1762\/revisions"}],"wp:featuredmedia":[{"embeddable":true,"href":"https:\/\/shop.yipinqian.com\/fr\/wp-json\/wp\/v2\/media\/7740"}],"wp:attachment":[{"href":"https:\/\/shop.yipinqian.com\/fr\/wp-json\/wp\/v2\/media?parent=1762"}],"wp:term":[{"taxonomy":"product_brand","embeddable":true,"href":"https:\/\/shop.yipinqian.com\/fr\/wp-json\/wp\/v2\/product_brand?post=1762"},{"taxonomy":"product_cat","embeddable":true,"href":"https:\/\/shop.yipinqian.com\/fr\/wp-json\/wp\/v2\/product_cat?post=1762"},{"taxonomy":"product_tag","embeddable":true,"href":"https:\/\/shop.yipinqian.com\/fr\/wp-json\/wp\/v2\/product_tag?post=1762"}],"curies":[{"name":"wp","href":"https:\/\/api.w.org\/{rel}","templated":true}]}}