{"id":1761,"date":"2024-10-24T23:22:11","date_gmt":"2024-10-24T15:22:11","guid":{"rendered":"https:\/\/shop.yipinqian.com\/product\/semi-icy-good-translucent-natural-type-a-jadeite-jade-crafted-as-buddha-set-on-s925-and-sandalwood-as-pendant-certificate-weighs-31-79-grams-measurement-60-3-37-1-21-1-mm-s925p2\/"},"modified":"2025-02-24T00:49:52","modified_gmt":"2025-02-23T16:49:52","slug":"semi-icy-good-translucent-natural-type-a-jadeite-jade-crafted-as-buddha-set-on-s925-and-sandalwood-as-pendant-certificate-weighs-31-79-grams-measurement-60-3-37-1-21-1-mm-s925p2","status":"publish","type":"product","link":"https:\/\/shop.yipinqian.com\/fr\/produit\/semi-icy-good-translucent-natural-type-a-jadeite-jade-crafted-as-buddha-set-on-s925-and-sandalwood-as-pendant-certificate-weighs-31-79-grams-measurement-60-3-37-1-21-1-mm-s925p2\/","title":{"rendered":"Jade jad\u00e9ite naturelle semi-glac\u00e9e de type A translucide de bonne qualit\u00e9 fabriqu\u00e9 en tant que Bouddha serti sur S925 et bois de santal en tant que pendentif, le certificat p\u00e8se 31,79 grammes, mesure 60,3 * 37,1 * 21,1 mm (s925p2)"},"content":{"rendered":"<article class=\"lzd-article\">\n<p style=\"line-height:1.7;text-align:left;text-indent:0;margin-left:0;margin-top:0;margin-bottom:0\"><span><\/span><\/p>\n<p style=\"line-height:1.7;text-align:left;text-indent:0;margin-left:0;margin-top:0;margin-bottom:0\"><span>Ce pendentif exquis pr\u00e9sente un jade jad\u00e9ite naturel de type A semi-glac\u00e9 et translucide de bonne qualit\u00e9, fa\u00e7onn\u00e9 en forme de Bouddha, serti de S925 et de bois de santal, cr\u00e9ant un bijou unique et significatif.<\/span><\/p>\n<p style=\"line-height:1.7;text-align:left;text-indent:0;margin-left:0;margin-top:0;margin-bottom:0\"><span><\/span><\/p>\n<p style=\"line-height:1.7;text-align:left;text-indent:0;margin-left:0;margin-top:0;margin-bottom:0\"><span>Num\u00e9ros de certificat : ZJSL24032700962<\/span><\/p>\n<p style=\"line-height:1.7;text-align:left;text-indent:0;margin-left:0;margin-top:0;margin-bottom:0\"><span>L&#039;argent S925 p\u00e8se 6,58 grammes<\/span><\/p>\n<p style=\"line-height:1.7;text-align:left;text-indent:0;margin-left:0;margin-top:0;margin-bottom:0\"><span>La jad\u00e9ite de Bouddha p\u00e8se 6,09 grammes \/ 28,5 * 15,5 * 8,5 mm<\/span><\/p>\n<p style=\"line-height:1.7;text-align:left;text-indent:0;margin-left:0;margin-top:0;margin-bottom:0\"><span>Dimensions globales : 60,3 x 37,1 x 21,1 mm<\/span><\/p>\n<p style=\"line-height:1.7;text-align:left;text-indent:0;margin-left:0;margin-top:0;margin-bottom:0\"><span><\/span><\/p>\n<p style=\"line-height:1.7;text-align:left;text-indent:0;margin-left:0;margin-top:0;margin-bottom:0\"><span>Remarque : aucune peinture n&#039;a \u00e9t\u00e9 ajout\u00e9e au bois de santal <\/span><\/p>\n<p style=\"line-height:1.7;text-align:left;text-indent:0;margin-left:0;margin-top:0;margin-bottom:0\"><span><\/span><\/p>\n<p style=\"line-height:1.7;text-align:left;text-indent:0;margin-left:0;margin-top:0;margin-bottom:0\"><span><\/span><img decoding=\"async\" src=\"https:\/\/shop.yipinqian.com\/wp-content\/uploads\/2024\/10\/1b14d4edb6ee02913b94d9088a0de6a5.jpg\" style=\"width:832px;height:832px;vertical-align:middle\"><span><\/span><\/p>\n<p style=\"line-height:1.7;text-align:left;text-indent:0;margin-left:0;margin-top:0;margin-bottom:0\"><span><\/span><\/p>\n<p style=\"line-height:1.7;text-align:left;text-indent:0;margin-left:0;margin-top:0;margin-bottom:0\"><span><\/span><\/p>\n<ul>\n<li>\n<div style=\"line-height:1.7;text-align:left;text-indent:0\">\n<span style=\"font-weight:bold\">Cha\u00eene<\/span><span> \u2013 Bois hommage Papouasie 6 mm<\/span>\n<\/div>\n<\/li>\n<li>\n<div style=\"line-height:1.7;text-align:left;text-indent:0\">\n<span style=\"font-weight:bold\">Mat\u00e9riel:<\/span><span> Le pendentif est fabriqu\u00e9 en argent S925 de haute qualit\u00e9 et en bois de santal v\u00e9ritable pour une finition luxueuse.<\/span>\n<\/div>\n<\/li>\n<li>\n<div style=\"line-height:1.7;text-align:left;text-indent:0\">\n<span style=\"font-weight:bold\">Certificat:<\/span><span> Ce magnifique collier est accompagn\u00e9 d&#039;un certificat garantissant l&#039;authenticit\u00e9 du jade.<\/span>\n<\/div>\n<\/li>\n<li>\n<div style=\"line-height:1.7;text-align:left;text-indent:0\">\n<span style=\"font-weight:bold\">Mesures:<\/span><span> Le pendentif p\u00e8se 31,79 grammes et mesure 60,3 * 37,1 * 21,1 mm, ce qui en fait un accessoire \u00e0 la fois substantiel et \u00e9l\u00e9gant.<\/span>\n<\/div>\n<\/li>\n<\/ul>\n<p style=\"line-height:1.7;text-align:left;text-indent:0;margin-left:0;margin-top:0;margin-bottom:0\"><span>Cette superbe pi\u00e8ce est parfaite pour les hommes et les femmes, ajoutant une touche de bon augure \u00e0 toute occasion avec son design symbolique de Bouddha.<\/span><\/p>\n<ul>\n<li>\n<div style=\"line-height:1.7;text-align:left;text-indent:0\">\n<span style=\"font-weight:bold\">Type de jade :<\/span><span> Fabriqu\u00e9 \u00e0 partir de jade jad\u00e9ite de haute qualit\u00e9, connu pour sa beaut\u00e9 et sa durabilit\u00e9.<\/span>\n<\/div>\n<\/li>\n<li>\n<div style=\"line-height:1.7;text-align:left;text-indent:0\">\n<span style=\"font-weight:bold\">Style de collier :<\/span><span> Le style d\u00e9contract\u00e9 de ce collier le rend polyvalent pour un usage quotidien ou pour des \u00e9v\u00e9nements sp\u00e9ciaux<\/span>\n<\/div>\n<\/li>\n<\/ul>\n<p style=\"line-height:1.7;text-align:left;text-indent:0;margin-left:0;margin-top:0;margin-bottom:0\"><span><\/span><\/p>\n<p style=\"line-height:1.7;text-align:left;text-indent:0;margin-left:0;margin-top:0;margin-bottom:0\"><span style=\"font-weight:bold\">Bois<\/span><span> \/ <\/span><span style=\"font-weight:bold\">La jad\u00e9ite naturelle n&#039;est pas parfaite, juste un petit rappel : notre jad\u00e9ite naturelle, comme toutes les belles choses de la nature, poss\u00e8de ses caract\u00e9ristiques et ses variations uniques. Nous invitons nos pr\u00e9cieux clients \u00e0 adopter ces variations naturelles. Bon shopping !<\/span><\/p>\n<p style=\"line-height:1.7;text-align:left;text-indent:0;margin-left:0;margin-top:0;margin-bottom:0\"><span><\/span><\/p>\n<p style=\"line-height:1.7;text-align:left;text-indent:0;margin-left:0;margin-top:0;margin-bottom:0\"><span style=\"font-weight:bold;text-decoration:underline\">Aucune des photos et des s\u00e9quences vid\u00e9o n&#039;a \u00e9t\u00e9 filtr\u00e9e. Nous encourageons nos clients \u00e0 regarder \u00e9galement les vid\u00e9os d&#039;accompagnement pour une vue plus compl\u00e8te de nos produits<\/span><\/p>\n<p style=\"line-height:1.7;text-align:left;text-indent:0;margin-left:0;margin-top:0;margin-bottom:0\"><span><\/span><\/p>\n<p style=\"line-height:1.7;text-align:left;text-indent:0;margin-left:0;margin-top:0;margin-bottom:0\"><span>.<\/span><\/p>\n<p style=\"line-height:1.7;text-align:left;text-indent:0;margin-left:0;margin-top:0;margin-bottom:0\"><span><\/span><\/p>\n<\/article>","protected":false},"excerpt":{"rendered":"<p>Ce pendentif exquis est compos\u00e9 d&#039;un jade jad\u00e9ite de type A naturel semi-glac\u00e9 et translucide de bonne qualit\u00e9, fa\u00e7onn\u00e9 en forme de Bouddha, serti de S925 et de bois de santal, cr\u00e9ant ainsi un bijou unique et significatif. Num\u00e9ros de certificat : ZJSL24032700962 L&#039;argent S925 p\u00e8se 6,58 grammes La jad\u00e9ite de Bouddha p\u00e8se 6,09 grammes \/ 28,5 * 15,5 * 8,5 mm Mesure globale : 60,3 * 37,1 [\u2026]<\/p>","protected":false},"featured_media":7723,"comment_status":"open","ping_status":"closed","template":"","meta":[],"product_brand":[],"product_cat":[194],"product_tag":[],"class_list":{"0":"post-1761","1":"product","2":"type-product","3":"status-publish","4":"has-post-thumbnail","6":"product_cat-value-picks","8":"first","9":"instock","10":"sale","11":"shipping-taxable","12":"purchasable","13":"product-type-simple"},"_links":{"self":[{"href":"https:\/\/shop.yipinqian.com\/fr\/wp-json\/wp\/v2\/product\/1761","targetHints":{"allow":["GET"]}}],"collection":[{"href":"https:\/\/shop.yipinqian.com\/fr\/wp-json\/wp\/v2\/product"}],"about":[{"href":"https:\/\/shop.yipinqian.com\/fr\/wp-json\/wp\/v2\/types\/product"}],"replies":[{"embeddable":true,"href":"https:\/\/shop.yipinqian.com\/fr\/wp-json\/wp\/v2\/comments?post=1761"}],"version-history":[{"count":0,"href":"https:\/\/shop.yipinqian.com\/fr\/wp-json\/wp\/v2\/product\/1761\/revisions"}],"wp:featuredmedia":[{"embeddable":true,"href":"https:\/\/shop.yipinqian.com\/fr\/wp-json\/wp\/v2\/media\/7723"}],"wp:attachment":[{"href":"https:\/\/shop.yipinqian.com\/fr\/wp-json\/wp\/v2\/media?parent=1761"}],"wp:term":[{"taxonomy":"product_brand","embeddable":true,"href":"https:\/\/shop.yipinqian.com\/fr\/wp-json\/wp\/v2\/product_brand?post=1761"},{"taxonomy":"product_cat","embeddable":true,"href":"https:\/\/shop.yipinqian.com\/fr\/wp-json\/wp\/v2\/product_cat?post=1761"},{"taxonomy":"product_tag","embeddable":true,"href":"https:\/\/shop.yipinqian.com\/fr\/wp-json\/wp\/v2\/product_tag?post=1761"}],"curies":[{"name":"wp","href":"https:\/\/api.w.org\/{rel}","templated":true}]}}