{"id":1760,"date":"2024-10-24T23:22:11","date_gmt":"2024-10-24T15:22:11","guid":{"rendered":"https:\/\/shop.yipinqian.com\/product\/semi-icy-good-translucency-green-natural-type-a-jadeite-pendant-necklace-crafted-as-the-parrot-symbols-of-wise-and-brave-heroic-and-mighty-with-certificate-weigh-10-82-grams-57-8-16-3-7-1-mm-pendant24\/"},"modified":"2025-02-17T00:04:16","modified_gmt":"2025-02-16T16:04:16","slug":"semi-icy-good-translucency-green-natural-type-a-jadeite-pendant-necklace-crafted-as-the-parrot-symbols-of-wise-and-brave-heroic-and-mighty-with-certificate-weigh-10-82-grams-57-8-16-3-7-1-mm-pendant24","status":"publish","type":"product","link":"https:\/\/shop.yipinqian.com\/fr\/produit\/semi-icy-good-translucency-green-natural-type-a-jadeite-pendant-necklace-crafted-as-the-parrot-symbols-of-wise-and-brave-heroic-and-mighty-with-certificate-weigh-10-82-grams-57-8-16-3-7-1-mm-pendant24\/","title":{"rendered":"Semi Icy Good Translucency Green Natural Type A Jadeite Pendant Necklace crafted as the parrot, symbols of Wise and brave, heroic and mighty, with certificate weigh 10.82 grams, 57.8 * 16.3 * 7.1 mm (pendant24)"},"content":{"rendered":"<p>This Semi Icy Good Translucency Green Natural Type A Jadeite Pendant Necklace is a true work of art, crafted in the shape of a parrot, symbolizing wisdom, bravery, heroism and mightiness.<\/p>\n<ul>\n<li>\n<strong>Authenticit\u00e9:<\/strong> This necklace comes with a certificate of authenticity for your peace of mind.<\/li>\n<\/ul>\n<p><strong>Certificate numbers: GD2203H013625<\/strong><\/p>\n<p><img fetchpriority=\"high\" decoding=\"async\" height=\"1080\" src=\"https:\/\/shop.yipinqian.com\/wp-content\/uploads\/2024\/10\/02ca4b028a0c3d9ec0768370d6efabc2.jpg?from=476444299\" width=\"1080\"><\/p>\n<ul>\n<li>\n<strong>Qualit\u00e9:<\/strong> Made with high-quality natural Type A Jadeite that boasts semi icy good translucency and green hue.<\/li>\n<li><strong>Jadeite Origin Myanmar <\/strong><\/li>\n<\/ul>\n<p>The pendant measures 57.8 * 16.3 * 7.1 mm and weighs only 10.82 grams for comfortable wear throughout the day on any occasion.<\/p>\n<ul>\n<li>\n<strong>Goes well with any outfit:<\/strong> The casual style makes it perfect to wear on any occasion or complement your daily outfit effortlessly.<\/li>\n<li>\n<strong>Goes well for anyone<\/strong>: It&#8217;s unisex design makes it an ideal gift option that can be presented to anyone regardless their gender or age group.<\/li>\n<\/ul>\n<p>This Semi Icy Good Translucency Green Natural Type A Jadeite Pendant Necklace is an investment-worthy piece that&#8217;s sure to become a treasured addition to your jewelry collection!<\/p>\n<p>\u00a0<\/p>\n<p>Yi Pin Qian \u2013 N\u00e9gociant en pierres pr\u00e9cieuses et m\u00e9taux pr\u00e9cieux \u00e0 Singapour \u2013 Num\u00e9ro de licence PS20190000031<\/p>\n<p>\u00a0<\/p>\n<p>*Toutes les jad\u00e9ites achet\u00e9es chez Yi Pin Qian \u00e0 Singapour, les clients peuvent r\u00e9server des cr\u00e9neaux pour le polissage ou une r\u00e9paration mineure en cas de mauvaise manipulation - des frais s&#039;appliquent et uniquement pour les clients de Yi Pin Qian \u00e0 Singapour*<\/p>\n<p>\u00a0<\/p>\n<p><strong>**Types de certificats**<\/strong><\/p>\n<p>\u00a0<\/p>\n<p><strong>NGI (Nan Yang Gemmologie)<\/strong><\/p>\n<p>ou <strong>Certificats \u00e9trangers <\/strong>(Yi Pin Qian utilise uniquement des certificats authentiques provenant de laboratoires \u00e9trangers et contr\u00f4le \u00e9galement la qualit\u00e9 de chacun de nos produits avant de les mettre en vente \u00e0 Singapour)<\/p>\n<p>\u00a0<\/p>\n<p>Chaque produit sur TikTok aura le type de certificat fourni indiqu\u00e9 dans la description. Pour tout client souhaitant envoyer sa commande \u00e0 NGI Singapore, il y aura un d\u00e9lai d&#039;attente pour la livraison de la commande estim\u00e9 \u00e0 environ 4 semaines pour recevoir votre commande. <strong>Les demandes de rapport sur les pierres pr\u00e9cieuses NGI doivent \u00eatre effectu\u00e9es en envoyant un message \u00e0 la boutique TikTok de Yi Pin Qian.<\/strong> Merci, <strong><u>des frais suppl\u00e9mentaires s&#039;appliquent<\/u><\/strong>.<\/p>\n<p>\u00a0<\/p>\n<p><strong>La jad\u00e9ite naturelle n&#039;est pas parfaite, juste un petit rappel : notre jad\u00e9ite naturelle, comme toutes les belles choses de la nature, poss\u00e8de ses caract\u00e9ristiques et ses variations uniques. Nous invitons nos pr\u00e9cieux clients \u00e0 adopter ces variations naturelles. Bon shopping !<\/strong><\/p>\n<p>\u00a0<\/p>\n<p><strong><u>Aucune des photos et des s\u00e9quences vid\u00e9o n&#039;a \u00e9t\u00e9 filtr\u00e9e. Nous encourageons nos clients \u00e0 regarder \u00e9galement les vid\u00e9os d&#039;accompagnement pour une vue plus compl\u00e8te de nos produits<\/u><\/strong><\/p>","protected":false},"excerpt":{"rendered":"<p>This Semi Icy Good Translucency Green Natural Type A Jadeite Pendant Necklace is a true work of art, crafted in the shape of a parrot, symbolizing wisdom, bravery, heroism and mightiness. Authenticity: This necklace comes with a certificate of authenticity for your peace of mind. Certificate numbers: GD2203H013625 Quality: Made with high-quality natural Type A [&hellip;]<\/p>","protected":false},"featured_media":7713,"comment_status":"open","ping_status":"closed","template":"","meta":[],"product_brand":[],"product_cat":[48],"product_tag":[],"class_list":{"0":"post-1760","1":"product","2":"type-product","3":"status-publish","4":"has-post-thumbnail","6":"product_cat-pendants","8":"first","9":"instock","10":"sale","11":"shipping-taxable","12":"purchasable","13":"product-type-simple"},"_links":{"self":[{"href":"https:\/\/shop.yipinqian.com\/fr\/wp-json\/wp\/v2\/product\/1760","targetHints":{"allow":["GET"]}}],"collection":[{"href":"https:\/\/shop.yipinqian.com\/fr\/wp-json\/wp\/v2\/product"}],"about":[{"href":"https:\/\/shop.yipinqian.com\/fr\/wp-json\/wp\/v2\/types\/product"}],"replies":[{"embeddable":true,"href":"https:\/\/shop.yipinqian.com\/fr\/wp-json\/wp\/v2\/comments?post=1760"}],"version-history":[{"count":0,"href":"https:\/\/shop.yipinqian.com\/fr\/wp-json\/wp\/v2\/product\/1760\/revisions"}],"wp:featuredmedia":[{"embeddable":true,"href":"https:\/\/shop.yipinqian.com\/fr\/wp-json\/wp\/v2\/media\/7713"}],"wp:attachment":[{"href":"https:\/\/shop.yipinqian.com\/fr\/wp-json\/wp\/v2\/media?parent=1760"}],"wp:term":[{"taxonomy":"product_brand","embeddable":true,"href":"https:\/\/shop.yipinqian.com\/fr\/wp-json\/wp\/v2\/product_brand?post=1760"},{"taxonomy":"product_cat","embeddable":true,"href":"https:\/\/shop.yipinqian.com\/fr\/wp-json\/wp\/v2\/product_cat?post=1760"},{"taxonomy":"product_tag","embeddable":true,"href":"https:\/\/shop.yipinqian.com\/fr\/wp-json\/wp\/v2\/product_tag?post=1760"}],"curies":[{"name":"wp","href":"https:\/\/api.w.org\/{rel}","templated":true}]}}