{"id":1758,"date":"2024-10-24T23:22:10","date_gmt":"2024-10-24T15:22:10","guid":{"rendered":"https:\/\/shop.yipinqian.com\/product\/semi-icy-bluish-green-hue-natural-type-a-jadeite-pendant-crafted-as-buddha-with-certificate-included-weigh-26-65-grams-48-3-48-9-7-mm-suitable-for-daily-wear\/"},"modified":"2025-02-24T00:49:52","modified_gmt":"2025-02-23T16:49:52","slug":"semi-icy-bluish-green-hue-natural-type-a-jadeite-pendant-crafted-as-buddha-with-certificate-included-weigh-26-65-grams-48-3-48-9-7-mm-suitable-for-daily-wear","status":"publish","type":"product","link":"https:\/\/shop.yipinqian.com\/fr\/produit\/semi-icy-bluish-green-hue-natural-type-a-jadeite-pendant-crafted-as-buddha-with-certificate-included-weigh-26-65-grams-48-3-48-9-7-mm-suitable-for-daily-wear\/","title":{"rendered":"Pendentif en jad\u00e9ite naturelle de type A de teinte vert bleu\u00e2tre semi-glac\u00e9e fabriqu\u00e9 en forme de Bouddha avec certificat inclus p\u00e8se 26,65 grammes, 48,3 * 48,9 * 7 mm, convient \u00e0 un usage quotidien"},"content":{"rendered":"<p>Ce pendentif en jad\u00e9ite naturelle de type A de teinte vert bleut\u00e9 semi-glac\u00e9e est un superbe bijou parfait pour un usage quotidien.<\/p>\n<ul>\n<li>\n<strong>Magnifique savoir-faire :<\/strong> Ce pendentif est con\u00e7u avec amour en tant que Bouddha, ce qui en fait un ajout unique et significatif \u00e0 toute collection de bijoux.<\/li>\n<li>\n<strong>Jad\u00e9ite naturelle de type A :<\/strong> Fabriqu\u00e9 \u00e0 partir de jad\u00e9ite naturelle de type A de haute qualit\u00e9, ce pendentif pr\u00e9sente une belle teinte vert bleut\u00e9 semi-glac\u00e9e qui compl\u00e9tera n&#039;importe quelle tenue.<\/li>\n<li>\n<strong>Certificat inclus :<\/strong> Ce pendentif est accompagn\u00e9 d&#039;un certificat d&#039;authenticit\u00e9, assurant la qualit\u00e9 et l&#039;authenticit\u00e9 de la jad\u00e9ite utilis\u00e9e dans sa cr\u00e9ation.<\/li>\n<\/ul>\n<p><strong>Num\u00e9ros de certificat : 920660016448<\/strong><\/p>\n<p><\/p>\n<p>Pesant 26,65 grammes et mesurant 48,3 * 48,9 * 7 mm, ce style de collier est \u00e0 la fois d\u00e9contract\u00e9 et suffisamment \u00e9l\u00e9gant pour \u00eatre port\u00e9 en toute occasion.<\/p>\n<ul>\n<li>\n<strong>Fabriqu\u00e9 au Myanmar :<\/strong> Ce produit vient du Myanmar, connu pour produire certains des plus beaux accessoires et d\u00e9riv\u00e9s de bijoux en jade au monde, ajoutant une touche exotique \u00e0 votre look.<\/li>\n<li>\n<strong>Aucune garantie incluse\u00a0: <\/strong>Le type de garantie fourni avec ce produit est \u00ab\u00a0Non\u00a0\u00bb. Cependant, il a \u00e9t\u00e9 fabriqu\u00e9 \u00e0 partir de mat\u00e9riaux de haute qualit\u00e9 garantissant sa durabilit\u00e9 et sa long\u00e9vit\u00e9<\/li>\n<li>.<\/li>\n<\/ul>\n<p>Un excellent accessoire unisexe qui fera un excellent cadeau ou un ajout \u00e0 votre collection personnelle !<\/p>\n<p><\/p>\n<p>Yi Pin Qian \u2013 N\u00e9gociant en pierres pr\u00e9cieuses et m\u00e9taux pr\u00e9cieux \u00e0 Singapour \u2013 Num\u00e9ro de licence PS20190000031<\/p>\n<p><\/p>\n<p>*Toutes les jad\u00e9ites achet\u00e9es chez Yi Pin Qian \u00e0 Singapour, les clients peuvent r\u00e9server des cr\u00e9neaux pour le polissage ou une r\u00e9paration mineure en cas de mauvaise manipulation - des frais s&#039;appliquent et uniquement pour les clients de Yi Pin Qian \u00e0 Singapour*<\/p>\n<p><\/p>\n<p><strong>**Types de certificats**<\/strong><\/p>\n<p><\/p>\n<p><strong>NGI (Nan Yang Gemmologie)<\/strong><\/p>\n<p>ou <strong>Certificats \u00e9trangers <\/strong>(Yi Pin Qian utilise uniquement des certificats authentiques provenant de laboratoires \u00e9trangers et contr\u00f4le \u00e9galement la qualit\u00e9 de chacun de nos produits avant de les mettre en vente \u00e0 Singapour)<\/p>\n<p><\/p>\n<p>Chaque produit sur TikTok aura le type de certificat fourni indiqu\u00e9 dans la description. Pour tout client souhaitant envoyer sa commande \u00e0 NGI Singapore, il y aura un d\u00e9lai d&#039;attente pour la livraison de la commande estim\u00e9 \u00e0 environ 4 semaines pour recevoir votre commande. <strong>Les demandes de rapport sur les pierres pr\u00e9cieuses NGI doivent \u00eatre effectu\u00e9es en envoyant un message \u00e0 la boutique TikTok de Yi Pin Qian.<\/strong> Merci, <strong><u>des frais suppl\u00e9mentaires s&#039;appliquent<\/u><\/strong>.<\/p>\n<p><\/p>\n<p><strong>La jad\u00e9ite naturelle n&#039;est pas parfaite, juste un petit rappel : notre jad\u00e9ite naturelle, comme toutes les belles choses de la nature, poss\u00e8de ses caract\u00e9ristiques et ses variations uniques. Nous invitons nos pr\u00e9cieux clients \u00e0 adopter ces variations naturelles. Bon shopping !<\/strong><\/p>\n<p><\/p>\n<p><strong><u>Aucune des photos et des s\u00e9quences vid\u00e9o n&#039;a \u00e9t\u00e9 filtr\u00e9e. Nous encourageons nos clients \u00e0 regarder \u00e9galement les vid\u00e9os d&#039;accompagnement pour une vue plus compl\u00e8te de nos produits<\/u><\/strong><\/p>","protected":false},"excerpt":{"rendered":"<p>This Semi Icy Bluish Green Hue Natural Type A Jadeite Pendant is a stunning piece of jewelry that is perfect for daily wear. Beautiful Craftsmanship: This pendant is lovingly crafted as Buddha, making it a unique and meaningful addition to any jewelry collection. Natural Type A Jadeite: Made from high-quality natural Type A jadeite, this [&hellip;]<\/p>","protected":false},"featured_media":7703,"comment_status":"open","ping_status":"closed","template":"","meta":[],"product_brand":[],"product_cat":[194],"product_tag":[],"class_list":{"0":"post-1758","1":"product","2":"type-product","3":"status-publish","4":"has-post-thumbnail","6":"product_cat-value-picks","8":"first","9":"instock","10":"sale","11":"shipping-taxable","12":"purchasable","13":"product-type-simple"},"_links":{"self":[{"href":"https:\/\/shop.yipinqian.com\/fr\/wp-json\/wp\/v2\/product\/1758","targetHints":{"allow":["GET"]}}],"collection":[{"href":"https:\/\/shop.yipinqian.com\/fr\/wp-json\/wp\/v2\/product"}],"about":[{"href":"https:\/\/shop.yipinqian.com\/fr\/wp-json\/wp\/v2\/types\/product"}],"replies":[{"embeddable":true,"href":"https:\/\/shop.yipinqian.com\/fr\/wp-json\/wp\/v2\/comments?post=1758"}],"version-history":[{"count":0,"href":"https:\/\/shop.yipinqian.com\/fr\/wp-json\/wp\/v2\/product\/1758\/revisions"}],"wp:featuredmedia":[{"embeddable":true,"href":"https:\/\/shop.yipinqian.com\/fr\/wp-json\/wp\/v2\/media\/7703"}],"wp:attachment":[{"href":"https:\/\/shop.yipinqian.com\/fr\/wp-json\/wp\/v2\/media?parent=1758"}],"wp:term":[{"taxonomy":"product_brand","embeddable":true,"href":"https:\/\/shop.yipinqian.com\/fr\/wp-json\/wp\/v2\/product_brand?post=1758"},{"taxonomy":"product_cat","embeddable":true,"href":"https:\/\/shop.yipinqian.com\/fr\/wp-json\/wp\/v2\/product_cat?post=1758"},{"taxonomy":"product_tag","embeddable":true,"href":"https:\/\/shop.yipinqian.com\/fr\/wp-json\/wp\/v2\/product_tag?post=1758"}],"curies":[{"name":"wp","href":"https:\/\/api.w.org\/{rel}","templated":true}]}}