{"id":1757,"date":"2024-10-24T23:22:10","date_gmt":"2024-10-24T15:22:10","guid":{"rendered":"https:\/\/shop.yipinqian.com\/product\/sales-offer-high-quality-light-green-cabochon-natural-type-a-jadeite-jade-set-on-18k-gold-as-ring-certificate-weighs-1-98-grams-finger-size-15-4mm-18kring28\/"},"modified":"2025-02-24T01:17:27","modified_gmt":"2025-02-23T17:17:27","slug":"sales-offer-high-quality-light-green-cabochon-natural-type-a-jadeite-jade-set-on-18k-gold-as-ring-certificate-weighs-1-98-grams-finger-size-15-4mm-18kring28","status":"publish","type":"product","link":"https:\/\/shop.yipinqian.com\/fr\/produit\/sales-offer-high-quality-light-green-cabochon-natural-type-a-jadeite-jade-set-on-18k-gold-as-ring-certificate-weighs-1-98-grams-finger-size-15-4mm-18kring28\/","title":{"rendered":"Offre de vente \u2013 Bague en jade jad\u00e9ite naturelle de type A de haute qualit\u00e9, cabochon vert clair, sertie sur or 18 carats, poids du certificat : 1,98 gramme, taille de doigt 15,4 mm (18kring28)"},"content":{"rendered":"<p>Cette superbe bague est dot\u00e9e d&#039;un cabochon de jade jad\u00e9ite naturel de type A vert clair de haute qualit\u00e9 serti sur de l&#039;or 18 carats, respirant l&#039;\u00e9l\u00e9gance et le charme.<\/p>\n<p><\/p>\n<p>Num\u00e9ros de certificat : GD2110H014385<\/p>\n<p>Taille des doigts : 15,4 mm<\/p>\n<p>Cabochon: 8,2 * 3,8 mm<\/p>\n<p>Poids de l&#039;or 18 carats : 1,54 gramme<\/p>\n<p>Diamants : 24 * 0,003, 2 * 0,006, 2 * 0,013 carats<\/p>\n<p><\/p>\n<ul>\n<li>\n<strong>Mat\u00e9riel:<\/strong> La bague est en or 18 carats, mettant en valeur la beaut\u00e9 de la pierre de jade naturelle.<\/li>\n<li>\n<strong>Certificat:<\/strong> Livr\u00e9 avec un certificat confirmant l&#039;authenticit\u00e9 et la qualit\u00e9 du jade.<\/li>\n<li>\n<strong>P\u00e8se :<\/strong> La bague p\u00e8se 1,98 gramme, ajoutant une touche d\u00e9licate \u00e0 votre ensemble.<\/li>\n<li>\n<strong>Taille des doigts :<\/strong> Con\u00e7u en taille 15,4 mm, parfait pour ceux qui ont une affinit\u00e9 pour les bijoux uniques.<\/li>\n<\/ul>\n<p>Cette pi\u00e8ce exquise est parfaite pour des occasions sp\u00e9ciales telles que des fian\u00e7ailles ou comme cadeau attentionn\u00e9 pour c\u00e9l\u00e9brer des \u00e9v\u00e9nements marquants. Fabriqu\u00e9e avec soin et pr\u00e9cision, cette bague met en valeur la beaut\u00e9 du jade jad\u00e9ite de type A provenant du Myanmar dans une s\u00e9duisante teinte vert clair. Un m\u00e9lange d&#039;artisanat traditionnel et d&#039;\u00e9l\u00e9gance moderne fait de cette bague un ajout pr\u00e9cieux \u00e0 toute collection de bijoux.<\/p>\n<ul>\n<li>\n<strong>Type de jade :<\/strong> Fabriqu\u00e9 \u00e0 partir de jad\u00e9ite de type A de haute qualit\u00e9 pour une beaut\u00e9 et un attrait durables<\/li>\n<li>\n<strong>Mat\u00e9riau de la monture en m\u00e9tal : <\/strong>Le mat\u00e9riau de r\u00e9glage est l&#039;or PT\/Carat<\/li>\n<li>Con\u00e7u pour : La pi\u00e8ce est sp\u00e9cialement con\u00e7ue pour les femmes, ce qui en fait un cadeau id\u00e9al <strong>Utilisation des bijoux : <\/strong>L&#039;occasion la plus appropri\u00e9e serait un \u00e9v\u00e9nement de fian\u00e7ailles. <strong>Garantie des bijoux : <\/strong>Aucune garantie applicable sur ce produit.<\/li>\n<\/ul>\n<p>Yi Pin Qian \u2013 N\u00e9gociant en pierres pr\u00e9cieuses et m\u00e9taux pr\u00e9cieux \u00e0 Singapour \u2013 Num\u00e9ro de licence PS20190000031<\/p>\n<p><\/p>\n<p>*Toutes les jad\u00e9ites achet\u00e9es chez Yi Pin Qian \u00e0 Singapour, les clients peuvent r\u00e9server des cr\u00e9neaux pour le polissage ou une r\u00e9paration mineure en cas de mauvaise manipulation - des frais s&#039;appliquent et uniquement pour les clients de Yi Pin Qian \u00e0 Singapour*<\/p>\n<p><\/p>\n<p><strong>**Types de certificats**<\/strong><\/p>\n<p><\/p>\n<p><strong>NGI (Nan Yang Gemmologie)<\/strong><\/p>\n<p>ou <strong>Certificats \u00e9trangers <\/strong>(Yi Pin Qian utilise uniquement des certificats authentiques provenant de laboratoires \u00e9trangers et contr\u00f4le \u00e9galement la qualit\u00e9 de chacun de nos produits avant de les mettre en vente \u00e0 Singapour)<\/p>\n<p><\/p>\n<p>Chaque produit sur TikTok aura le type de certificat fourni indiqu\u00e9 dans la description. Pour tout client souhaitant envoyer sa commande \u00e0 NGI Singapore, il y aura un d\u00e9lai d&#039;attente pour la livraison de la commande estim\u00e9 \u00e0 environ 4 semaines pour recevoir votre commande. <strong>Les demandes de rapport sur les pierres pr\u00e9cieuses NGI doivent \u00eatre effectu\u00e9es en envoyant un message \u00e0 la boutique TikTok de Yi Pin Qian.<\/strong> Merci, <strong><u>des frais suppl\u00e9mentaires s&#039;appliquent<\/u><\/strong>.<\/p>\n<p><\/p>\n<p><strong>La jad\u00e9ite naturelle n&#039;est pas parfaite, juste un petit rappel : notre jad\u00e9ite naturelle, comme toutes les belles choses de la nature, poss\u00e8de ses caract\u00e9ristiques et ses variations uniques. Nous invitons nos pr\u00e9cieux clients \u00e0 adopter ces variations naturelles. Bon shopping !<\/strong><\/p>\n<p><\/p>\n<p><strong><u>Aucune des photos et des s\u00e9quences vid\u00e9o n&#039;a \u00e9t\u00e9 filtr\u00e9e. Nous encourageons nos clients \u00e0 regarder \u00e9galement les vid\u00e9os d&#039;accompagnement pour une vue plus compl\u00e8te de nos produits<\/u><\/strong><\/p>\n<p><\/p>\n<p><strong>*** (Le client souhaitant demander un certificat NGI, veuillez nous envoyer un message avant votre achat, merci)<\/strong><\/p>\n<p><\/p>\n<p>.<\/p>","protected":false},"excerpt":{"rendered":"<p>This stunning ring features a High Quality Light Green Cabochon Natural Type A Jadeite Jade set on 18k Gold, exuding elegance and charm. Certificate numbers: GD2110H014385 Finger Size: 15.4mm Cabochon: 8.2 * 3.8 mm 18k Gold Weighs: 1.54 grams Diamonds: 24 * 0.003, 2 * 0.006, 2 * 0.013 Carats Material: The ring is made [&hellip;]<\/p>","protected":false},"featured_media":7686,"comment_status":"open","ping_status":"closed","template":"","meta":[],"product_brand":[],"product_cat":[195],"product_tag":[],"class_list":{"0":"post-1757","1":"product","2":"type-product","3":"status-publish","4":"has-post-thumbnail","6":"product_cat-heirloom-grade","8":"first","9":"instock","10":"sale","11":"shipping-taxable","12":"purchasable","13":"product-type-simple"},"_links":{"self":[{"href":"https:\/\/shop.yipinqian.com\/fr\/wp-json\/wp\/v2\/product\/1757","targetHints":{"allow":["GET"]}}],"collection":[{"href":"https:\/\/shop.yipinqian.com\/fr\/wp-json\/wp\/v2\/product"}],"about":[{"href":"https:\/\/shop.yipinqian.com\/fr\/wp-json\/wp\/v2\/types\/product"}],"replies":[{"embeddable":true,"href":"https:\/\/shop.yipinqian.com\/fr\/wp-json\/wp\/v2\/comments?post=1757"}],"version-history":[{"count":0,"href":"https:\/\/shop.yipinqian.com\/fr\/wp-json\/wp\/v2\/product\/1757\/revisions"}],"wp:featuredmedia":[{"embeddable":true,"href":"https:\/\/shop.yipinqian.com\/fr\/wp-json\/wp\/v2\/media\/7686"}],"wp:attachment":[{"href":"https:\/\/shop.yipinqian.com\/fr\/wp-json\/wp\/v2\/media?parent=1757"}],"wp:term":[{"taxonomy":"product_brand","embeddable":true,"href":"https:\/\/shop.yipinqian.com\/fr\/wp-json\/wp\/v2\/product_brand?post=1757"},{"taxonomy":"product_cat","embeddable":true,"href":"https:\/\/shop.yipinqian.com\/fr\/wp-json\/wp\/v2\/product_cat?post=1757"},{"taxonomy":"product_tag","embeddable":true,"href":"https:\/\/shop.yipinqian.com\/fr\/wp-json\/wp\/v2\/product_tag?post=1757"}],"curies":[{"name":"wp","href":"https:\/\/api.w.org\/{rel}","templated":true}]}}