{"id":1755,"date":"2024-10-24T23:22:08","date_gmt":"2024-10-24T15:22:08","guid":{"rendered":"https:\/\/shop.yipinqian.com\/product\/sales-quality-natural-type-a-jadeite-jade-crafted-as-three-legs-toad-for-display-or-hand-held-piece-with-certificate-weigh-84-27-grams-measurement-61-6-48-3-26-mm-hand4\/"},"modified":"2025-02-24T00:49:52","modified_gmt":"2025-02-23T16:49:52","slug":"sales-quality-natural-type-a-jadeite-jade-crafted-as-three-legs-toad-for-display-or-hand-held-piece-with-certificate-weigh-84-27-grams-measurement-61-6-48-3-26-mm-hand4","status":"publish","type":"product","link":"https:\/\/shop.yipinqian.com\/fr\/produit\/sales-quality-natural-type-a-jadeite-jade-crafted-as-three-legs-toad-for-display-or-hand-held-piece-with-certificate-weigh-84-27-grams-measurement-61-6-48-3-26-mm-hand4\/","title":{"rendered":"Ventes \u2013 Jade jad\u00e9ite naturelle de qualit\u00e9 de type A fabriqu\u00e9 en crapaud \u00e0 trois pattes pour exposition ou pi\u00e8ce \u00e0 main avec certificat pesant 84,27 grammes, mesure 61,6 * 48,3 * 26 mm (main4)"},"content":{"rendered":"<p>Apportez une touche d&#039;\u00e9l\u00e9gance \u00e0 votre espace avec ce magnifique crapaud en jade naturel de type A. Avec un poids de 84,27 grammes et mesurant 61,6 * 48,3 * 26 mm (main4), cette pi\u00e8ce peut \u00eatre utilis\u00e9e comme pr\u00e9sentoir ou comme d\u00e9coration \u00e0 main.<\/p>\n<p>\u00a0<\/p>\n<ul>\n<li>peut \u00eatre affich\u00e9 n&#039;importe o\u00f9 \u00e0 la maison, au bureau pour augmenter le feng shui personnel<\/li>\n<\/ul>\n<p>\u00a0<\/p>\n<p>Num\u00e9ros de certificat : 920870012899<\/p>\n<ul>\n<li>\n<strong>Mat\u00e9riau de haute qualit\u00e9 :<\/strong> Fabriqu\u00e9 \u00e0 partir de jade jad\u00e9ite naturel de type A, connu pour sa durabilit\u00e9 et sa beaut\u00e9.<\/li>\n<li>\n<strong>Certificat inclus :<\/strong> Livr\u00e9 avec un certificat pour garantir l&#039;authenticit\u00e9 et la qualit\u00e9.<\/li>\n<li>\n<strong>Design \u00e9l\u00e9gant :<\/strong> Fabriqu\u00e9 en forme de crapaud \u00e0 trois pattes, symbolisant la richesse et la prosp\u00e9rit\u00e9 dans la culture chinoise, ce qui en fait une d\u00e9coration id\u00e9ale pour votre espace ou une pi\u00e8ce tenue \u00e0 la main pendant les pratiques de m\u00e9ditation ou de relaxation.<\/li>\n<\/ul>\n<p>Cette pi\u00e8ce exquise provient du Myanmar, le pays d&#039;origine du mat\u00e9riau en jade de haute qualit\u00e9 de ce produit. C&#039;est le type de d\u00e9coration parfait qui ajouterait de l&#039;\u00e9l\u00e9gance \u00e0 n&#039;importe quelle zone d&#039;exposition de votre maison, sans aucun type de garantie qui lui est attribu\u00e9. En r\u00e9sum\u00e9, si vous recherchez une touche \u00e9l\u00e9gante qui symbolise la richesse tout en favorisant les pratiques de relaxation en vous, ne cherchez pas plus loin que notre jad\u00e9ite naturelle de type A de qualit\u00e9 fabriqu\u00e9e en forme de crapaud \u00e0 trois pattes !<\/p>\n<p>\u00a0<\/p>\n<p><strong>La jad\u00e9ite naturelle n&#039;est pas parfaite, juste un petit rappel : notre jad\u00e9ite naturelle, comme toutes les belles choses de la nature, poss\u00e8de ses caract\u00e9ristiques et ses variations uniques. Nous invitons nos pr\u00e9cieux clients \u00e0 adopter ces variations naturelles. Bon shopping !<\/strong><\/p>\n<p>\u00a0<\/p>\n<p><strong><u>Aucune des photos et des s\u00e9quences vid\u00e9o n&#039;a \u00e9t\u00e9 filtr\u00e9e. Nous encourageons nos clients \u00e0 regarder \u00e9galement les vid\u00e9os d&#039;accompagnement pour une vue plus compl\u00e8te de nos produits<\/u><\/strong><\/p>","protected":false},"excerpt":{"rendered":"<p>Bring a touch of elegance to your space with this exquisite Natural Type A Jadeite Jade crafted as Three Legs Toad. With a weight of 84.27 grams and measuring 61.6 * 48.3 * 26 mm (hand4), this piece can be used as a display or hand-held decoration. \u00a0 can display anywhere at home, office to [&hellip;]<\/p>","protected":false},"featured_media":7678,"comment_status":"open","ping_status":"closed","template":"","meta":[],"product_brand":[],"product_cat":[194],"product_tag":[],"class_list":{"0":"post-1755","1":"product","2":"type-product","3":"status-publish","4":"has-post-thumbnail","6":"product_cat-value-picks","8":"first","9":"instock","10":"sale","11":"shipping-taxable","12":"purchasable","13":"product-type-simple"},"_links":{"self":[{"href":"https:\/\/shop.yipinqian.com\/fr\/wp-json\/wp\/v2\/product\/1755","targetHints":{"allow":["GET"]}}],"collection":[{"href":"https:\/\/shop.yipinqian.com\/fr\/wp-json\/wp\/v2\/product"}],"about":[{"href":"https:\/\/shop.yipinqian.com\/fr\/wp-json\/wp\/v2\/types\/product"}],"replies":[{"embeddable":true,"href":"https:\/\/shop.yipinqian.com\/fr\/wp-json\/wp\/v2\/comments?post=1755"}],"version-history":[{"count":0,"href":"https:\/\/shop.yipinqian.com\/fr\/wp-json\/wp\/v2\/product\/1755\/revisions"}],"wp:featuredmedia":[{"embeddable":true,"href":"https:\/\/shop.yipinqian.com\/fr\/wp-json\/wp\/v2\/media\/7678"}],"wp:attachment":[{"href":"https:\/\/shop.yipinqian.com\/fr\/wp-json\/wp\/v2\/media?parent=1755"}],"wp:term":[{"taxonomy":"product_brand","embeddable":true,"href":"https:\/\/shop.yipinqian.com\/fr\/wp-json\/wp\/v2\/product_brand?post=1755"},{"taxonomy":"product_cat","embeddable":true,"href":"https:\/\/shop.yipinqian.com\/fr\/wp-json\/wp\/v2\/product_cat?post=1755"},{"taxonomy":"product_tag","embeddable":true,"href":"https:\/\/shop.yipinqian.com\/fr\/wp-json\/wp\/v2\/product_tag?post=1755"}],"curies":[{"name":"wp","href":"https:\/\/api.w.org\/{rel}","templated":true}]}}