{"id":1754,"date":"2024-10-24T23:22:07","date_gmt":"2024-10-24T15:22:07","guid":{"rendered":"https:\/\/shop.yipinqian.com\/product\/sales-high-quality-pair-of-white-yellow-natural-type-a-jadeite-jade-crafted-as-pixiu-for-pendant-certificate-weighs-24-25-19-87-grams-measurements-50-21-3-14-1-47-20-6-13-6-mm-pendant292\/"},"modified":"2025-02-24T00:49:52","modified_gmt":"2025-02-23T16:49:52","slug":"sales-high-quality-pair-of-white-yellow-natural-type-a-jadeite-jade-crafted-as-pixiu-for-pendant-certificate-weighs-24-25-19-87-grams-measurements-50-21-3-14-1-47-20-6-13-6-mm-pendant292","status":"publish","type":"product","link":"https:\/\/shop.yipinqian.com\/fr\/produit\/sales-high-quality-pair-of-white-yellow-natural-type-a-jadeite-jade-crafted-as-pixiu-for-pendant-certificate-weighs-24-25-19-87-grams-measurements-50-21-3-14-1-47-20-6-13-6-mm-pendant292\/","title":{"rendered":"Ventes \u2013 Paire de jade jad\u00e9ite naturel de type A blanc et jaune de haute qualit\u00e9, fabriqu\u00e9 comme Pixiu pour pendentif, certificat p\u00e8se 24,25 \/ 19,87 grammes, mesures 50 * 21,3 * 14,1 \/ 47 * 20,6 * 13,6 mm (pendentif292)"},"content":{"rendered":"<p>Rehaussez votre style avec cette exquise paire de colliers pendentifs Pixiu en jade jad\u00e9ite naturelle de type A blanc et jaune.<\/p>\n<p>\u00a0<\/p>\n<p>Num\u00e9ros de certificat : GD2112H004542 \/ GD2112H004541<\/p>\n<ul>\n<li>\n<strong>Jade de haute qualit\u00e9 :<\/strong> Fabriqu\u00e9 \u00e0 partir de jade jad\u00e9ite de type A de qualit\u00e9 sup\u00e9rieure, ce pendentif respire l&#039;\u00e9l\u00e9gance et la sophistication.<\/li>\n<li>\n<strong>Conception Pixiu :<\/strong> Le pendentif est finement con\u00e7u sous la forme d&#039;un Pixiu, un symbole de richesse et de protection dans la culture chinoise.<\/li>\n<li>\n<strong>Certificat inclus :<\/strong> Chaque pendentif est accompagn\u00e9 d&#039;un certificat garantissant l&#039;authenticit\u00e9 du jade.<\/li>\n<\/ul>\n<p>La paire p\u00e8se respectivement 24,25 grammes et 19,87 grammes, avec des mesures de 50 * 21,3 * 14,1 mm et 47 * 20,6 * 13,6 mm pour chaque pendentif en vente.<\/p>\n<ul>\n<li>\n<strong>Occasions propices :<\/strong> Parfait \u00e0 porter lors d&#039;occasions propices pour attirer la chance et l&#039;\u00e9nergie positive dans votre vie.<\/li>\n<li>\n<strong>Style de collier en jade :<\/strong>Collier de style d\u00e9contract\u00e9 mais \u00e9l\u00e9gant adapt\u00e9 aux hommes et aux femmes | L&#039;attrait unisexe ajoute de la polyvalence \u00e0 n&#039;importe quel ensemble.<\/li>\n<\/ul>\n<p>.<strong>La jad\u00e9ite naturelle n&#039;est pas parfaite, juste un petit rappel : notre jad\u00e9ite naturelle, comme toutes les belles choses de la nature, poss\u00e8de ses caract\u00e9ristiques et ses variations uniques. Nous invitons nos pr\u00e9cieux clients \u00e0 adopter ces variations naturelles. Bon shopping !<\/strong><\/p>\n<p>\u00a0<\/p>\n<p><strong><u>Aucune des photos et des s\u00e9quences vid\u00e9o n&#039;a \u00e9t\u00e9 filtr\u00e9e. Nous encourageons nos clients \u00e0 regarder \u00e9galement les vid\u00e9os d&#039;accompagnement pour une vue plus compl\u00e8te de nos produits<\/u><\/strong><\/p>\n<p>\u00a0<\/p>\n<ul>\n<li>Diff\u00e9rentes plates-formes ne peuvent visionner des vid\u00e9os que via le bureau<\/li>\n<\/ul>","protected":false},"excerpt":{"rendered":"<p>Enhance your style with this exquisite pair of White and Yellow Natural Type A Jadeite Jade Pixiu pendant necklace. \u00a0 Certificate numbers: GD2112H004542 \/ GD2112H004541 High Quality Jade: Crafted from premium Type A jadeite jade, this pendant exudes elegance and sophistication. Pixiu Design: The pendant is intricately designed in the shape of a Pixiu, a [&hellip;]<\/p>","protected":false},"featured_media":7661,"comment_status":"open","ping_status":"closed","template":"","meta":[],"product_brand":[],"product_cat":[194],"product_tag":[],"class_list":{"0":"post-1754","1":"product","2":"type-product","3":"status-publish","4":"has-post-thumbnail","6":"product_cat-value-picks","8":"first","9":"instock","10":"sale","11":"shipping-taxable","12":"purchasable","13":"product-type-simple"},"_links":{"self":[{"href":"https:\/\/shop.yipinqian.com\/fr\/wp-json\/wp\/v2\/product\/1754","targetHints":{"allow":["GET"]}}],"collection":[{"href":"https:\/\/shop.yipinqian.com\/fr\/wp-json\/wp\/v2\/product"}],"about":[{"href":"https:\/\/shop.yipinqian.com\/fr\/wp-json\/wp\/v2\/types\/product"}],"replies":[{"embeddable":true,"href":"https:\/\/shop.yipinqian.com\/fr\/wp-json\/wp\/v2\/comments?post=1754"}],"version-history":[{"count":0,"href":"https:\/\/shop.yipinqian.com\/fr\/wp-json\/wp\/v2\/product\/1754\/revisions"}],"wp:featuredmedia":[{"embeddable":true,"href":"https:\/\/shop.yipinqian.com\/fr\/wp-json\/wp\/v2\/media\/7661"}],"wp:attachment":[{"href":"https:\/\/shop.yipinqian.com\/fr\/wp-json\/wp\/v2\/media?parent=1754"}],"wp:term":[{"taxonomy":"product_brand","embeddable":true,"href":"https:\/\/shop.yipinqian.com\/fr\/wp-json\/wp\/v2\/product_brand?post=1754"},{"taxonomy":"product_cat","embeddable":true,"href":"https:\/\/shop.yipinqian.com\/fr\/wp-json\/wp\/v2\/product_cat?post=1754"},{"taxonomy":"product_tag","embeddable":true,"href":"https:\/\/shop.yipinqian.com\/fr\/wp-json\/wp\/v2\/product_tag?post=1754"}],"curies":[{"name":"wp","href":"https:\/\/api.w.org\/{rel}","templated":true}]}}