{"id":1753,"date":"2024-10-24T23:22:06","date_gmt":"2024-10-24T15:22:06","guid":{"rendered":"https:\/\/shop.yipinqian.com\/product\/s925-setting-with-lavender-cabochon-15-6-12-3-5-2-mm-natural-type-a-jadeite-jade-ring-with-certificate-weigh-3-23-grams-finger-size-adjustable-s925ring4\/"},"modified":"2025-02-17T00:04:15","modified_gmt":"2025-02-16T16:04:15","slug":"s925-setting-with-lavender-cabochon-15-6-12-3-5-2-mm-natural-type-a-jadeite-jade-ring-with-certificate-weigh-3-23-grams-finger-size-adjustable-s925ring4","status":"publish","type":"product","link":"https:\/\/shop.yipinqian.com\/fr\/produit\/s925-setting-with-lavender-cabochon-15-6-12-3-5-2-mm-natural-type-a-jadeite-jade-ring-with-certificate-weigh-3-23-grams-finger-size-adjustable-s925ring4\/","title":{"rendered":"Bague en jade jad\u00e9ite naturelle de type A de 15,6 x 12,3 x 5,2 mm avec monture S925 et cabochon lavande avec certificat pesant 3,23 grammes, taille de doigt r\u00e9glable (s925ring4)"},"content":{"rendered":"<p>Rehaussez votre collection de bijoux avec cette superbe bague S925 orn\u00e9e d&#039;une pierre de jade jad\u00e9ite naturelle de type A. Le cabochon lavande mesure <strong>15,6 * 12,3 * 5,2 mm<\/strong> et est serti dans un \u00e9l\u00e9gant cadre S925, pesant <strong>3,23 grammes<\/strong>.<\/p>\n<p><\/p>\n<p><strong>Num\u00e9ros de certificat : ZS22111600761<\/strong><\/p>\n<ul>\n<li>\n<strong>Jad\u00e9ite naturelle de type A :<\/strong> Cette bague est dot\u00e9e d&#039;une pierre de jad\u00e9ite naturelle de type A, connue pour sa raret\u00e9 et sa haute qualit\u00e9.<\/li>\n<li>\n<strong>Taille des doigts r\u00e9glable :<\/strong> La bague est r\u00e9glable pour s&#039;adapter confortablement \u00e0 n&#039;importe quelle taille de doigt.<\/li>\n<li>\n<strong>Avec certificat :<\/strong> Livr\u00e9 avec un certificat d&#039;authenticit\u00e9 assurant la qualit\u00e9 de la pierre de jade utilis\u00e9e dans cette bague.<\/li>\n<\/ul>\n<p>Fabriqu\u00e9 au Myanmar, ce bijou exquis est parfait pour un usage quotidien ou pour des occasions sp\u00e9ciales, ce qui en fait un excellent ajout \u00e0 votre collection ou comme option de cadeau pour cette personne sp\u00e9ciale qui aime les bijoux uniques et de haute qualit\u00e9 qui ne manqueront pas de faire tourner les t\u00eates !<\/p>\n<ul>\n<li>\n<strong>Aucune garantie :<\/strong> Veuillez noter qu&#039;il n&#039;y a aucune garantie sur ce produit au moment de l&#039;achat.<\/li>\n<\/ul>\n<p>Cette superbe pi\u00e8ce a \u00e9t\u00e9 con\u00e7ue sp\u00e9cialement pour les femmes qui aiment les accessoires \u00e9l\u00e9gants aux designs uniques et au savoir-faire de qualit\u00e9 sup\u00e9rieure ! Ajoutez-la \u00e0 votre panier d\u00e8s aujourd&#039;hui !<\/p>\n<p><\/p>\n<p>Yi Pin Qian \u2013 N\u00e9gociant en pierres pr\u00e9cieuses et m\u00e9taux pr\u00e9cieux \u00e0 Singapour \u2013 Num\u00e9ro de licence PS20190000031<\/p>\n<p><\/p>\n<p>*Toutes les jad\u00e9ites achet\u00e9es chez Yi Pin Qian \u00e0 Singapour, les clients peuvent r\u00e9server des cr\u00e9neaux pour le polissage ou une r\u00e9paration mineure en cas de mauvaise manipulation - des frais s&#039;appliquent et uniquement pour les clients de Yi Pin Qian \u00e0 Singapour*<\/p>\n<p><\/p>\n<p><strong>**Types de certificats**<\/strong><\/p>\n<p><\/p>\n<p><strong>NGI (Nan Yang Gemmologie)<\/strong><\/p>\n<p>ou <strong>Certificats \u00e9trangers <\/strong>(Yi Pin Qian utilise uniquement des certificats authentiques provenant de laboratoires \u00e9trangers et contr\u00f4le \u00e9galement la qualit\u00e9 de chacun de nos produits avant de les mettre en vente \u00e0 Singapour)<\/p>\n<p><\/p>\n<p>Chaque produit sur TikTok aura le type de certificat fourni indiqu\u00e9 dans la description. Pour tout client souhaitant envoyer sa commande \u00e0 NGI Singapore, il y aura un d\u00e9lai d&#039;attente pour la livraison de la commande estim\u00e9 \u00e0 environ 4 semaines pour recevoir votre commande. <strong>Les demandes de rapport sur les pierres pr\u00e9cieuses NGI doivent \u00eatre effectu\u00e9es en envoyant un message \u00e0 la boutique TikTok de Yi Pin Qian.<\/strong> Merci, <strong><u>des frais suppl\u00e9mentaires s&#039;appliquent<\/u><\/strong>.<\/p>\n<p><\/p>\n<p><strong>La jad\u00e9ite naturelle n&#039;est pas parfaite, juste un petit rappel : notre jad\u00e9ite naturelle, comme toutes les belles choses de la nature, poss\u00e8de ses caract\u00e9ristiques et ses variations uniques. Nous invitons nos pr\u00e9cieux clients \u00e0 adopter ces variations naturelles. Bon shopping !<\/strong><\/p>\n<p><\/p>\n<p><strong><u>Aucune des photos et des s\u00e9quences vid\u00e9o n&#039;a \u00e9t\u00e9 filtr\u00e9e. Nous encourageons nos clients \u00e0 regarder \u00e9galement les vid\u00e9os d&#039;accompagnement pour une vue plus compl\u00e8te de nos produits<\/u><\/strong><\/p>","protected":false},"excerpt":{"rendered":"<p>Rehaussez votre collection de bijoux avec cette superbe bague S925 orn\u00e9e d&#039;une pierre de jad\u00e9ite naturelle de type A. Le cabochon lavande mesure 15,6 * 12,3 * 5,2 mm et est serti dans un \u00e9l\u00e9gant sertissage S925, pesant 3,23 grammes. Num\u00e9ros de certificat : ZS22111600761 Jad\u00e9ite naturelle de type A : Cette bague est dot\u00e9e d&#039;une pierre de jad\u00e9ite naturelle de type A, connue [\u2026]<\/p>","protected":false},"featured_media":7653,"comment_status":"open","ping_status":"closed","template":"","meta":[],"product_brand":[],"product_cat":[49,149,125],"product_tag":[],"class_list":{"0":"post-1753","1":"product","2":"type-product","3":"status-publish","4":"has-post-thumbnail","6":"product_cat-rings","7":"product_cat-s925-rings","8":"product_cat-s925-settings-jadeites","10":"first","11":"instock","12":"sale","13":"shipping-taxable","14":"purchasable","15":"product-type-simple"},"_links":{"self":[{"href":"https:\/\/shop.yipinqian.com\/fr\/wp-json\/wp\/v2\/product\/1753","targetHints":{"allow":["GET"]}}],"collection":[{"href":"https:\/\/shop.yipinqian.com\/fr\/wp-json\/wp\/v2\/product"}],"about":[{"href":"https:\/\/shop.yipinqian.com\/fr\/wp-json\/wp\/v2\/types\/product"}],"replies":[{"embeddable":true,"href":"https:\/\/shop.yipinqian.com\/fr\/wp-json\/wp\/v2\/comments?post=1753"}],"version-history":[{"count":0,"href":"https:\/\/shop.yipinqian.com\/fr\/wp-json\/wp\/v2\/product\/1753\/revisions"}],"wp:featuredmedia":[{"embeddable":true,"href":"https:\/\/shop.yipinqian.com\/fr\/wp-json\/wp\/v2\/media\/7653"}],"wp:attachment":[{"href":"https:\/\/shop.yipinqian.com\/fr\/wp-json\/wp\/v2\/media?parent=1753"}],"wp:term":[{"taxonomy":"product_brand","embeddable":true,"href":"https:\/\/shop.yipinqian.com\/fr\/wp-json\/wp\/v2\/product_brand?post=1753"},{"taxonomy":"product_cat","embeddable":true,"href":"https:\/\/shop.yipinqian.com\/fr\/wp-json\/wp\/v2\/product_cat?post=1753"},{"taxonomy":"product_tag","embeddable":true,"href":"https:\/\/shop.yipinqian.com\/fr\/wp-json\/wp\/v2\/product_tag?post=1753"}],"curies":[{"name":"wp","href":"https:\/\/api.w.org\/{rel}","templated":true}]}}