{"id":1752,"date":"2024-10-24T23:22:06","date_gmt":"2024-10-24T15:22:06","guid":{"rendered":"https:\/\/shop.yipinqian.com\/product\/round-sculpture-natural-type-a-jadeite-pendant-necklace-crafted-as-goldfish-with-light-green-and-brown-symbols-of-rich-and-auspicious-certificate-included-weigh-27-45-grams-37-3-41-7-11-3-mm-very-uniq\/"},"modified":"2025-02-17T00:04:15","modified_gmt":"2025-02-16T16:04:15","slug":"round-sculpture-natural-type-a-jadeite-pendant-necklace-crafted-as-goldfish-with-light-green-and-brown-symbols-of-rich-and-auspicious-certificate-included-weigh-27-45-grams-37-3-41-7-11-3-mm-very-uniq","status":"publish","type":"product","link":"https:\/\/shop.yipinqian.com\/fr\/produit\/round-sculpture-natural-type-a-jadeite-pendant-necklace-crafted-as-goldfish-with-light-green-and-brown-symbols-of-rich-and-auspicious-certificate-included-weigh-27-45-grams-37-3-41-7-11-3-mm-very-uniq\/","title":{"rendered":"Collier pendentif en jad\u00e9ite naturelle de type A, sculpture ronde, fabriqu\u00e9 en forme de poisson rouge avec du vert clair et du marron, symboles de richesse et de bon augure, certificat inclus, p\u00e8se 27,45 grammes, 37,3 * 41,7 * 11,3 mm, tr\u00e8s unique et rare pour vos collections (pendentif33)"},"content":{"rendered":"<p>Ajoutez une touche d&#039;\u00e9l\u00e9gance \u00e0 votre collection de bijoux avec ce collier pendentif en jad\u00e9ite naturelle de type A \u00e0 sculpture ronde. Le pendentif est con\u00e7u comme un poisson rouge vert clair et marron, qui symbolisent la prosp\u00e9rit\u00e9 et la bonne fortune.<\/p>\n<ul>\n<li>\n<strong>Conception unique :<\/strong> Le pendentif de 37,3 * 41,7 * 11,3 mm p\u00e8se 27,45 grammes, ce qui en fait un ajout rare \u00e0 votre bo\u00eete \u00e0 bijoux.<\/li>\n<li>\n<strong>Qualit\u00e9 sup\u00e9rieure :<\/strong> Ce collier est fabriqu\u00e9 en jad\u00e9ite naturelle de type A du Myanmar, garantissant son authenticit\u00e9.<\/li>\n<li>\n<strong>Certificat inclus :<\/strong> Ce collier est livr\u00e9 avec un certificat d&#039;authenticit\u00e9 afin que vous puissiez \u00eatre s\u00fbr que vous achetez de la v\u00e9ritable jad\u00e9ite.<\/li>\n<\/ul>\n<p><strong>Num\u00e9ros de certificat : GD2204H002647<\/strong><\/p>\n<p><img fetchpriority=\"high\" decoding=\"async\" height=\"1080\" src=\"https:\/\/shop.yipinqian.com\/wp-content\/uploads\/2024\/10\/dc779662ab25948f28e7ba04a7d30db3.jpg?from=476444299\" width=\"1080\"><br \/><img decoding=\"async\" height=\"1080\" src=\"https:\/\/shop.yipinqian.com\/wp-content\/uploads\/2024\/10\/669bf1bbbf41df5f6afa5e6b1191bdc0.jpg?from=476444299\" width=\"1080\"><\/p>\n<p>Le style d\u00e9contract\u00e9 du collier le rend parfait pour un usage quotidien ou pour des occasions sp\u00e9ciales comme les mariages ou les f\u00eates, ce qui en fait un excellent choix de cadeau pour vous-m\u00eame ou vos proches.<\/p>\n<ul>\n<li>\n<strong>Magnifique cadeau :<\/strong>Le design unisexe rend ce pendentif parfait pour tous ceux qui appr\u00e9cient les accessoires uniques et de haute qualit\u00e9 qui compl\u00e8tent leur d\u00e9claration de style.<\/li>\n<\/ul>\n<p>Ajoutez ce superbe collier pendentif en jad\u00e9ite naturelle de type A \u00e0 sculpture ronde \u00e0 votre collection d\u00e8s aujourd&#039;hui\u00a0!<\/p>\n<p>\u00a0<\/p>\n<p>Yi Pin Qian \u2013 N\u00e9gociant en pierres pr\u00e9cieuses et m\u00e9taux pr\u00e9cieux \u00e0 Singapour \u2013 Num\u00e9ro de licence PS20190000031<\/p>\n<p>\u00a0<\/p>\n<p>*Toutes les jad\u00e9ites achet\u00e9es chez Yi Pin Qian \u00e0 Singapour, les clients peuvent r\u00e9server des cr\u00e9neaux pour le polissage ou une r\u00e9paration mineure en cas de mauvaise manipulation - des frais s&#039;appliquent et uniquement pour les clients de Yi Pin Qian \u00e0 Singapour*<\/p>\n<p>\u00a0<\/p>\n<p><strong>**Types de certificats**<\/strong><\/p>\n<p>\u00a0<\/p>\n<p><strong>NGI (Nan Yang Gemmologie)<\/strong><\/p>\n<p>ou <strong>Certificats \u00e9trangers <\/strong>(Yi Pin Qian utilise uniquement des certificats authentiques provenant de laboratoires \u00e9trangers et contr\u00f4le \u00e9galement la qualit\u00e9 de chacun de nos produits avant de les mettre en vente \u00e0 Singapour)<\/p>\n<p>\u00a0<\/p>\n<p>Chaque produit sur TikTok aura le type de certificat fourni indiqu\u00e9 dans la description. Pour tout client souhaitant envoyer sa commande \u00e0 NGI Singapore, il y aura un d\u00e9lai d&#039;attente pour la livraison de la commande estim\u00e9 \u00e0 environ 4 semaines pour recevoir votre commande. <strong>Les demandes de rapport sur les pierres pr\u00e9cieuses NGI doivent \u00eatre effectu\u00e9es en envoyant un message \u00e0 la boutique TikTok de Yi Pin Qian.<\/strong> Merci, <strong><u>des frais suppl\u00e9mentaires s&#039;appliquent<\/u><\/strong>.<\/p>\n<p>\u00a0<\/p>\n<p><strong>La jad\u00e9ite naturelle n&#039;est pas parfaite, juste un petit rappel : notre jad\u00e9ite naturelle, comme toutes les belles choses de la nature, poss\u00e8de ses caract\u00e9ristiques et ses variations uniques. Nous invitons nos pr\u00e9cieux clients \u00e0 adopter ces variations naturelles. Bon shopping !<\/strong><\/p>\n<p>\u00a0<\/p>\n<p><strong><u>Aucune des photos et des s\u00e9quences vid\u00e9o n&#039;a \u00e9t\u00e9 filtr\u00e9e. Nous encourageons nos clients \u00e0 regarder \u00e9galement les vid\u00e9os d&#039;accompagnement pour une vue plus compl\u00e8te de nos produits<\/u><\/strong><\/p>","protected":false},"excerpt":{"rendered":"<p>Add an elegant touch to your jewelry collection with this Round Sculpture Natural Type A Jadeite Pendant Necklace. The pendant is crafted as a goldfish with light green and brown, which symbolize prosperity and good fortune. Unique Design: The 37.3 * 41.7 * 11.3 mm pendant weighs 27.45 grams, making it a rare addition to [&hellip;]<\/p>","protected":false},"featured_media":7645,"comment_status":"open","ping_status":"closed","template":"","meta":[],"product_brand":[],"product_cat":[48],"product_tag":[],"class_list":{"0":"post-1752","1":"product","2":"type-product","3":"status-publish","4":"has-post-thumbnail","6":"product_cat-pendants","8":"first","9":"instock","10":"sale","11":"shipping-taxable","12":"purchasable","13":"product-type-simple"},"_links":{"self":[{"href":"https:\/\/shop.yipinqian.com\/fr\/wp-json\/wp\/v2\/product\/1752","targetHints":{"allow":["GET"]}}],"collection":[{"href":"https:\/\/shop.yipinqian.com\/fr\/wp-json\/wp\/v2\/product"}],"about":[{"href":"https:\/\/shop.yipinqian.com\/fr\/wp-json\/wp\/v2\/types\/product"}],"replies":[{"embeddable":true,"href":"https:\/\/shop.yipinqian.com\/fr\/wp-json\/wp\/v2\/comments?post=1752"}],"version-history":[{"count":0,"href":"https:\/\/shop.yipinqian.com\/fr\/wp-json\/wp\/v2\/product\/1752\/revisions"}],"wp:featuredmedia":[{"embeddable":true,"href":"https:\/\/shop.yipinqian.com\/fr\/wp-json\/wp\/v2\/media\/7645"}],"wp:attachment":[{"href":"https:\/\/shop.yipinqian.com\/fr\/wp-json\/wp\/v2\/media?parent=1752"}],"wp:term":[{"taxonomy":"product_brand","embeddable":true,"href":"https:\/\/shop.yipinqian.com\/fr\/wp-json\/wp\/v2\/product_brand?post=1752"},{"taxonomy":"product_cat","embeddable":true,"href":"https:\/\/shop.yipinqian.com\/fr\/wp-json\/wp\/v2\/product_cat?post=1752"},{"taxonomy":"product_tag","embeddable":true,"href":"https:\/\/shop.yipinqian.com\/fr\/wp-json\/wp\/v2\/product_tag?post=1752"}],"curies":[{"name":"wp","href":"https:\/\/api.w.org\/{rel}","templated":true}]}}