{"id":1750,"date":"2024-10-24T23:22:05","date_gmt":"2024-10-24T15:22:05","guid":{"rendered":"https:\/\/shop.yipinqian.com\/product\/redish-yellow-very-rare-natural-type-a-jadeite-jade-crafted-with-the-three-legs-toad-as-pendant-certificate-weighs-49-67-grams-measurement-51-32-8-24-3-mm-pendant258\/"},"modified":"2025-02-24T01:17:27","modified_gmt":"2025-02-23T17:17:27","slug":"redish-yellow-very-rare-natural-type-a-jadeite-jade-crafted-with-the-three-legs-toad-as-pendant-certificate-weighs-49-67-grams-measurement-51-32-8-24-3-mm-pendant258","status":"publish","type":"product","link":"https:\/\/shop.yipinqian.com\/fr\/produit\/redish-yellow-very-rare-natural-type-a-jadeite-jade-crafted-with-the-three-legs-toad-as-pendant-certificate-weighs-49-67-grams-measurement-51-32-8-24-3-mm-pendant258\/","title":{"rendered":"Jade jad\u00e9ite naturelle de type A tr\u00e8s rare de couleur jaune rouge\u00e2tre fabriqu\u00e9 avec le crapaud \u00e0 trois pattes comme pendentif, le certificat p\u00e8se 49,67 grammes, mesure 51 * 32,8 * 24,3 mm (pendentif258)"},"content":{"rendered":"<p><span><\/span><\/p>\n<p><span>Ce pendentif en jade jad\u00e9ite naturelle de type A tr\u00e8s rare de couleur jaune rouge\u00e2tre pr\u00e9sente le motif propice du crapaud \u00e0 trois pattes, ce qui en fait un bijou unique et accrocheur.<\/span><\/p>\n<p><span><\/span><\/p>\n<p><span>Num\u00e9ros de certificat : GD2112H017950<\/span><\/p>\n<p><span><\/span><\/p>\n<p><img fetchpriority=\"high\" decoding=\"async\" height=\"1080\" src=\"https:\/\/shop.yipinqian.com\/wp-content\/uploads\/2024\/10\/cb27c00b67ec25411ec877743e9fd08d.jpg?from=476444299\" width=\"1080\"><\/p>\n<ul>\n<li>Pesant 49,67 grammes, ce pendentif a une mesure distinctive de 51 * 32,8 * 24,3 mm.<\/li>\n<li>Fabriqu\u00e9 avec des d\u00e9tails exquis, cet accessoire de collier est un ajout unique \u00e0 votre collection.<\/li>\n<li>Le jade utilis\u00e9 dans cette pi\u00e8ce est de qualit\u00e9 de type A et provient du Myanmar, connu pour sa belle jad\u00e9ite.<\/li>\n<\/ul>\n<p><span>Parfait pour les hommes et les femmes, le style de collier d\u00e9contract\u00e9 permet un port polyvalent en toute occasion.<\/span><\/p>\n<p><span><\/span><\/p>\n<p><span>Yi Pin Qian \u2013 N\u00e9gociant en pierres pr\u00e9cieuses et m\u00e9taux pr\u00e9cieux \u00e0 Singapour \u2013 Num\u00e9ro de licence PS20190000031<\/span><\/p>\n<p><span><\/span><\/p>\n<p><span>*Toutes les jad\u00e9ites achet\u00e9es chez Yi Pin Qian \u00e0 Singapour, les clients peuvent r\u00e9server des cr\u00e9neaux pour le polissage ou une r\u00e9paration mineure en cas de mauvaise manipulation - des frais s&#039;appliquent et uniquement pour les clients de Yi Pin Qian \u00e0 Singapour*<\/span><\/p>\n<p><span><\/span><\/p>\n<p><span><strong>**Types de certificats**<\/strong><\/span><\/p>\n<p><span><\/span><\/p>\n<p><span><strong>NGI (Nan Yang Gemmologie)<\/strong><\/span><\/p>\n<p><span>ou <strong>Certificats \u00e9trangers <\/strong>(Yi Pin Qian utilise uniquement des certificats authentiques provenant de laboratoires \u00e9trangers et contr\u00f4le \u00e9galement la qualit\u00e9 de chacun de nos produits avant de les mettre en vente \u00e0 Singapour)<\/span><\/p>\n<p><span><\/span><\/p>\n<p><span>Chaque produit sur TikTok aura le type de certificat fourni indiqu\u00e9 dans la description. Pour tout client souhaitant envoyer sa commande \u00e0 NGI Singapore, il y aura un d\u00e9lai d&#039;attente pour la livraison de la commande estim\u00e9 \u00e0 environ 4 semaines pour recevoir votre commande. <strong>Les demandes de rapport sur les pierres pr\u00e9cieuses NGI doivent \u00eatre effectu\u00e9es en envoyant un message \u00e0 la boutique TikTok de Yi Pin Qian.<\/strong> Merci, <strong><u>des frais suppl\u00e9mentaires s&#039;appliquent<\/u><\/strong>.<\/span><\/p>\n<p><span><\/span><\/p>\n<p><span><strong>La jad\u00e9ite naturelle n&#039;est pas parfaite, juste un petit rappel : notre jad\u00e9ite naturelle, comme toutes les belles choses de la nature, poss\u00e8de ses caract\u00e9ristiques et ses variations uniques. Nous invitons nos pr\u00e9cieux clients \u00e0 adopter ces variations naturelles. Bon shopping !<\/strong><\/span><\/p>\n<p><span><\/span><\/p>\n<p><span><strong><u>Aucune des photos et des s\u00e9quences vid\u00e9o n&#039;a \u00e9t\u00e9 filtr\u00e9e. Nous encourageons nos clients \u00e0 regarder \u00e9galement les vid\u00e9os d&#039;accompagnement pour une vue plus compl\u00e8te de nos produits<\/u><\/strong><\/span><\/p>\n<p><span><\/span><\/p>\n<p><span><\/span><\/p>","protected":false},"excerpt":{"rendered":"<p>This Redish Yellow Very Rare Natural Type A Jadeite Jade pendant features the auspicious Three Legs Toad design, making it a unique and eye-catching piece of jewelry. Certificate numbers: GD2112H017950 Weighing 49.67 grams, this pendant has a distinctive measurement of 51 * 32.8 * 24.3 mm. Crafted with exquisite detail, this necklace accessory is a [&hellip;]<\/p>","protected":false},"featured_media":7623,"comment_status":"open","ping_status":"closed","template":"","meta":[],"product_brand":[],"product_cat":[195],"product_tag":[],"class_list":{"0":"post-1750","1":"product","2":"type-product","3":"status-publish","4":"has-post-thumbnail","6":"product_cat-heirloom-grade","8":"first","9":"instock","10":"sale","11":"shipping-taxable","12":"purchasable","13":"product-type-simple"},"_links":{"self":[{"href":"https:\/\/shop.yipinqian.com\/fr\/wp-json\/wp\/v2\/product\/1750","targetHints":{"allow":["GET"]}}],"collection":[{"href":"https:\/\/shop.yipinqian.com\/fr\/wp-json\/wp\/v2\/product"}],"about":[{"href":"https:\/\/shop.yipinqian.com\/fr\/wp-json\/wp\/v2\/types\/product"}],"replies":[{"embeddable":true,"href":"https:\/\/shop.yipinqian.com\/fr\/wp-json\/wp\/v2\/comments?post=1750"}],"version-history":[{"count":0,"href":"https:\/\/shop.yipinqian.com\/fr\/wp-json\/wp\/v2\/product\/1750\/revisions"}],"wp:featuredmedia":[{"embeddable":true,"href":"https:\/\/shop.yipinqian.com\/fr\/wp-json\/wp\/v2\/media\/7623"}],"wp:attachment":[{"href":"https:\/\/shop.yipinqian.com\/fr\/wp-json\/wp\/v2\/media?parent=1750"}],"wp:term":[{"taxonomy":"product_brand","embeddable":true,"href":"https:\/\/shop.yipinqian.com\/fr\/wp-json\/wp\/v2\/product_brand?post=1750"},{"taxonomy":"product_cat","embeddable":true,"href":"https:\/\/shop.yipinqian.com\/fr\/wp-json\/wp\/v2\/product_cat?post=1750"},{"taxonomy":"product_tag","embeddable":true,"href":"https:\/\/shop.yipinqian.com\/fr\/wp-json\/wp\/v2\/product_tag?post=1750"}],"curies":[{"name":"wp","href":"https:\/\/api.w.org\/{rel}","templated":true}]}}