{"id":1748,"date":"2024-10-24T23:22:03","date_gmt":"2024-10-24T15:22:03","guid":{"rendered":"https:\/\/shop.yipinqian.com\/product\/reddish-yellow-and-green-natural-type-a-jadeite-jade-pendant-necklace-crafted-with-dragon-and-ruyi-with-certificate-weigh-40-57-grams-measurement-53-6-34-8-15-mm-symbols-of-good-luck-happiness-and-hea\/"},"modified":"2025-02-17T00:04:15","modified_gmt":"2025-02-16T16:04:15","slug":"reddish-yellow-and-green-natural-type-a-jadeite-jade-pendant-necklace-crafted-with-dragon-and-ruyi-with-certificate-weigh-40-57-grams-measurement-53-6-34-8-15-mm-symbols-of-good-luck-happiness-and-hea","status":"publish","type":"product","link":"https:\/\/shop.yipinqian.com\/fr\/produit\/reddish-yellow-and-green-natural-type-a-jadeite-jade-pendant-necklace-crafted-with-dragon-and-ruyi-with-certificate-weigh-40-57-grams-measurement-53-6-34-8-15-mm-symbols-of-good-luck-happiness-and-hea\/","title":{"rendered":"Collier pendentif en jade jad\u00e9ite naturelle de type A rouge\u00e2tre, jaune et vert fabriqu\u00e9 avec Dragon et Ruyi avec certificat p\u00e8se 40,57 grammes, mesure 53,6 * 34,8 * 15 mm, symboles de bonne chance, de bonheur et de sant\u00e9 (pendentif189)"},"content":{"rendered":"<p>Rehaussez votre style avec ce superbe collier pendentif en jade jad\u00e9ite naturelle de type A rouge\u00e2tre, jaune et vert. Il est con\u00e7u avec un dragon et un ruyi, symboles de chance, de bonheur et de sant\u00e9.<\/p>\n<p>\u00a0<\/p>\n<p><strong>Num\u00e9ros de certificat : ZSJ12205051932<\/strong><\/p>\n<p><img fetchpriority=\"high\" decoding=\"async\" height=\"1080\" src=\"https:\/\/shop.yipinqian.com\/wp-content\/uploads\/2024\/10\/58eff7b60898d4bdab504a23a32975f7.jpg?from=476444299\" width=\"1080\"><\/p>\n<ul>\n<li>Authenticit\u00e9 garantie : Ce collier est accompagn\u00e9 d&#039;un certificat d&#039;authenticit\u00e9.<\/li>\n<li>Conception unisexe : parfait pour les hommes et les femmes.<\/li>\n<li>Collier \u00e9l\u00e9gant parfait pour toutes les occasions.<\/li>\n<\/ul>\n<p>Ce magnifique collier pendentif p\u00e8se 40,57 grammes et mesure 53,6 * 34,8 * 15 mm \u2013 la taille parfaite pour faire une d\u00e9claration sans \u00eatre trop lourd ou \u00e9crasant.<\/p>\n<ul>\n<li>Fabriqu\u00e9 \u00e0 partir de jad\u00e9ite de haute qualit\u00e9, connue pour ses couleurs \u00e9tonnantes qui durent \u00e9ternellement<\/li>\n<li>Le pays d&#039;origine est le Myanmar, ce qui vous garantit de recevoir du jade authentique de cette r\u00e9gion v\u00e9n\u00e9r\u00e9e depuis des si\u00e8cles<\/li>\n<li>Aucune garantie n&#039;est fournie, mais soyez assur\u00e9 que la qualit\u00e9 de fabrication garantit une usure durable.<\/li>\n<\/ul>\n<p>Portez-le pour ajouter une touche \u00e9l\u00e9gante \u00e0 n&#039;importe quelle tenue tout en vous portant chance !<\/p>\n<p>\u00a0<\/p>\n<p>Yi Pin Qian \u2013 N\u00e9gociant en pierres pr\u00e9cieuses et m\u00e9taux pr\u00e9cieux \u00e0 Singapour \u2013 Num\u00e9ro de licence PS20190000031<\/p>\n<p>\u00a0<\/p>\n<p>*Toutes les jad\u00e9ites achet\u00e9es chez Yi Pin Qian \u00e0 Singapour, les clients peuvent r\u00e9server des cr\u00e9neaux pour le polissage ou une r\u00e9paration mineure en cas de mauvaise manipulation - des frais s&#039;appliquent et uniquement pour les clients de Yi Pin Qian \u00e0 Singapour*<\/p>\n<p>\u00a0<\/p>\n<p><strong>**Types de certificats**<\/strong><\/p>\n<p>\u00a0<\/p>\n<p><strong>NGI (Nan Yang Gemmologie)<\/strong><\/p>\n<p>ou <strong>Certificats \u00e9trangers <\/strong>(Yi Pin Qian utilise uniquement des certificats authentiques provenant de laboratoires \u00e9trangers et contr\u00f4le \u00e9galement la qualit\u00e9 de chacun de nos produits avant de les mettre en vente \u00e0 Singapour)<\/p>\n<p>\u00a0<\/p>\n<p>Chaque produit sur TikTok aura le type de certificat fourni indiqu\u00e9 dans la description. Pour tout client souhaitant envoyer sa commande \u00e0 NGI Singapore, il y aura un d\u00e9lai d&#039;attente pour la livraison de la commande estim\u00e9 \u00e0 environ 4 semaines pour recevoir votre commande. <strong>Les demandes de rapport sur les pierres pr\u00e9cieuses NGI doivent \u00eatre effectu\u00e9es en envoyant un message \u00e0 la boutique TikTok de Yi Pin Qian.<\/strong> Merci, <strong><u>des frais suppl\u00e9mentaires s&#039;appliquent<\/u><\/strong>.<\/p>\n<p>\u00a0<\/p>\n<p><strong>La jad\u00e9ite naturelle n&#039;est pas parfaite, juste un petit rappel : notre jad\u00e9ite naturelle, comme toutes les belles choses de la nature, poss\u00e8de ses caract\u00e9ristiques et ses variations uniques. Nous invitons nos pr\u00e9cieux clients \u00e0 adopter ces variations naturelles. Bon shopping !<\/strong><\/p>\n<p>\u00a0<\/p>\n<p><strong><u>Aucune des photos et des s\u00e9quences vid\u00e9o n&#039;a \u00e9t\u00e9 filtr\u00e9e. Nous encourageons nos clients \u00e0 regarder \u00e9galement les vid\u00e9os d&#039;accompagnement pour une vue plus compl\u00e8te de nos produits<\/u><\/strong><\/p>","protected":false},"excerpt":{"rendered":"<p>Elevate your style with this stunning Reddish, Yellow and Green Natural Type A Jadeite Jade Pendant Necklace. It is crafted with a dragon and ruyi, symbols of good luck, happiness, and health. \u00a0 Certificate numbers: ZSJ12205051932 Authenticity guaranteed: This necklace comes with a certificate of authenticity. Unisex design: Perfect for both men and women. Elegant [&hellip;]<\/p>","protected":false},"featured_media":7613,"comment_status":"open","ping_status":"closed","template":"","meta":[],"product_brand":[],"product_cat":[48],"product_tag":[],"class_list":{"0":"post-1748","1":"product","2":"type-product","3":"status-publish","4":"has-post-thumbnail","6":"product_cat-pendants","8":"first","9":"instock","10":"sale","11":"shipping-taxable","12":"purchasable","13":"product-type-simple"},"_links":{"self":[{"href":"https:\/\/shop.yipinqian.com\/fr\/wp-json\/wp\/v2\/product\/1748","targetHints":{"allow":["GET"]}}],"collection":[{"href":"https:\/\/shop.yipinqian.com\/fr\/wp-json\/wp\/v2\/product"}],"about":[{"href":"https:\/\/shop.yipinqian.com\/fr\/wp-json\/wp\/v2\/types\/product"}],"replies":[{"embeddable":true,"href":"https:\/\/shop.yipinqian.com\/fr\/wp-json\/wp\/v2\/comments?post=1748"}],"version-history":[{"count":0,"href":"https:\/\/shop.yipinqian.com\/fr\/wp-json\/wp\/v2\/product\/1748\/revisions"}],"wp:featuredmedia":[{"embeddable":true,"href":"https:\/\/shop.yipinqian.com\/fr\/wp-json\/wp\/v2\/media\/7613"}],"wp:attachment":[{"href":"https:\/\/shop.yipinqian.com\/fr\/wp-json\/wp\/v2\/media?parent=1748"}],"wp:term":[{"taxonomy":"product_brand","embeddable":true,"href":"https:\/\/shop.yipinqian.com\/fr\/wp-json\/wp\/v2\/product_brand?post=1748"},{"taxonomy":"product_cat","embeddable":true,"href":"https:\/\/shop.yipinqian.com\/fr\/wp-json\/wp\/v2\/product_cat?post=1748"},{"taxonomy":"product_tag","embeddable":true,"href":"https:\/\/shop.yipinqian.com\/fr\/wp-json\/wp\/v2\/product_tag?post=1748"}],"curies":[{"name":"wp","href":"https:\/\/api.w.org\/{rel}","templated":true}]}}