{"id":1746,"date":"2024-10-24T23:22:02","date_gmt":"2024-10-24T15:22:02","guid":{"rendered":"https:\/\/shop.yipinqian.com\/product\/rare-yellow-natural-type-a-jadeite-jade-crafted-with-dragon-playing-with-pearls-as-pendant-certificate-weigh-6-33-grams-measurement-32-21-6-5-mm-pendant217\/"},"modified":"2025-02-24T00:49:52","modified_gmt":"2025-02-23T16:49:52","slug":"rare-yellow-natural-type-a-jadeite-jade-crafted-with-dragon-playing-with-pearls-as-pendant-certificate-weigh-6-33-grams-measurement-32-21-6-5-mm-pendant217","status":"publish","type":"product","link":"https:\/\/shop.yipinqian.com\/fr\/produit\/rare-yellow-natural-type-a-jadeite-jade-crafted-with-dragon-playing-with-pearls-as-pendant-certificate-weigh-6-33-grams-measurement-32-21-6-5-mm-pendant217\/","title":{"rendered":"Jade jad\u00e9ite naturelle jaune rare de type A fabriqu\u00e9 avec un dragon jouant avec des perles comme pendentif, certificat pesant 6,33 grammes, mesure 32 * 21 * 6,5 mm (pendentif217)"},"content":{"rendered":"<p>Ce pendentif en jade jad\u00e9ite de type A naturel jaune rare, con\u00e7u avec un dragon jouant avec des perles, ne manquera pas d&#039;attirer l&#039;attention de tous. Il est livr\u00e9 avec un certificat et p\u00e8se 6,33 grammes et mesure 32 * 21 * 6,5 mm (pendentif217).<\/p>\n<p><\/p>\n<p>Num\u00e9ros de certificat : GD2110H004313<\/p>\n<ul>\n<li>\n<strong>Conception unique :<\/strong> Le motif du dragon jouant avec des perles est finement travaill\u00e9 et repr\u00e9sente la bonne fortune dans la culture chinoise.<\/li>\n<li>\n<strong>Certificat:<\/strong> Ce pendentif est accompagn\u00e9 d&#039;un certificat garantissant l&#039;authenticit\u00e9 du rare jade jad\u00e9ite naturel de type A jaune utilis\u00e9.<\/li>\n<li>\n<strong>Durable:<\/strong> Fabriqu\u00e9 \u00e0 partir de mat\u00e9riaux de haute qualit\u00e9, ce pendentif est con\u00e7u pour durer.<\/li>\n<\/ul>\n<p>Ce collier unisexe a \u00e9t\u00e9 con\u00e7u pour \u00eatre port\u00e9 au quotidien et serait le compl\u00e9ment parfait \u00e0 toute tenue d\u00e9contract\u00e9e. Le rare jade jad\u00e9ite jaune naturel de type A utilis\u00e9 dans cette pi\u00e8ce provient du Myanmar, ce qui la rend vraiment unique.<\/p>\n<ul>\n<li>\n<strong>Type de jade :<\/strong> Ce produit utilise du jade jad\u00e9ite naturel de type A de haute qualit\u00e9<\/li>\n<li>\n<strong>Occasion: <\/strong>L&#039;accessoire parfait \u00e0 porter au quotidien<\/li>\n<li>.<\/li>\n<\/ul>\n<p>Veuillez noter que ce produit n&#039;est accompagn\u00e9 d&#039;aucune garantie, mais sa qualit\u00e9 parle d&#039;elle-m\u00eame !<\/p>\n<p>.<\/p>\n<p>Yi Pin Qian \u2013 N\u00e9gociant en pierres pr\u00e9cieuses et m\u00e9taux pr\u00e9cieux \u00e0 Singapour \u2013 Num\u00e9ro de licence PS20190000031<\/p>\n<p><\/p>\n<p>*Toutes les jad\u00e9ites achet\u00e9es chez Yi Pin Qian \u00e0 Singapour, les clients peuvent r\u00e9server des cr\u00e9neaux pour le polissage ou une r\u00e9paration mineure en cas de mauvaise manipulation - des frais s&#039;appliquent et uniquement pour les clients de Yi Pin Qian \u00e0 Singapour*<\/p>\n<p><\/p>\n<p><strong>**Types de certificats**<\/strong><\/p>\n<p><\/p>\n<p><strong>NGI (Nan Yang Gemmologie)<\/strong><\/p>\n<p>ou <strong>Certificats \u00e9trangers <\/strong>(Yi Pin Qian utilise uniquement des certificats authentiques provenant de laboratoires \u00e9trangers et contr\u00f4le \u00e9galement la qualit\u00e9 de chacun de nos produits avant de les mettre en vente \u00e0 Singapour)<\/p>\n<p><\/p>\n<p>Chaque produit sur TikTok aura le type de certificat fourni indiqu\u00e9 dans la description. Pour tout client souhaitant envoyer sa commande \u00e0 NGI Singapore, il y aura un d\u00e9lai d&#039;attente pour la livraison de la commande estim\u00e9 \u00e0 environ 4 semaines pour recevoir votre commande. <strong>Les demandes de rapport sur les pierres pr\u00e9cieuses NGI doivent \u00eatre effectu\u00e9es en envoyant un message \u00e0 la boutique TikTok de Yi Pin Qian.<\/strong> Merci, <strong><u>des frais suppl\u00e9mentaires s&#039;appliquent<\/u><\/strong>.<\/p>\n<p><\/p>\n<p><strong>La jad\u00e9ite naturelle n&#039;est pas parfaite, juste un petit rappel : notre jad\u00e9ite naturelle, comme toutes les belles choses de la nature, poss\u00e8de ses caract\u00e9ristiques et ses variations uniques. Nous invitons nos pr\u00e9cieux clients \u00e0 adopter ces variations naturelles. Bon shopping !<\/strong><\/p>\n<p><\/p>\n<p><strong><u>Aucune des photos et des s\u00e9quences vid\u00e9o n&#039;a \u00e9t\u00e9 filtr\u00e9e. Nous encourageons nos clients \u00e0 regarder \u00e9galement les vid\u00e9os d&#039;accompagnement pour une vue plus compl\u00e8te de nos produits<\/u><\/strong><\/p>","protected":false},"excerpt":{"rendered":"<p>This Rare Yellow Natural Type A Jadeite Jade pendant, crafted with a Dragon playing with Pearls, is sure to catch anyone&#8217;s eye. It comes with a certificate and weighs 6.33 grams and measures 32 * 21 * 6.5 mm (pendant217). Certificate numbers: GD2110H004313 Unique Design: The Dragon playing with Pearls design is intricately crafted and [&hellip;]<\/p>","protected":false},"featured_media":7589,"comment_status":"open","ping_status":"closed","template":"","meta":[],"product_brand":[],"product_cat":[194],"product_tag":[],"class_list":{"0":"post-1746","1":"product","2":"type-product","3":"status-publish","4":"has-post-thumbnail","6":"product_cat-value-picks","8":"first","9":"instock","10":"sale","11":"shipping-taxable","12":"purchasable","13":"product-type-simple"},"_links":{"self":[{"href":"https:\/\/shop.yipinqian.com\/fr\/wp-json\/wp\/v2\/product\/1746","targetHints":{"allow":["GET"]}}],"collection":[{"href":"https:\/\/shop.yipinqian.com\/fr\/wp-json\/wp\/v2\/product"}],"about":[{"href":"https:\/\/shop.yipinqian.com\/fr\/wp-json\/wp\/v2\/types\/product"}],"replies":[{"embeddable":true,"href":"https:\/\/shop.yipinqian.com\/fr\/wp-json\/wp\/v2\/comments?post=1746"}],"version-history":[{"count":0,"href":"https:\/\/shop.yipinqian.com\/fr\/wp-json\/wp\/v2\/product\/1746\/revisions"}],"wp:featuredmedia":[{"embeddable":true,"href":"https:\/\/shop.yipinqian.com\/fr\/wp-json\/wp\/v2\/media\/7589"}],"wp:attachment":[{"href":"https:\/\/shop.yipinqian.com\/fr\/wp-json\/wp\/v2\/media?parent=1746"}],"wp:term":[{"taxonomy":"product_brand","embeddable":true,"href":"https:\/\/shop.yipinqian.com\/fr\/wp-json\/wp\/v2\/product_brand?post=1746"},{"taxonomy":"product_cat","embeddable":true,"href":"https:\/\/shop.yipinqian.com\/fr\/wp-json\/wp\/v2\/product_cat?post=1746"},{"taxonomy":"product_tag","embeddable":true,"href":"https:\/\/shop.yipinqian.com\/fr\/wp-json\/wp\/v2\/product_tag?post=1746"}],"curies":[{"name":"wp","href":"https:\/\/api.w.org\/{rel}","templated":true}]}}