{"id":1742,"date":"2024-10-24T23:21:59","date_gmt":"2024-10-24T15:21:59","guid":{"rendered":"https:\/\/shop.yipinqian.com\/product\/rare-quality-yellow-with-reddish-brown-and-green-natural-type-a-jadeite-jade-crafted-with-sceneries-as-pendant-certificate-weigh-11-38-grams-measurement-45-6-24-3-5-2-mm-pendant216\/"},"modified":"2025-02-17T00:04:15","modified_gmt":"2025-02-16T16:04:15","slug":"rare-quality-yellow-with-reddish-brown-and-green-natural-type-a-jadeite-jade-crafted-with-sceneries-as-pendant-certificate-weigh-11-38-grams-measurement-45-6-24-3-5-2-mm-pendant216","status":"publish","type":"product","link":"https:\/\/shop.yipinqian.com\/fr\/produit\/rare-quality-yellow-with-reddish-brown-and-green-natural-type-a-jadeite-jade-crafted-with-sceneries-as-pendant-certificate-weigh-11-38-grams-measurement-45-6-24-3-5-2-mm-pendant216\/","title":{"rendered":"Rare quality Yellow with reddish brown and green Natural Type A Jadeite Jade crafted with sceneries as pendant, certificate weigh 11.38 grams, measurement 45.6 * 24.3 * 5.2 mm (pendant216)"},"content":{"rendered":"<p>This stunning pendant is a rare find for any jewelry lover. The natural Type A jadeite jade boasts beautiful yellow, reddish brown, and green hues that have been expertly crafted into sceneries.<\/p>\n<p><\/p>\n<p>Certificate numbers: GD2110H005025<\/p>\n<ul>\n<li>\n<strong>Poids:<\/strong> 11.38 grams<\/li>\n<li>\n<strong>Mesures:<\/strong> 45.6 * 24.3 * 5.2 mm (pendant216)<\/li>\n<li>\n<strong>Type de jade :<\/strong> Jad\u00e9ite<\/li>\n<li>\n<strong>Certificat:<\/strong> Oui<\/li>\n<\/ul>\n<p>Sourced from Myanmar, the pendant showcases the quality craftsmanship of the region&#8217;s artisans.<\/p>\n<ul>\n<li>\n<strong>Gendre :<\/strong>: Unisex<\/li>\n<li>,<\/li>\n<li>The necklace style is casual and perfect for daily wear.<\/li>\n<li>,<\/li>\n<li>The product does not come with a warranty,<\/li>\n<li>,<\/li>\n<li>This timeless piece will make a great addition to any jewelry collection.<\/li>\n<li>.<\/li>\n<\/ul>\n<p>Elevate your look with this rare quality yellow with reddish brown and green natural Type A Jadeite Jade crafted as scenic pendant today!<\/p>\n<p><\/p>\n<p>Yi Pin Qian \u2013 N\u00e9gociant en pierres pr\u00e9cieuses et m\u00e9taux pr\u00e9cieux \u00e0 Singapour \u2013 Num\u00e9ro de licence PS20190000031<\/p>\n<p><\/p>\n<p>*Toutes les jad\u00e9ites achet\u00e9es chez Yi Pin Qian \u00e0 Singapour, les clients peuvent r\u00e9server des cr\u00e9neaux pour le polissage ou une r\u00e9paration mineure en cas de mauvaise manipulation - des frais s&#039;appliquent et uniquement pour les clients de Yi Pin Qian \u00e0 Singapour*<\/p>\n<p><\/p>\n<p><strong>**Types de certificats**<\/strong><\/p>\n<p><\/p>\n<p><strong>NGI (Nan Yang Gemmologie)<\/strong><\/p>\n<p>ou <strong>Certificats \u00e9trangers <\/strong>(Yi Pin Qian utilise uniquement des certificats authentiques provenant de laboratoires \u00e9trangers et contr\u00f4le \u00e9galement la qualit\u00e9 de chacun de nos produits avant de les mettre en vente \u00e0 Singapour)<\/p>\n<p><\/p>\n<p>Chaque produit sur TikTok aura le type de certificat fourni indiqu\u00e9 dans la description. Pour tout client souhaitant envoyer sa commande \u00e0 NGI Singapore, il y aura un d\u00e9lai d&#039;attente pour la livraison de la commande estim\u00e9 \u00e0 environ 4 semaines pour recevoir votre commande. <strong>Les demandes de rapport sur les pierres pr\u00e9cieuses NGI doivent \u00eatre effectu\u00e9es en envoyant un message \u00e0 la boutique TikTok de Yi Pin Qian.<\/strong> Merci, <strong><u>des frais suppl\u00e9mentaires s&#039;appliquent<\/u><\/strong>.<\/p>\n<p><\/p>\n<p><strong>La jad\u00e9ite naturelle n&#039;est pas parfaite, juste un petit rappel : notre jad\u00e9ite naturelle, comme toutes les belles choses de la nature, poss\u00e8de ses caract\u00e9ristiques et ses variations uniques. Nous invitons nos pr\u00e9cieux clients \u00e0 adopter ces variations naturelles. Bon shopping !<\/strong><\/p>\n<p><\/p>\n<p><strong><u>Aucune des photos et des s\u00e9quences vid\u00e9o n&#039;a \u00e9t\u00e9 filtr\u00e9e. Nous encourageons nos clients \u00e0 regarder \u00e9galement les vid\u00e9os d&#039;accompagnement pour une vue plus compl\u00e8te de nos produits<\/u><\/strong><\/p>","protected":false},"excerpt":{"rendered":"<p>Ce superbe pendentif est une trouvaille rare pour tout amateur de bijoux. Le jade jad\u00e9ite naturel de type A pr\u00e9sente de belles teintes jaunes, brun rouge\u00e2tre et vertes qui ont \u00e9t\u00e9 savamment travaill\u00e9es pour cr\u00e9er des paysages. Num\u00e9ros de certificat : GD2110H005025 Poids : 11,38 grammes Dimensions : 45,6 * 24,3 * 5,2 mm (pendentif216) Type de jade : jad\u00e9ite Certificat : Oui Provenant du Myanmar, le [\u2026]<\/p>","protected":false},"featured_media":7563,"comment_status":"open","ping_status":"closed","template":"","meta":[],"product_brand":[],"product_cat":[48],"product_tag":[],"class_list":{"0":"post-1742","1":"product","2":"type-product","3":"status-publish","4":"has-post-thumbnail","6":"product_cat-pendants","8":"first","9":"instock","10":"sale","11":"shipping-taxable","12":"purchasable","13":"product-type-simple"},"_links":{"self":[{"href":"https:\/\/shop.yipinqian.com\/fr\/wp-json\/wp\/v2\/product\/1742","targetHints":{"allow":["GET"]}}],"collection":[{"href":"https:\/\/shop.yipinqian.com\/fr\/wp-json\/wp\/v2\/product"}],"about":[{"href":"https:\/\/shop.yipinqian.com\/fr\/wp-json\/wp\/v2\/types\/product"}],"replies":[{"embeddable":true,"href":"https:\/\/shop.yipinqian.com\/fr\/wp-json\/wp\/v2\/comments?post=1742"}],"version-history":[{"count":0,"href":"https:\/\/shop.yipinqian.com\/fr\/wp-json\/wp\/v2\/product\/1742\/revisions"}],"wp:featuredmedia":[{"embeddable":true,"href":"https:\/\/shop.yipinqian.com\/fr\/wp-json\/wp\/v2\/media\/7563"}],"wp:attachment":[{"href":"https:\/\/shop.yipinqian.com\/fr\/wp-json\/wp\/v2\/media?parent=1742"}],"wp:term":[{"taxonomy":"product_brand","embeddable":true,"href":"https:\/\/shop.yipinqian.com\/fr\/wp-json\/wp\/v2\/product_brand?post=1742"},{"taxonomy":"product_cat","embeddable":true,"href":"https:\/\/shop.yipinqian.com\/fr\/wp-json\/wp\/v2\/product_cat?post=1742"},{"taxonomy":"product_tag","embeddable":true,"href":"https:\/\/shop.yipinqian.com\/fr\/wp-json\/wp\/v2\/product_tag?post=1742"}],"curies":[{"name":"wp","href":"https:\/\/api.w.org\/{rel}","templated":true}]}}