{"id":1741,"date":"2024-10-24T23:21:59","date_gmt":"2024-10-24T15:21:59","guid":{"rendered":"https:\/\/shop.yipinqian.com\/product\/rare-quality-yellow-and-green-natural-type-a-jadeite-jade-beautifully-crafted-with-frog-and-lotus-old-school-hollow-style-certificate-weigh-27-08-grams-measurement-41-6-48-11-mm-pendant209\/"},"modified":"2025-02-24T01:17:27","modified_gmt":"2025-02-23T17:17:27","slug":"rare-quality-yellow-and-green-natural-type-a-jadeite-jade-beautifully-crafted-with-frog-and-lotus-old-school-hollow-style-certificate-weigh-27-08-grams-measurement-41-6-48-11-mm-pendant209","status":"publish","type":"product","link":"https:\/\/shop.yipinqian.com\/fr\/produit\/rare-quality-yellow-and-green-natural-type-a-jadeite-jade-beautifully-crafted-with-frog-and-lotus-old-school-hollow-style-certificate-weigh-27-08-grams-measurement-41-6-48-11-mm-pendant209\/","title":{"rendered":"Rare Quality Yellow and Green Natural Type A Jadeite Jade beautifully crafted with frog and lotus old school hollow style, certificate weigh 27.08 grams, measurement 41.6 * 48 * 11 mm (pendant209)"},"content":{"rendered":"<p>This Rare Quality Yellow and Green Natural Type A Jadeite Jade pendant is a stunning piece of jewelry that is beautifully crafted with a frog and lotus old school hollow style. The pendant comes with a certificate of authenticity, weighs 27.08 grams, and measures 41.6 * 48 * 11 mm (pendant209).<\/p>\n<p>\u00a0<\/p>\n<p><strong>Certificate numbers: 920660024547<\/strong><\/p>\n<p><img fetchpriority=\"high\" decoding=\"async\" height=\"1080\" src=\"https:\/\/shop.yipinqian.com\/wp-content\/uploads\/2024\/10\/2ca55d6b867e3a89ee705bd95bc20363.jpg?from=476444299\" width=\"1080\"><\/p>\n<ul>\n<li>\n<strong>Conception unique :<\/strong> The frog and lotus design in old school hollow style make this pendant stand out from other pieces.<\/li>\n<li>\n<strong>Jad\u00e9ite naturelle :<\/strong> Made from natural Type A jadeite jade, this necklace is not only beautiful but also rare.<\/li>\n<li>\n<strong>Certificat inclus :<\/strong> Ce pendentif en jade est accompagn\u00e9 d&#039;un certificat d&#039;authenticit\u00e9 pour garantir sa qualit\u00e9.<\/li>\n<\/ul>\n<p>This necklace is perfect for daily wear with its casual style, making it suitable for anyone regardless of gender. The necklace&#8217;s country of origin is Myanmar, which adds to the uniqueness and value of the piece. While there are no warranties included with this product, you can rest assured that you are getting an exceptional piece due to its rare quality natural jadeite material.<\/p>\n<p>\u00a0<\/p>\n<p>Yi Pin Qian \u2013 N\u00e9gociant en pierres pr\u00e9cieuses et m\u00e9taux pr\u00e9cieux \u00e0 Singapour \u2013 Num\u00e9ro de licence PS20190000031<\/p>\n<p>\u00a0<\/p>\n<p>*Toutes les jad\u00e9ites achet\u00e9es chez Yi Pin Qian \u00e0 Singapour, les clients peuvent r\u00e9server des cr\u00e9neaux pour le polissage ou une r\u00e9paration mineure en cas de mauvaise manipulation - des frais s&#039;appliquent et uniquement pour les clients de Yi Pin Qian \u00e0 Singapour*<\/p>\n<p>\u00a0<\/p>\n<p><strong>**Types de certificats**<\/strong><\/p>\n<p>\u00a0<\/p>\n<p><strong>NGI (Nan Yang Gemmologie)<\/strong><\/p>\n<p>ou <strong>Certificats \u00e9trangers <\/strong>(Yi Pin Qian utilise uniquement des certificats authentiques provenant de laboratoires \u00e9trangers et contr\u00f4le \u00e9galement la qualit\u00e9 de chacun de nos produits avant de les mettre en vente \u00e0 Singapour)<\/p>\n<p>\u00a0<\/p>\n<p>Chaque produit sur TikTok aura le type de certificat fourni indiqu\u00e9 dans la description. Pour tout client souhaitant envoyer sa commande \u00e0 NGI Singapore, il y aura un d\u00e9lai d&#039;attente pour la livraison de la commande estim\u00e9 \u00e0 environ 4 semaines pour recevoir votre commande. <strong>Les demandes de rapport sur les pierres pr\u00e9cieuses NGI doivent \u00eatre effectu\u00e9es en envoyant un message \u00e0 la boutique TikTok de Yi Pin Qian.<\/strong> Merci, <strong><u>des frais suppl\u00e9mentaires s&#039;appliquent<\/u><\/strong>.<\/p>\n<p>\u00a0<\/p>\n<p><strong>La jad\u00e9ite naturelle n&#039;est pas parfaite, juste un petit rappel : notre jad\u00e9ite naturelle, comme toutes les belles choses de la nature, poss\u00e8de ses caract\u00e9ristiques et ses variations uniques. Nous invitons nos pr\u00e9cieux clients \u00e0 adopter ces variations naturelles. Bon shopping !<\/strong><\/p>\n<p>\u00a0<\/p>\n<p><strong><u>Aucune des photos et des s\u00e9quences vid\u00e9o n&#039;a \u00e9t\u00e9 filtr\u00e9e. Nous encourageons nos clients \u00e0 regarder \u00e9galement les vid\u00e9os d&#039;accompagnement pour une vue plus compl\u00e8te de nos produits<\/u><\/strong><\/p>","protected":false},"excerpt":{"rendered":"<p>This Rare Quality Yellow and Green Natural Type A Jadeite Jade pendant is a stunning piece of jewelry that is beautifully crafted with a frog and lotus old school hollow style. The pendant comes with a certificate of authenticity, weighs 27.08 grams, and measures 41.6 * 48 * 11 mm (pendant209). \u00a0 Certificate numbers: 920660024547 [&hellip;]<\/p>","protected":false},"featured_media":7555,"comment_status":"open","ping_status":"closed","template":"","meta":[],"product_brand":[],"product_cat":[195],"product_tag":[],"class_list":{"0":"post-1741","1":"product","2":"type-product","3":"status-publish","4":"has-post-thumbnail","6":"product_cat-heirloom-grade","8":"first","9":"instock","10":"sale","11":"shipping-taxable","12":"purchasable","13":"product-type-simple"},"_links":{"self":[{"href":"https:\/\/shop.yipinqian.com\/fr\/wp-json\/wp\/v2\/product\/1741","targetHints":{"allow":["GET"]}}],"collection":[{"href":"https:\/\/shop.yipinqian.com\/fr\/wp-json\/wp\/v2\/product"}],"about":[{"href":"https:\/\/shop.yipinqian.com\/fr\/wp-json\/wp\/v2\/types\/product"}],"replies":[{"embeddable":true,"href":"https:\/\/shop.yipinqian.com\/fr\/wp-json\/wp\/v2\/comments?post=1741"}],"version-history":[{"count":0,"href":"https:\/\/shop.yipinqian.com\/fr\/wp-json\/wp\/v2\/product\/1741\/revisions"}],"wp:featuredmedia":[{"embeddable":true,"href":"https:\/\/shop.yipinqian.com\/fr\/wp-json\/wp\/v2\/media\/7555"}],"wp:attachment":[{"href":"https:\/\/shop.yipinqian.com\/fr\/wp-json\/wp\/v2\/media?parent=1741"}],"wp:term":[{"taxonomy":"product_brand","embeddable":true,"href":"https:\/\/shop.yipinqian.com\/fr\/wp-json\/wp\/v2\/product_brand?post=1741"},{"taxonomy":"product_cat","embeddable":true,"href":"https:\/\/shop.yipinqian.com\/fr\/wp-json\/wp\/v2\/product_cat?post=1741"},{"taxonomy":"product_tag","embeddable":true,"href":"https:\/\/shop.yipinqian.com\/fr\/wp-json\/wp\/v2\/product_tag?post=1741"}],"curies":[{"name":"wp","href":"https:\/\/api.w.org\/{rel}","templated":true}]}}