{"id":1733,"date":"2024-10-24T23:21:55","date_gmt":"2024-10-24T15:21:55","guid":{"rendered":"https:\/\/shop.yipinqian.com\/product\/rare-premium-quality-natural-type-a-jadeite-jade-crafted-with-tara-as-a-pendant-with-certificate-weigh-46-31-grams-measurement-72-7-46-2-8-3-mm-pendant194\/"},"modified":"2025-02-24T01:17:27","modified_gmt":"2025-02-23T17:17:27","slug":"rare-premium-quality-natural-type-a-jadeite-jade-crafted-with-tara-as-a-pendant-with-certificate-weigh-46-31-grams-measurement-72-7-46-2-8-3-mm-pendant194","status":"publish","type":"product","link":"https:\/\/shop.yipinqian.com\/fr\/produit\/rare-premium-quality-natural-type-a-jadeite-jade-crafted-with-tara-as-a-pendant-with-certificate-weigh-46-31-grams-measurement-72-7-46-2-8-3-mm-pendant194\/","title":{"rendered":"Rare Premium Quality Natural Type A Jadeite Jade crafted with Tara as a pendant with certificate weigh 46.31 grams, measurement 72.7 * 46.2 * 8.3 mm (pendant194)"},"content":{"rendered":"<p>Introducing our Rare Premium Quality Natural Type A Jadeite Jade crafted with Tara pendant &#8211; a stunning addition to any jewelry collection.<\/p>\n<p><\/p>\n<p>Certificate numbers: 920870013891<\/p>\n<ul>\n<li>\n<strong>Jad\u00e9ite authentique de type A :<\/strong> This pendant is made of genuine Type A jadeite jade, a rare and highly sought-after stone known for its exquisite beauty.<\/li>\n<li>\n<strong>Qualit\u00e9 certifi\u00e9e :<\/strong> With its certificate of authenticity, you can rest assured that this pendant is of the highest quality.<\/li>\n<li>\n<strong>Tara Design:<\/strong> Crafted into the shape of Tara, the Buddhist goddess of compassion and protection, this necklace has an auspicious meaning that&#8217;s perfect for any occasion.<\/li>\n<\/ul>\n<p>Weighing in at <strong>46.31 grams<\/strong> et mesurer <strong>72.7 * 46.2 * 8.3 mm<\/strong> (pendant194), this necklace is an impressive statement piece that&#8217;s sure to turn heads. Plus, it&#8217;s unisex design makes it a versatile accessory for anyone to wear &#8211; perfect as a gift or as treat yourself!<\/p>\n<p><\/p>\n<p>The casual necklace style makes it easy to pair with any outfit or look &#8211; dress up your work attire or wear it on your next night out; either way you&#8217;ll be sure to make an impression!<\/p>\n<p><\/p>\n<p>This Rare Premium Quality Natural Type A Jadeite Tara Pendant is sourced from Myanmar (formerly Burma), home to some of the world&#8217;s finest jade mines known for producing some exceptional quality gemstones!<\/p>\n<p><\/p>\n<p>Yi Pin Qian \u2013 N\u00e9gociant en pierres pr\u00e9cieuses et m\u00e9taux pr\u00e9cieux \u00e0 Singapour \u2013 Num\u00e9ro de licence PS20190000031<\/p>\n<p><\/p>\n<p>*Toutes les jad\u00e9ites achet\u00e9es chez Yi Pin Qian \u00e0 Singapour, les clients peuvent r\u00e9server des cr\u00e9neaux pour le polissage ou une r\u00e9paration mineure en cas de mauvaise manipulation - des frais s&#039;appliquent et uniquement pour les clients de Yi Pin Qian \u00e0 Singapour*<\/p>\n<p><\/p>\n<p><strong>**Types de certificats**<\/strong><\/p>\n<p><\/p>\n<p><strong>NGI (Nan Yang Gemmologie)<\/strong><\/p>\n<p>ou <strong>Certificats \u00e9trangers <\/strong>(Yi Pin Qian utilise uniquement des certificats authentiques provenant de laboratoires \u00e9trangers et contr\u00f4le \u00e9galement la qualit\u00e9 de chacun de nos produits avant de les mettre en vente \u00e0 Singapour)<\/p>\n<p><\/p>\n<p>Chaque produit sur TikTok aura le type de certificat fourni indiqu\u00e9 dans la description. Pour tout client souhaitant envoyer sa commande \u00e0 NGI Singapore, il y aura un d\u00e9lai d&#039;attente pour la livraison de la commande estim\u00e9 \u00e0 environ 4 semaines pour recevoir votre commande. <strong>Les demandes de rapport sur les pierres pr\u00e9cieuses NGI doivent \u00eatre effectu\u00e9es en envoyant un message \u00e0 la boutique TikTok de Yi Pin Qian.<\/strong> Merci, <strong><u>des frais suppl\u00e9mentaires s&#039;appliquent<\/u><\/strong>.<\/p>\n<p><\/p>\n<p><strong>La jad\u00e9ite naturelle n&#039;est pas parfaite, juste un petit rappel : notre jad\u00e9ite naturelle, comme toutes les belles choses de la nature, poss\u00e8de ses caract\u00e9ristiques et ses variations uniques. Nous invitons nos pr\u00e9cieux clients \u00e0 adopter ces variations naturelles. Bon shopping !<\/strong><\/p>\n<p><\/p>\n<p><strong><u>Aucune des photos et des s\u00e9quences vid\u00e9o n&#039;a \u00e9t\u00e9 filtr\u00e9e. Nous encourageons nos clients \u00e0 regarder \u00e9galement les vid\u00e9os d&#039;accompagnement pour une vue plus compl\u00e8te de nos produits<\/u><\/strong><\/p>","protected":false},"excerpt":{"rendered":"<p>Introducing our Rare Premium Quality Natural Type A Jadeite Jade crafted with Tara pendant &#8211; a stunning addition to any jewelry collection. Certificate numbers: 920870013891 Authentic Type A Jadeite: This pendant is made of genuine Type A jadeite jade, a rare and highly sought-after stone known for its exquisite beauty. Certified Quality: With its certificate [&hellip;]<\/p>","protected":false},"featured_media":7511,"comment_status":"open","ping_status":"closed","template":"","meta":[],"product_brand":[],"product_cat":[195],"product_tag":[],"class_list":{"0":"post-1733","1":"product","2":"type-product","3":"status-publish","4":"has-post-thumbnail","6":"product_cat-heirloom-grade","8":"first","9":"instock","10":"sale","11":"shipping-taxable","12":"purchasable","13":"product-type-simple"},"_links":{"self":[{"href":"https:\/\/shop.yipinqian.com\/fr\/wp-json\/wp\/v2\/product\/1733","targetHints":{"allow":["GET"]}}],"collection":[{"href":"https:\/\/shop.yipinqian.com\/fr\/wp-json\/wp\/v2\/product"}],"about":[{"href":"https:\/\/shop.yipinqian.com\/fr\/wp-json\/wp\/v2\/types\/product"}],"replies":[{"embeddable":true,"href":"https:\/\/shop.yipinqian.com\/fr\/wp-json\/wp\/v2\/comments?post=1733"}],"version-history":[{"count":0,"href":"https:\/\/shop.yipinqian.com\/fr\/wp-json\/wp\/v2\/product\/1733\/revisions"}],"wp:featuredmedia":[{"embeddable":true,"href":"https:\/\/shop.yipinqian.com\/fr\/wp-json\/wp\/v2\/media\/7511"}],"wp:attachment":[{"href":"https:\/\/shop.yipinqian.com\/fr\/wp-json\/wp\/v2\/media?parent=1733"}],"wp:term":[{"taxonomy":"product_brand","embeddable":true,"href":"https:\/\/shop.yipinqian.com\/fr\/wp-json\/wp\/v2\/product_brand?post=1733"},{"taxonomy":"product_cat","embeddable":true,"href":"https:\/\/shop.yipinqian.com\/fr\/wp-json\/wp\/v2\/product_cat?post=1733"},{"taxonomy":"product_tag","embeddable":true,"href":"https:\/\/shop.yipinqian.com\/fr\/wp-json\/wp\/v2\/product_tag?post=1733"}],"curies":[{"name":"wp","href":"https:\/\/api.w.org\/{rel}","templated":true}]}}