{"id":1732,"date":"2024-10-24T23:21:55","date_gmt":"2024-10-24T15:21:55","guid":{"rendered":"https:\/\/shop.yipinqian.com\/product\/rare-premium-natural-type-a-jadeite-pendant-necklace-crafted-as-chayote-with-squirrel-and-ruyi-symbols-of-happiness-fortune-and-luck-with-certificate-weigh-30-16-grams-44-3-27-8-15-6-mm-pendant52\/"},"modified":"2025-02-17T00:04:15","modified_gmt":"2025-02-16T16:04:15","slug":"rare-premium-natural-type-a-jadeite-pendant-necklace-crafted-as-chayote-with-squirrel-and-ruyi-symbols-of-happiness-fortune-and-luck-with-certificate-weigh-30-16-grams-44-3-27-8-15-6-mm-pendant52","status":"publish","type":"product","link":"https:\/\/shop.yipinqian.com\/fr\/produit\/rare-premium-natural-type-a-jadeite-pendant-necklace-crafted-as-chayote-with-squirrel-and-ruyi-symbols-of-happiness-fortune-and-luck-with-certificate-weigh-30-16-grams-44-3-27-8-15-6-mm-pendant52\/","title":{"rendered":"Collier pendentif en jad\u00e9ite naturelle de type A de qualit\u00e9 sup\u00e9rieure rare fabriqu\u00e9 en chayote avec \u00e9cureuil et ruyi, symboles de bonheur, de fortune et de chance avec certificat pesant 30,16 grammes, 44,3 * 27,8 * 15,6 mm (pendentif52)"},"content":{"rendered":"<p>Ce collier pendentif en jad\u00e9ite naturelle de type A de qualit\u00e9 sup\u00e9rieure est un ajout parfait \u00e0 toute collection de bijoux. Fabriqu\u00e9 en chayote avec \u00e9cureuil et ruyi, ce collier est orn\u00e9 de symboles de bonheur, de fortune et de chance, ce qui en fait un cadeau id\u00e9al pour toute occasion.<\/p>\n<ul>\n<li>\n<strong>Qualit\u00e9 sup\u00e9rieure :<\/strong> Fabriqu\u00e9 en jad\u00e9ite naturelle de type A, ce collier p\u00e8se 30,16 grammes et est accompagn\u00e9 d&#039;un certificat garantissant son authenticit\u00e9.<\/li>\n<\/ul>\n<p><strong>Num\u00e9ros de certificat : SZ21367106<\/strong><\/p>\n<p><img fetchpriority=\"high\" decoding=\"async\" height=\"1080\" src=\"https:\/\/shop.yipinqian.com\/wp-content\/uploads\/2024\/10\/7a723dcacbeaf2484a94f2a3c86b6947.jpg?from=476444299\" width=\"1080\"><\/p>\n<ul>\n<li>\n<strong>Conception unique :<\/strong> Fabriqu\u00e9 en Chayote avec l&#039;\u00e9cureuil et le Ruyi symbolisant le bonheur, la fortune et la chance.<\/li>\n<li>\n<strong>Conception unisexe :<\/strong> Ce collier a \u00e9t\u00e9 con\u00e7u pour \u00eatre port\u00e9 aussi bien par les hommes que par les femmes.<\/li>\n<li>\n<strong>Style d\u00e9contract\u00e9 :<\/strong> Le style du collier est d\u00e9contract\u00e9, ce qui le rend parfait pour un usage quotidien ou pour des occasions sp\u00e9ciales<\/li>\n<\/ul>\n<p>Ce collier pendentif en jad\u00e9ite naturelle de type A de qualit\u00e9 sup\u00e9rieure est un cadeau id\u00e9al qui peut \u00eatre conserv\u00e9 pendant des ann\u00e9es. L&#039;origine de cette belle pi\u00e8ce est le Myanmar. Ne manquez pas l&#039;opportunit\u00e9 de poss\u00e9der une pi\u00e8ce aussi unique !<\/p>\n<p>\u00a0<\/p>\n<p>Yi Pin Qian \u2013 N\u00e9gociant en pierres pr\u00e9cieuses et m\u00e9taux pr\u00e9cieux \u00e0 Singapour \u2013 Num\u00e9ro de licence PS20190000031<\/p>\n<p>\u00a0<\/p>\n<p>*Toutes les jad\u00e9ites achet\u00e9es chez Yi Pin Qian \u00e0 Singapour, les clients peuvent r\u00e9server des cr\u00e9neaux pour le polissage ou une r\u00e9paration mineure en cas de mauvaise manipulation - des frais s&#039;appliquent et uniquement pour les clients de Yi Pin Qian \u00e0 Singapour*<\/p>\n<p>\u00a0<\/p>\n<p><strong>**Types de certificats**<\/strong><\/p>\n<p>\u00a0<\/p>\n<p><strong>NGI (Nan Yang Gemmologie)<\/strong><\/p>\n<p>ou <strong>Certificats \u00e9trangers <\/strong>(Yi Pin Qian utilise uniquement des certificats authentiques provenant de laboratoires \u00e9trangers et contr\u00f4le \u00e9galement la qualit\u00e9 de chacun de nos produits avant de les mettre en vente \u00e0 Singapour)<\/p>\n<p>\u00a0<\/p>\n<p>Chaque produit sur TikTok aura le type de certificat fourni indiqu\u00e9 dans la description. Pour tout client souhaitant envoyer sa commande \u00e0 NGI Singapore, il y aura un d\u00e9lai d&#039;attente pour la livraison de la commande estim\u00e9 \u00e0 environ 4 semaines pour recevoir votre commande. <strong>Les demandes de rapport sur les pierres pr\u00e9cieuses NGI doivent \u00eatre effectu\u00e9es en envoyant un message \u00e0 la boutique TikTok de Yi Pin Qian.<\/strong> Merci, <strong><u>des frais suppl\u00e9mentaires s&#039;appliquent<\/u><\/strong>.<\/p>\n<p>\u00a0<\/p>\n<p><strong>La jad\u00e9ite naturelle n&#039;est pas parfaite, juste un petit rappel : notre jad\u00e9ite naturelle, comme toutes les belles choses de la nature, poss\u00e8de ses caract\u00e9ristiques et ses variations uniques. Nous invitons nos pr\u00e9cieux clients \u00e0 adopter ces variations naturelles. Bon shopping !<\/strong><\/p>\n<p>\u00a0<\/p>\n<p><strong><u>Aucune des photos et des s\u00e9quences vid\u00e9o n&#039;a \u00e9t\u00e9 filtr\u00e9e. Nous encourageons nos clients \u00e0 regarder \u00e9galement les vid\u00e9os d&#039;accompagnement pour une vue plus compl\u00e8te de nos produits<\/u><\/strong><\/p>\n<p>\u00a0<\/p>\n<p>.<\/p>","protected":false},"excerpt":{"rendered":"<p>Ce collier pendentif en jad\u00e9ite naturelle de type A de qualit\u00e9 sup\u00e9rieure est un ajout parfait \u00e0 toute collection de bijoux. Fabriqu\u00e9 en chayote avec \u00e9cureuil et ruyi, ce collier est orn\u00e9 de symboles de bonheur, de fortune et de chance, ce qui en fait un cadeau id\u00e9al pour toute occasion. Qualit\u00e9 sup\u00e9rieure : fabriqu\u00e9 en jad\u00e9ite naturelle de type A, ce collier p\u00e8se [\u2026]<\/p>","protected":false},"featured_media":7503,"comment_status":"open","ping_status":"closed","template":"","meta":[],"product_brand":[],"product_cat":[48],"product_tag":[],"class_list":{"0":"post-1732","1":"product","2":"type-product","3":"status-publish","4":"has-post-thumbnail","6":"product_cat-pendants","8":"first","9":"instock","10":"sale","11":"shipping-taxable","12":"purchasable","13":"product-type-simple"},"_links":{"self":[{"href":"https:\/\/shop.yipinqian.com\/fr\/wp-json\/wp\/v2\/product\/1732","targetHints":{"allow":["GET"]}}],"collection":[{"href":"https:\/\/shop.yipinqian.com\/fr\/wp-json\/wp\/v2\/product"}],"about":[{"href":"https:\/\/shop.yipinqian.com\/fr\/wp-json\/wp\/v2\/types\/product"}],"replies":[{"embeddable":true,"href":"https:\/\/shop.yipinqian.com\/fr\/wp-json\/wp\/v2\/comments?post=1732"}],"version-history":[{"count":0,"href":"https:\/\/shop.yipinqian.com\/fr\/wp-json\/wp\/v2\/product\/1732\/revisions"}],"wp:featuredmedia":[{"embeddable":true,"href":"https:\/\/shop.yipinqian.com\/fr\/wp-json\/wp\/v2\/media\/7503"}],"wp:attachment":[{"href":"https:\/\/shop.yipinqian.com\/fr\/wp-json\/wp\/v2\/media?parent=1732"}],"wp:term":[{"taxonomy":"product_brand","embeddable":true,"href":"https:\/\/shop.yipinqian.com\/fr\/wp-json\/wp\/v2\/product_brand?post=1732"},{"taxonomy":"product_cat","embeddable":true,"href":"https:\/\/shop.yipinqian.com\/fr\/wp-json\/wp\/v2\/product_cat?post=1732"},{"taxonomy":"product_tag","embeddable":true,"href":"https:\/\/shop.yipinqian.com\/fr\/wp-json\/wp\/v2\/product_tag?post=1732"}],"curies":[{"name":"wp","href":"https:\/\/api.w.org\/{rel}","templated":true}]}}