{"id":1731,"date":"2024-10-24T23:21:54","date_gmt":"2024-10-24T15:21:54","guid":{"rendered":"https:\/\/shop.yipinqian.com\/product\/rare-pinkish-light-lavender-hue-natural-type-a-jadeite-pendant-necklace-crafted-as-parrot-symbols-of-wise-and-brave-heroic-with-certificate-weigh-11-33-grams-51-3-17-8-8-6-mm-mid-year-offer-and-suitab\/"},"modified":"2025-02-24T00:49:52","modified_gmt":"2025-02-23T16:49:52","slug":"rare-pinkish-light-lavender-hue-natural-type-a-jadeite-pendant-necklace-crafted-as-parrot-symbols-of-wise-and-brave-heroic-with-certificate-weigh-11-33-grams-51-3-17-8-8-6-mm-mid-year-offer-and-suitab","status":"publish","type":"product","link":"https:\/\/shop.yipinqian.com\/fr\/produit\/rare-pinkish-light-lavender-hue-natural-type-a-jadeite-pendant-necklace-crafted-as-parrot-symbols-of-wise-and-brave-heroic-with-certificate-weigh-11-33-grams-51-3-17-8-8-6-mm-mid-year-offer-and-suitab\/","title":{"rendered":"Rare Pinkish Light Lavender Hue Natural Type A Jadeite Pendant Necklace crafted as Parrot symbols of Wise and brave, heroic with certificate weigh 11.33 grams, 51.3 * 17.8 * 8.6 mm, mid-year offer and suitable for daily wear or collections (pendant28)"},"content":{"rendered":"<p>This Rare Pinkish Light Lavender Natural Type A Jadeite Pendant Necklace, inspired by the parrot symbols of wise and brave heroism, is a perfect jewelry accessory for daily wear or collections.<\/p>\n<ul>\n<li>\n<strong>One-of-a-kind:<\/strong> Crafted from natural Type A jadeite with mid-year offer<\/li>\n<li>\n<strong>Certificat:<\/strong> Comes with a certificate of authenticity &#8211; <strong>Certificate numbers: GD2202H006844<\/strong>\n<\/li>\n<\/ul>\n<p><img fetchpriority=\"high\" decoding=\"async\" height=\"1080\" src=\"https:\/\/shop.yipinqian.com\/wp-content\/uploads\/2024\/10\/0c6733d22cdcc6e21441ff3c1befaf43.jpg?from=476444299\" width=\"1080\"><\/p>\n<ul>\n<li>\n<strong>Poids et taille :<\/strong>Weighs 11.33 grams and measures 51.3 * 17.8 * 8.6 mm<\/li>\n<li>\n<strong>Type de jade :<\/strong>Made from authentic Jadeite for the genuine experience<\/li>\n<\/ul>\n<p>This unisex necklace is perfect for daily wear with its casual style making it suitable to pair up or down.<\/p>\n<ul>\n<li>The parrot symbols: The rare pinkish light lavender natural type A jadeite pendant necklace comes crafted as parrot symbols of wise and brave, heroic making it a unique addition to your jewelry collection.<\/li>\n<\/ul>\n<p>If you are looking to add authenticity to your collection or just want something unique that tells a story then this Rare Pinkish Light Lavender Natural Type A Jadeite Pendant Necklace crafted as Parrot symbol is what you need!<\/p>\n<p>.<\/p>\n<p>Yi Pin Qian \u2013 N\u00e9gociant en pierres pr\u00e9cieuses et m\u00e9taux pr\u00e9cieux \u00e0 Singapour \u2013 Num\u00e9ro de licence PS20190000031<\/p>\n<p>\u00a0<\/p>\n<p>*Toutes les jad\u00e9ites achet\u00e9es chez Yi Pin Qian \u00e0 Singapour, les clients peuvent r\u00e9server des cr\u00e9neaux pour le polissage ou une r\u00e9paration mineure en cas de mauvaise manipulation - des frais s&#039;appliquent et uniquement pour les clients de Yi Pin Qian \u00e0 Singapour*<\/p>\n<p>\u00a0<\/p>\n<p><strong>**Types de certificats**<\/strong><\/p>\n<p>\u00a0<\/p>\n<p><strong>NGI (Nan Yang Gemmologie)<\/strong><\/p>\n<p>ou <strong>Certificats \u00e9trangers <\/strong>(Yi Pin Qian utilise uniquement des certificats authentiques provenant de laboratoires \u00e9trangers et contr\u00f4le \u00e9galement la qualit\u00e9 de chacun de nos produits avant de les mettre en vente \u00e0 Singapour)<\/p>\n<p>\u00a0<\/p>\n<p>Chaque produit sur TikTok aura le type de certificat fourni indiqu\u00e9 dans la description. Pour tout client souhaitant envoyer sa commande \u00e0 NGI Singapore, il y aura un d\u00e9lai d&#039;attente pour la livraison de la commande estim\u00e9 \u00e0 environ 4 semaines pour recevoir votre commande. <strong>Les demandes de rapport sur les pierres pr\u00e9cieuses NGI doivent \u00eatre effectu\u00e9es en envoyant un message \u00e0 la boutique TikTok de Yi Pin Qian.<\/strong> Merci, <strong><u>des frais suppl\u00e9mentaires s&#039;appliquent<\/u><\/strong>.<\/p>\n<p>\u00a0<\/p>\n<p><strong>La jad\u00e9ite naturelle n&#039;est pas parfaite, juste un petit rappel : notre jad\u00e9ite naturelle, comme toutes les belles choses de la nature, poss\u00e8de ses caract\u00e9ristiques et ses variations uniques. Nous invitons nos pr\u00e9cieux clients \u00e0 adopter ces variations naturelles. Bon shopping !<\/strong><\/p>\n<p>\u00a0<\/p>\n<p><strong><u>Aucune des photos et des s\u00e9quences vid\u00e9o n&#039;a \u00e9t\u00e9 filtr\u00e9e. Nous encourageons nos clients \u00e0 regarder \u00e9galement les vid\u00e9os d&#039;accompagnement pour une vue plus compl\u00e8te de nos produits<\/u><\/strong><\/p>","protected":false},"excerpt":{"rendered":"<p>This Rare Pinkish Light Lavender Natural Type A Jadeite Pendant Necklace, inspired by the parrot symbols of wise and brave heroism, is a perfect jewelry accessory for daily wear or collections. One-of-a-kind: Crafted from natural Type A jadeite with mid-year offer Certificate: Comes with a certificate of authenticity &#8211; Certificate numbers: GD2202H006844 Weight and size:Weighs [&hellip;]<\/p>","protected":false},"featured_media":7493,"comment_status":"open","ping_status":"closed","template":"","meta":[],"product_brand":[],"product_cat":[194],"product_tag":[],"class_list":{"0":"post-1731","1":"product","2":"type-product","3":"status-publish","4":"has-post-thumbnail","6":"product_cat-value-picks","8":"first","9":"instock","10":"sale","11":"shipping-taxable","12":"purchasable","13":"product-type-simple"},"_links":{"self":[{"href":"https:\/\/shop.yipinqian.com\/fr\/wp-json\/wp\/v2\/product\/1731","targetHints":{"allow":["GET"]}}],"collection":[{"href":"https:\/\/shop.yipinqian.com\/fr\/wp-json\/wp\/v2\/product"}],"about":[{"href":"https:\/\/shop.yipinqian.com\/fr\/wp-json\/wp\/v2\/types\/product"}],"replies":[{"embeddable":true,"href":"https:\/\/shop.yipinqian.com\/fr\/wp-json\/wp\/v2\/comments?post=1731"}],"version-history":[{"count":0,"href":"https:\/\/shop.yipinqian.com\/fr\/wp-json\/wp\/v2\/product\/1731\/revisions"}],"wp:featuredmedia":[{"embeddable":true,"href":"https:\/\/shop.yipinqian.com\/fr\/wp-json\/wp\/v2\/media\/7493"}],"wp:attachment":[{"href":"https:\/\/shop.yipinqian.com\/fr\/wp-json\/wp\/v2\/media?parent=1731"}],"wp:term":[{"taxonomy":"product_brand","embeddable":true,"href":"https:\/\/shop.yipinqian.com\/fr\/wp-json\/wp\/v2\/product_brand?post=1731"},{"taxonomy":"product_cat","embeddable":true,"href":"https:\/\/shop.yipinqian.com\/fr\/wp-json\/wp\/v2\/product_cat?post=1731"},{"taxonomy":"product_tag","embeddable":true,"href":"https:\/\/shop.yipinqian.com\/fr\/wp-json\/wp\/v2\/product_tag?post=1731"}],"curies":[{"name":"wp","href":"https:\/\/api.w.org\/{rel}","templated":true}]}}