{"id":1730,"date":"2024-10-24T23:21:54","date_gmt":"2024-10-24T15:21:54","guid":{"rendered":"https:\/\/shop.yipinqian.com\/product\/rare-old-yellow-with-red-natural-type-a-jadeite-pendant-crafted-with-guan-gong-come-with-ceritificate-weight-24-70-grams-49-7-32-8-mm-for-guan-gong-collectors-pendant118\/"},"modified":"2025-02-24T01:34:17","modified_gmt":"2025-02-23T17:34:17","slug":"rare-old-yellow-with-red-natural-type-a-jadeite-pendant-crafted-with-guan-gong-come-with-ceritificate-weight-24-70-grams-49-7-32-8-mm-for-guan-gong-collectors-pendant118","status":"publish","type":"product","link":"https:\/\/shop.yipinqian.com\/fr\/produit\/rare-old-yellow-with-red-natural-type-a-jadeite-pendant-crafted-with-guan-gong-come-with-ceritificate-weight-24-70-grams-49-7-32-8-mm-for-guan-gong-collectors-pendant118\/","title":{"rendered":"Rare Old Yellow with Red Natural Type A Jadeite Pendant Crafted with Guan Gong come with ceritificate weight 24.70 grams, 49.7 * 32 * 8 mm for Guan Gong collectors (pendant118)"},"content":{"rendered":"<p>For collectors of Guan Gong, this Rare Old Yellow with Red Natural Type A Jadeite Pendant is a must-have. The pendant is intricately carved with the hero Guan Gong and comes with a certificate of authenticity.<\/p>\n<p>\u00a0<\/p>\n<p><strong>Certificate number: GD2112H010351<\/strong><\/p>\n<p><img fetchpriority=\"high\" decoding=\"async\" height=\"1080\" src=\"https:\/\/shop.yipinqian.com\/wp-content\/uploads\/2024\/10\/f15b8858530eddf4ce47ddf75708447d.jpg?from=476444299\" width=\"1080\"><\/p>\n<ul>\n<li>\n<strong>Mat\u00e9riel:<\/strong> This pendant is made of Natural Type A Jadeite, which adds to its value and rarity.<\/li>\n<li>\n<strong>Weight &amp; Size:<\/strong> With a weight of 24.70 grams and dimensions measuring 49.7 * 32 * 8 mm, this pendant has the perfect size to be worn daily or on special occasions.<\/li>\n<li>\n<strong>Jade Type &amp; Necklace Style:<\/strong>This stunning piece belongs to the Jade Necklaces &amp; Pendants category and has an elegant yet casual style that makes it perfect for daily wear or as part of your jewelry collection.<\/li>\n<\/ul>\n<p>The Yellow color mixed up with Red on this jadeite piece adds elegance to any outfit it&#8217;s paired up with. With its origin in Myanmar, you can be sure that you&#8217;re getting an authentic product from one of the best sources for jade in Asia.<\/p>\n<p>This Rare Old Yellow Pendant also makes for an excellent gift option- whether it&#8217;s for someone special who loves jewelry or someone who collects unique pieces from around the world- they&#8217;re sure to love it!<\/p>\n<p><strong>Note: <\/strong><em>The warranty type for this product is No as per its attributes mentioned above<\/em>.<\/p>\n<p>\u00a0<\/p>\n<p>Yi Pin Qian \u2013 N\u00e9gociant en pierres pr\u00e9cieuses et m\u00e9taux pr\u00e9cieux \u00e0 Singapour \u2013 Num\u00e9ro de licence PS20190000031<\/p>\n<p>\u00a0<\/p>\n<p>*Toutes les jad\u00e9ites achet\u00e9es chez Yi Pin Qian \u00e0 Singapour, les clients peuvent r\u00e9server des cr\u00e9neaux pour le polissage ou une r\u00e9paration mineure en cas de mauvaise manipulation - des frais s&#039;appliquent et uniquement pour les clients de Yi Pin Qian \u00e0 Singapour*<\/p>\n<p>\u00a0<\/p>\n<p><strong>**Types de certificats**<\/strong><\/p>\n<p>\u00a0<\/p>\n<p><strong>NGI (Nan Yang Gemmologie)<\/strong><\/p>\n<p>ou <strong>Certificats \u00e9trangers <\/strong>(Yi Pin Qian utilise uniquement des certificats authentiques provenant de laboratoires \u00e9trangers et contr\u00f4le \u00e9galement la qualit\u00e9 de chacun de nos produits avant de les mettre en vente \u00e0 Singapour)<\/p>\n<p>\u00a0<\/p>\n<p>Chaque produit sur TikTok aura le type de certificat fourni indiqu\u00e9 dans la description. Pour tout client souhaitant envoyer sa commande \u00e0 NGI Singapore, il y aura un d\u00e9lai d&#039;attente pour la livraison de la commande estim\u00e9 \u00e0 environ 4 semaines pour recevoir votre commande. <strong>Les demandes de rapport sur les pierres pr\u00e9cieuses NGI doivent \u00eatre effectu\u00e9es en envoyant un message \u00e0 la boutique TikTok de Yi Pin Qian.<\/strong> Merci, <strong><u>des frais suppl\u00e9mentaires s&#039;appliquent<\/u><\/strong>.<\/p>","protected":false},"excerpt":{"rendered":"<p>For collectors of Guan Gong, this Rare Old Yellow with Red Natural Type A Jadeite Pendant is a must-have. The pendant is intricately carved with the hero Guan Gong and comes with a certificate of authenticity. \u00a0 Certificate number: GD2112H010351 Material: This pendant is made of Natural Type A Jadeite, which adds to its value [&hellip;]<\/p>","protected":false},"featured_media":7483,"comment_status":"open","ping_status":"closed","template":"","meta":[],"product_brand":[],"product_cat":[196],"product_tag":[],"class_list":{"0":"post-1730","1":"product","2":"type-product","3":"status-publish","4":"has-post-thumbnail","6":"product_cat-vault-collection","8":"first","9":"instock","10":"sale","11":"shipping-taxable","12":"purchasable","13":"product-type-simple"},"_links":{"self":[{"href":"https:\/\/shop.yipinqian.com\/fr\/wp-json\/wp\/v2\/product\/1730","targetHints":{"allow":["GET"]}}],"collection":[{"href":"https:\/\/shop.yipinqian.com\/fr\/wp-json\/wp\/v2\/product"}],"about":[{"href":"https:\/\/shop.yipinqian.com\/fr\/wp-json\/wp\/v2\/types\/product"}],"replies":[{"embeddable":true,"href":"https:\/\/shop.yipinqian.com\/fr\/wp-json\/wp\/v2\/comments?post=1730"}],"version-history":[{"count":0,"href":"https:\/\/shop.yipinqian.com\/fr\/wp-json\/wp\/v2\/product\/1730\/revisions"}],"wp:featuredmedia":[{"embeddable":true,"href":"https:\/\/shop.yipinqian.com\/fr\/wp-json\/wp\/v2\/media\/7483"}],"wp:attachment":[{"href":"https:\/\/shop.yipinqian.com\/fr\/wp-json\/wp\/v2\/media?parent=1730"}],"wp:term":[{"taxonomy":"product_brand","embeddable":true,"href":"https:\/\/shop.yipinqian.com\/fr\/wp-json\/wp\/v2\/product_brand?post=1730"},{"taxonomy":"product_cat","embeddable":true,"href":"https:\/\/shop.yipinqian.com\/fr\/wp-json\/wp\/v2\/product_cat?post=1730"},{"taxonomy":"product_tag","embeddable":true,"href":"https:\/\/shop.yipinqian.com\/fr\/wp-json\/wp\/v2\/product_tag?post=1730"}],"curies":[{"name":"wp","href":"https:\/\/api.w.org\/{rel}","templated":true}]}}