{"id":1727,"date":"2024-10-24T23:21:52","date_gmt":"2024-10-24T15:21:52","guid":{"rendered":"https:\/\/shop.yipinqian.com\/product\/rare-old-school-natural-type-a-jadeite-jade-pendant-necklace-crafted-with-guanyin-with-certificate-weigh-38-62-grams-60-8-35-8-8-5-mm-pendant166\/"},"modified":"2025-02-17T00:04:14","modified_gmt":"2025-02-16T16:04:14","slug":"rare-old-school-natural-type-a-jadeite-jade-pendant-necklace-crafted-with-guanyin-with-certificate-weigh-38-62-grams-60-8-35-8-8-5-mm-pendant166","status":"publish","type":"product","link":"https:\/\/shop.yipinqian.com\/fr\/produit\/rare-old-school-natural-type-a-jadeite-jade-pendant-necklace-crafted-with-guanyin-with-certificate-weigh-38-62-grams-60-8-35-8-8-5-mm-pendant166\/","title":{"rendered":"Rare Old School Natural Type A Jadeite Jade Pendant Necklace Crafted with Guanyin with certificate weigh 38.62 grams, 60.8 * 35.8 * 8.5 mm (pendant166)"},"content":{"rendered":"<p>This Rare Old School Natural Type A Jadeite Jade Pendant Necklace with a Guanyin crafted design is a true beauty. It comes with a certificate of authenticity and weighs 38.62 grams, with dimensions of <strong>60.8 * 35.8 * 8.5 mm<\/strong> (pendant166).<\/p>\n<p>\u00a0<\/p>\n<p><strong>Certificate numbers: 920460002682<\/strong><\/p>\n<ul>\n<li>\n<strong>Type de jade :<\/strong> Jad\u00e9ite<\/li>\n<li>\n<strong>Style de collier :<\/strong> Occasionnel<\/li>\n<li>\n<strong>Certificat:<\/strong> Oui<\/li>\n<li>\n<strong>Pays d&#039;origine :<\/strong> Birmanie<\/li>\n<li>\n<strong>Occasion: <\/strong>\u00c0 porter au quotidien<\/li>\n<\/ul>\n<p>\u00a0<\/p>\n<ul>\n<li>The pendant is carefully crafted from natural Type A jade, making it an exquisite piece that everyone should have in their jewelry collection. Aesthetic Appeal and Symbolic Meaning The pendant boasts intricate details that highlight the beauty of the Guanyin design, making it perfect for casual events or daily wear.<\/li>\n<\/ul>\n<p>\u00a0<\/p>\n<ul>\n<li>In Chinese culture, jade represents purity and good fortune while Guanyin is regarded as the goddess of compassion &#8211; making this pendant both beautiful to wear and symbolic to own.<\/li>\n<\/ul>\n<p>\u00a0<\/p>\n<ul>\n<li>Bid farewell to ordinary pendants by getting this Rare Old School Natural Type A Jadeite Pendant Necklace for yourself or gifting it to your loved ones!<\/li>\n<\/ul>\n<p>Yi Pin Qian \u2013 N\u00e9gociant en pierres pr\u00e9cieuses et m\u00e9taux pr\u00e9cieux \u00e0 Singapour \u2013 Num\u00e9ro de licence PS20190000031<\/p>\n<p>\u00a0<\/p>\n<p>*Toutes les jad\u00e9ites achet\u00e9es chez Yi Pin Qian \u00e0 Singapour, les clients peuvent r\u00e9server des cr\u00e9neaux pour le polissage ou une r\u00e9paration mineure en cas de mauvaise manipulation - des frais s&#039;appliquent et uniquement pour les clients de Yi Pin Qian \u00e0 Singapour*<\/p>\n<p>\u00a0<\/p>\n<p><strong>**Types de certificats**<\/strong><\/p>\n<p>\u00a0<\/p>\n<p><strong>NGI (Nan Yang Gemmologie)<\/strong><\/p>\n<p>ou <strong>Certificats \u00e9trangers <\/strong>(Yi Pin Qian utilise uniquement des certificats authentiques provenant de laboratoires \u00e9trangers et contr\u00f4le \u00e9galement la qualit\u00e9 de chacun de nos produits avant de les mettre en vente \u00e0 Singapour)<\/p>\n<p>\u00a0<\/p>\n<p>Chaque produit sur TikTok aura le type de certificat fourni indiqu\u00e9 dans la description. Pour tout client souhaitant envoyer sa commande \u00e0 NGI Singapore, il y aura un d\u00e9lai d&#039;attente pour la livraison de la commande estim\u00e9 \u00e0 environ 4 semaines pour recevoir votre commande. <strong>Les demandes de rapport sur les pierres pr\u00e9cieuses NGI doivent \u00eatre effectu\u00e9es en envoyant un message \u00e0 la boutique TikTok de Yi Pin Qian.<\/strong> Merci, <strong><u>des frais suppl\u00e9mentaires s&#039;appliquent<\/u><\/strong>.<\/p>\n<p>\u00a0<\/p>\n<p><strong>La jad\u00e9ite naturelle n&#039;est pas parfaite, juste un petit rappel : notre jad\u00e9ite naturelle, comme toutes les belles choses de la nature, poss\u00e8de ses caract\u00e9ristiques et ses variations uniques. Nous invitons nos pr\u00e9cieux clients \u00e0 adopter ces variations naturelles. Bon shopping !<\/strong><\/p>\n<p>\u00a0<\/p>\n<p><strong><u>Aucune des photos et des s\u00e9quences vid\u00e9o n&#039;a \u00e9t\u00e9 filtr\u00e9e. Nous encourageons nos clients \u00e0 regarder \u00e9galement les vid\u00e9os d&#039;accompagnement pour une vue plus compl\u00e8te de nos produits<\/u><\/strong><\/p>\n<p>\u00a0<\/p>\n<p>.<\/p>","protected":false},"excerpt":{"rendered":"<p>This Rare Old School Natural Type A Jadeite Jade Pendant Necklace with a Guanyin crafted design is a true beauty. It comes with a certificate of authenticity and weighs 38.62 grams, with dimensions of 60.8 * 35.8 * 8.5 mm (pendant166). \u00a0 Certificate numbers: 920460002682 Jade Type: Jadeite Necklace Style: Casual Certificate: Yes Country Of [&hellip;]<\/p>","protected":false},"featured_media":7463,"comment_status":"open","ping_status":"closed","template":"","meta":[],"product_brand":[],"product_cat":[48],"product_tag":[],"class_list":{"0":"post-1727","1":"product","2":"type-product","3":"status-publish","4":"has-post-thumbnail","6":"product_cat-pendants","8":"first","9":"instock","10":"sale","11":"shipping-taxable","12":"purchasable","13":"product-type-simple"},"_links":{"self":[{"href":"https:\/\/shop.yipinqian.com\/fr\/wp-json\/wp\/v2\/product\/1727","targetHints":{"allow":["GET"]}}],"collection":[{"href":"https:\/\/shop.yipinqian.com\/fr\/wp-json\/wp\/v2\/product"}],"about":[{"href":"https:\/\/shop.yipinqian.com\/fr\/wp-json\/wp\/v2\/types\/product"}],"replies":[{"embeddable":true,"href":"https:\/\/shop.yipinqian.com\/fr\/wp-json\/wp\/v2\/comments?post=1727"}],"version-history":[{"count":0,"href":"https:\/\/shop.yipinqian.com\/fr\/wp-json\/wp\/v2\/product\/1727\/revisions"}],"wp:featuredmedia":[{"embeddable":true,"href":"https:\/\/shop.yipinqian.com\/fr\/wp-json\/wp\/v2\/media\/7463"}],"wp:attachment":[{"href":"https:\/\/shop.yipinqian.com\/fr\/wp-json\/wp\/v2\/media?parent=1727"}],"wp:term":[{"taxonomy":"product_brand","embeddable":true,"href":"https:\/\/shop.yipinqian.com\/fr\/wp-json\/wp\/v2\/product_brand?post=1727"},{"taxonomy":"product_cat","embeddable":true,"href":"https:\/\/shop.yipinqian.com\/fr\/wp-json\/wp\/v2\/product_cat?post=1727"},{"taxonomy":"product_tag","embeddable":true,"href":"https:\/\/shop.yipinqian.com\/fr\/wp-json\/wp\/v2\/product_tag?post=1727"}],"curies":[{"name":"wp","href":"https:\/\/api.w.org\/{rel}","templated":true}]}}