{"id":17261,"date":"2025-01-16T03:37:47","date_gmt":"2025-01-15T19:37:47","guid":{"rendered":"https:\/\/shop.yipinqian.com\/premium-quality-icy-translucent-ruyi-pendant-natural-type-a-jadeite-jade-certificate-weighs-25-87-grams-measurement-48-2-35-3-7-2-mm-pendant391\/"},"modified":"2025-02-24T01:34:16","modified_gmt":"2025-02-23T17:34:16","slug":"premium-quality-icy-translucent-ruyi-pendant-natural-type-a-jadeite-jade-certificate-weighs-25-87-grams-measurement-48-2-35-3-7-2-mm-pendant391","status":"publish","type":"product","link":"https:\/\/shop.yipinqian.com\/fr\/produit\/premium-quality-icy-translucent-ruyi-pendant-natural-type-a-jadeite-jade-certificate-weighs-25-87-grams-measurement-48-2-35-3-7-2-mm-pendant391\/","title":{"rendered":"Pendentif Ruyi translucide glac\u00e9 de qualit\u00e9 sup\u00e9rieure Le certificat de jade jad\u00e9ite naturelle de type A p\u00e8se 25,87 grammes, mesure 48,2 * 35,3 * 7,2 mm (pendentif391)"},"content":{"rendered":"<p><iframe height=\"300\" width=\"330\" src=\"https:\/\/youtube.com\/embed\/qqnbZ56tc_Q\" title=\"Pendentif Ruyi de haute qualit\u00e9\"><\/iframe><\/p>\n<p>D\u00e9couvrez l&#039;\u00e9l\u00e9gance du pendentif Ruyi translucide glac\u00e9 de qualit\u00e9 sup\u00e9rieure fabriqu\u00e9 \u00e0 partir de jad\u00e9ite naturelle de type A. Cette pi\u00e8ce exquise, certifi\u00e9e pour son authenticit\u00e9, pr\u00e9sente un beau design et un savoir-faire exceptionnel.<\/p>\n<p><\/p>\n<p>Num\u00e9ros de certificat : GD2110H003553<\/p>\n<p><img fetchpriority=\"high\" decoding=\"async\" src=\"https:\/\/shop.yipinqian.com\/wp-content\/uploads\/2024\/12\/f4a1c0450fc64721bdfd227d6b03bd51tplv-aphluv4xwc-origin-jpeg.jpeg?dr=15568&#038;nonce=48418&#038;refresh_token=c5c08a5af5c23176569d9224f9e69110&#038;from=476444299&#038;idc=my&#038;ps=933b5bde&#038;shcp=9b759fb9&#038;shp=1c65f68b&#038;t=555f072d\" width=\"1080\" height=\"1080\"><\/p>\n<ul>\n<li>\n<strong>Poids:<\/strong> 25,87 grammes<\/li>\n<li>\n<strong>Mesures:<\/strong> 48,2 * 35,3 * 7,2 mm<\/li>\n<li>\n<strong>Origine:<\/strong> Birmanie<\/li>\n<li><strong>Collier style d\u00e9contract\u00e9 :<\/strong><\/li>\n<li><strong>Convient pour un usage quotidien :<\/strong><\/li>\n<\/ul>\n<p><img decoding=\"async\" src=\"https:\/\/shop.yipinqian.com\/wp-content\/uploads\/2024\/12\/d32dbb9947dc47c682f4986414dae6ebtplv-aphluv4xwc-origin-jpeg.jpeg?dr=15568&#038;nonce=84888&#038;refresh_token=076df2972572b9ac8f6813034c548ef2&#038;from=476444299&#038;idc=my&#038;ps=933b5bde&#038;shcp=9b759fb9&#038;shp=1c65f68b&#038;t=555f072d\" width=\"1080\" height=\"1080\"><img decoding=\"async\" src=\"https:\/\/shop.yipinqian.com\/wp-content\/uploads\/2024\/12\/396760a53514497ca20743010487412ftplv-aphluv4xwc-origin-jpeg.jpeg?dr=15568&#038;nonce=90862&#038;refresh_token=3dc75729a4245e263887f48e0d84ffc6&#038;from=476444299&#038;idc=my&#038;ps=933b5bde&#038;shcp=9b759fb9&#038;shp=1c65f68b&#038;t=555f072d\" width=\"1080\" height=\"1080\"><\/p>\n<p>Ce pendentif unisexe est parfait pour toutes les occasions, ajoutant une touche de sophistication \u00e0 votre tenue quotidienne.<\/p>\n<p data-pm-slice=\"1 1 []\">Yi Pin Qian \u2013 N\u00e9gociant en pierres pr\u00e9cieuses et m\u00e9taux pr\u00e9cieux \u00e0 Singapour \u2013 Num\u00e9ro de licence PS20190000031<\/p>\n<p>\u00a0<\/p>\n<p>*Toutes les jad\u00e9ites achet\u00e9es chez Yi Pin Qian \u00e0 Singapour, les clients peuvent r\u00e9server des cr\u00e9neaux pour le polissage ou une r\u00e9paration mineure en cas de mauvaise manipulation - des frais s&#039;appliquent et uniquement pour les clients de Yi Pin Qian \u00e0 Singapour*<\/p>\n<p>\u00a0<\/p>\n<p><strong>**Types de certificats**<\/strong><\/p>\n<p>\u00a0<\/p>\n<p><strong>NGI (Nan Yang Gemmologie)<\/strong><\/p>\n<p>ou <strong>Certificats \u00e9trangers <\/strong>(Yi Pin Qian utilise uniquement des certificats authentiques provenant de laboratoires \u00e9trangers et contr\u00f4le \u00e9galement la qualit\u00e9 de chacun de nos produits avant de les mettre en vente \u00e0 Singapour)<\/p>\n<p>\u00a0<\/p>\n<p>Chaque produit aura le type de certificat fourni indiqu\u00e9 dans la description. Pour tout client souhaitant envoyer sa commande \u00e0 NGI Singapore, <strong>Les demandes de rapport NGI Gemstone doivent \u00eatre effectu\u00e9es en nous envoyant un message.<\/strong> Merci, <strong><u>des frais suppl\u00e9mentaires s&#039;appliquent<\/u><\/strong> \u2013 $90 pour la jad\u00e9ite \/ $150 pour la jad\u00e9ite avec or 18 carats \/ $150 pour les perles de jad\u00e9ite \u2013 ce n\u2019est pas obligatoire car la plupart de nos produits sont d\u00e9j\u00e0 livr\u00e9s avec un certificat d\u2019outre-mer ou un rapport NGI.<\/p>\n<p>\u00a0<\/p>\n<p>(Pour plus de d\u00e9tails ou demande suppl\u00e9mentaire : <strong>Veuillez nous envoyer un message si vous souhaitez envoyer votre article achet\u00e9 au laboratoire de test NGI<\/strong>)<\/p>\n<p>\u00a0<\/p>\n<p><strong>La jad\u00e9ite naturelle n&#039;est pas parfaite, juste un petit rappel : notre jad\u00e9ite naturelle, comme toutes les belles choses de la nature, poss\u00e8de ses caract\u00e9ristiques et ses variations uniques. Nous invitons nos pr\u00e9cieux clients \u00e0 adopter ces variations naturelles. Bon shopping !<\/strong><\/p>\n<p>\u00a0<\/p>\n<p><strong><u>Aucune des photos et des s\u00e9quences vid\u00e9o n&#039;a \u00e9t\u00e9 filtr\u00e9e. Nous encourageons nos clients \u00e0 regarder \u00e9galement les vid\u00e9os d&#039;accompagnement pour une vue plus compl\u00e8te de nos produits<\/u><\/strong><\/p>\n<p>\u00a0<\/p>\n<ul>\n<li>Diff\u00e9rentes plates-formes ne peuvent visionner des vid\u00e9os que via le bureau<\/li>\n<\/ul>\n<p>\u00a0<\/p>","protected":false},"excerpt":{"rendered":"<p>Discover the elegance of the Premium Quality Icy Translucent Ruyi Pendant crafted from Natural Type A Jadeite. This exquisite piece, certified for its authenticity, showcases a beautiful design and exceptional craftsmanship. Certificate numbers: GD2110H003553 Weight: 25.87 grams Measurements: 48.2 * 35.3 * 7.2 mm Origin: Myanmar Causal Necklace Style: Suitable for Daily Wear: This unisex [&hellip;]<\/p>","protected":false},"featured_media":17265,"comment_status":"open","ping_status":"closed","template":"","meta":[],"product_brand":[],"product_cat":[196],"product_tag":[52,53,65,54,56,58,73,59,60,61,62],"class_list":{"0":"post-17261","1":"product","2":"type-product","3":"status-publish","4":"has-post-thumbnail","6":"product_cat-vault-collection","7":"product_tag-certified","8":"product_tag-fine-quality","9":"product_tag-high-quality","10":"product_tag-icy","11":"product_tag-limited-editions","12":"product_tag-new-arrivals","13":"product_tag-pendant","14":"product_tag-translucent","15":"product_tag-type-a-jadeite","16":"product_tag-unisex","17":"product_tag-yi-pin-qian-exclusive","19":"first","20":"instock","21":"sale","22":"shipping-taxable","23":"purchasable","24":"product-type-simple"},"_links":{"self":[{"href":"https:\/\/shop.yipinqian.com\/fr\/wp-json\/wp\/v2\/product\/17261","targetHints":{"allow":["GET"]}}],"collection":[{"href":"https:\/\/shop.yipinqian.com\/fr\/wp-json\/wp\/v2\/product"}],"about":[{"href":"https:\/\/shop.yipinqian.com\/fr\/wp-json\/wp\/v2\/types\/product"}],"replies":[{"embeddable":true,"href":"https:\/\/shop.yipinqian.com\/fr\/wp-json\/wp\/v2\/comments?post=17261"}],"version-history":[{"count":0,"href":"https:\/\/shop.yipinqian.com\/fr\/wp-json\/wp\/v2\/product\/17261\/revisions"}],"wp:featuredmedia":[{"embeddable":true,"href":"https:\/\/shop.yipinqian.com\/fr\/wp-json\/wp\/v2\/media\/17265"}],"wp:attachment":[{"href":"https:\/\/shop.yipinqian.com\/fr\/wp-json\/wp\/v2\/media?parent=17261"}],"wp:term":[{"taxonomy":"product_brand","embeddable":true,"href":"https:\/\/shop.yipinqian.com\/fr\/wp-json\/wp\/v2\/product_brand?post=17261"},{"taxonomy":"product_cat","embeddable":true,"href":"https:\/\/shop.yipinqian.com\/fr\/wp-json\/wp\/v2\/product_cat?post=17261"},{"taxonomy":"product_tag","embeddable":true,"href":"https:\/\/shop.yipinqian.com\/fr\/wp-json\/wp\/v2\/product_tag?post=17261"}],"curies":[{"name":"wp","href":"https:\/\/api.w.org\/{rel}","templated":true}]}}