{"id":1726,"date":"2024-10-24T23:21:51","date_gmt":"2024-10-24T15:21:51","guid":{"rendered":"https:\/\/shop.yipinqian.com\/product\/rare-old-pit-icy-translucent-with-yellow-and-light-green-hue-collectible-natural-type-a-jadeite-jade-crafted-as-milo-buddha-added-with-18k-gold-clasp-as-pendant-certificate-weighs-6-09-grams-measureme\/"},"modified":"2025-02-24T01:17:27","modified_gmt":"2025-02-23T17:17:27","slug":"rare-old-pit-icy-translucent-with-yellow-and-light-green-hue-collectible-natural-type-a-jadeite-jade-crafted-as-milo-buddha-added-with-18k-gold-clasp-as-pendant-certificate-weighs-6-09-grams-measureme","status":"publish","type":"product","link":"https:\/\/shop.yipinqian.com\/fr\/produit\/rare-old-pit-icy-translucent-with-yellow-and-light-green-hue-collectible-natural-type-a-jadeite-jade-crafted-as-milo-buddha-added-with-18k-gold-clasp-as-pendant-certificate-weighs-6-09-grams-measureme\/","title":{"rendered":"Rare vieux puits glac\u00e9 translucide avec une teinte jaune et vert clair Jade jad\u00e9ite naturelle de type A de collection fabriqu\u00e9 en forme de Bouddha Milo rieur ajout\u00e9 avec un fermoir en or 18 carats en guise de pendentif, le certificat p\u00e8se 6,09 grammes, mesure 26,8 * 23,2 * 6 mm (18kp63)"},"content":{"rendered":"<p>This rare Old Pit Icy Translucent Jade Pendant showcases a beautiful blend of yellow and light green hues, crafted as a Milo Buddha and enhanced with an 18k Gold Clasp.<\/p>\n<p><\/p>\n<p>Old Pit Jadeite: A Rare &amp; Valuable Find<\/p>\n<p><\/p>\n<p>&#8220;Discover the allure of <strong>Old Pit jadeite<\/strong>, renowned for its exceptional quality and rarity. This prized gem boasts a mesmerizing light green hue and yellow, icy translucent clarity, <strong>with natural inclusions <\/strong>that attest to its authenticity.<\/p>\n<p>Invest in a piece of history, as <u>Old Pit jadeite without inclusions can command premium prices<\/u>. Don&#8217;t miss this opportunity to own a true treasure.&#8221;<\/p>\n<p><img fetchpriority=\"high\" decoding=\"async\" src=\"https:\/\/shop.yipinqian.com\/wp-content\/uploads\/2024\/10\/e1a27bf5a33c4ed9a9de116f1df78e1btplv-aphluv4xwc-origin-jpeg.jpeg?from=476444299\" width=\"1080\" height=\"1080\"><img decoding=\"async\" src=\"https:\/\/shop.yipinqian.com\/wp-content\/uploads\/2024\/10\/8abcbba21c8d4240ac7c90654c13ad42tplv-aphluv4xwc-origin-jpeg.jpeg?from=476444299\" width=\"1080\" height=\"1080\"><\/p>\n<p>Certificate numbers: 920770039819<\/p>\n<p><\/p>\n<ul>\n<li>Rare Old Pit Icy Translucent Jade<\/li>\n<li>Jad\u00e9ite naturelle de type A<\/li>\n<li>18k Gold Clasp with diamonds &#8211; 0.44 grams<\/li>\n<li>Diamonds ~ 5 * 0.003 Carats<\/li>\n<\/ul>\n<p>Weighing at <strong>6.09 grams<\/strong> et mesurant \u00e0 <strong>26.8 *23.2 *6 mm<\/strong>, this collectible piece exudes elegance and charm.<\/p>\n<ul>\n<li>Certificat inclus : Oui<\/li>\n<li>Mat\u00e9riau secondaire : diamant<\/li>\n<li>Hailing from Myanmar, this exquisite pendant is perfect for auspicious occasions, appealing to both men and women with its unisex design. Jade Type: Jadeite<\/li>\n<\/ul>\n<p>Yi Pin Qian \u2013 N\u00e9gociant en pierres pr\u00e9cieuses et m\u00e9taux pr\u00e9cieux \u00e0 Singapour \u2013 Num\u00e9ro de licence PS20190000031<\/p>\n<p><\/p>\n<p>*Toutes les jad\u00e9ites achet\u00e9es chez Yi Pin Qian \u00e0 Singapour, les clients peuvent r\u00e9server des cr\u00e9neaux pour le polissage ou une r\u00e9paration mineure en cas de mauvaise manipulation - des frais s&#039;appliquent et uniquement pour les clients de Yi Pin Qian \u00e0 Singapour*<\/p>\n<p><\/p>\n<p><strong>**Types de certificats**<\/strong><\/p>\n<p><\/p>\n<p><strong>NGI (Nan Yang Gemmologie)<\/strong><\/p>\n<p>ou <strong>Certificats \u00e9trangers <\/strong>(Yi Pin Qian utilise uniquement des certificats authentiques provenant de laboratoires \u00e9trangers et contr\u00f4le \u00e9galement la qualit\u00e9 de chacun de nos produits avant de les mettre en vente \u00e0 Singapour)<\/p>\n<p><\/p>\n<p>Chaque produit sur TikTok aura le type de certificat fourni indiqu\u00e9 dans la description. Pour tout client souhaitant envoyer sa commande \u00e0 NGI Singapore, il y aura un d\u00e9lai d&#039;attente pour la livraison de la commande estim\u00e9 \u00e0 environ 4 semaines pour recevoir votre commande. <strong>Les demandes de rapport NGI Gemstone doivent \u00eatre effectu\u00e9es en nous envoyant un message.<\/strong> Merci, <strong><u>des frais suppl\u00e9mentaires s&#039;appliquent<\/u><\/strong>.<\/p>\n<p><\/p>\n<p><strong>La jad\u00e9ite naturelle n&#039;est pas parfaite, juste un petit rappel : notre jad\u00e9ite naturelle, comme toutes les belles choses de la nature, poss\u00e8de ses caract\u00e9ristiques et ses variations uniques. Nous invitons nos pr\u00e9cieux clients \u00e0 adopter ces variations naturelles. Bon shopping !<\/strong><\/p>\n<p><\/p>\n<p><strong><u>Aucune des photos et des s\u00e9quences vid\u00e9o n&#039;a \u00e9t\u00e9 filtr\u00e9e. Nous encourageons nos clients \u00e0 regarder \u00e9galement les vid\u00e9os d&#039;accompagnement pour une vue plus compl\u00e8te de nos produits<\/u><\/strong><\/p>\n<p><\/p>\n<ul>\n<li>Diff\u00e9rentes plates-formes ne peuvent visionner des vid\u00e9os que via le bureau<\/li>\n<\/ul>","protected":false},"excerpt":{"rendered":"<p>This rare Old Pit Icy Translucent Jade Pendant showcases a beautiful blend of yellow and light green hues, crafted as a Milo Buddha and enhanced with an 18k Gold Clasp. Old Pit Jadeite: A Rare &amp; Valuable Find &#8220;Discover the allure of Old Pit jadeite, renowned for its exceptional quality and rarity. This prized gem [&hellip;]<\/p>","protected":false},"featured_media":7454,"comment_status":"open","ping_status":"closed","template":"","meta":[],"product_brand":[],"product_cat":[195],"product_tag":[50,52,69,53,79,54,55,56,58,116,73,75,59,60,61,68,62],"class_list":{"0":"post-1726","1":"product","2":"type-product","3":"status-publish","4":"has-post-thumbnail","6":"product_cat-heirloom-grade","7":"product_tag-18k-gold","8":"product_tag-certified","9":"product_tag-clasp","10":"product_tag-fine-quality","11":"product_tag-green-hue","12":"product_tag-icy","13":"product_tag-jadeite","14":"product_tag-limited-editions","15":"product_tag-new-arrivals","16":"product_tag-old-pit","17":"product_tag-pendant","18":"product_tag-traditional","19":"product_tag-translucent","20":"product_tag-type-a-jadeite","21":"product_tag-unisex","22":"product_tag-yellow","23":"product_tag-yi-pin-qian-exclusive","25":"first","26":"instock","27":"sale","28":"shipping-taxable","29":"purchasable","30":"product-type-simple"},"_links":{"self":[{"href":"https:\/\/shop.yipinqian.com\/fr\/wp-json\/wp\/v2\/product\/1726","targetHints":{"allow":["GET"]}}],"collection":[{"href":"https:\/\/shop.yipinqian.com\/fr\/wp-json\/wp\/v2\/product"}],"about":[{"href":"https:\/\/shop.yipinqian.com\/fr\/wp-json\/wp\/v2\/types\/product"}],"replies":[{"embeddable":true,"href":"https:\/\/shop.yipinqian.com\/fr\/wp-json\/wp\/v2\/comments?post=1726"}],"version-history":[{"count":0,"href":"https:\/\/shop.yipinqian.com\/fr\/wp-json\/wp\/v2\/product\/1726\/revisions"}],"wp:featuredmedia":[{"embeddable":true,"href":"https:\/\/shop.yipinqian.com\/fr\/wp-json\/wp\/v2\/media\/7454"}],"wp:attachment":[{"href":"https:\/\/shop.yipinqian.com\/fr\/wp-json\/wp\/v2\/media?parent=1726"}],"wp:term":[{"taxonomy":"product_brand","embeddable":true,"href":"https:\/\/shop.yipinqian.com\/fr\/wp-json\/wp\/v2\/product_brand?post=1726"},{"taxonomy":"product_cat","embeddable":true,"href":"https:\/\/shop.yipinqian.com\/fr\/wp-json\/wp\/v2\/product_cat?post=1726"},{"taxonomy":"product_tag","embeddable":true,"href":"https:\/\/shop.yipinqian.com\/fr\/wp-json\/wp\/v2\/product_tag?post=1726"}],"curies":[{"name":"wp","href":"https:\/\/api.w.org\/{rel}","templated":true}]}}