{"id":1723,"date":"2024-10-24T23:21:50","date_gmt":"2024-10-24T15:21:50","guid":{"rendered":"https:\/\/shop.yipinqian.com\/product\/rare-old-collection-natural-type-a-jadeite-jade-pendant-necklace-crafted-as-milo-buddha-with-certificate-weigh-56-32-grams-measurement-54-2-45-6-12-8-mm-pendant181\/"},"modified":"2025-02-24T01:17:27","modified_gmt":"2025-02-23T17:17:27","slug":"rare-old-collection-natural-type-a-jadeite-jade-pendant-necklace-crafted-as-milo-buddha-with-certificate-weigh-56-32-grams-measurement-54-2-45-6-12-8-mm-pendant181","status":"publish","type":"product","link":"https:\/\/shop.yipinqian.com\/fr\/produit\/rare-old-collection-natural-type-a-jadeite-jade-pendant-necklace-crafted-as-milo-buddha-with-certificate-weigh-56-32-grams-measurement-54-2-45-6-12-8-mm-pendant181\/","title":{"rendered":"Collier pendentif en jade jad\u00e9ite naturelle de type A de collection ancienne rare fabriqu\u00e9 en tant que Bouddha Milo avec certificat pesant 56,32 grammes, mesurant 54,2 * 45,6 * 12,8 mm (pendentif181)"},"content":{"rendered":"<p>Ce collier pendentif en jade jad\u00e9ite naturelle de type A de la collection Old Rare est un v\u00e9ritable chef-d&#039;\u0153uvre. Con\u00e7u comme le Bouddha Milo avec des d\u00e9tails complexes, c&#039;est une pi\u00e8ce unique qui ajoutera de l&#039;\u00e9l\u00e9gance \u00e0 n&#039;importe quelle tenue.<\/p>\n<p>\u00a0<\/p>\n<p><strong>Num\u00e9ros de certificat : GD2112H004533<\/strong><\/p>\n<p><img fetchpriority=\"high\" decoding=\"async\" height=\"1080\" src=\"https:\/\/shop.yipinqian.com\/wp-content\/uploads\/2024\/10\/66e844cf10f9a593101c9ed7bf6bebdb.jpg?from=476444299\" width=\"1080\"><\/p>\n<ul>\n<li>\n<strong>Jade jad\u00e9ite naturelle de type A :<\/strong> Le pendentif est fabriqu\u00e9 en jade jad\u00e9ite naturel de type A, rare et pr\u00e9cieux, garantissant sa qualit\u00e9 et sa durabilit\u00e9.<\/li>\n<li>\n<strong>Avec certificat :<\/strong> Ce collier est accompagn\u00e9 d&#039;un certificat d&#039;authenticit\u00e9 garantissant son authenticit\u00e9 et sa valeur.<\/li>\n<li>\n<strong>Style de collier d\u00e9contract\u00e9 :<\/strong> Le collier a un style d\u00e9contract\u00e9 qui le rend parfait pour un usage quotidien ou pour des occasions sp\u00e9ciales.<\/li>\n<\/ul>\n<p>Avec un poids de 56,32 grammes et des dimensions de 54,2 * 45,6 * 12,8 mm (pendentif 181), ce collier fera bonne impression partout o\u00f9 vous irez. Sa nature propice en fait le cadeau id\u00e9al pour vos proches lors d&#039;occasions sp\u00e9ciales ou simplement comme compl\u00e9ment \u00e0 votre collection de bijoux.<\/p>\n<ul>\n<li>\n<strong>Fabriqu\u00e9 au Myanmar :<\/strong> Ce produit est fabriqu\u00e9 au Myanmar, o\u00f9 l&#039;on trouve le jade de la meilleure qualit\u00e9.<\/li>\n<li>\n<strong>Type de garantie non valide :<\/strong> Ce produit n&#039;est pas accompagn\u00e9 d&#039;une garantie de type<\/li>\n<li>.<\/li>\n<\/ul>\n<p>Ce collier pendentif unisexe incarne le style, l&#039;\u00e9l\u00e9gance et l&#039;unicit\u00e9 dans un seul bijou !<\/p>\n<p>\u00a0<\/p>\n<p>Yi Pin Qian \u2013 N\u00e9gociant en pierres pr\u00e9cieuses et m\u00e9taux pr\u00e9cieux \u00e0 Singapour \u2013 Num\u00e9ro de licence PS20190000031<\/p>\n<p>\u00a0<\/p>\n<p>*Toutes les jad\u00e9ites achet\u00e9es chez Yi Pin Qian \u00e0 Singapour, les clients peuvent r\u00e9server des cr\u00e9neaux pour le polissage ou une r\u00e9paration mineure en cas de mauvaise manipulation - des frais s&#039;appliquent et uniquement pour les clients de Yi Pin Qian \u00e0 Singapour*<\/p>\n<p>\u00a0<\/p>\n<p><strong>**Types de certificats**<\/strong><\/p>\n<p>\u00a0<\/p>\n<p><strong>NGI (Nan Yang Gemmologie)<\/strong><\/p>\n<p>ou <strong>Certificats \u00e9trangers <\/strong>(Yi Pin Qian utilise uniquement des certificats authentiques provenant de laboratoires \u00e9trangers et contr\u00f4le \u00e9galement la qualit\u00e9 de chacun de nos produits avant de les mettre en vente \u00e0 Singapour)<\/p>\n<p>\u00a0<\/p>\n<p>Chaque produit sur TikTok aura le type de certificat fourni indiqu\u00e9 dans la description. Pour tout client souhaitant envoyer sa commande \u00e0 NGI Singapore, il y aura un d\u00e9lai d&#039;attente pour la livraison de la commande estim\u00e9 \u00e0 environ 4 semaines pour recevoir votre commande. <strong>Les demandes de rapport sur les pierres pr\u00e9cieuses NGI doivent \u00eatre effectu\u00e9es en envoyant un message \u00e0 la boutique TikTok de Yi Pin Qian.<\/strong> Merci, <strong><u>des frais suppl\u00e9mentaires s&#039;appliquent<\/u><\/strong>.<\/p>\n<p>\u00a0<\/p>\n<p><strong>La jad\u00e9ite naturelle n&#039;est pas parfaite, juste un petit rappel : notre jad\u00e9ite naturelle, comme toutes les belles choses de la nature, poss\u00e8de ses caract\u00e9ristiques et ses variations uniques. Nous invitons nos pr\u00e9cieux clients \u00e0 adopter ces variations naturelles. Bon shopping !<\/strong><\/p>\n<p>\u00a0<\/p>\n<p><strong><u>Aucune des photos et des s\u00e9quences vid\u00e9o n&#039;a \u00e9t\u00e9 filtr\u00e9e. Nous encourageons nos clients \u00e0 regarder \u00e9galement les vid\u00e9os d&#039;accompagnement pour une vue plus compl\u00e8te de nos produits<\/u><\/strong><\/p>","protected":false},"excerpt":{"rendered":"<p>This Rare Old Collection Natural Type A Jadeite Jade Pendant Necklace is a true masterpiece. Crafted as Milo Buddha with intricate details, it is a one-of-a-kind piece that will add elegance to any outfit. \u00a0 Certificate numbers: GD2112H004533 Natural Type A Jadeite Jade: The pendant is made of rare and valuable natural Type A jadeite [&hellip;]<\/p>","protected":false},"featured_media":7434,"comment_status":"open","ping_status":"closed","template":"","meta":[],"product_brand":[],"product_cat":[195],"product_tag":[],"class_list":{"0":"post-1723","1":"product","2":"type-product","3":"status-publish","4":"has-post-thumbnail","6":"product_cat-heirloom-grade","8":"first","9":"instock","10":"sale","11":"shipping-taxable","12":"purchasable","13":"product-type-simple"},"_links":{"self":[{"href":"https:\/\/shop.yipinqian.com\/fr\/wp-json\/wp\/v2\/product\/1723","targetHints":{"allow":["GET"]}}],"collection":[{"href":"https:\/\/shop.yipinqian.com\/fr\/wp-json\/wp\/v2\/product"}],"about":[{"href":"https:\/\/shop.yipinqian.com\/fr\/wp-json\/wp\/v2\/types\/product"}],"replies":[{"embeddable":true,"href":"https:\/\/shop.yipinqian.com\/fr\/wp-json\/wp\/v2\/comments?post=1723"}],"version-history":[{"count":0,"href":"https:\/\/shop.yipinqian.com\/fr\/wp-json\/wp\/v2\/product\/1723\/revisions"}],"wp:featuredmedia":[{"embeddable":true,"href":"https:\/\/shop.yipinqian.com\/fr\/wp-json\/wp\/v2\/media\/7434"}],"wp:attachment":[{"href":"https:\/\/shop.yipinqian.com\/fr\/wp-json\/wp\/v2\/media?parent=1723"}],"wp:term":[{"taxonomy":"product_brand","embeddable":true,"href":"https:\/\/shop.yipinqian.com\/fr\/wp-json\/wp\/v2\/product_brand?post=1723"},{"taxonomy":"product_cat","embeddable":true,"href":"https:\/\/shop.yipinqian.com\/fr\/wp-json\/wp\/v2\/product_cat?post=1723"},{"taxonomy":"product_tag","embeddable":true,"href":"https:\/\/shop.yipinqian.com\/fr\/wp-json\/wp\/v2\/product_tag?post=1723"}],"curies":[{"name":"wp","href":"https:\/\/api.w.org\/{rel}","templated":true}]}}