{"id":1721,"date":"2024-10-24T23:21:48","date_gmt":"2024-10-24T15:21:48","guid":{"rendered":"https:\/\/shop.yipinqian.com\/product\/rare-light-green-with-red-natural-type-a-jadeite-jade-crafted-as-phoenix-to-use-as-pendant-certificate-weighs-27-45-grams-measurement-52-3-28-5-12-5-mm-pendant279\/"},"modified":"2025-02-24T00:49:52","modified_gmt":"2025-02-23T16:49:52","slug":"rare-light-green-with-red-natural-type-a-jadeite-jade-crafted-as-phoenix-to-use-as-pendant-certificate-weighs-27-45-grams-measurement-52-3-28-5-12-5-mm-pendant279","status":"publish","type":"product","link":"https:\/\/shop.yipinqian.com\/fr\/produit\/rare-light-green-with-red-natural-type-a-jadeite-jade-crafted-as-phoenix-to-use-as-pendant-certificate-weighs-27-45-grams-measurement-52-3-28-5-12-5-mm-pendant279\/","title":{"rendered":"Rare Light Green with Red Natural Type A Jadeite Jade crafted as Phoenix to use as Pendant, certificate weighs  27.45 grams, measurement 52.3 * 28.5 * 12.5 mm (pendant279)"},"content":{"rendered":"<p>This exquisite pendant features a rare light green with red natural Type A Jadeite Jade, skillfully crafted in the shape of a Phoenix. It comes with a certificate confirming its authenticity, weighing 27.45 grams and measuring 52.3 * 28.5 * 12.5 mm.<\/p>\n<p>\u00a0<\/p>\n<p>Certificate numbers: SW22062100238<\/p>\n<p><img fetchpriority=\"high\" decoding=\"async\" height=\"1080\" src=\"https:\/\/shop.yipinqian.com\/wp-content\/uploads\/2024\/10\/988f4b6ca0d9e16bb236cf1240ad53bd.jpg?from=476444299\" width=\"1080\"><\/p>\n<ul>\n<li>\n<strong>Avec certificat :<\/strong> Oui<\/li>\n<li>\n<strong>Pays d&#039;origine :<\/strong> Birmanie<\/li>\n<li>\n<strong>Occasion:<\/strong>Tous les jours<\/li>\n<li><strong>Type de jade : jad\u00e9ite<\/strong><\/li>\n<\/ul>\n<p><strong>This unique piece is perfect for daily wear and is suitable for both men and women, making it a versatile addition to any jewelry collection.<\/strong><\/p>\n<ul>\n<li><strong>Neklace Style:Casual<\/strong><\/li>\n<\/ul>\n<p><strong>La jad\u00e9ite naturelle n&#039;est pas parfaite, juste un petit rappel : notre jad\u00e9ite naturelle, comme toutes les belles choses de la nature, poss\u00e8de ses caract\u00e9ristiques et ses variations uniques. Nous invitons nos pr\u00e9cieux clients \u00e0 adopter ces variations naturelles. Bon shopping !<\/strong><\/p>\n<p>\u00a0<\/p>\n<p><strong><u>Aucune des photos et des s\u00e9quences vid\u00e9o n&#039;a \u00e9t\u00e9 filtr\u00e9e. Nous encourageons nos clients \u00e0 regarder \u00e9galement les vid\u00e9os d&#039;accompagnement pour une vue plus compl\u00e8te de nos produits<\/u><\/strong><\/p>\n<p>\u00a0<\/p>\n<ul>\n<li>Diff\u00e9rentes plates-formes ne peuvent visionner des vid\u00e9os que via le bureau<\/li>\n<\/ul>","protected":false},"excerpt":{"rendered":"<p>This exquisite pendant features a rare light green with red natural Type A Jadeite Jade, skillfully crafted in the shape of a Phoenix. It comes with a certificate confirming its authenticity, weighing 27.45 grams and measuring 52.3 * 28.5 * 12.5 mm. \u00a0 Certificate numbers: SW22062100238 With Certificate: Yes Country of Origin: Myanmar Occasion:Daily Jade [&hellip;]<\/p>","protected":false},"featured_media":7414,"comment_status":"open","ping_status":"closed","template":"","meta":[],"product_brand":[],"product_cat":[194],"product_tag":[],"class_list":{"0":"post-1721","1":"product","2":"type-product","3":"status-publish","4":"has-post-thumbnail","6":"product_cat-value-picks","8":"first","9":"instock","10":"sale","11":"shipping-taxable","12":"purchasable","13":"product-type-simple"},"_links":{"self":[{"href":"https:\/\/shop.yipinqian.com\/fr\/wp-json\/wp\/v2\/product\/1721","targetHints":{"allow":["GET"]}}],"collection":[{"href":"https:\/\/shop.yipinqian.com\/fr\/wp-json\/wp\/v2\/product"}],"about":[{"href":"https:\/\/shop.yipinqian.com\/fr\/wp-json\/wp\/v2\/types\/product"}],"replies":[{"embeddable":true,"href":"https:\/\/shop.yipinqian.com\/fr\/wp-json\/wp\/v2\/comments?post=1721"}],"version-history":[{"count":0,"href":"https:\/\/shop.yipinqian.com\/fr\/wp-json\/wp\/v2\/product\/1721\/revisions"}],"wp:featuredmedia":[{"embeddable":true,"href":"https:\/\/shop.yipinqian.com\/fr\/wp-json\/wp\/v2\/media\/7414"}],"wp:attachment":[{"href":"https:\/\/shop.yipinqian.com\/fr\/wp-json\/wp\/v2\/media?parent=1721"}],"wp:term":[{"taxonomy":"product_brand","embeddable":true,"href":"https:\/\/shop.yipinqian.com\/fr\/wp-json\/wp\/v2\/product_brand?post=1721"},{"taxonomy":"product_cat","embeddable":true,"href":"https:\/\/shop.yipinqian.com\/fr\/wp-json\/wp\/v2\/product_cat?post=1721"},{"taxonomy":"product_tag","embeddable":true,"href":"https:\/\/shop.yipinqian.com\/fr\/wp-json\/wp\/v2\/product_tag?post=1721"}],"curies":[{"name":"wp","href":"https:\/\/api.w.org\/{rel}","templated":true}]}}