{"id":1720,"date":"2024-10-24T23:21:48","date_gmt":"2024-10-24T15:21:48","guid":{"rendered":"https:\/\/shop.yipinqian.com\/product\/rare-imperial-light-lavender-patches-natural-type-a-jadeite-jade-pendant-necklace-crafted-as-peach-with-certificate-weigh-13-52-grams-34-22-8-11-3-mm-pendant171\/"},"modified":"2025-02-24T00:49:52","modified_gmt":"2025-02-23T16:49:52","slug":"rare-imperial-light-lavender-patches-natural-type-a-jadeite-jade-pendant-necklace-crafted-as-peach-with-certificate-weigh-13-52-grams-34-22-8-11-3-mm-pendant171","status":"publish","type":"product","link":"https:\/\/shop.yipinqian.com\/fr\/produit\/rare-imperial-light-lavender-patches-natural-type-a-jadeite-jade-pendant-necklace-crafted-as-peach-with-certificate-weigh-13-52-grams-34-22-8-11-3-mm-pendant171\/","title":{"rendered":"Rare Imperial Light Lavender Patches Natural Type A Jadeite Jade Pendant Necklace crafted as peach with certificate weigh 13.52 grams, 34 * 22.8 * 11.3 mm (pendant171)"},"content":{"rendered":"<p>Elevate your jewelry collection with this <strong>Rare Imperial Light Lavender Patches<\/strong> Natural Type A Jadeite Jade Pendant Necklace. Crafted in the shape of a peach, this necklace exudes elegance and sophistication.<\/p>\n<p>\u00a0<\/p>\n<p>(The words<strong> <u>Imperial Light Lavender<\/u><\/strong> was used as the patches of Lavender under the Sun did show; however customer need to understand that the Imperial Light Lavender is there but <strong>not much<\/strong>)<\/p>\n<p>\u00a0<\/p>\n<p><strong>Certificate numbers: GD2202H001265<\/strong><\/p>\n<ul>\n<li>\n<strong>Design \u00e9poustouflant :<\/strong> The pendant is made of natural Type A jadeite jade and weighs 13.52 grams, measuring 34 * 22.8 * 11.3 mm (pendant171). The imperial light lavender patches add a unique touch to this exquisite piece.<\/li>\n<li>\n<strong>Avec certificat :<\/strong> This necklace comes with a certificate to guarantee the authenticity of the Type A jadeite jade.<\/li>\n<li>\n<strong>Style d\u00e9contract\u00e9 :<\/strong> The necklace has a casual style that makes it perfect for daily wear and can easily complement any outfit in your wardrobe.<\/li>\n<\/ul>\n<p>The pendant is suspended on a delicate chain that highlights its beauty, making it an ideal gift for any fashion-conscious woman who loves exceptional jewelry pieces. This product is perfect for females who appreciate fine craftsmanship and exquisite design details.<\/p>\n<ul>\n<li>The <strong>Jade Type<\/strong>, which is <em>Jad\u00e9ite<\/em>, ensures that you get high-quality jewelry that will last long without losing its luster or elegance over time.<\/li>\n<li>This product comes from <strong>Mandalay, Myanmar,<\/strong>a region known for producing some of the finest natural jades in the world &#8211; making it an exceptional addition to your collection or as an unforgettable gift to someone special!<\/li>\n<\/ul>\n<p>Yi Pin Qian \u2013 N\u00e9gociant en pierres pr\u00e9cieuses et m\u00e9taux pr\u00e9cieux \u00e0 Singapour \u2013 Num\u00e9ro de licence PS20190000031<\/p>\n<p>\u00a0<\/p>\n<p>*Toutes les jad\u00e9ites achet\u00e9es chez Yi Pin Qian \u00e0 Singapour, les clients peuvent r\u00e9server des cr\u00e9neaux pour le polissage ou une r\u00e9paration mineure en cas de mauvaise manipulation - des frais s&#039;appliquent et uniquement pour les clients de Yi Pin Qian \u00e0 Singapour*<\/p>\n<p>\u00a0<\/p>\n<p><strong>**Types de certificats**<\/strong><\/p>\n<p>\u00a0<\/p>\n<p><strong>NGI (Nan Yang Gemmologie)<\/strong><\/p>\n<p>ou <strong>Certificats \u00e9trangers <\/strong>(Yi Pin Qian utilise uniquement des certificats authentiques provenant de laboratoires \u00e9trangers et contr\u00f4le \u00e9galement la qualit\u00e9 de chacun de nos produits avant de les mettre en vente \u00e0 Singapour)<\/p>\n<p>\u00a0<\/p>\n<p>Chaque produit sur TikTok aura le type de certificat fourni indiqu\u00e9 dans la description. Pour tout client souhaitant envoyer sa commande \u00e0 NGI Singapore, il y aura un d\u00e9lai d&#039;attente pour la livraison de la commande estim\u00e9 \u00e0 environ 4 semaines pour recevoir votre commande. <strong>Les demandes de rapport sur les pierres pr\u00e9cieuses NGI doivent \u00eatre effectu\u00e9es en envoyant un message \u00e0 la boutique TikTok de Yi Pin Qian.<\/strong> Merci, <strong><u>des frais suppl\u00e9mentaires s&#039;appliquent<\/u><\/strong>.<\/p>\n<p>\u00a0<\/p>\n<p><strong>La jad\u00e9ite naturelle n&#039;est pas parfaite, juste un petit rappel : notre jad\u00e9ite naturelle, comme toutes les belles choses de la nature, poss\u00e8de ses caract\u00e9ristiques et ses variations uniques. Nous invitons nos pr\u00e9cieux clients \u00e0 adopter ces variations naturelles. Bon shopping !<\/strong><\/p>\n<p>\u00a0<\/p>\n<p><strong><u>Aucune des photos et des s\u00e9quences vid\u00e9o n&#039;a \u00e9t\u00e9 filtr\u00e9e. Nous encourageons nos clients \u00e0 regarder \u00e9galement les vid\u00e9os d&#039;accompagnement pour une vue plus compl\u00e8te de nos produits<\/u><\/strong><\/p>\n<p>\u00a0<\/p>\n<ul>\n<li>.<\/li>\n<\/ul>","protected":false},"excerpt":{"rendered":"<p>Elevate your jewelry collection with this Rare Imperial Light Lavender Patches Natural Type A Jadeite Jade Pendant Necklace. Crafted in the shape of a peach, this necklace exudes elegance and sophistication. \u00a0 (The words Imperial Light Lavender was used as the patches of Lavender under the Sun did show; however customer need to understand that [&hellip;]<\/p>","protected":false},"featured_media":7404,"comment_status":"open","ping_status":"closed","template":"","meta":[],"product_brand":[],"product_cat":[194],"product_tag":[],"class_list":{"0":"post-1720","1":"product","2":"type-product","3":"status-publish","4":"has-post-thumbnail","6":"product_cat-value-picks","8":"first","9":"instock","10":"sale","11":"shipping-taxable","12":"purchasable","13":"product-type-simple"},"_links":{"self":[{"href":"https:\/\/shop.yipinqian.com\/fr\/wp-json\/wp\/v2\/product\/1720","targetHints":{"allow":["GET"]}}],"collection":[{"href":"https:\/\/shop.yipinqian.com\/fr\/wp-json\/wp\/v2\/product"}],"about":[{"href":"https:\/\/shop.yipinqian.com\/fr\/wp-json\/wp\/v2\/types\/product"}],"replies":[{"embeddable":true,"href":"https:\/\/shop.yipinqian.com\/fr\/wp-json\/wp\/v2\/comments?post=1720"}],"version-history":[{"count":0,"href":"https:\/\/shop.yipinqian.com\/fr\/wp-json\/wp\/v2\/product\/1720\/revisions"}],"wp:featuredmedia":[{"embeddable":true,"href":"https:\/\/shop.yipinqian.com\/fr\/wp-json\/wp\/v2\/media\/7404"}],"wp:attachment":[{"href":"https:\/\/shop.yipinqian.com\/fr\/wp-json\/wp\/v2\/media?parent=1720"}],"wp:term":[{"taxonomy":"product_brand","embeddable":true,"href":"https:\/\/shop.yipinqian.com\/fr\/wp-json\/wp\/v2\/product_brand?post=1720"},{"taxonomy":"product_cat","embeddable":true,"href":"https:\/\/shop.yipinqian.com\/fr\/wp-json\/wp\/v2\/product_cat?post=1720"},{"taxonomy":"product_tag","embeddable":true,"href":"https:\/\/shop.yipinqian.com\/fr\/wp-json\/wp\/v2\/product_tag?post=1720"}],"curies":[{"name":"wp","href":"https:\/\/api.w.org\/{rel}","templated":true}]}}