{"id":17161,"date":"2025-01-14T21:49:26","date_gmt":"2025-01-14T13:49:26","guid":{"rendered":"https:\/\/shop.yipinqian.com\/three-legs-toad-green-natural-type-a-jadeite-jade-set-with-18k-as-ring-certificate-weighs-3-78-grams-measurement-13-6-8-7-9-6-mm-18kring41\/"},"modified":"2025-01-14T21:56:20","modified_gmt":"2025-01-14T13:56:20","slug":"three-legs-toad-green-natural-type-a-jadeite-jade-set-with-18k-as-ring-certificate-weighs-3-78-grams-measurement-13-6-8-7-9-6-mm-18kring41","status":"publish","type":"product","link":"https:\/\/shop.yipinqian.com\/fr\/produit\/three-legs-toad-green-natural-type-a-jadeite-jade-set-with-18k-as-ring-certificate-weighs-3-78-grams-measurement-13-6-8-7-9-6-mm-18kring41\/","title":{"rendered":"Jadeite verte naturelle de type A \u00e0 trois pattes en forme de crapaud sertie de 18 carats comme certificat de bague p\u00e8se 3,78 grammes, mesure 13,6 * 8,7 * 9,6 mm (18kring41)"},"content":{"rendered":"<p><iframe height=\"300\" width=\"330\" src=\"https:\/\/youtube.com\/embed\/hRqsyAYUCfU\" title=\"Bague Crapaud \u00e0 Trois Pattes Cabochon Vert\"><\/iframe><\/p>\n<p>D\u00e9couvrez la superbe bague en jade jad\u00e9ite naturelle de type A verte \u00e0 trois pattes, magnifiquement r\u00e9alis\u00e9e en or 18 carats. Cette pi\u00e8ce unique est \u00e0 la fois une d\u00e9claration et un symbole de prosp\u00e9rit\u00e9.<\/p>\n<p><\/p>\n<p>Num\u00e9ros de certificat : GD2110H018495<\/p>\n<p>Taille des doigts (diam\u00e8tre) : 15,5 mm<\/p>\n<p>Or 18 carats : 1,95 grammes<\/p>\n<p>Diamants : 8 * 0,003,<\/p>\n<p><img fetchpriority=\"high\" decoding=\"async\" src=\"https:\/\/shop.yipinqian.com\/wp-content\/uploads\/2024\/12\/a5851531f2f74efd8ffe98f955b43be2tplv-aphluv4xwc-origin-jpeg.jpeg?dr=15568&#038;nonce=51130&#038;refresh_token=e303c9626fec6f1d6d99a0b5b91847d7&#038;from=476444299&#038;idc=my&#038;ps=933b5bde&#038;shcp=9b759fb9&#038;shp=1c65f68b&#038;t=555f072d\" width=\"709\" height=\"598\"><br \/><img decoding=\"async\" src=\"https:\/\/shop.yipinqian.com\/wp-content\/uploads\/2024\/12\/b8d1ac4c57ec4a52a35b36cc82e497cdtplv-aphluv4xwc-origin-jpeg.jpeg?dr=15568&#038;nonce=76270&#038;refresh_token=c0870e7571c9615257da8f8c1aa3b328&#038;from=476444299&#038;idc=my&#038;ps=933b5bde&#038;shcp=9b759fb9&#038;shp=1c65f68b&#038;t=555f072d\" width=\"1536\" height=\"2048\"><br \/><img decoding=\"async\" src=\"https:\/\/shop.yipinqian.com\/wp-content\/uploads\/2024\/12\/2823f27e16034006af390831e7fe81a2tplv-aphluv4xwc-origin-jpeg.jpeg?dr=15568&#038;nonce=51540&#038;refresh_token=469c3794b42b54a6b02aebc0c7030a6e&#038;from=476444299&#038;idc=my&#038;ps=933b5bde&#038;shcp=9b759fb9&#038;shp=1c65f68b&#038;t=555f072d\" width=\"1080\" height=\"1080\"><br \/><img loading=\"lazy\" decoding=\"async\" src=\"https:\/\/shop.yipinqian.com\/wp-content\/uploads\/2024\/12\/714046f2a22f4518b2100535131097ectplv-aphluv4xwc-origin-jpeg.jpeg?dr=15568&#038;nonce=44389&#038;refresh_token=eb17d6d13f53d0711c7d8c55f792f7ad&#038;from=476444299&#038;idc=my&#038;ps=933b5bde&#038;shcp=9b759fb9&#038;shp=1c65f68b&#038;t=555f072d\" width=\"1536\" height=\"2048\"><\/p>\n<p> 2 * 0,005 carat<\/p>\n<ul>\n<li>\n<strong>Mat\u00e9riel:<\/strong> Jad\u00e9ite naturelle de type A et diamant<\/li>\n<li>\n<strong>Poids:<\/strong> 3,78 grammes<\/li>\n<li>\n<strong>Dimensions:<\/strong> 13,6 * 8,7 * 9,6 mm<\/li>\n<li>\n<strong>Conception \u00e9loquente :<\/strong> Mont\u00e9 en or PT\/Carat de premi\u00e8re qualit\u00e9<\/li>\n<li><strong>Origine culturelle : Myanmar, incarnant un riche patrimoine.<\/strong><\/li>\n<li><strong>Statut du certificat : Un certificat de bague est inclus pour l&#039;authenticit\u00e9.<\/strong><\/li>\n<li><strong>Occasion : Parfait pour un usage quotidien, ajoutant de l&#039;\u00e9l\u00e9gance \u00e0 n&#039;importe quel look.<\/strong><\/li>\n<\/ul>\n<p><strong>Cette superbe bague en jade est un cadeau id\u00e9al pour la femme sp\u00e9ciale de votre vie ou comme un plaisir personnel pour am\u00e9liorer votre collection de bijoux.<\/strong><\/p>\n<p><\/p>\n<p>Yi Pin Qian \u2013 N\u00e9gociant en pierres pr\u00e9cieuses et m\u00e9taux pr\u00e9cieux \u00e0 Singapour \u2013 Num\u00e9ro de licence PS20190000031<\/p>\n<p><\/p>\n<p>*Toutes les jad\u00e9ites achet\u00e9es chez Yi Pin Qian \u00e0 Singapour, les clients peuvent r\u00e9server des cr\u00e9neaux pour le polissage ou une r\u00e9paration mineure en cas de mauvaise manipulation - des frais s&#039;appliquent et uniquement pour les clients de Yi Pin Qian \u00e0 Singapour*<\/p>\n<p><\/p>\n<p><strong>**Types de certificats**<\/strong><\/p>\n<p><\/p>\n<p><strong>NGI (Nan Yang Gemmologie)<\/strong><\/p>\n<p>ou <strong>Certificats \u00e9trangers <\/strong>(Yi Pin Qian utilise uniquement des certificats authentiques provenant de laboratoires \u00e9trangers et contr\u00f4le \u00e9galement la qualit\u00e9 de chacun de nos produits avant de les mettre en vente \u00e0 Singapour)<\/p>\n<p><\/p>\n<p>Chaque produit aura le type de certificat fourni indiqu\u00e9 dans la description. Pour tout client souhaitant envoyer sa commande \u00e0 NGI Singapore, <strong>Les demandes de rapport NGI Gemstone doivent \u00eatre effectu\u00e9es en nous envoyant un message.<\/strong> Merci, <strong><u>des frais suppl\u00e9mentaires s&#039;appliquent<\/u><\/strong> \u2013 $90 pour la jad\u00e9ite \/ $150 pour la jad\u00e9ite avec or 18 carats \/ $150 pour les perles de jad\u00e9ite \u2013 ce n\u2019est pas obligatoire car la plupart de nos produits sont d\u00e9j\u00e0 livr\u00e9s avec un certificat d\u2019outre-mer ou un rapport NGI.<\/p>\n<p><\/p>\n<p>(Pour plus de d\u00e9tails ou demande suppl\u00e9mentaire : <strong>Veuillez nous envoyer un message si vous souhaitez envoyer votre article achet\u00e9 au laboratoire de test NGI<\/strong>)<\/p>\n<p><\/p>\n<p><strong>La jad\u00e9ite naturelle n&#039;est pas parfaite, juste un petit rappel : notre jad\u00e9ite naturelle, comme toutes les belles choses de la nature, poss\u00e8de ses caract\u00e9ristiques et ses variations uniques. Nous invitons nos pr\u00e9cieux clients \u00e0 adopter ces variations naturelles. Bon shopping !<\/strong><\/p>\n<p><\/p>\n<p><strong><u>Aucune des photos et des s\u00e9quences vid\u00e9o n&#039;a \u00e9t\u00e9 filtr\u00e9e. Nous encourageons nos clients \u00e0 regarder \u00e9galement les vid\u00e9os d&#039;accompagnement pour une vue plus compl\u00e8te de nos produits<\/u><\/strong><\/p>\n<p><\/p>\n<ul>\n<li>Diff\u00e9rentes plates-formes ne peuvent visionner des vid\u00e9os que via le bureau<\/li>\n<\/ul>","protected":false},"excerpt":{"rendered":"<p>Discover the exquisite Three Legs Toad Green Natural Type A Jadeite Jade ring, beautifully crafted with 18k gold. This unique piece is both a statement and a symbol of prosperity. Certificate numbers: GD2110H018495 Finger Size (Diameter): 15.5mm 18k Gold: 1.95 grams Diamonds: 8 * 0.003, 2 * 0.005 Carats Material: Natural Type A Jadeite and [&hellip;]<\/p>","protected":false},"featured_media":17166,"comment_status":"open","ping_status":"closed","template":"","meta":[],"product_brand":[],"product_cat":[119,80,122],"product_tag":[50,64,52,88,65,66,55,58,71,181,60,62],"class_list":{"0":"post-17161","1":"product","2":"type-product","3":"status-publish","4":"has-post-thumbnail","6":"product_cat-18k-gold-ring-setting","7":"product_cat-jade-rings","8":"product_cat-jadeite-rings","9":"product_tag-18k-gold","10":"product_tag-cabochon","11":"product_tag-certified","12":"product_tag-diamonds","13":"product_tag-high-quality","14":"product_tag-jade-ring","15":"product_tag-jadeite","16":"product_tag-new-arrivals","17":"product_tag-ring","18":"product_tag-three-legs-toad","19":"product_tag-type-a-jadeite","20":"product_tag-yi-pin-qian-exclusive","22":"first","23":"instock","24":"sale","25":"shipping-taxable","26":"purchasable","27":"product-type-simple"},"_links":{"self":[{"href":"https:\/\/shop.yipinqian.com\/fr\/wp-json\/wp\/v2\/product\/17161","targetHints":{"allow":["GET"]}}],"collection":[{"href":"https:\/\/shop.yipinqian.com\/fr\/wp-json\/wp\/v2\/product"}],"about":[{"href":"https:\/\/shop.yipinqian.com\/fr\/wp-json\/wp\/v2\/types\/product"}],"replies":[{"embeddable":true,"href":"https:\/\/shop.yipinqian.com\/fr\/wp-json\/wp\/v2\/comments?post=17161"}],"version-history":[{"count":0,"href":"https:\/\/shop.yipinqian.com\/fr\/wp-json\/wp\/v2\/product\/17161\/revisions"}],"wp:featuredmedia":[{"embeddable":true,"href":"https:\/\/shop.yipinqian.com\/fr\/wp-json\/wp\/v2\/media\/17166"}],"wp:attachment":[{"href":"https:\/\/shop.yipinqian.com\/fr\/wp-json\/wp\/v2\/media?parent=17161"}],"wp:term":[{"taxonomy":"product_brand","embeddable":true,"href":"https:\/\/shop.yipinqian.com\/fr\/wp-json\/wp\/v2\/product_brand?post=17161"},{"taxonomy":"product_cat","embeddable":true,"href":"https:\/\/shop.yipinqian.com\/fr\/wp-json\/wp\/v2\/product_cat?post=17161"},{"taxonomy":"product_tag","embeddable":true,"href":"https:\/\/shop.yipinqian.com\/fr\/wp-json\/wp\/v2\/product_tag?post=17161"}],"curies":[{"name":"wp","href":"https:\/\/api.w.org\/{rel}","templated":true}]}}