{"id":1715,"date":"2024-10-24T23:21:44","date_gmt":"2024-10-24T15:21:44","guid":{"rendered":"https:\/\/shop.yipinqian.com\/product\/rare-brown-and-white-natural-type-a-jadeite-pendant-carved-with-laozi-riding-the-cow-with-yin-and-yang-certificate-included-we-ighs-68-76-grams-69-10-48-70-17-20-mm-the-collectors-edition-or-daily-wea\/"},"modified":"2025-02-24T01:34:17","modified_gmt":"2025-02-23T17:34:17","slug":"rare-brown-and-white-natural-type-a-jadeite-pendant-carved-with-laozi-riding-the-cow-with-yin-and-yang-certificate-included-we-ighs-68-76-grams-69-10-48-70-17-20-mm-the-collectors-edition-or-daily-wea","status":"publish","type":"product","link":"https:\/\/shop.yipinqian.com\/fr\/produit\/rare-brown-and-white-natural-type-a-jadeite-pendant-carved-with-laozi-riding-the-cow-with-yin-and-yang-certificate-included-we-ighs-68-76-grams-69-10-48-70-17-20-mm-the-collectors-edition-or-daily-wea\/","title":{"rendered":"Rare Brown and White Natural Type A Jadeite Pendant carved with Laozi riding the cow with Yin and Yang, certificate included we ighs 68.76 grams, 69.10 * 48.70 * 17.20 mm, the collector&#8217;s edition or daily wear (pendant94)"},"content":{"rendered":"<p>This rare brown and white natural Type A jadeite pendant is the perfect addition to any jewelry collection. The intricately carved Laozi riding the cow with Yin and Yang design makes it a unique piece.<\/p>\n<ul>\n<li>\n<strong>Collector&#8217;s Edition or Daily Wear:<\/strong> This pendant is versatile, suitable for both daily wear or as a collector&#8217;s edition piece.<\/li>\n<li>\n<strong>Avec certificat :<\/strong> The pendant comes with a certificate of authenticity, ensuring that it is made from natural Type A jadeite.<\/li>\n<li>\n<strong>Type de jade :<\/strong> Made from high-quality Jadeite, this pendant showcases the beauty of this precious stone.<\/li>\n<\/ul>\n<p><strong>Certificate numbers: ZKS23021503185<\/strong><\/p>\n<p><img fetchpriority=\"high\" decoding=\"async\" height=\"1080\" src=\"https:\/\/shop.yipinqian.com\/wp-content\/uploads\/2024\/10\/68207270e53c8b61522772987d5f59aa.jpg?from=476444299\" width=\"1080\"><\/p>\n<p>The measurements of 69.10 * 48.70 * 17.20 mm and weight of 68.76 grams make this pendant substantial in size while still being comfortable to wear on casual occasions.<\/p>\n<ul>\n<li>\n<strong>Occasion:<\/strong>The necklace style makes it perfect for casual occasions making you stand out in any crowd<\/li>\n<\/ul>\n<p>This unisex accessory would make an excellent gift for anyone who appreciates unique jewelry pieces that highlight natural beauty.<\/p>\n<p>Please note that this product originates from Myanmar and comes with no warranty type attached to it but still promises an exceptional addition to your collection!<\/p>\n<p>Yi Pin Qian \u2013 N\u00e9gociant en pierres pr\u00e9cieuses et m\u00e9taux pr\u00e9cieux \u00e0 Singapour \u2013 Num\u00e9ro de licence PS20190000031<\/p>\n<p>\u00a0<\/p>\n<p>*Toutes les jad\u00e9ites achet\u00e9es chez Yi Pin Qian \u00e0 Singapour, les clients peuvent r\u00e9server des cr\u00e9neaux pour le polissage ou une r\u00e9paration mineure en cas de mauvaise manipulation - des frais s&#039;appliquent et uniquement pour les clients de Yi Pin Qian \u00e0 Singapour*<\/p>\n<p>\u00a0<\/p>\n<p><strong>**Types de certificats**<\/strong><\/p>\n<p>\u00a0<\/p>\n<p><strong>NGI (Nan Yang Gemmologie)<\/strong><\/p>\n<p>ou <strong>Certificats \u00e9trangers <\/strong>(Yi Pin Qian utilise uniquement des certificats authentiques provenant de laboratoires \u00e9trangers et contr\u00f4le \u00e9galement la qualit\u00e9 de chacun de nos produits avant de les mettre en vente \u00e0 Singapour)<\/p>\n<p>\u00a0<\/p>\n<p>Chaque produit sur TikTok aura le type de certificat fourni indiqu\u00e9 dans la description. Pour tout client souhaitant envoyer sa commande \u00e0 NGI Singapore, il y aura un d\u00e9lai d&#039;attente pour la livraison de la commande estim\u00e9 \u00e0 environ 4 semaines pour recevoir votre commande. <strong>Les demandes de rapport sur les pierres pr\u00e9cieuses NGI doivent \u00eatre effectu\u00e9es en envoyant un message \u00e0 la boutique TikTok de Yi Pin Qian.<\/strong> Merci, <strong><u>des frais suppl\u00e9mentaires s&#039;appliquent<\/u><\/strong>.<\/p>","protected":false},"excerpt":{"rendered":"<p>This rare brown and white natural Type A jadeite pendant is the perfect addition to any jewelry collection. The intricately carved Laozi riding the cow with Yin and Yang design makes it a unique piece. Collector&#8217;s Edition or Daily Wear: This pendant is versatile, suitable for both daily wear or as a collector&#8217;s edition piece. [&hellip;]<\/p>","protected":false},"featured_media":7351,"comment_status":"open","ping_status":"closed","template":"","meta":[],"product_brand":[],"product_cat":[196],"product_tag":[],"class_list":{"0":"post-1715","1":"product","2":"type-product","3":"status-publish","4":"has-post-thumbnail","6":"product_cat-vault-collection","8":"first","9":"instock","10":"sale","11":"shipping-taxable","12":"purchasable","13":"product-type-simple"},"_links":{"self":[{"href":"https:\/\/shop.yipinqian.com\/fr\/wp-json\/wp\/v2\/product\/1715","targetHints":{"allow":["GET"]}}],"collection":[{"href":"https:\/\/shop.yipinqian.com\/fr\/wp-json\/wp\/v2\/product"}],"about":[{"href":"https:\/\/shop.yipinqian.com\/fr\/wp-json\/wp\/v2\/types\/product"}],"replies":[{"embeddable":true,"href":"https:\/\/shop.yipinqian.com\/fr\/wp-json\/wp\/v2\/comments?post=1715"}],"version-history":[{"count":0,"href":"https:\/\/shop.yipinqian.com\/fr\/wp-json\/wp\/v2\/product\/1715\/revisions"}],"wp:featuredmedia":[{"embeddable":true,"href":"https:\/\/shop.yipinqian.com\/fr\/wp-json\/wp\/v2\/media\/7351"}],"wp:attachment":[{"href":"https:\/\/shop.yipinqian.com\/fr\/wp-json\/wp\/v2\/media?parent=1715"}],"wp:term":[{"taxonomy":"product_brand","embeddable":true,"href":"https:\/\/shop.yipinqian.com\/fr\/wp-json\/wp\/v2\/product_brand?post=1715"},{"taxonomy":"product_cat","embeddable":true,"href":"https:\/\/shop.yipinqian.com\/fr\/wp-json\/wp\/v2\/product_cat?post=1715"},{"taxonomy":"product_tag","embeddable":true,"href":"https:\/\/shop.yipinqian.com\/fr\/wp-json\/wp\/v2\/product_tag?post=1715"}],"curies":[{"name":"wp","href":"https:\/\/api.w.org\/{rel}","templated":true}]}}