{"id":17134,"date":"2025-01-14T19:51:00","date_gmt":"2025-01-14T11:51:00","guid":{"rendered":"https:\/\/shop.yipinqian.com\/premium-light-green-hue-natural-type-a-jadeite-jade-crafted-with-shape-of-gourd-as-pendant-set-with-18k-clasp-certificate-weigh-2-36-grams-measurement-20-5-12-9-5-9-mm-18kp31\/"},"modified":"2025-02-24T00:49:44","modified_gmt":"2025-02-23T16:49:44","slug":"premium-light-green-hue-natural-type-a-jadeite-jade-crafted-with-shape-of-gourd-as-pendant-set-with-18k-clasp-certificate-weigh-2-36-grams-measurement-20-5-12-9-5-9-mm-18kp31","status":"publish","type":"product","link":"https:\/\/shop.yipinqian.com\/fr\/produit\/premium-light-green-hue-natural-type-a-jadeite-jade-crafted-with-shape-of-gourd-as-pendant-set-with-18k-clasp-certificate-weigh-2-36-grams-measurement-20-5-12-9-5-9-mm-18kp31\/","title":{"rendered":"Pendentif en jade jad\u00e9ite naturel de type A de couleur vert clair de qualit\u00e9 sup\u00e9rieure, fabriqu\u00e9 en forme de gourde, serti d&#039;un fermoir 18 carats, poids certifi\u00e9 2,36 grammes, mesure 20,5 * 12,9 * 5,9 mm (18kp31)"},"content":{"rendered":"<p><iframe height=\"300\" width=\"330\" src=\"https:\/\/youtube.com\/embed\/wm0oppNZpOA\" title=\"Pendentif en forme de gourde translucide glac\u00e9e\"><\/iframe><\/p>\n<p>Rehaussez votre collection de bijoux avec ce pendentif en jade jad\u00e9ite naturelle de type A de couleur vert clair de qualit\u00e9 sup\u00e9rieure. Fabriqu\u00e9 avec soin et serti d&#039;un fermoir en or 18 carats, ce pendentif respire \u00e0 la fois l&#039;\u00e9l\u00e9gance et la sophistication.<\/p>\n<p><\/p>\n<p>Num\u00e9ros de certificat : GD2111H006113<\/p>\n<ul>\n<li>\n<strong>Jad\u00e9ite naturelle de type A :<\/strong> Fabriqu\u00e9 \u00e0 partir de jad\u00e9ite naturelle de type A, ce pendentif pr\u00e9sente une superbe teinte vert clair.<\/li>\n<li>\n<strong>Forme de la courge :<\/strong> La forme unique de la courge ajoute au charme du pendentif.<\/li>\n<li>\n<strong>Certificat:<\/strong> Cette pi\u00e8ce est accompagn\u00e9e d&#039;un certificat d&#039;authenticit\u00e9, garantissant sa qualit\u00e9 et sa valeur.<\/li>\n<li>\n<strong>Style d\u00e9contract\u00e9 :<\/strong> Son style d\u00e9contract\u00e9 le rend parfait pour un usage quotidien.<\/li>\n<\/ul>\n<p>Pesant 2,36 grammes, il mesure 20,5 * 12,9 * 5,9 mm (18kp31), ce qui le rend polyvalent pour la superposition ou \u00e0 porter seul comme une pi\u00e8ce de d\u00e9claration accrocheuse.<\/p>\n<ul>\n<li>\n<strong>Fabriqu\u00e9 au Myanmar : <\/strong>Ce collier en gourde de jade est fabriqu\u00e9 au Myanmar, o\u00f9 le jade est appr\u00e9ci\u00e9 depuis des si\u00e8cles en raison de sa beaut\u00e9 et de son importance culturelle.<\/li>\n<li>.<\/li>\n<\/ul>\n<p>Id\u00e9al pour les hommes et les femmes qui cherchent \u00e0 ajouter une touche d&#039;\u00e9l\u00e9gance \u00e0 leur collection de bijoux quotidiens sans compromettre le confort ou le style\u00a0; mettez la main sur cette pi\u00e8ce exquise d\u00e8s aujourd&#039;hui\u00a0!<\/p>\n<p><\/p>\n<p>Yi Pin Qian \u2013 N\u00e9gociant en pierres pr\u00e9cieuses et m\u00e9taux pr\u00e9cieux \u00e0 Singapour \u2013 Num\u00e9ro de licence PS20190000031<\/p>\n<p><\/p>\n<p>*Toutes les jad\u00e9ites achet\u00e9es chez Yi Pin Qian \u00e0 Singapour, les clients peuvent r\u00e9server des cr\u00e9neaux pour le polissage ou une r\u00e9paration mineure en cas de mauvaise manipulation - des frais s&#039;appliquent et uniquement pour les clients de Yi Pin Qian \u00e0 Singapour*<\/p>\n<p><\/p>\n<p><strong>**Types de certificats**<\/strong><\/p>\n<p><\/p>\n<p><strong>NGI (Nan Yang Gemmologie)<\/strong><\/p>\n<p>ou <strong>Certificats \u00e9trangers <\/strong>(Yi Pin Qian utilise uniquement des certificats authentiques provenant de laboratoires \u00e9trangers et contr\u00f4le \u00e9galement la qualit\u00e9 de chacun de nos produits avant de les mettre en vente \u00e0 Singapour)<\/p>\n<p><\/p>\n<p>Chaque produit sur TikTok aura le type de certificat fourni indiqu\u00e9 dans la description. Pour tout client souhaitant envoyer sa commande \u00e0 NGI Singapore, il y aura un d\u00e9lai d&#039;attente pour la livraison de la commande estim\u00e9 \u00e0 environ 4 semaines pour recevoir votre commande. <strong>Les demandes de rapport sur les pierres pr\u00e9cieuses NGI doivent \u00eatre effectu\u00e9es en envoyant un message \u00e0 la boutique TikTok de Yi Pin Qian.<\/strong> Merci, <strong><u>des frais suppl\u00e9mentaires s&#039;appliquent<\/u><\/strong>.<\/p>\n<p><\/p>\n<p><strong>La jad\u00e9ite naturelle n&#039;est pas parfaite, juste un petit rappel : notre jad\u00e9ite naturelle, comme toutes les belles choses de la nature, poss\u00e8de ses caract\u00e9ristiques et ses variations uniques. Nous invitons nos pr\u00e9cieux clients \u00e0 adopter ces variations naturelles. Bon shopping !<\/strong><\/p>\n<p><\/p>\n<p><strong><u>Aucune des photos et des s\u00e9quences vid\u00e9o n&#039;a \u00e9t\u00e9 filtr\u00e9e. Nous encourageons nos clients \u00e0 regarder \u00e9galement les vid\u00e9os d&#039;accompagnement pour une vue plus compl\u00e8te de nos produits<\/u><\/strong><\/p>","protected":false},"excerpt":{"rendered":"<p>Elevate your jewelry collection with this Premium Light Green Hue Natural Type A Jadeite Jade Gourd Pendant. Skillfully crafted and set with an 18k Gold Clasp, this pendant exudes both elegance and sophistication. Certificate numbers: GD2111H006113 Natural Type A Jadeite: Crafted from natural type a jadeite, this pendant boasts a stunning light green hue. Gourd [&hellip;]<\/p>","protected":false},"featured_media":17135,"comment_status":"open","ping_status":"closed","template":"","meta":[],"product_brand":[],"product_cat":[194],"product_tag":[50,52,53,55,82,58,59,60,61,62],"class_list":{"0":"post-17134","1":"product","2":"type-product","3":"status-publish","4":"has-post-thumbnail","6":"product_cat-value-picks","7":"product_tag-18k-gold","8":"product_tag-certified","9":"product_tag-fine-quality","10":"product_tag-jadeite","11":"product_tag-light-green","12":"product_tag-new-arrivals","13":"product_tag-translucent","14":"product_tag-type-a-jadeite","15":"product_tag-unisex","16":"product_tag-yi-pin-qian-exclusive","18":"first","19":"instock","20":"sale","21":"shipping-taxable","22":"purchasable","23":"product-type-simple"},"_links":{"self":[{"href":"https:\/\/shop.yipinqian.com\/fr\/wp-json\/wp\/v2\/product\/17134","targetHints":{"allow":["GET"]}}],"collection":[{"href":"https:\/\/shop.yipinqian.com\/fr\/wp-json\/wp\/v2\/product"}],"about":[{"href":"https:\/\/shop.yipinqian.com\/fr\/wp-json\/wp\/v2\/types\/product"}],"replies":[{"embeddable":true,"href":"https:\/\/shop.yipinqian.com\/fr\/wp-json\/wp\/v2\/comments?post=17134"}],"version-history":[{"count":0,"href":"https:\/\/shop.yipinqian.com\/fr\/wp-json\/wp\/v2\/product\/17134\/revisions"}],"wp:featuredmedia":[{"embeddable":true,"href":"https:\/\/shop.yipinqian.com\/fr\/wp-json\/wp\/v2\/media\/17135"}],"wp:attachment":[{"href":"https:\/\/shop.yipinqian.com\/fr\/wp-json\/wp\/v2\/media?parent=17134"}],"wp:term":[{"taxonomy":"product_brand","embeddable":true,"href":"https:\/\/shop.yipinqian.com\/fr\/wp-json\/wp\/v2\/product_brand?post=17134"},{"taxonomy":"product_cat","embeddable":true,"href":"https:\/\/shop.yipinqian.com\/fr\/wp-json\/wp\/v2\/product_cat?post=17134"},{"taxonomy":"product_tag","embeddable":true,"href":"https:\/\/shop.yipinqian.com\/fr\/wp-json\/wp\/v2\/product_tag?post=17134"}],"curies":[{"name":"wp","href":"https:\/\/api.w.org\/{rel}","templated":true}]}}