{"id":1710,"date":"2024-10-24T23:21:42","date_gmt":"2024-10-24T15:21:42","guid":{"rendered":"https:\/\/shop.yipinqian.com\/product\/quality-spicy-green-natural-type-a-jadeite-jade-crafted-with-the-shape-of-gourd-set-on-s925-as-an-adjustable-ring-with-certificate-weigh-2-67-grams-measurement-15-6-11-8-2-7-mm-s925ring8\/"},"modified":"2025-02-24T00:49:52","modified_gmt":"2025-02-23T16:49:52","slug":"quality-spicy-green-natural-type-a-jadeite-jade-crafted-with-the-shape-of-gourd-set-on-s925-as-an-adjustable-ring-with-certificate-weigh-2-67-grams-measurement-15-6-11-8-2-7-mm-s925ring8","status":"publish","type":"product","link":"https:\/\/shop.yipinqian.com\/fr\/produit\/quality-spicy-green-natural-type-a-jadeite-jade-crafted-with-the-shape-of-gourd-set-on-s925-as-an-adjustable-ring-with-certificate-weigh-2-67-grams-measurement-15-6-11-8-2-7-mm-s925ring8\/","title":{"rendered":"Jade jad\u00e9ite naturelle de type A de qualit\u00e9 verte \u00e9pic\u00e9e fabriqu\u00e9e avec la forme d&#039;une gourde sertie sur S925 comme bague r\u00e9glable avec certificat pesant 2,67 grammes, mesurant 15,6 * 11,8 * 2,7 mm (s925ring8)"},"content":{"rendered":"<p>Pr\u00e9sentation de notre exquise bague en jade jad\u00e9ite naturelle de type A vert \u00e9pic\u00e9 de qualit\u00e9, con\u00e7ue avec la forme d&#039;une gourde, parfaite pour toutes les occasions quotidiennes.<\/p>\n<p>\u00a0<\/p>\n<p>Num\u00e9ros de certificat : GD2203H005250<\/p>\n<p>Taille des doigts : Taille libre r\u00e9glable<\/p>\n<p><img fetchpriority=\"high\" decoding=\"async\" height=\"1080\" src=\"https:\/\/shop.yipinqian.com\/wp-content\/uploads\/2024\/10\/5c974e9eeae4075a76f72c79e93cdeae.jpg?from=476444299\" width=\"1080\"><\/p>\n<ul>\n<li>\n<strong>Conception classique :<\/strong> La bague est con\u00e7ue avec un design en forme de gourde classique qui ajoute de l&#039;\u00e9l\u00e9gance \u00e0 votre look.<\/li>\n<li>\n<strong>Jade jad\u00e9ite naturelle de type A :<\/strong> Fabriqu\u00e9e en jade jad\u00e9ite naturel de type A vert \u00e9pic\u00e9 du Myanmar, cette bague est de la plus haute qualit\u00e9 et pr\u00e9sente une belle couleur verte naturelle.<\/li>\n<li>\n<strong>Mat\u00e9riau de la monture S925 :<\/strong> La pierre de jade est sertie sur un mat\u00e9riau S925 qui assure la durabilit\u00e9 et la long\u00e9vit\u00e9 de votre bijou.<\/li>\n<li>\n<strong>Certificat inclus :<\/strong>Le produit est accompagn\u00e9 d&#039;un certificat qui garantit son authenticit\u00e9 et sa qualit\u00e9.<\/li>\n<\/ul>\n<p>Cette bague r\u00e9glable S925 p\u00e8se 2,67 grammes et mesure 15,6 * 11,8 * 2,7 mm, ce qui en fait un accessoire de bijoux id\u00e9al pour les femmes qui aiment les designs uniques combin\u00e9s \u00e0 des mat\u00e9riaux de haute qualit\u00e9.<\/p>\n<ul>\n<li>\n<strong>Con\u00e7u pour durer : <\/strong>Cette pi\u00e8ce a \u00e9t\u00e9 fabriqu\u00e9e par des artisans qualifi\u00e9s en utilisant uniquement des mat\u00e9riaux de premi\u00e8re qualit\u00e9, garantissant ainsi sa r\u00e9sistance \u00e0 l&#039;\u00e9preuve du temps.<\/li>\n<li>.<\/li>\n<\/ul>\n<p>Ajoutez cette magnifique bague r\u00e9glable en forme de gourde en jade \u00e0 votre collection d\u00e8s aujourd&#039;hui\u00a0!<\/p>\n<p>\u00a0<\/p>\n<p><strong>La jad\u00e9ite naturelle n&#039;est pas parfaite, juste un petit rappel : notre jad\u00e9ite naturelle, comme toutes les belles choses de la nature, poss\u00e8de ses caract\u00e9ristiques et ses variations uniques. Nous invitons nos pr\u00e9cieux clients \u00e0 adopter ces variations naturelles. Bon shopping !<\/strong><\/p>\n<p>\u00a0<\/p>\n<p><strong><u>Aucune des photos et des s\u00e9quences vid\u00e9o n&#039;a \u00e9t\u00e9 filtr\u00e9e. Nous encourageons nos clients \u00e0 regarder \u00e9galement les vid\u00e9os d&#039;accompagnement pour une vue plus compl\u00e8te de nos produits<\/u><\/strong><\/p>\n<p>.<\/p>","protected":false},"excerpt":{"rendered":"<p>Pr\u00e9sentation de notre exquise bague en jade de type A naturel vert \u00e9pic\u00e9 de qualit\u00e9, con\u00e7ue en forme de gourde, parfaite pour toutes les occasions quotidiennes. Num\u00e9ros de certificat : GD2203H005250 Taille du doigt : Taille unique r\u00e9glable Design classique : La bague est con\u00e7ue avec un design classique en forme de gourde qui ajoute de l&#039;\u00e9l\u00e9gance \u00e0 votre look. Jadeite naturelle de type A [\u2026]<\/p>","protected":false},"featured_media":7295,"comment_status":"open","ping_status":"closed","template":"","meta":[],"product_brand":[],"product_cat":[194],"product_tag":[],"class_list":{"0":"post-1710","1":"product","2":"type-product","3":"status-publish","4":"has-post-thumbnail","6":"product_cat-value-picks","8":"first","9":"instock","10":"sale","11":"shipping-taxable","12":"purchasable","13":"product-type-simple"},"_links":{"self":[{"href":"https:\/\/shop.yipinqian.com\/fr\/wp-json\/wp\/v2\/product\/1710","targetHints":{"allow":["GET"]}}],"collection":[{"href":"https:\/\/shop.yipinqian.com\/fr\/wp-json\/wp\/v2\/product"}],"about":[{"href":"https:\/\/shop.yipinqian.com\/fr\/wp-json\/wp\/v2\/types\/product"}],"replies":[{"embeddable":true,"href":"https:\/\/shop.yipinqian.com\/fr\/wp-json\/wp\/v2\/comments?post=1710"}],"version-history":[{"count":0,"href":"https:\/\/shop.yipinqian.com\/fr\/wp-json\/wp\/v2\/product\/1710\/revisions"}],"wp:featuredmedia":[{"embeddable":true,"href":"https:\/\/shop.yipinqian.com\/fr\/wp-json\/wp\/v2\/media\/7295"}],"wp:attachment":[{"href":"https:\/\/shop.yipinqian.com\/fr\/wp-json\/wp\/v2\/media?parent=1710"}],"wp:term":[{"taxonomy":"product_brand","embeddable":true,"href":"https:\/\/shop.yipinqian.com\/fr\/wp-json\/wp\/v2\/product_brand?post=1710"},{"taxonomy":"product_cat","embeddable":true,"href":"https:\/\/shop.yipinqian.com\/fr\/wp-json\/wp\/v2\/product_cat?post=1710"},{"taxonomy":"product_tag","embeddable":true,"href":"https:\/\/shop.yipinqian.com\/fr\/wp-json\/wp\/v2\/product_tag?post=1710"}],"curies":[{"name":"wp","href":"https:\/\/api.w.org\/{rel}","templated":true}]}}