{"id":1708,"date":"2024-10-24T23:21:40","date_gmt":"2024-10-24T15:21:40","guid":{"rendered":"https:\/\/shop.yipinqian.com\/product\/quality-semi-translucent-natural-type-a-jadeite-jade-crafted-as-milo-buddha-as-pendant-certificate-weighs-12-57-grams-measurement-37-5-38-9-6-3-mm-pendant275\/"},"modified":"2025-02-24T00:49:52","modified_gmt":"2025-02-23T16:49:52","slug":"quality-semi-translucent-natural-type-a-jadeite-jade-crafted-as-milo-buddha-as-pendant-certificate-weighs-12-57-grams-measurement-37-5-38-9-6-3-mm-pendant275","status":"publish","type":"product","link":"https:\/\/shop.yipinqian.com\/fr\/produit\/quality-semi-translucent-natural-type-a-jadeite-jade-crafted-as-milo-buddha-as-pendant-certificate-weighs-12-57-grams-measurement-37-5-38-9-6-3-mm-pendant275\/","title":{"rendered":"Jade jad\u00e9ite naturelle semi-translucide de type A de qualit\u00e9 fabriqu\u00e9e en tant que Bouddha Milo comme pendentif, certificat p\u00e8se 12,57 grammes, mesure 37,5 * 38,9 * 6,3 mm (pendentif275)"},"content":{"rendered":"<p>Ce pendentif en jade jad\u00e9ite naturel de type A pr\u00e9sente un design de Bouddha Milo, respirant l&#039;\u00e9l\u00e9gance et la spiritualit\u00e9.<\/p>\n<p>\u00a0<\/p>\n<p>Num\u00e9ros de certificat : 91288025768<\/p>\n<p><img fetchpriority=\"high\" decoding=\"async\" height=\"1080\" src=\"https:\/\/shop.yipinqian.com\/wp-content\/uploads\/2024\/10\/8b70b7ee19bda113c515d42f799e2d7a.jpg?from=476444299\" width=\"1080\"><\/p>\n<ul>\n<li>\n<strong>Mat\u00e9riel:<\/strong> Fabriqu\u00e9 \u00e0 partir de jade jad\u00e9ite de type A naturel semi-translucide de qualit\u00e9<\/li>\n<li>\n<strong>Poids:<\/strong> P\u00e8se 12,57 grammes<\/li>\n<li>\n<strong>Mesures:<\/strong> 37,5 * 38,9 * 6,3 mm<\/li>\n<li>\n<strong>Certificat:<\/strong> Livr\u00e9 avec un certificat d&#039;authenticit\u00e9<\/li>\n<li>\n<strong>Type de jade :<\/strong> Class\u00e9 comme jad\u00e9ite, garantissant une qualit\u00e9 et une valeur sup\u00e9rieures<\/li>\n<li>Symbole de bon augure, ce pendentif est parfait pour toutes les occasions et convient aussi bien aux hommes qu&#039;aux femmes.<\/li>\n<li>\n<strong>Un savoir-faire m\u00e9ticuleux : <\/strong>Le design du Bouddha Milo pr\u00e9sente des d\u00e9tails complexes<\/li>\n<li>\n<strong>Style polyvalent : <\/strong>Id\u00e9al pour une tenue d\u00e9contract\u00e9e ou comme pi\u00e8ce ma\u00eetresse avec n&#039;importe quelle tenue. Ajoutez ce superbe bijou en jade \u00e0 votre collection pour apporter chance et positivit\u00e9 dans votre vie.<\/li>\n<\/ul>\n<p><strong>La jad\u00e9ite naturelle n&#039;est pas parfaite, juste un petit rappel : notre jad\u00e9ite naturelle, comme toutes les belles choses de la nature, poss\u00e8de ses caract\u00e9ristiques et ses variations uniques. Nous invitons nos pr\u00e9cieux clients \u00e0 adopter ces variations naturelles. Bon shopping !<\/strong><\/p>\n<p>\u00a0<\/p>\n<p><strong><u>Aucune des photos et des s\u00e9quences vid\u00e9o n&#039;a \u00e9t\u00e9 filtr\u00e9e. Nous encourageons nos clients \u00e0 regarder \u00e9galement les vid\u00e9os d&#039;accompagnement pour une vue plus compl\u00e8te de nos produits<\/u><\/strong><\/p>","protected":false},"excerpt":{"rendered":"<p>This natural Type A Jadeite Jade pendant features a Milo Buddha design, exuding elegance and spirituality. \u00a0 Certificate numbers: 91288025768 Material: Crafted from quality semi-translucent natural Type A Jadeite Jade Weight: Weighs 12.57 grams Measurements: 37.5 * 38.9 * 6.3 mm Certificate: Comes with a certificate for authenticity Jade Type: Classified as Jadeite, ensuring premium [&hellip;]<\/p>","protected":false},"featured_media":7275,"comment_status":"open","ping_status":"closed","template":"","meta":[],"product_brand":[],"product_cat":[194],"product_tag":[],"class_list":{"0":"post-1708","1":"product","2":"type-product","3":"status-publish","4":"has-post-thumbnail","6":"product_cat-value-picks","8":"first","9":"instock","10":"sale","11":"shipping-taxable","12":"purchasable","13":"product-type-simple"},"_links":{"self":[{"href":"https:\/\/shop.yipinqian.com\/fr\/wp-json\/wp\/v2\/product\/1708","targetHints":{"allow":["GET"]}}],"collection":[{"href":"https:\/\/shop.yipinqian.com\/fr\/wp-json\/wp\/v2\/product"}],"about":[{"href":"https:\/\/shop.yipinqian.com\/fr\/wp-json\/wp\/v2\/types\/product"}],"replies":[{"embeddable":true,"href":"https:\/\/shop.yipinqian.com\/fr\/wp-json\/wp\/v2\/comments?post=1708"}],"version-history":[{"count":0,"href":"https:\/\/shop.yipinqian.com\/fr\/wp-json\/wp\/v2\/product\/1708\/revisions"}],"wp:featuredmedia":[{"embeddable":true,"href":"https:\/\/shop.yipinqian.com\/fr\/wp-json\/wp\/v2\/media\/7275"}],"wp:attachment":[{"href":"https:\/\/shop.yipinqian.com\/fr\/wp-json\/wp\/v2\/media?parent=1708"}],"wp:term":[{"taxonomy":"product_brand","embeddable":true,"href":"https:\/\/shop.yipinqian.com\/fr\/wp-json\/wp\/v2\/product_brand?post=1708"},{"taxonomy":"product_cat","embeddable":true,"href":"https:\/\/shop.yipinqian.com\/fr\/wp-json\/wp\/v2\/product_cat?post=1708"},{"taxonomy":"product_tag","embeddable":true,"href":"https:\/\/shop.yipinqian.com\/fr\/wp-json\/wp\/v2\/product_tag?post=1708"}],"curies":[{"name":"wp","href":"https:\/\/api.w.org\/{rel}","templated":true}]}}