{"id":17076,"date":"2025-01-14T05:00:04","date_gmt":"2025-01-13T21:00:04","guid":{"rendered":"https:\/\/shop.yipinqian.com\/bean-with-bat-pendant-crafted-on-icy-translucent-natural-type-a-jadeite-jade-certificate-weighs-23-26-grams-measurement-56-3-22-10-7-mm-pendant394\/"},"modified":"2025-02-24T01:17:23","modified_gmt":"2025-02-23T17:17:23","slug":"bean-with-bat-pendant-crafted-on-icy-translucent-natural-type-a-jadeite-jade-certificate-weighs-23-26-grams-measurement-56-3-22-10-7-mm-pendant394","status":"publish","type":"product","link":"https:\/\/shop.yipinqian.com\/fr\/produit\/bean-with-bat-pendant-crafted-on-icy-translucent-natural-type-a-jadeite-jade-certificate-weighs-23-26-grams-measurement-56-3-22-10-7-mm-pendant394\/","title":{"rendered":"Pendentif haricot avec chauve-souris fabriqu\u00e9 en jade jad\u00e9ite naturel translucide de type A glac\u00e9, certificat p\u00e8se 23,26 grammes, mesure 56,3 * 22 * 10,7 mm (pendentif394)"},"content":{"rendered":"<p><iframe height=\"300\" width=\"330\" src=\"https:\/\/youtube.com\/embed\/XMJdVHO4o1U\" title=\"Bat with Bean High Quality Jadeite Pendant\"><\/iframe><\/p>\n<p>Pr\u00e9sentation du superbe pendentif haricot avec chauve-souris, m\u00e9ticuleusement fabriqu\u00e9 \u00e0 partir de jade jad\u00e9ite naturel de type A translucide glac\u00e9.<\/p>\n<p><\/p>\n<p>Num\u00e9ros de certificat : GD2205H014642<\/p>\n<p><img fetchpriority=\"high\" decoding=\"async\" src=\"https:\/\/shop.yipinqian.com\/wp-content\/uploads\/2025\/01\/95a1b135afe44fde9cbbb1df7855a257tplv-aphluv4xwc-origin-jpeg.jpeg?dr=15568&#038;nonce=48407&#038;refresh_token=c84cb9514e5413c2271e5f14fa5f5582&#038;from=476444299&#038;idc=my&#038;ps=933b5bde&#038;shcp=9b759fb9&#038;shp=1c65f68b&#038;t=555f072d\" width=\"1536\" height=\"2048\"><\/p>\n<ul>\n<li>\n<strong>Design \u00e9l\u00e9gant :<\/strong> Pr\u00e9sente un motif unique de haricot et de chauve-souris, symbolisant la prosp\u00e9rit\u00e9 et le bonheur.<\/li>\n<li>\n<strong>Mat\u00e9riau de haute qualit\u00e9 :<\/strong> Fabriqu\u00e9 \u00e0 partir de v\u00e9ritable jade jad\u00e9ite de type A, garantissant durabilit\u00e9 et beaut\u00e9.<\/li>\n<li>\n<strong>Poids certifi\u00e9 :<\/strong> P\u00e8se 23,26 grammes pour un port substantiel mais confortable.<\/li>\n<li>\n<strong>Dimensions du pendentif :<\/strong> Mesure 56,3 * 22 * 10,7 mm pour une pr\u00e9sence accrocheuse.<\/li>\n<\/ul>\n<p><img decoding=\"async\" src=\"https:\/\/shop.yipinqian.com\/wp-content\/uploads\/2025\/01\/da220f0c18724def8e74a788daab7dd8tplv-aphluv4xwc-origin-jpeg.jpeg?dr=15568&#038;nonce=29572&#038;refresh_token=13f2e6bcfa32abf2e1b32a9533be71c0&#038;from=476444299&#038;idc=my&#038;ps=933b5bde&#038;shcp=9b759fb9&#038;shp=1c65f68b&#038;t=555f072d\" width=\"1536\" height=\"2048\"><\/p>\n<p>Ce pendentif est un accessoire parfait pour rehausser n&#039;importe quelle tenue tout en c\u00e9l\u00e9brant l&#039;artisanat intemporel et l&#039;importance culturelle.<\/p>\n<p>Birmanie<\/p>\n<p><\/p>\n<p>Yi Pin Qian \u2013 N\u00e9gociant en pierres pr\u00e9cieuses et m\u00e9taux pr\u00e9cieux \u00e0 Singapour \u2013 Num\u00e9ro de licence PS20190000031<\/p>\n<p><\/p>\n<p>*Toutes les jad\u00e9ites achet\u00e9es chez Yi Pin Qian \u00e0 Singapour, les clients peuvent r\u00e9server des cr\u00e9neaux pour le polissage ou une r\u00e9paration mineure en cas de mauvaise manipulation - des frais s&#039;appliquent et uniquement pour les clients de Yi Pin Qian \u00e0 Singapour*<\/p>\n<p><\/p>\n<p><strong>**Types de certificats**<\/strong><\/p>\n<p><\/p>\n<p><strong>NGI (Nan Yang Gemmologie)<\/strong><\/p>\n<p>ou <strong>Certificats \u00e9trangers <\/strong>(Yi Pin Qian utilise uniquement des certificats authentiques provenant de laboratoires \u00e9trangers et contr\u00f4le \u00e9galement la qualit\u00e9 de chacun de nos produits avant de les mettre en vente \u00e0 Singapour)<\/p>\n<p><\/p>\n<p>Chaque produit aura le type de certificat fourni indiqu\u00e9 dans la description. Pour tout client souhaitant envoyer sa commande \u00e0 NGI Singapore, <strong>Les demandes de rapport NGI Gemstone doivent \u00eatre effectu\u00e9es en nous envoyant un message.<\/strong> Merci, <strong><u>des frais suppl\u00e9mentaires s&#039;appliquent<\/u><\/strong> \u2013 $90 pour la jad\u00e9ite \/ $150 pour la jad\u00e9ite avec or 18 carats \/ $150 pour les perles de jad\u00e9ite \u2013 ce n\u2019est pas obligatoire car la plupart de nos produits sont d\u00e9j\u00e0 livr\u00e9s avec un certificat d\u2019outre-mer ou un rapport NGI.<\/p>\n<p><\/p>\n<p>(Pour plus de d\u00e9tails ou demande suppl\u00e9mentaire : <strong>Veuillez nous envoyer un message si vous souhaitez envoyer votre article achet\u00e9 au laboratoire de test NGI<\/strong>)<\/p>\n<p><\/p>\n<p><strong>La jad\u00e9ite naturelle n&#039;est pas parfaite, juste un petit rappel : notre jad\u00e9ite naturelle, comme toutes les belles choses de la nature, poss\u00e8de ses caract\u00e9ristiques et ses variations uniques. Nous invitons nos pr\u00e9cieux clients \u00e0 adopter ces variations naturelles. Bon shopping !<\/strong><\/p>\n<p><\/p>\n<p><strong><u>Aucune des photos et des s\u00e9quences vid\u00e9o n&#039;a \u00e9t\u00e9 filtr\u00e9e. Nous encourageons nos clients \u00e0 regarder \u00e9galement les vid\u00e9os d&#039;accompagnement pour une vue plus compl\u00e8te de nos produits<\/u><\/strong><\/p>\n<p><\/p>\n<ul>\n<li>Diff\u00e9rentes plates-formes ne peuvent visionner des vid\u00e9os que via le bureau<\/li>\n<\/ul>","protected":false},"excerpt":{"rendered":"<p>Introducing the exquisite Bean with Bat Pendant, meticulously crafted from Icy Translucent Natural Type A Jadeite Jade. Certificate numbers: GD2205H014642 Elegant Design: Features a unique bean and bat motif, symbolizing prosperity and happiness. High-Quality Material: Made from genuine Type A jadeite jade, ensuring durability and beauty. Cerified Weight: Weighs 23.26 grams for a substantial yet [&hellip;]<\/p>","protected":false},"featured_media":15545,"comment_status":"open","ping_status":"closed","template":"","meta":[],"product_brand":[],"product_cat":[195],"product_tag":[52,112,96,65,54,55,58,73,75,59,61,68,62],"class_list":{"0":"post-17076","1":"product","2":"type-product","3":"status-publish","4":"has-post-thumbnail","6":"product_cat-heirloom-grade","7":"product_tag-certified","8":"product_tag-french-bean","9":"product_tag-green-patches","10":"product_tag-high-quality","11":"product_tag-icy","12":"product_tag-jadeite","13":"product_tag-new-arrivals","14":"product_tag-pendant","15":"product_tag-traditional","16":"product_tag-translucent","17":"product_tag-unisex","18":"product_tag-yellow","19":"product_tag-yi-pin-qian-exclusive","21":"first","22":"instock","23":"sale","24":"shipping-taxable","25":"purchasable","26":"product-type-simple"},"_links":{"self":[{"href":"https:\/\/shop.yipinqian.com\/fr\/wp-json\/wp\/v2\/product\/17076","targetHints":{"allow":["GET"]}}],"collection":[{"href":"https:\/\/shop.yipinqian.com\/fr\/wp-json\/wp\/v2\/product"}],"about":[{"href":"https:\/\/shop.yipinqian.com\/fr\/wp-json\/wp\/v2\/types\/product"}],"replies":[{"embeddable":true,"href":"https:\/\/shop.yipinqian.com\/fr\/wp-json\/wp\/v2\/comments?post=17076"}],"version-history":[{"count":0,"href":"https:\/\/shop.yipinqian.com\/fr\/wp-json\/wp\/v2\/product\/17076\/revisions"}],"wp:featuredmedia":[{"embeddable":true,"href":"https:\/\/shop.yipinqian.com\/fr\/wp-json\/wp\/v2\/media\/15545"}],"wp:attachment":[{"href":"https:\/\/shop.yipinqian.com\/fr\/wp-json\/wp\/v2\/media?parent=17076"}],"wp:term":[{"taxonomy":"product_brand","embeddable":true,"href":"https:\/\/shop.yipinqian.com\/fr\/wp-json\/wp\/v2\/product_brand?post=17076"},{"taxonomy":"product_cat","embeddable":true,"href":"https:\/\/shop.yipinqian.com\/fr\/wp-json\/wp\/v2\/product_cat?post=17076"},{"taxonomy":"product_tag","embeddable":true,"href":"https:\/\/shop.yipinqian.com\/fr\/wp-json\/wp\/v2\/product_tag?post=17076"}],"curies":[{"name":"wp","href":"https:\/\/api.w.org\/{rel}","templated":true}]}}