{"id":17068,"date":"2025-01-14T04:59:55","date_gmt":"2025-01-13T20:59:55","guid":{"rendered":"https:\/\/shop.yipinqian.com\/82-green-9mm-beads-natural-type-a-jadeite-jade-as-necklace-or-bracelet-certificate-weighs-103-22-grams-90-perfect-bracelet39\/"},"modified":"2025-02-10T00:00:16","modified_gmt":"2025-02-09T16:00:16","slug":"82-green-9mm-beads-natural-type-a-jadeite-jade-as-necklace-or-bracelet-certificate-weighs-103-22-grams-90-perfect-bracelet39","status":"publish","type":"product","link":"https:\/\/shop.yipinqian.com\/fr\/produit\/82-green-9mm-beads-natural-type-a-jadeite-jade-as-necklace-or-bracelet-certificate-weighs-103-22-grams-90-perfect-bracelet39\/","title":{"rendered":"82 perles vertes de 9 mm en jade naturel de type A en tant que collier ou bracelet, certificat pesant 103,22 grammes \u2013 90 % Parfait (bracelet39)"},"content":{"rendered":"<p><iframe height=\"300\" width=\"330\" src=\"https:\/\/youtube.com\/embed\/V4Qvo_XNe0I\" title=\"Des perles vertes en guise de collier\"><\/iframe><\/p>\n<p>D\u00e9couvrez l&#039;\u00e9l\u00e9gance des 82 Perles Vertes 9mm en Jade Jad\u00e9ite Naturelle Type A, parfaites en collier ou bracelet - 90% Perfection<\/p>\n<p><\/p>\n<p>Num\u00e9ros de certificat : GD2010H006269<\/p>\n<p><img fetchpriority=\"high\" decoding=\"async\" src=\"https:\/\/shop.yipinqian.com\/wp-content\/uploads\/2024\/12\/4adb6788596a49a0ab204367a6e75fd6tplv-aphluv4xwc-origin-jpeg.jpeg?dr=15568&#038;nonce=92732&#038;refresh_token=0575520743298e8a5827f026c48480f1&#038;from=476444299&#038;idc=my&#038;ps=933b5bde&#038;shcp=9b759fb9&#038;shp=1c65f68b&#038;t=555f072d\" width=\"1200\" height=\"1600\"><\/p>\n<ul>\n<li>\n<strong>Qualit\u00e9 sup\u00e9rieure :<\/strong> Pesant 103,22 grammes, cette jad\u00e9ite est certifi\u00e9e et b\u00e9n\u00e9ficie d&#039;une note de qualit\u00e9 remarquable de 90%.<\/li>\n<li>\n<strong>V\u00eatements polyvalents :<\/strong> Con\u00e7ue pour les occasions quotidiennes, cette pi\u00e8ce passe harmonieusement d&#039;un style d\u00e9contract\u00e9 \u00e0 un style sophistiqu\u00e9.<\/li>\n<li>\n<strong>Provenant du Myanmar :<\/strong> Chaque perle met en valeur le riche h\u00e9ritage et le savoir-faire de sa r\u00e9gion d\u2019origine.<\/li>\n<\/ul>\n<p><img decoding=\"async\" src=\"https:\/\/shop.yipinqian.com\/wp-content\/uploads\/2024\/12\/c3529206103b47b7ad13203fc0294be0tplv-aphluv4xwc-origin-jpeg.jpeg?dr=15568&#038;nonce=24687&#038;refresh_token=07cf4b28a3fce71f72d7d80d83eb98d5&#038;from=476444299&#038;idc=my&#038;ps=933b5bde&#038;shcp=9b759fb9&#038;shp=1c65f68b&#038;t=555f072d\" width=\"1200\" height=\"1600\"><img decoding=\"async\" src=\"https:\/\/shop.yipinqian.com\/wp-content\/uploads\/2024\/12\/3454eec752cc4b5396ab2b23155ce0c2tplv-aphluv4xwc-origin-jpeg.jpeg?dr=15568&#038;nonce=87819&#038;refresh_token=38b496e187b580259c5bd24ac9425f41&#038;from=476444299&#038;idc=my&#038;ps=933b5bde&#038;shcp=9b759fb9&#038;shp=1c65f68b&#038;t=555f072d\" width=\"1080\" height=\"1080\"><\/p>\n<p>Cet accessoire de bijouterie exquis est con\u00e7u pour les femmes qui appr\u00e9cient la beaut\u00e9 intemporelle de leurs accessoires. Rehaussez votre collection avec cette superbe pi\u00e8ce d\u00e8s aujourd&#039;hui\u00a0!<\/p>\n<p><\/p>\n<p>Yi Pin Qian \u2013 N\u00e9gociant en pierres pr\u00e9cieuses et m\u00e9taux pr\u00e9cieux \u00e0 Singapour \u2013 Num\u00e9ro de licence PS20190000031<\/p>\n<p><\/p>\n<p>*Toutes les jad\u00e9ites achet\u00e9es chez Yi Pin Qian \u00e0 Singapour, les clients peuvent r\u00e9server des cr\u00e9neaux pour le polissage ou une r\u00e9paration mineure en cas de mauvaise manipulation - des frais s&#039;appliquent et uniquement pour les clients de Yi Pin Qian \u00e0 Singapour*<\/p>\n<p><\/p>\n<p><strong>**Types de certificats**<\/strong><\/p>\n<p><\/p>\n<p><strong>NGI (Nan Yang Gemmologie)<\/strong><\/p>\n<p>ou <strong>Certificats \u00e9trangers <\/strong>(Yi Pin Qian utilise uniquement des certificats authentiques provenant de laboratoires \u00e9trangers et contr\u00f4le \u00e9galement la qualit\u00e9 de chacun de nos produits avant de les mettre en vente \u00e0 Singapour)<\/p>\n<p><\/p>\n<p>Chaque produit aura le type de certificat fourni indiqu\u00e9 dans la description. Pour tout client souhaitant envoyer sa commande \u00e0 NGI Singapore, <strong>Les demandes de rapport NGI Gemstone doivent \u00eatre effectu\u00e9es en nous envoyant un message.<\/strong> Merci, <strong><u>des frais suppl\u00e9mentaires s&#039;appliquent<\/u><\/strong> \u2013 $90 pour la jad\u00e9ite \/ $150 pour la jad\u00e9ite avec or 18 carats \/ $150 pour les perles de jad\u00e9ite \u2013 ce n\u2019est pas obligatoire car la plupart de nos produits sont d\u00e9j\u00e0 livr\u00e9s avec un certificat d\u2019outre-mer ou un rapport NGI.<\/p>\n<p><\/p>\n<p>(Pour plus de d\u00e9tails ou demande suppl\u00e9mentaire : <strong>Veuillez nous envoyer un message si vous souhaitez envoyer votre article achet\u00e9 au laboratoire de test NGI<\/strong>)<\/p>\n<p><\/p>\n<p><strong>La jad\u00e9ite naturelle n&#039;est pas parfaite, juste un petit rappel : notre jad\u00e9ite naturelle, comme toutes les belles choses de la nature, poss\u00e8de ses caract\u00e9ristiques et ses variations uniques. Nous invitons nos pr\u00e9cieux clients \u00e0 adopter ces variations naturelles. Bon shopping !<\/strong><\/p>\n<p><\/p>\n<p><strong><u>Aucune des photos et des s\u00e9quences vid\u00e9o n&#039;a \u00e9t\u00e9 filtr\u00e9e. Nous encourageons nos clients \u00e0 regarder \u00e9galement les vid\u00e9os d&#039;accompagnement pour une vue plus compl\u00e8te de nos produits<\/u><\/strong><\/p>\n<p><\/p>\n<ul>\n<li>Diff\u00e9rentes plates-formes ne peuvent visionner des vid\u00e9os que via le bureau<\/li>\n<\/ul>","protected":false},"excerpt":{"rendered":"<p>Discover the elegance of the 82 Green 9mm Beads Natural Type A jadeite Jade, perfect as a necklace or bracelet &#8211; 90% Perfection Certificate numbers: GD2010H006269 Premium Quality: Weighing 103.22 grams, this jadeite is certified and boasts a remarkable quality rating of 90%. Versatile Wear: Designed for daily occasions, this piece seamlessly transitions between casual [&hellip;]<\/p>","protected":false},"featured_media":15109,"comment_status":"open","ping_status":"closed","template":"","meta":[],"product_brand":[],"product_cat":[87],"product_tag":[102,52,55,98,58,60,61,62],"class_list":{"0":"post-17068","1":"product","2":"type-product","3":"status-publish","4":"has-post-thumbnail","6":"product_cat-jade-bracelets-anklets","7":"product_tag-bracelet","8":"product_tag-certified","9":"product_tag-jadeite","10":"product_tag-necklace","11":"product_tag-new-arrivals","12":"product_tag-type-a-jadeite","13":"product_tag-unisex","14":"product_tag-yi-pin-qian-exclusive","16":"first","17":"instock","18":"sale","19":"shipping-taxable","20":"purchasable","21":"product-type-simple"},"_links":{"self":[{"href":"https:\/\/shop.yipinqian.com\/fr\/wp-json\/wp\/v2\/product\/17068","targetHints":{"allow":["GET"]}}],"collection":[{"href":"https:\/\/shop.yipinqian.com\/fr\/wp-json\/wp\/v2\/product"}],"about":[{"href":"https:\/\/shop.yipinqian.com\/fr\/wp-json\/wp\/v2\/types\/product"}],"replies":[{"embeddable":true,"href":"https:\/\/shop.yipinqian.com\/fr\/wp-json\/wp\/v2\/comments?post=17068"}],"version-history":[{"count":0,"href":"https:\/\/shop.yipinqian.com\/fr\/wp-json\/wp\/v2\/product\/17068\/revisions"}],"wp:featuredmedia":[{"embeddable":true,"href":"https:\/\/shop.yipinqian.com\/fr\/wp-json\/wp\/v2\/media\/15109"}],"wp:attachment":[{"href":"https:\/\/shop.yipinqian.com\/fr\/wp-json\/wp\/v2\/media?parent=17068"}],"wp:term":[{"taxonomy":"product_brand","embeddable":true,"href":"https:\/\/shop.yipinqian.com\/fr\/wp-json\/wp\/v2\/product_brand?post=17068"},{"taxonomy":"product_cat","embeddable":true,"href":"https:\/\/shop.yipinqian.com\/fr\/wp-json\/wp\/v2\/product_cat?post=17068"},{"taxonomy":"product_tag","embeddable":true,"href":"https:\/\/shop.yipinqian.com\/fr\/wp-json\/wp\/v2\/product_tag?post=17068"}],"curies":[{"name":"wp","href":"https:\/\/api.w.org\/{rel}","templated":true}]}}