{"id":1705,"date":"2024-10-24T23:21:39","date_gmt":"2024-10-24T15:21:39","guid":{"rendered":"https:\/\/shop.yipinqian.com\/product\/quality-icy-natural-type-a-jadeite-jade-crafted-with-shape-of-oval-as-cabochon-set-on-s925-adjustable-as-ring-bic-labs-approved-certificate-weighs-2-18-grams-measurement-11-3-7-3-3-6mm-s925ring13\/"},"modified":"2025-02-17T00:04:14","modified_gmt":"2025-02-16T16:04:14","slug":"quality-icy-natural-type-a-jadeite-jade-crafted-with-shape-of-oval-as-cabochon-set-on-s925-adjustable-as-ring-bic-labs-approved-certificate-weighs-2-18-grams-measurement-11-3-7-3-3-6mm-s925ring13","status":"publish","type":"product","link":"https:\/\/shop.yipinqian.com\/fr\/produit\/quality-icy-natural-type-a-jadeite-jade-crafted-with-shape-of-oval-as-cabochon-set-on-s925-adjustable-as-ring-bic-labs-approved-certificate-weighs-2-18-grams-measurement-11-3-7-3-3-6mm-s925ring13\/","title":{"rendered":"Jade jad\u00e9ite naturel de type A de qualit\u00e9 fabriqu\u00e9 avec une forme ovale en cabochon serti sur S925 r\u00e9glable comme bague, certificat approuv\u00e9 par les laboratoires BIC p\u00e8se 2,18 grammes, mesure 11,3 * 7,3 * 3,6 mm (s925ring13)"},"content":{"rendered":"<p>Cette bague en jade jad\u00e9ite naturelle de type A de qualit\u00e9 glac\u00e9e pr\u00e9sente un cabochon ovale serti sur une bande r\u00e9glable S925, parfaite pour un usage quotidien.<\/p>\n<p>\u00a0<\/p>\n<p>Num\u00e9ros de certificat : Y-BICL629315<\/p>\n<p>\u00a0<\/p>\n<p>La bague est de taille unique et r\u00e9glable<\/p>\n<ul>\n<li>\n<strong>Mat\u00e9riel:<\/strong> Fabriqu\u00e9 avec de la v\u00e9ritable jad\u00e9ite de type A et de l&#039;argent sterling S925<\/li>\n<li>\n<strong>Certificat:<\/strong> Certificat approuv\u00e9 par les laboratoires BIC inclus<\/li>\n<li>\n<strong>Poids et taille :<\/strong> P\u00e8se 2,18 grammes, avec des mesures de 11,3 * 7,3 * 3,6 mm<\/li>\n<li>\n<strong>Type de jade :<\/strong> Jad\u00e9ite de haute qualit\u00e9 provenant du Myanmar<\/li>\n<li>Sexe : F\u00e9minin \u2013 parfait pour toute femme qui aime les bijoux uniques.<\/li>\n<\/ul>\n<p>Rehaussez votre collection de bijoux avec cette bague en jade \u00e9l\u00e9gante et intemporelle qui respire la sophistication et le style.<\/p>\n<p>\u00a0<\/p>\n<p><strong>La jad\u00e9ite naturelle n&#039;est pas parfaite, juste un petit rappel : notre jad\u00e9ite naturelle, comme toutes les belles choses de la nature, poss\u00e8de ses caract\u00e9ristiques et ses variations uniques. Nous invitons nos pr\u00e9cieux clients \u00e0 adopter ces variations naturelles. Bon shopping !<\/strong><\/p>\n<p>\u00a0<\/p>\n<p><strong><u>Aucune des photos et des s\u00e9quences vid\u00e9o n&#039;a \u00e9t\u00e9 filtr\u00e9e. Nous encourageons nos clients \u00e0 regarder \u00e9galement les vid\u00e9os d&#039;accompagnement pour une vue plus compl\u00e8te de nos produits<\/u><\/strong><\/p>","protected":false},"excerpt":{"rendered":"<p>Cette bague en jade jad\u00e9ite naturelle de type A de qualit\u00e9 sup\u00e9rieure est dot\u00e9e d&#039;un cabochon ovale serti sur une bande r\u00e9glable en S925, parfaite pour un usage quotidien. Num\u00e9ros de certificat : Y-BICL629315 La bague est r\u00e9glable en taille unique Mat\u00e9riau : Fabriqu\u00e9e en v\u00e9ritable jad\u00e9ite de type A et en argent sterling S925 Certificat : Certificat approuv\u00e9 par les laboratoires BIC inclus Poids et taille : P\u00e8se 2,18 grammes, [\u2026]<\/p>","protected":false},"featured_media":7232,"comment_status":"open","ping_status":"closed","template":"","meta":[],"product_brand":[],"product_cat":[49,149,125],"product_tag":[],"class_list":{"0":"post-1705","1":"product","2":"type-product","3":"status-publish","4":"has-post-thumbnail","6":"product_cat-rings","7":"product_cat-s925-rings","8":"product_cat-s925-settings-jadeites","10":"first","11":"instock","12":"sale","13":"shipping-taxable","14":"purchasable","15":"product-type-simple"},"_links":{"self":[{"href":"https:\/\/shop.yipinqian.com\/fr\/wp-json\/wp\/v2\/product\/1705","targetHints":{"allow":["GET"]}}],"collection":[{"href":"https:\/\/shop.yipinqian.com\/fr\/wp-json\/wp\/v2\/product"}],"about":[{"href":"https:\/\/shop.yipinqian.com\/fr\/wp-json\/wp\/v2\/types\/product"}],"replies":[{"embeddable":true,"href":"https:\/\/shop.yipinqian.com\/fr\/wp-json\/wp\/v2\/comments?post=1705"}],"version-history":[{"count":0,"href":"https:\/\/shop.yipinqian.com\/fr\/wp-json\/wp\/v2\/product\/1705\/revisions"}],"wp:featuredmedia":[{"embeddable":true,"href":"https:\/\/shop.yipinqian.com\/fr\/wp-json\/wp\/v2\/media\/7232"}],"wp:attachment":[{"href":"https:\/\/shop.yipinqian.com\/fr\/wp-json\/wp\/v2\/media?parent=1705"}],"wp:term":[{"taxonomy":"product_brand","embeddable":true,"href":"https:\/\/shop.yipinqian.com\/fr\/wp-json\/wp\/v2\/product_brand?post=1705"},{"taxonomy":"product_cat","embeddable":true,"href":"https:\/\/shop.yipinqian.com\/fr\/wp-json\/wp\/v2\/product_cat?post=1705"},{"taxonomy":"product_tag","embeddable":true,"href":"https:\/\/shop.yipinqian.com\/fr\/wp-json\/wp\/v2\/product_tag?post=1705"}],"curies":[{"name":"wp","href":"https:\/\/api.w.org\/{rel}","templated":true}]}}