{"id":1702,"date":"2024-10-24T23:21:36","date_gmt":"2024-10-24T15:21:36","guid":{"rendered":"https:\/\/shop.yipinqian.com\/product\/quality-black-natural-type-a-jadeite-jade-crafted-as-7-8mm-98-beads-as-necklace-or-bracelet-with-certificate-weigh-84-08-grams-bracelet21\/"},"modified":"2025-02-17T00:04:14","modified_gmt":"2025-02-16T16:04:14","slug":"quality-black-natural-type-a-jadeite-jade-crafted-as-7-8mm-98-beads-as-necklace-or-bracelet-with-certificate-weigh-84-08-grams-bracelet21","status":"publish","type":"product","link":"https:\/\/shop.yipinqian.com\/fr\/produit\/quality-black-natural-type-a-jadeite-jade-crafted-as-7-8mm-98-beads-as-necklace-or-bracelet-with-certificate-weigh-84-08-grams-bracelet21\/","title":{"rendered":"Jade jad\u00e9ite noir naturel de type A de qualit\u00e9 fabriqu\u00e9 en perles de 7,8 mm * 98 en collier ou bracelet avec certificat pesant 84,08 grammes (bracelet21)"},"content":{"rendered":"<p>Ce bracelet\/collier en jade jad\u00e9ite naturelle noire de type A de qualit\u00e9 est un superbe accessoire de bijouterie qui p\u00e8se 84,08 grammes et est compos\u00e9 de 7,8 mm * 98 perles.<\/p>\n<p><\/p>\n<p>Num\u00e9ros de certificat : GD2110H013004<\/p>\n<ul>\n<li>\n<strong>Garantie d&#039;authenticit\u00e9 :<\/strong> Cette pi\u00e8ce est accompagn\u00e9e d&#039;un certificat d&#039;authenticit\u00e9 qui garantit son origine en jade jad\u00e9ite naturel et son savoir-faire artisanal.<\/li>\n<li>\n<strong>Type de jade :<\/strong> Le bracelet\/collier est dot\u00e9 d&#039;une \u00e9l\u00e9gante jad\u00e9ite naturelle noire de type A, ce qui garantit sa qualit\u00e9 et sa valeur sup\u00e9rieures.<\/li>\n<li>\n<strong>Conception durable :<\/strong> La construction durable de cette pi\u00e8ce la rend parfaite pour un usage quotidien, ce qui en fait un ajout essentiel \u00e0 toute collection.<\/li>\n<\/ul>\n<p>Cet accessoire de bijouterie unisexe du Myanmar met en valeur son magnifique savoir-faire en tant que collier ou bracelet \u00e9poustouflant qui convient \u00e0 toutes les occasions. Veuillez noter que ce produit n&#039;offre pas de protection de type garantie ; cependant, la qualit\u00e9 et la durabilit\u00e9 assurent la long\u00e9vit\u00e9 avec un entretien appropri\u00e9.<\/p>\n<p><\/p>\n<p><strong>La jad\u00e9ite naturelle n&#039;est pas parfaite, juste un petit rappel : notre jad\u00e9ite naturelle, comme toutes les belles choses de la nature, poss\u00e8de ses caract\u00e9ristiques et ses variations uniques. Nous invitons nos pr\u00e9cieux clients \u00e0 adopter ces variations naturelles. Bon shopping !<\/strong><\/p>\n<p><\/p>\n<p><strong><u>Aucune des photos et des s\u00e9quences vid\u00e9o n&#039;a \u00e9t\u00e9 filtr\u00e9e. Nous encourageons nos clients \u00e0 regarder \u00e9galement les vid\u00e9os d&#039;accompagnement pour une vue plus compl\u00e8te de nos produits<\/u><\/strong><\/p>","protected":false},"excerpt":{"rendered":"<p>Ce bracelet\/collier en jade jad\u00e9ite naturelle noire de type A de qualit\u00e9 est un superbe accessoire de bijouterie qui p\u00e8se 84,08 grammes et est compos\u00e9 de 98 perles de 7,8 mm. Num\u00e9ros de certificat : GD2110H013004 Garantie d&#039;authenticit\u00e9 : Cette pi\u00e8ce est accompagn\u00e9e d&#039;un certificat d&#039;authenticit\u00e9 qui garantit son origine en jade jad\u00e9ite naturelle et son savoir-faire. Type de jade : Le bracelet\/collier pr\u00e9sente des [\u2026]<\/p>","protected":false},"featured_media":7207,"comment_status":"open","ping_status":"closed","template":"","meta":[],"product_brand":[],"product_cat":[121,84],"product_tag":[],"class_list":{"0":"post-1702","1":"product","2":"type-product","3":"status-publish","4":"has-post-thumbnail","6":"product_cat-bracelets-bangles","7":"product_cat-charms-and-charm-bracelet","9":"first","10":"instock","11":"sale","12":"shipping-taxable","13":"purchasable","14":"product-type-simple"},"_links":{"self":[{"href":"https:\/\/shop.yipinqian.com\/fr\/wp-json\/wp\/v2\/product\/1702","targetHints":{"allow":["GET"]}}],"collection":[{"href":"https:\/\/shop.yipinqian.com\/fr\/wp-json\/wp\/v2\/product"}],"about":[{"href":"https:\/\/shop.yipinqian.com\/fr\/wp-json\/wp\/v2\/types\/product"}],"replies":[{"embeddable":true,"href":"https:\/\/shop.yipinqian.com\/fr\/wp-json\/wp\/v2\/comments?post=1702"}],"version-history":[{"count":0,"href":"https:\/\/shop.yipinqian.com\/fr\/wp-json\/wp\/v2\/product\/1702\/revisions"}],"wp:featuredmedia":[{"embeddable":true,"href":"https:\/\/shop.yipinqian.com\/fr\/wp-json\/wp\/v2\/media\/7207"}],"wp:attachment":[{"href":"https:\/\/shop.yipinqian.com\/fr\/wp-json\/wp\/v2\/media?parent=1702"}],"wp:term":[{"taxonomy":"product_brand","embeddable":true,"href":"https:\/\/shop.yipinqian.com\/fr\/wp-json\/wp\/v2\/product_brand?post=1702"},{"taxonomy":"product_cat","embeddable":true,"href":"https:\/\/shop.yipinqian.com\/fr\/wp-json\/wp\/v2\/product_cat?post=1702"},{"taxonomy":"product_tag","embeddable":true,"href":"https:\/\/shop.yipinqian.com\/fr\/wp-json\/wp\/v2\/product_tag?post=1702"}],"curies":[{"name":"wp","href":"https:\/\/api.w.org\/{rel}","templated":true}]}}