{"id":1700,"date":"2024-10-24T23:21:36","date_gmt":"2024-10-24T15:21:36","guid":{"rendered":"https:\/\/shop.yipinqian.com\/product\/premium-yellow-natural-type-a-jadeite-pendant-necklace-crafted-as-pixiu-with-ruyi-and-coin-certificate-included-weigh-39-48-grams-measurement-56-8-28-8-13-mm-suitable-for-daily-wear-and-collectible-pe\/"},"modified":"2025-02-17T00:04:14","modified_gmt":"2025-02-16T16:04:14","slug":"premium-yellow-natural-type-a-jadeite-pendant-necklace-crafted-as-pixiu-with-ruyi-and-coin-certificate-included-weigh-39-48-grams-measurement-56-8-28-8-13-mm-suitable-for-daily-wear-and-collectible-pe","status":"publish","type":"product","link":"https:\/\/shop.yipinqian.com\/fr\/produit\/premium-yellow-natural-type-a-jadeite-pendant-necklace-crafted-as-pixiu-with-ruyi-and-coin-certificate-included-weigh-39-48-grams-measurement-56-8-28-8-13-mm-suitable-for-daily-wear-and-collectible-pe\/","title":{"rendered":"Collier pendentif en jad\u00e9ite naturelle jaune de type A de qualit\u00e9 sup\u00e9rieure fabriqu\u00e9 en Pixiu avec Ruyi et pi\u00e8ce de monnaie, certificat inclus, p\u00e8se 39,48 grammes, mesure 56,8 * 28,8 * 13 mm, convient \u00e0 un usage quotidien et \u00e0 collectionner (pendentif41)"},"content":{"rendered":"<p>Rehaussez votre collection de bijoux avec ce collier pendentif en jad\u00e9ite naturelle jaune de type A de qualit\u00e9 sup\u00e9rieure, con\u00e7u comme un Pixiu avec Ruyi et une pi\u00e8ce. Le pendentif p\u00e8se <strong>39,48 grammes<\/strong> et mesures<strong> 56,8 * 28,8 * 13 mm<\/strong>, ce qui en fait un accessoire id\u00e9al \u00e0 porter au quotidien ou \u00e0 des fins de collection.<\/p>\n<ul>\n<li>\n<strong>Authentique et Certifi\u00e9 :<\/strong> Ce collier pendentif en jad\u00e9ite est accompagn\u00e9 d&#039;un certificat d&#039;authenticit\u00e9 garantissant sa qualit\u00e9 sup\u00e9rieure.<\/li>\n<\/ul>\n<p><strong>Num\u00e9ros de certificat : GD2111H005247<\/strong><\/p>\n<p><img fetchpriority=\"high\" decoding=\"async\" height=\"1080\" src=\"https:\/\/shop.yipinqian.com\/wp-content\/uploads\/2024\/10\/db6fbf8b09a4e0b6042aca19d749fa23.jpg?from=476444299\" width=\"1080\"><\/p>\n<ul>\n<li>\n<strong>Fabriqu\u00e9 \u00e0 la perfection :<\/strong> Le design Pixiu est compl\u00e9t\u00e9 par les motifs Ruyi et Coin, faisant de ce collier une superbe pi\u00e8ce d&#039;art \u00e0 ajouter \u00e0 votre collection.<\/li>\n<li>\n<strong>Jade de qualit\u00e9 sup\u00e9rieure :<\/strong> Ce collier est fabriqu\u00e9 \u00e0 partir de jad\u00e9ite naturelle de type A du Myanmar, garantissant sa qualit\u00e9 sup\u00e9rieure qui vous durera des ann\u00e9es.<\/li>\n<\/ul>\n<p>Cette pi\u00e8ce unisexe est propos\u00e9e dans un style d\u00e9contract\u00e9 qui compl\u00e9tera n&#039;importe quelle tenue que vous portez au quotidien ou lors d&#039;occasions sp\u00e9ciales sans compromettre le style ou le confort.\u00a0<\/p>\n<ul>\n<li>\n<strong>OCCASION :<\/strong>\u00c0 porter au quotidien<\/li>\n<\/ul>\n<p>Ajoutez ce collier pendentif en jad\u00e9ite naturelle jaune de type A de qualit\u00e9 sup\u00e9rieure \u00e0 votre bo\u00eete \u00e0 bijoux d\u00e8s aujourd&#039;hui\u00a0!<\/p>\n<p>\u00a0<\/p>\n<p>Yi Pin Qian \u2013 N\u00e9gociant en pierres pr\u00e9cieuses et m\u00e9taux pr\u00e9cieux \u00e0 Singapour \u2013 Num\u00e9ro de licence PS20190000031<\/p>\n<p>\u00a0<\/p>\n<p>*Toutes les jad\u00e9ites achet\u00e9es chez Yi Pin Qian \u00e0 Singapour, les clients peuvent r\u00e9server des cr\u00e9neaux pour le polissage ou une r\u00e9paration mineure en cas de mauvaise manipulation - des frais s&#039;appliquent et uniquement pour les clients de Yi Pin Qian \u00e0 Singapour*<\/p>\n<p>\u00a0<\/p>\n<p><strong>**Types de certificats**<\/strong><\/p>\n<p>\u00a0<\/p>\n<p><strong>NGI (Nan Yang Gemmologie)<\/strong><\/p>\n<p>ou <strong>Certificats \u00e9trangers <\/strong>(Yi Pin Qian utilise uniquement des certificats authentiques provenant de laboratoires \u00e9trangers et contr\u00f4le \u00e9galement la qualit\u00e9 de chacun de nos produits avant de les mettre en vente \u00e0 Singapour)<\/p>\n<p>\u00a0<\/p>\n<p>Chaque produit sur TikTok aura le type de certificat fourni indiqu\u00e9 dans la description. Pour tout client souhaitant envoyer sa commande \u00e0 NGI Singapore, il y aura un d\u00e9lai d&#039;attente pour la livraison de la commande estim\u00e9 \u00e0 environ 4 semaines pour recevoir votre commande. <strong>Les demandes de rapport sur les pierres pr\u00e9cieuses NGI doivent \u00eatre effectu\u00e9es en envoyant un message \u00e0 la boutique TikTok de Yi Pin Qian.<\/strong> Merci, <strong><u>des frais suppl\u00e9mentaires s&#039;appliquent<\/u><\/strong>.<\/p>\n<p>\u00a0<\/p>\n<p><strong>La jad\u00e9ite naturelle n&#039;est pas parfaite, juste un petit rappel : notre jad\u00e9ite naturelle, comme toutes les belles choses de la nature, poss\u00e8de ses caract\u00e9ristiques et ses variations uniques. Nous invitons nos pr\u00e9cieux clients \u00e0 adopter ces variations naturelles. Bon shopping !<\/strong><\/p>\n<p>\u00a0<\/p>\n<p><strong><u>Aucune des photos et des s\u00e9quences vid\u00e9o n&#039;a \u00e9t\u00e9 filtr\u00e9e. Nous encourageons nos clients \u00e0 regarder \u00e9galement les vid\u00e9os d&#039;accompagnement pour une vue plus compl\u00e8te de nos produits<\/u><\/strong><\/p>","protected":false},"excerpt":{"rendered":"<p>Rehaussez votre collection de bijoux avec ce collier pendentif en jad\u00e9ite naturelle jaune de type A de qualit\u00e9 sup\u00e9rieure, fabriqu\u00e9 en Pixiu avec Ruyi et pi\u00e8ce de monnaie. Le pendentif p\u00e8se 39,48 grammes et mesure 56,8 * 28,8 * 13 mm, ce qui en fait un accessoire id\u00e9al \u00e0 porter au quotidien ou \u00e0 collectionner. Authentique et certifi\u00e9 : ce collier pendentif en jad\u00e9ite est livr\u00e9 avec [\u2026]<\/p>","protected":false},"featured_media":7199,"comment_status":"open","ping_status":"closed","template":"","meta":[],"product_brand":[],"product_cat":[48],"product_tag":[],"class_list":{"0":"post-1700","1":"product","2":"type-product","3":"status-publish","4":"has-post-thumbnail","6":"product_cat-pendants","8":"first","9":"instock","10":"sale","11":"shipping-taxable","12":"purchasable","13":"product-type-simple"},"_links":{"self":[{"href":"https:\/\/shop.yipinqian.com\/fr\/wp-json\/wp\/v2\/product\/1700","targetHints":{"allow":["GET"]}}],"collection":[{"href":"https:\/\/shop.yipinqian.com\/fr\/wp-json\/wp\/v2\/product"}],"about":[{"href":"https:\/\/shop.yipinqian.com\/fr\/wp-json\/wp\/v2\/types\/product"}],"replies":[{"embeddable":true,"href":"https:\/\/shop.yipinqian.com\/fr\/wp-json\/wp\/v2\/comments?post=1700"}],"version-history":[{"count":0,"href":"https:\/\/shop.yipinqian.com\/fr\/wp-json\/wp\/v2\/product\/1700\/revisions"}],"wp:featuredmedia":[{"embeddable":true,"href":"https:\/\/shop.yipinqian.com\/fr\/wp-json\/wp\/v2\/media\/7199"}],"wp:attachment":[{"href":"https:\/\/shop.yipinqian.com\/fr\/wp-json\/wp\/v2\/media?parent=1700"}],"wp:term":[{"taxonomy":"product_brand","embeddable":true,"href":"https:\/\/shop.yipinqian.com\/fr\/wp-json\/wp\/v2\/product_brand?post=1700"},{"taxonomy":"product_cat","embeddable":true,"href":"https:\/\/shop.yipinqian.com\/fr\/wp-json\/wp\/v2\/product_cat?post=1700"},{"taxonomy":"product_tag","embeddable":true,"href":"https:\/\/shop.yipinqian.com\/fr\/wp-json\/wp\/v2\/product_tag?post=1700"}],"curies":[{"name":"wp","href":"https:\/\/api.w.org\/{rel}","templated":true}]}}