{"id":1699,"date":"2024-10-24T23:21:35","date_gmt":"2024-10-24T15:21:35","guid":{"rendered":"https:\/\/shop.yipinqian.com\/product\/premium-yellow-and-floating-blueish-green-piaohua-natural-type-a-jadeite-pendant-necklace-crafted-with-bamboo-lizard-symbols-of-wealth-fortune-longevity-and-wisdom-with-certificate-weigh-37-99-grams-5\/"},"modified":"2025-02-24T01:17:27","modified_gmt":"2025-02-23T17:17:27","slug":"premium-yellow-and-floating-blueish-green-piaohua-natural-type-a-jadeite-pendant-necklace-crafted-with-bamboo-lizard-symbols-of-wealth-fortune-longevity-and-wisdom-with-certificate-weigh-37-99-grams-5","status":"publish","type":"product","link":"https:\/\/shop.yipinqian.com\/fr\/produit\/premium-yellow-and-floating-blueish-green-piaohua-natural-type-a-jadeite-pendant-necklace-crafted-with-bamboo-lizard-symbols-of-wealth-fortune-longevity-and-wisdom-with-certificate-weigh-37-99-grams-5\/","title":{"rendered":"Collier pendentif en jad\u00e9ite naturelle de type A jaune et vert bleut\u00e9 flottant (Piaohua) de qualit\u00e9 sup\u00e9rieure fabriqu\u00e9 avec du bambou, des symboles de l\u00e9zard de richesse, de fortune, de long\u00e9vit\u00e9 et de sagesse avec certificat p\u00e8se 37,99 grammes, 57,3 * 27,5 * 14,6 mm (pendentif47)"},"content":{"rendered":"<p>Rehaussez votre style avec ce superbe collier pendentif en jad\u00e9ite naturelle de type A jaune et vert bleut\u00e9 flottant (Piaohua) de qualit\u00e9 sup\u00e9rieure. Fabriqu\u00e9 avec du bambou et des symboles de l\u00e9zard de richesse, de fortune, de long\u00e9vit\u00e9 et de sagesse, ce pendentif est un accessoire parfait \u00e0 porter au quotidien.<\/p>\n<ul>\n<li>\n<strong>Jad\u00e9ite naturelle de type A :<\/strong> Le pendentif est fait de jad\u00e9ite naturelle de type A qui repr\u00e9sente la puret\u00e9, l&#039;honn\u00eatet\u00e9 et la beaut\u00e9.<\/li>\n<li>\n<strong>Qualit\u00e9 sup\u00e9rieure :<\/strong> Fabriqu\u00e9 avec pr\u00e9cision, le pendentif b\u00e9n\u00e9ficie d&#039;une qualit\u00e9 sup\u00e9rieure qui respire le luxe.<\/li>\n<li>\n<strong>Certificat:<\/strong> Livr\u00e9 avec un certificat d&#039;authenticit\u00e9 garantissant la qualit\u00e9 du produit<\/li>\n<\/ul>\n<p><strong>Num\u00e9ros de certificat : 920460010620<\/strong><\/p>\n<p><img fetchpriority=\"high\" decoding=\"async\" height=\"1080\" src=\"https:\/\/shop.yipinqian.com\/wp-content\/uploads\/2024\/10\/0ee78904ad44705af715df7dada69b88.jpg?from=476444299\" width=\"1080\"><\/p>\n<p>Pesant 37,99 grammes et mesurant 57,3 * 27,5 * 14,6 mm (pendentif47), ce collier est unisexe, ce qui en fait un cadeau id\u00e9al pour les hommes ou les femmes.<\/p>\n<ul>\n<li>\n<strong>Style de collier en jade : <\/strong>Le collier a \u00e9t\u00e9 con\u00e7u pour \u00eatre d\u00e9contract\u00e9, ce qui le rend parfait pour un usage quotidien ou pour des occasions sp\u00e9ciales.<\/li>\n<\/ul>\n<p>Cette superbe pi\u00e8ce provient du Myanmar, o\u00f9 des pierres de jade de haute qualit\u00e9 sont extraites de sa riche ascendance en min\u00e9raux ; le Myanmar \u00e9tant reconnu comme l&#039;un des meilleurs endroits pour trouver des pierres pr\u00e9cieuses, notamment des accessoires et des d\u00e9riv\u00e9s de bijoux en jade. Investissez dans votre propre style personnel qui vous durera toute une vie !<\/p>\n<p>\u00a0<\/p>\n<p>Yi Pin Qian \u2013 N\u00e9gociant en pierres pr\u00e9cieuses et m\u00e9taux pr\u00e9cieux \u00e0 Singapour \u2013 Num\u00e9ro de licence PS20190000031<\/p>\n<p>\u00a0<\/p>\n<p>*Toutes les jad\u00e9ites achet\u00e9es chez Yi Pin Qian \u00e0 Singapour, les clients peuvent r\u00e9server des cr\u00e9neaux pour le polissage ou une r\u00e9paration mineure en cas de mauvaise manipulation - des frais s&#039;appliquent et uniquement pour les clients de Yi Pin Qian \u00e0 Singapour*<\/p>\n<p>\u00a0<\/p>\n<p><strong>**Types de certificats**<\/strong><\/p>\n<p>\u00a0<\/p>\n<p><strong>NGI (Nan Yang Gemmologie)<\/strong><\/p>\n<p>ou <strong>Certificats \u00e9trangers <\/strong>(Yi Pin Qian utilise uniquement des certificats authentiques provenant de laboratoires \u00e9trangers et contr\u00f4le \u00e9galement la qualit\u00e9 de chacun de nos produits avant de les mettre en vente \u00e0 Singapour)<\/p>\n<p>\u00a0<\/p>\n<p>Chaque produit sur TikTok aura le type de certificat fourni indiqu\u00e9 dans la description. Pour tout client souhaitant envoyer sa commande \u00e0 NGI Singapore, il y aura un d\u00e9lai d&#039;attente pour la livraison de la commande estim\u00e9 \u00e0 environ 4 semaines pour recevoir votre commande. <strong>Les demandes de rapport sur les pierres pr\u00e9cieuses NGI doivent \u00eatre effectu\u00e9es en envoyant un message \u00e0 la boutique TikTok de Yi Pin Qian.<\/strong> Merci, <strong><u>des frais suppl\u00e9mentaires s&#039;appliquent<\/u><\/strong>.<\/p>\n<p>\u00a0<\/p>\n<p><strong>La jad\u00e9ite naturelle n&#039;est pas parfaite, juste un petit rappel : notre jad\u00e9ite naturelle, comme toutes les belles choses de la nature, poss\u00e8de ses caract\u00e9ristiques et ses variations uniques. Nous invitons nos pr\u00e9cieux clients \u00e0 adopter ces variations naturelles. Bon shopping !<\/strong><\/p>\n<p>\u00a0<\/p>\n<p><strong><u>Aucune des photos et des s\u00e9quences vid\u00e9o n&#039;a \u00e9t\u00e9 filtr\u00e9e. Nous encourageons nos clients \u00e0 regarder \u00e9galement les vid\u00e9os d&#039;accompagnement pour une vue plus compl\u00e8te de nos produits<\/u><\/strong><\/p>","protected":false},"excerpt":{"rendered":"<p>Elevate your style with this exquisite Premium Yellow and Floating Blueish Green (Piaohua) Natural Type A Jadeite Pendant Necklace. Crafted with bamboo and lizard symbols of wealth, fortune, longevity and wisdom, this pendant is a perfect accessory for daily wear. Natural Type A Jadeite: The pendant is made of natural type A jadeite which represents [&hellip;]<\/p>","protected":false},"featured_media":7189,"comment_status":"open","ping_status":"closed","template":"","meta":[],"product_brand":[],"product_cat":[195],"product_tag":[],"class_list":{"0":"post-1699","1":"product","2":"type-product","3":"status-publish","4":"has-post-thumbnail","6":"product_cat-heirloom-grade","8":"first","9":"instock","10":"sale","11":"shipping-taxable","12":"purchasable","13":"product-type-simple"},"_links":{"self":[{"href":"https:\/\/shop.yipinqian.com\/fr\/wp-json\/wp\/v2\/product\/1699","targetHints":{"allow":["GET"]}}],"collection":[{"href":"https:\/\/shop.yipinqian.com\/fr\/wp-json\/wp\/v2\/product"}],"about":[{"href":"https:\/\/shop.yipinqian.com\/fr\/wp-json\/wp\/v2\/types\/product"}],"replies":[{"embeddable":true,"href":"https:\/\/shop.yipinqian.com\/fr\/wp-json\/wp\/v2\/comments?post=1699"}],"version-history":[{"count":0,"href":"https:\/\/shop.yipinqian.com\/fr\/wp-json\/wp\/v2\/product\/1699\/revisions"}],"wp:featuredmedia":[{"embeddable":true,"href":"https:\/\/shop.yipinqian.com\/fr\/wp-json\/wp\/v2\/media\/7189"}],"wp:attachment":[{"href":"https:\/\/shop.yipinqian.com\/fr\/wp-json\/wp\/v2\/media?parent=1699"}],"wp:term":[{"taxonomy":"product_brand","embeddable":true,"href":"https:\/\/shop.yipinqian.com\/fr\/wp-json\/wp\/v2\/product_brand?post=1699"},{"taxonomy":"product_cat","embeddable":true,"href":"https:\/\/shop.yipinqian.com\/fr\/wp-json\/wp\/v2\/product_cat?post=1699"},{"taxonomy":"product_tag","embeddable":true,"href":"https:\/\/shop.yipinqian.com\/fr\/wp-json\/wp\/v2\/product_tag?post=1699"}],"curies":[{"name":"wp","href":"https:\/\/api.w.org\/{rel}","templated":true}]}}