{"id":16987,"date":"2025-01-13T02:28:36","date_gmt":"2025-01-12T18:28:36","guid":{"rendered":"https:\/\/shop.yipinqian.com\/three-legs-toad-pendant-on-light-lavender-natural-type-a-jadeite-jade-added-with-18k-clasp-certificate-weighs-3-76-grams-measurement-19-1-13-9-1-mm-18kp102\/"},"modified":"2025-02-24T00:49:44","modified_gmt":"2025-02-23T16:49:44","slug":"three-legs-toad-pendant-on-light-lavender-natural-type-a-jadeite-jade-added-with-18k-clasp-certificate-weighs-3-76-grams-measurement-19-1-13-9-1-mm-18kp102","status":"publish","type":"product","link":"https:\/\/shop.yipinqian.com\/fr\/produit\/three-legs-toad-pendant-on-light-lavender-natural-type-a-jadeite-jade-added-with-18k-clasp-certificate-weighs-3-76-grams-measurement-19-1-13-9-1-mm-18kp102\/","title":{"rendered":"Pendentif crapaud \u00e0 trois pattes sur jade jad\u00e9ite naturel de type A lavande clair ajout\u00e9 avec certificat de fermoir 18 carats p\u00e8se 3,76 grammes, mesure 19,1 * 13 * 9,1 mm (18kp102)"},"content":{"rendered":"<p><iframe title=\"Crapaud \u00e0 trois pattes lavande clair\" src=\"https:\/\/youtube.com\/embed\/7RQ0YN8-X0s\" width=\"330\" height=\"300\"><\/iframe><br \/>\nD\u00e9couvrez l&#039;\u00e9l\u00e9gance de notre pendentif crapaud \u00e0 trois pattes, fabriqu\u00e9 \u00e0 partir de jade jad\u00e9ite naturel de type A dans une superbe teinte lavande clair.<\/p>\n<ul>\n<li>\n<strong>Conception exquise :<\/strong> Ce pendentif pr\u00e9sente un design unique de crapaud \u00e0 trois pattes, symbolisant la prosp\u00e9rit\u00e9 et la chance.<\/li>\n<li>\n<strong>Mat\u00e9riau de qualit\u00e9 sup\u00e9rieure :<\/strong> Fabriqu\u00e9 \u00e0 partir de jade jad\u00e9ite naturel de type A de haute qualit\u00e9, connu pour sa beaut\u00e9 et sa durabilit\u00e9.<\/li>\n<li>\n<strong>Toucher luxueux :<\/strong> Rehauss\u00e9 d&#039;un fermoir 18 carats pour plus de sophistication.<\/li>\n<\/ul>\n<p>Ce pendentif p\u00e8se 3,76 grammes et mesure 19,1 * 13 * 9,1 mm, ce qui en fait un accessoire d\u00e9licat mais frappant pour toute collection de bijoux. Parfait comme cadeau ou tr\u00e9sor personnel !<\/p>\n<p><\/p>\n<p>Num\u00e9ros de certificat : GD2111H014915<\/p>\n<p><\/p>\n<p>Or 18 carats : 0,286 grammes<\/p>\n<p>Diamants : 3 * 0,003 carats<\/p>\n<p><img fetchpriority=\"high\" decoding=\"async\" height=\"2048\" width=\"1536\" src=\"https:\/\/shop.yipinqian.com\/wp-content\/uploads\/2025\/01\/0f3e2cb757114dbbaeb933a9fb366825tplv-aphluv4xwc-origin-jpeg.jpeg?dr=15568&#038;nonce=58517&#038;refresh_token=fd29c800eaa7c5502e515f9ee4eb74e4&#038;from=476444299&#038;idc=my2&#038;ps=933b5bde&#038;shcp=9b759fb9&#038;shp=1c65f68b&#038;t=555f072d\"><img decoding=\"async\" height=\"2048\" width=\"1536\" src=\"https:\/\/shop.yipinqian.com\/wp-content\/uploads\/2025\/01\/aa8e747d80e14d06b86997310b2d472dtplv-aphluv4xwc-origin-jpeg.jpeg?dr=15568&#038;nonce=68623&#038;refresh_token=57a4ae256d227203fdc0e40fe9c95169&#038;from=476444299&#038;idc=my2&#038;ps=933b5bde&#038;shcp=9b759fb9&#038;shp=1c65f68b&#038;t=555f072d\"><img decoding=\"async\" height=\"2048\" width=\"1536\" src=\"https:\/\/shop.yipinqian.com\/wp-content\/uploads\/2025\/01\/298af894786d45f488645faa9b011074tplv-aphluv4xwc-origin-jpeg.jpeg?dr=15568&#038;nonce=88206&#038;refresh_token=7d60136a1c17bf254d082f2164e3f56f&#038;from=476444299&#038;idc=my2&#038;ps=933b5bde&#038;shcp=9b759fb9&#038;shp=1c65f68b&#038;t=555f072d\"><\/p>\n<p>Yi Pin Qian \u2013 N\u00e9gociant en pierres pr\u00e9cieuses et m\u00e9taux pr\u00e9cieux \u00e0 Singapour \u2013 Num\u00e9ro de licence PS20190000031<\/p>\n<p><\/p>\n<p>*Toutes les jad\u00e9ites achet\u00e9es chez Yi Pin Qian \u00e0 Singapour, les clients peuvent r\u00e9server des cr\u00e9neaux pour le polissage ou une r\u00e9paration mineure en cas de mauvaise manipulation - des frais s&#039;appliquent et uniquement pour les clients de Yi Pin Qian \u00e0 Singapour*<\/p>\n<p><\/p>\n<p><strong>**Types de certificats**<\/strong><\/p>\n<p><\/p>\n<p><strong>NGI (Nan Yang Gemmologie)<\/strong><\/p>\n<p>ou <strong>Certificats \u00e9trangers <\/strong>(Yi Pin Qian utilise uniquement des certificats authentiques provenant de laboratoires \u00e9trangers et contr\u00f4le \u00e9galement la qualit\u00e9 de chacun de nos produits avant de les mettre en vente \u00e0 Singapour)<\/p>\n<p><\/p>\n<p>Chaque produit aura le type de certificat fourni indiqu\u00e9 dans la description. Pour tout client souhaitant envoyer sa commande \u00e0 NGI Singapore, <strong>Les demandes de rapport NGI Gemstone doivent \u00eatre effectu\u00e9es en nous envoyant un message.<\/strong> Merci, <strong><u>des frais suppl\u00e9mentaires s&#039;appliquent<\/u><\/strong> \u2013 $90 pour la jad\u00e9ite \/ $150 pour la jad\u00e9ite avec or 18 carats \/ $150 pour les perles de jad\u00e9ite \u2013 ce n\u2019est pas obligatoire car la plupart de nos produits sont d\u00e9j\u00e0 livr\u00e9s avec un certificat d\u2019outre-mer ou un rapport NGI.<\/p>\n<p><\/p>\n<p>(Pour plus de d\u00e9tails ou demande suppl\u00e9mentaire : <strong>Veuillez nous envoyer un message si vous souhaitez envoyer votre article achet\u00e9 au laboratoire de test NGI<\/strong>)<\/p>\n<p><\/p>\n<p><strong>La jad\u00e9ite naturelle n&#039;est pas parfaite, juste un petit rappel : notre jad\u00e9ite naturelle, comme toutes les belles choses de la nature, poss\u00e8de ses caract\u00e9ristiques et ses variations uniques. Nous invitons nos pr\u00e9cieux clients \u00e0 adopter ces variations naturelles. Bon shopping !<\/strong><\/p>\n<p><\/p>\n<p><strong><u>Aucune des photos et des s\u00e9quences vid\u00e9o n&#039;a \u00e9t\u00e9 filtr\u00e9e. Nous encourageons nos clients \u00e0 regarder \u00e9galement les vid\u00e9os d&#039;accompagnement pour une vue plus compl\u00e8te de nos produits<\/u><\/strong><\/p>\n<p><\/p>\n<ul>\n<li>Diff\u00e9rentes plates-formes ne peuvent visionner des vid\u00e9os que via le bureau<\/li>\n<\/ul>","protected":false},"excerpt":{"rendered":"<p>Discover the elegance of our Three Legs Toad Pendant, crafted from natural Type A jadeite jade in a stunning light lavender hue. Exquisite Design: This pendant features a unique three legs toad design, symbolizing prosperity and luck. Premium Material: Made from high-quality natural Type A jadeite jade, known for its beauty and durability. Luxe Touch: [&hellip;]<\/p>","protected":false},"featured_media":16994,"comment_status":"open","ping_status":"closed","template":"","meta":[],"product_brand":[],"product_cat":[194],"product_tag":[50,52,88,65,108,58,181,60,61],"class_list":{"0":"post-16987","1":"product","2":"type-product","3":"status-publish","4":"has-post-thumbnail","6":"product_cat-value-picks","7":"product_tag-18k-gold","8":"product_tag-certified","9":"product_tag-diamonds","10":"product_tag-high-quality","11":"product_tag-light-lavender","12":"product_tag-new-arrivals","13":"product_tag-three-legs-toad","14":"product_tag-type-a-jadeite","15":"product_tag-unisex","17":"first","18":"instock","19":"sale","20":"shipping-taxable","21":"purchasable","22":"product-type-simple"},"_links":{"self":[{"href":"https:\/\/shop.yipinqian.com\/fr\/wp-json\/wp\/v2\/product\/16987","targetHints":{"allow":["GET"]}}],"collection":[{"href":"https:\/\/shop.yipinqian.com\/fr\/wp-json\/wp\/v2\/product"}],"about":[{"href":"https:\/\/shop.yipinqian.com\/fr\/wp-json\/wp\/v2\/types\/product"}],"replies":[{"embeddable":true,"href":"https:\/\/shop.yipinqian.com\/fr\/wp-json\/wp\/v2\/comments?post=16987"}],"version-history":[{"count":0,"href":"https:\/\/shop.yipinqian.com\/fr\/wp-json\/wp\/v2\/product\/16987\/revisions"}],"wp:featuredmedia":[{"embeddable":true,"href":"https:\/\/shop.yipinqian.com\/fr\/wp-json\/wp\/v2\/media\/16994"}],"wp:attachment":[{"href":"https:\/\/shop.yipinqian.com\/fr\/wp-json\/wp\/v2\/media?parent=16987"}],"wp:term":[{"taxonomy":"product_brand","embeddable":true,"href":"https:\/\/shop.yipinqian.com\/fr\/wp-json\/wp\/v2\/product_brand?post=16987"},{"taxonomy":"product_cat","embeddable":true,"href":"https:\/\/shop.yipinqian.com\/fr\/wp-json\/wp\/v2\/product_cat?post=16987"},{"taxonomy":"product_tag","embeddable":true,"href":"https:\/\/shop.yipinqian.com\/fr\/wp-json\/wp\/v2\/product_tag?post=16987"}],"curies":[{"name":"wp","href":"https:\/\/api.w.org\/{rel}","templated":true}]}}