{"id":1698,"date":"2024-10-24T23:21:35","date_gmt":"2024-10-24T15:21:35","guid":{"rendered":"https:\/\/shop.yipinqian.com\/product\/premium-semi-icy-yellow-natural-type-a-jadeite-pendant-necklace-crafted-as-a-gourd-symbols-of-happiness-wealth-longevity-with-certificate-weigh-9-16-grams-32-6-18-7-10-3-mm-suitable-for-daily-wear-or\/"},"modified":"2025-02-24T00:49:52","modified_gmt":"2025-02-23T16:49:52","slug":"premium-semi-icy-yellow-natural-type-a-jadeite-pendant-necklace-crafted-as-a-gourd-symbols-of-happiness-wealth-longevity-with-certificate-weigh-9-16-grams-32-6-18-7-10-3-mm-suitable-for-daily-wear-or","status":"publish","type":"product","link":"https:\/\/shop.yipinqian.com\/fr\/produit\/premium-semi-icy-yellow-natural-type-a-jadeite-pendant-necklace-crafted-as-a-gourd-symbols-of-happiness-wealth-longevity-with-certificate-weigh-9-16-grams-32-6-18-7-10-3-mm-suitable-for-daily-wear-or\/","title":{"rendered":"Collier pendentif en jad\u00e9ite naturelle de type A jaune semi-glac\u00e9 de qualit\u00e9 sup\u00e9rieure fabriqu\u00e9 en forme de gourde, symboles de bonheur, de richesse, de long\u00e9vit\u00e9, avec certificat pesant 9,16 grammes, 32,6 * 18,7 * 10,3 mm, adapt\u00e9 \u00e0 un usage quotidien ou \u00e0 des fins de collection"},"content":{"rendered":"<p>Rehaussez votre style avec ce collier pendentif en jad\u00e9ite naturelle de type A jaune semi-glac\u00e9 de qualit\u00e9 sup\u00e9rieure, soigneusement con\u00e7u en forme de gourde, symbole de bonheur, de richesse et de long\u00e9vit\u00e9.<\/p>\n<ul>\n<li>\n<strong>Jad\u00e9ite naturelle de type A :<\/strong> Fabriqu\u00e9 \u00e0 partir de jad\u00e9ite de type A naturelle et de qualit\u00e9 sup\u00e9rieure provenant du Myanmar, ce collier pendentif impressionnera \u00e0 coup s\u00fbr par sa beaut\u00e9.<\/li>\n<li>\n<strong>Avec certificat :<\/strong> Ce collier pendentif est accompagn\u00e9 d&#039;un certificat garantissant son authenticit\u00e9.<\/li>\n<\/ul>\n<p><strong>Num\u00e9ros de certificat : SW22062100236<\/strong><\/p>\n<p><img fetchpriority=\"high\" decoding=\"async\" height=\"1080\" src=\"https:\/\/shop.yipinqian.com\/wp-content\/uploads\/2024\/10\/9e0728a82775e9f7798c0d7b02df472a.jpg?from=476444299\" width=\"1080\"><\/p>\n<ul>\n<li>\n<strong>Convient pour un usage quotidien ou une collection :<\/strong> Avec un poids de 9,16 grammes et une taille de 32,6 * 18,7 * 10,3 mm, ce collier est parfait pour un port quotidien ou dans le cadre de votre collection.<\/li>\n<\/ul>\n<p>Ajoutez une touche \u00e9l\u00e9gante \u00e0 n&#039;importe quelle tenue avec le style d\u00e9contract\u00e9 de ce collier en jade - adapt\u00e9 aux hommes et aux femmes<\/p>\n<ul>\n<li>\n<strong>Type de jade : <\/strong>Ce produit est compos\u00e9 de jad\u00e9ite de haute qualit\u00e9, ce qui le distingue des autres.<\/li>\n<li>\n<strong>OCCASIONS: <\/strong>Ce jade de type naturel peut \u00eatre port\u00e9 lors d&#039;occasions quotidiennes ainsi que lors d&#039;occasions sp\u00e9ciales comme les mariages, etc. pour obtenir le look parfait que vous souhaitez obtenir.<\/li>\n<\/ul>\n<p>Un v\u00e9ritable t\u00e9moignage d&#039;un savoir-faire exquis dans lequel il vaut la peine d&#039;investir !<\/p>\n<p>\u00a0<\/p>\n<p>Yi Pin Qian \u2013 N\u00e9gociant en pierres pr\u00e9cieuses et m\u00e9taux pr\u00e9cieux \u00e0 Singapour \u2013 Num\u00e9ro de licence PS20190000031<\/p>\n<p>\u00a0<\/p>\n<p>*Toutes les jad\u00e9ites achet\u00e9es chez Yi Pin Qian \u00e0 Singapour, les clients peuvent r\u00e9server des cr\u00e9neaux pour le polissage ou une r\u00e9paration mineure en cas de mauvaise manipulation - des frais s&#039;appliquent et uniquement pour les clients de Yi Pin Qian \u00e0 Singapour*<\/p>\n<p>\u00a0<\/p>\n<p><strong>**Types de certificats**<\/strong><\/p>\n<p>\u00a0<\/p>\n<p><strong>NGI (Nan Yang Gemmologie)<\/strong><\/p>\n<p>ou <strong>Certificats \u00e9trangers <\/strong>(Yi Pin Qian utilise uniquement des certificats authentiques provenant de laboratoires \u00e9trangers et contr\u00f4le \u00e9galement la qualit\u00e9 de chacun de nos produits avant de les mettre en vente \u00e0 Singapour)<\/p>\n<p>\u00a0<\/p>\n<p>Chaque produit sur TikTok aura le type de certificat fourni indiqu\u00e9 dans la description. Pour tout client souhaitant envoyer sa commande \u00e0 NGI Singapore, il y aura un d\u00e9lai d&#039;attente pour la livraison de la commande estim\u00e9 \u00e0 environ 4 semaines pour recevoir votre commande. <strong>Les demandes de rapport sur les pierres pr\u00e9cieuses NGI doivent \u00eatre effectu\u00e9es en envoyant un message \u00e0 la boutique TikTok de Yi Pin Qian.<\/strong> Merci, <strong><u>des frais suppl\u00e9mentaires s&#039;appliquent<\/u><\/strong>.<\/p>\n<p>\u00a0<\/p>\n<p><strong>La jad\u00e9ite naturelle n&#039;est pas parfaite, juste un petit rappel : notre jad\u00e9ite naturelle, comme toutes les belles choses de la nature, poss\u00e8de ses caract\u00e9ristiques et ses variations uniques. Nous invitons nos pr\u00e9cieux clients \u00e0 adopter ces variations naturelles. Bon shopping !<\/strong><\/p>\n<p>\u00a0<\/p>\n<p><strong><u>Aucune des photos et des s\u00e9quences vid\u00e9o n&#039;a \u00e9t\u00e9 filtr\u00e9e. Nous encourageons nos clients \u00e0 regarder \u00e9galement les vid\u00e9os d&#039;accompagnement pour une vue plus compl\u00e8te de nos produits<\/u><\/strong><\/p>\n<p>\u00a0<\/p>\n<p>.<\/p>","protected":false},"excerpt":{"rendered":"<p>Elevate your style with this Premium Semi Icy Yellow Natural Type A Jadeite Pendant Necklace, expertly crafted into the shape of a gourd, a symbol of happiness, wealth and longevity. Natural Type A Jadeite: Made from premium and natural type A jadeite from Myanmar, this pendant necklace is sure to impress with its beauty. With [&hellip;]<\/p>","protected":false},"featured_media":7179,"comment_status":"open","ping_status":"closed","template":"","meta":[],"product_brand":[],"product_cat":[194],"product_tag":[],"class_list":{"0":"post-1698","1":"product","2":"type-product","3":"status-publish","4":"has-post-thumbnail","6":"product_cat-value-picks","8":"first","9":"instock","10":"sale","11":"shipping-taxable","12":"purchasable","13":"product-type-simple"},"_links":{"self":[{"href":"https:\/\/shop.yipinqian.com\/fr\/wp-json\/wp\/v2\/product\/1698","targetHints":{"allow":["GET"]}}],"collection":[{"href":"https:\/\/shop.yipinqian.com\/fr\/wp-json\/wp\/v2\/product"}],"about":[{"href":"https:\/\/shop.yipinqian.com\/fr\/wp-json\/wp\/v2\/types\/product"}],"replies":[{"embeddable":true,"href":"https:\/\/shop.yipinqian.com\/fr\/wp-json\/wp\/v2\/comments?post=1698"}],"version-history":[{"count":0,"href":"https:\/\/shop.yipinqian.com\/fr\/wp-json\/wp\/v2\/product\/1698\/revisions"}],"wp:featuredmedia":[{"embeddable":true,"href":"https:\/\/shop.yipinqian.com\/fr\/wp-json\/wp\/v2\/media\/7179"}],"wp:attachment":[{"href":"https:\/\/shop.yipinqian.com\/fr\/wp-json\/wp\/v2\/media?parent=1698"}],"wp:term":[{"taxonomy":"product_brand","embeddable":true,"href":"https:\/\/shop.yipinqian.com\/fr\/wp-json\/wp\/v2\/product_brand?post=1698"},{"taxonomy":"product_cat","embeddable":true,"href":"https:\/\/shop.yipinqian.com\/fr\/wp-json\/wp\/v2\/product_cat?post=1698"},{"taxonomy":"product_tag","embeddable":true,"href":"https:\/\/shop.yipinqian.com\/fr\/wp-json\/wp\/v2\/product_tag?post=1698"}],"curies":[{"name":"wp","href":"https:\/\/api.w.org\/{rel}","templated":true}]}}