{"id":16971,"date":"2025-01-13T01:41:38","date_gmt":"2025-01-12T17:41:38","guid":{"rendered":"https:\/\/shop.yipinqian.com\/semi-icy-translucent-pixiu-pendant-natural-type-a-jadeite-jade-added-with-18k-clasp-certificate-weighs-2-79-grams-measurement-19-6-9-8-6-5-mm-18kp101\/"},"modified":"2025-03-20T00:17:42","modified_gmt":"2025-03-19T16:17:42","slug":"semi-icy-translucent-pixiu-pendant-natural-type-a-jadeite-jade-added-with-18k-clasp-certificate-weighs-2-79-grams-measurement-19-6-9-8-6-5-mm-18kp101","status":"publish","type":"product","link":"https:\/\/shop.yipinqian.com\/fr\/produit\/semi-icy-translucent-pixiu-pendant-natural-type-a-jadeite-jade-added-with-18k-clasp-certificate-weighs-2-79-grams-measurement-19-6-9-8-6-5-mm-18kp101\/","title":{"rendered":"Pendentif Pixiu translucide semi-glac\u00e9 Jade jad\u00e9ite naturelle de type A ajout\u00e9 avec certificat de fermoir 18 carats p\u00e8se 2,79 grammes, mesure 19,6 * 9,8 * 6,5 mm (18kp101)"},"content":{"rendered":"<p><iframe title=\"Pendentif Pixiu\" src=\"https:\/\/youtube.com\/embed\/CdplzpSZPpE\" width=\"330\" height=\"300\"><\/iframe><br \/>\nCe superbe pendentif Pixiu translucide semi-glac\u00e9 met en valeur la beaut\u00e9 naturelle du jade jad\u00e9ite de type A de teinte vert clair, rehauss\u00e9 d&#039;un \u00e9l\u00e9gant fermoir 18 carats.<\/p>\n<ul>\n<li>\n<strong>Mat\u00e9riel:<\/strong> Jade jad\u00e9ite naturelle de type A<\/li>\n<li>\n<strong>Poids:<\/strong> 2,79 grammes<\/li>\n<li>\n<strong>Mesures:<\/strong> 19,6 * 9,8 * 6,5 mm<\/li>\n<li>\n<strong>Fermoir:<\/strong> Qualit\u00e9 sup\u00e9rieure <strong>Or 18 carats \u2013 0,29 gramme<\/strong>\n<\/li>\n<\/ul>\n<p>Num\u00e9ros de certificat : GD2111H018857<\/p>\n<p><img fetchpriority=\"high\" decoding=\"async\" height=\"2048\" width=\"1536\" src=\"https:\/\/shop.yipinqian.com\/wp-content\/uploads\/2025\/01\/2a8b36adda9641b9ac1d47210bd4f1cetplv-aphluv4xwc-origin-jpeg.jpeg?dr=15568&#038;nonce=49017&#038;refresh_token=6cb80b2d5e6b7c15fbad9596e8b945d6&#038;from=476444299&#038;idc=my2&#038;ps=933b5bde&#038;shcp=9b759fb9&#038;shp=1c65f68b&#038;t=555f072d\"><br \/><img decoding=\"async\" height=\"2048\" width=\"1536\" src=\"https:\/\/shop.yipinqian.com\/wp-content\/uploads\/2025\/01\/6689171d86724767971507bbb8f1dac0tplv-aphluv4xwc-origin-jpeg.jpeg?dr=15568&#038;nonce=60154&#038;refresh_token=6a6d7a59013a6567c7da476eebdfa1e6&#038;from=476444299&#038;idc=my2&#038;ps=933b5bde&#038;shcp=9b759fb9&#038;shp=1c65f68b&#038;t=555f072d\"><br \/><img decoding=\"async\" height=\"2048\" width=\"1536\" src=\"https:\/\/shop.yipinqian.com\/wp-content\/uploads\/2025\/01\/a728c755e2e74af3959871d0cc08d9eftplv-aphluv4xwc-origin-jpeg.jpeg?dr=15568&#038;nonce=46338&#038;refresh_token=9319a164fd4537ee8d36d37d380dfbbc&#038;from=476444299&#038;idc=my2&#038;ps=933b5bde&#038;shcp=9b759fb9&#038;shp=1c65f68b&#038;t=555f072d\"><\/p>\n<p>Ce pendentif allie \u00e9l\u00e9gance et signification culturelle, ce qui en fait un accessoire ou un cadeau parfait pour toute occasion.<\/p>\n<p><\/p>\n<p>Yi Pin Qian \u2013 N\u00e9gociant en pierres pr\u00e9cieuses et m\u00e9taux pr\u00e9cieux \u00e0 Singapour \u2013 Num\u00e9ro de licence PS20190000031<\/p>\n<p><\/p>\n<p>*Toutes les jad\u00e9ites achet\u00e9es chez Yi Pin Qian \u00e0 Singapour, les clients peuvent r\u00e9server des cr\u00e9neaux pour le polissage ou une r\u00e9paration mineure en cas de mauvaise manipulation - des frais s&#039;appliquent et uniquement pour les clients de Yi Pin Qian \u00e0 Singapour*<\/p>\n<p><\/p>\n<p><strong>**Types de certificats**<\/strong><\/p>\n<p><\/p>\n<p><strong>NGI (Nan Yang Gemmologie)<\/strong><\/p>\n<p>ou <strong>Certificats \u00e9trangers <\/strong>(Yi Pin Qian utilise uniquement des certificats authentiques provenant de laboratoires \u00e9trangers et contr\u00f4le \u00e9galement la qualit\u00e9 de chacun de nos produits avant de les mettre en vente \u00e0 Singapour)<\/p>\n<p><\/p>\n<p>Chaque produit aura le type de certificat fourni indiqu\u00e9 dans la description. Pour tout client souhaitant envoyer sa commande \u00e0 NGI Singapore, <strong>Les demandes de rapport NGI Gemstone doivent \u00eatre effectu\u00e9es en nous envoyant un message.<\/strong> Merci, <strong><u>des frais suppl\u00e9mentaires s&#039;appliquent<\/u><\/strong> \u2013 $90 pour la jad\u00e9ite \/ $150 pour la jad\u00e9ite avec or 18 carats \/ $150 pour les perles de jad\u00e9ite \u2013 ce n\u2019est pas obligatoire car la plupart de nos produits sont d\u00e9j\u00e0 livr\u00e9s avec un certificat d\u2019outre-mer ou un rapport NGI.<\/p>\n<p><\/p>\n<p>(Pour plus de d\u00e9tails ou demande suppl\u00e9mentaire : <strong>Veuillez nous envoyer un message si vous souhaitez envoyer votre article achet\u00e9 au laboratoire de test NGI<\/strong>)<\/p>\n<p><\/p>\n<p><strong>La jad\u00e9ite naturelle n&#039;est pas parfaite, juste un petit rappel : notre jad\u00e9ite naturelle, comme toutes les belles choses de la nature, poss\u00e8de ses caract\u00e9ristiques et ses variations uniques. Nous invitons nos pr\u00e9cieux clients \u00e0 adopter ces variations naturelles. Bon shopping !<\/strong><\/p>\n<p><\/p>\n<p><strong><u>Aucune des photos et des s\u00e9quences vid\u00e9o n&#039;a \u00e9t\u00e9 filtr\u00e9e. Nous encourageons nos clients \u00e0 regarder \u00e9galement les vid\u00e9os d&#039;accompagnement pour une vue plus compl\u00e8te de nos produits<\/u><\/strong><\/p>\n<p><\/p>\n<ul>\n<li>Diff\u00e9rentes plates-formes ne peuvent visionner des vid\u00e9os que via le bureau<\/li>\n<\/ul>","protected":false},"excerpt":{"rendered":"<p>This exquisite Semi Icy Translucent Pixiu Pendant showcases the natural beauty of Light Green Hue Type A Jadeite Jade, enhanced with an elegant 18k clasp. Material: Natural Type A Jadeite Jade Weight: 2.79 grams Measurements: 19.6 * 9.8 * 6.5 mm Clasp: Premium quality 18k gold &#8211; 0.29 grams Certificate numbers: GD2111H018857 This pendant combines [&hellip;]<\/p>","protected":false},"featured_media":16978,"comment_status":"open","ping_status":"closed","template":"","meta":[],"product_brand":[],"product_cat":[194],"product_tag":[50,52,69,79,65,54,55,82,58,85,59,60,61],"class_list":{"0":"post-16971","1":"product","2":"type-product","3":"status-publish","4":"has-post-thumbnail","6":"product_cat-value-picks","7":"product_tag-18k-gold","8":"product_tag-certified","9":"product_tag-clasp","10":"product_tag-green-hue","11":"product_tag-high-quality","12":"product_tag-icy","13":"product_tag-jadeite","14":"product_tag-light-green","15":"product_tag-new-arrivals","16":"product_tag-pixiu","17":"product_tag-translucent","18":"product_tag-type-a-jadeite","19":"product_tag-unisex","21":"first","22":"instock","23":"sale","24":"shipping-taxable","25":"purchasable","26":"product-type-simple"},"_links":{"self":[{"href":"https:\/\/shop.yipinqian.com\/fr\/wp-json\/wp\/v2\/product\/16971","targetHints":{"allow":["GET"]}}],"collection":[{"href":"https:\/\/shop.yipinqian.com\/fr\/wp-json\/wp\/v2\/product"}],"about":[{"href":"https:\/\/shop.yipinqian.com\/fr\/wp-json\/wp\/v2\/types\/product"}],"replies":[{"embeddable":true,"href":"https:\/\/shop.yipinqian.com\/fr\/wp-json\/wp\/v2\/comments?post=16971"}],"version-history":[{"count":0,"href":"https:\/\/shop.yipinqian.com\/fr\/wp-json\/wp\/v2\/product\/16971\/revisions"}],"wp:featuredmedia":[{"embeddable":true,"href":"https:\/\/shop.yipinqian.com\/fr\/wp-json\/wp\/v2\/media\/16978"}],"wp:attachment":[{"href":"https:\/\/shop.yipinqian.com\/fr\/wp-json\/wp\/v2\/media?parent=16971"}],"wp:term":[{"taxonomy":"product_brand","embeddable":true,"href":"https:\/\/shop.yipinqian.com\/fr\/wp-json\/wp\/v2\/product_brand?post=16971"},{"taxonomy":"product_cat","embeddable":true,"href":"https:\/\/shop.yipinqian.com\/fr\/wp-json\/wp\/v2\/product_cat?post=16971"},{"taxonomy":"product_tag","embeddable":true,"href":"https:\/\/shop.yipinqian.com\/fr\/wp-json\/wp\/v2\/product_tag?post=16971"}],"curies":[{"name":"wp","href":"https:\/\/api.w.org\/{rel}","templated":true}]}}