{"id":1697,"date":"2024-10-24T23:21:35","date_gmt":"2024-10-24T15:21:35","guid":{"rendered":"https:\/\/shop.yipinqian.com\/product\/premium-semi-icy-with-light-green-hue-natural-type-a-jadeite-jade-crafted-with-pixiu-as-a-pendant-certificate-included-weigh-12-61-grams-measurement-492-17-1-8-7-mm-pendant202\/"},"modified":"2025-02-24T01:17:27","modified_gmt":"2025-02-23T17:17:27","slug":"premium-semi-icy-with-light-green-hue-natural-type-a-jadeite-jade-crafted-with-pixiu-as-a-pendant-certificate-included-weigh-12-61-grams-measurement-492-17-1-8-7-mm-pendant202","status":"publish","type":"product","link":"https:\/\/shop.yipinqian.com\/fr\/produit\/premium-semi-icy-with-light-green-hue-natural-type-a-jadeite-jade-crafted-with-pixiu-as-a-pendant-certificate-included-weigh-12-61-grams-measurement-492-17-1-8-7-mm-pendant202\/","title":{"rendered":"Jade jad\u00e9ite naturelle de type A de teinte vert clair de qualit\u00e9 sup\u00e9rieure, fabriqu\u00e9 avec Pixiu comme pendentif, certificat inclus, p\u00e8se 12,61 grammes, mesure 492. * 17,1 * 8,7 mm (pendentif202)"},"content":{"rendered":"<p>Am\u00e9liorez votre collection de bijoux avec ce superbe pendentif en jade jad\u00e9ite de type A naturel de qualit\u00e9 sup\u00e9rieure, semi-glac\u00e9, de teinte vert clair, fabriqu\u00e9 avec du Pixiu et pesant 12,61 grammes. Fabriqu\u00e9 au Myanmar, ce pendentif est accompagn\u00e9 d&#039;un certificat d&#039;authenticit\u00e9.<\/p>\n<p><\/p>\n<p>Num\u00e9ros de certificat : GD2203H015977<\/p>\n<ul>\n<li>\n<strong>Jad\u00e9ite naturelle de type A :<\/strong> Ce collier est fait de jad\u00e9ite naturelle de type A de haute qualit\u00e9, connue pour sa qualit\u00e9 sup\u00e9rieure et sa durabilit\u00e9.<\/li>\n<li>\n<strong>Conception Pixiu :<\/strong> Fabriqu\u00e9 selon un design Pixiu, cens\u00e9 apporter chance et richesse selon la mythologie chinoise.<\/li>\n<li>\n<strong>Apparence fascinante :<\/strong> La teinte vert clair semi-glaciale du jade ne manquera pas de faire tourner les t\u00eates partout o\u00f9 vous irez.<\/li>\n<\/ul>\n<p>Ce collier unisexe d\u00e9contract\u00e9 est parfait pour un usage quotidien et constitue un excellent cadeau pour vos proches ou comme compl\u00e9ment \u00e0 votre propre collection de bijoux. Le pendentif mesure 492 * 17,1 * 8,7 mm (pendentif202), ce qui en fait la taille parfaite \u00e0 porter en toute occasion sans \u00eatre trop lourd ou encombrant.<\/p>\n<ul>\n<li>\n<strong>Certificat inclus :<\/strong> Ce produit est accompagn\u00e9 d&#039;un certificat d&#039;authenticit\u00e9 afin que vous puissiez \u00eatre assur\u00e9 qu&#039;il est fabriqu\u00e9 \u00e0 partir de mat\u00e9riaux authentiques<\/li>\n<li>\n<strong>Aucune garantie incluse\u00a0: <\/strong>Ce produit n&#039;est pas couvert par une quelconque garantie<\/li>\n<\/ul>\n<p>Am\u00e9liorez votre style sans effort en ajoutant ce superbe pendentif en jad\u00e9ite naturelle de type A semi-glac\u00e9e de qualit\u00e9 sup\u00e9rieure con\u00e7u avec le design Pixiu \u00e0 votre rotation d&#039;accessoires quotidiens !<\/p>\n<p><\/p>\n<p>Yi Pin Qian \u2013 N\u00e9gociant en pierres pr\u00e9cieuses et m\u00e9taux pr\u00e9cieux \u00e0 Singapour \u2013 Num\u00e9ro de licence PS20190000031<\/p>\n<p><\/p>\n<p>*Toutes les jad\u00e9ites achet\u00e9es chez Yi Pin Qian \u00e0 Singapour, les clients peuvent r\u00e9server des cr\u00e9neaux pour le polissage ou une r\u00e9paration mineure en cas de mauvaise manipulation - des frais s&#039;appliquent et uniquement pour les clients de Yi Pin Qian \u00e0 Singapour*<\/p>\n<p><\/p>\n<p><strong>**Types de certificats**<\/strong><\/p>\n<p><\/p>\n<p><strong>NGI (Nan Yang Gemmologie)<\/strong><\/p>\n<p>ou <strong>Certificats \u00e9trangers <\/strong>(Yi Pin Qian utilise uniquement des certificats authentiques provenant de laboratoires \u00e9trangers et contr\u00f4le \u00e9galement la qualit\u00e9 de chacun de nos produits avant de les mettre en vente \u00e0 Singapour)<\/p>\n<p><\/p>\n<p>Chaque produit sur TikTok aura le type de certificat fourni indiqu\u00e9 dans la description. Pour tout client souhaitant envoyer sa commande \u00e0 NGI Singapore, il y aura un d\u00e9lai d&#039;attente pour la livraison de la commande estim\u00e9 \u00e0 environ 4 semaines pour recevoir votre commande. <strong>Les demandes de rapport sur les pierres pr\u00e9cieuses NGI doivent \u00eatre effectu\u00e9es en envoyant un message \u00e0 la boutique TikTok de Yi Pin Qian.<\/strong> Merci, <strong><u>des frais suppl\u00e9mentaires s&#039;appliquent<\/u><\/strong>.<\/p>\n<p><\/p>\n<p><strong>La jad\u00e9ite naturelle n&#039;est pas parfaite, juste un petit rappel : notre jad\u00e9ite naturelle, comme toutes les belles choses de la nature, poss\u00e8de ses caract\u00e9ristiques et ses variations uniques. Nous invitons nos pr\u00e9cieux clients \u00e0 adopter ces variations naturelles. Bon shopping !<\/strong><\/p>\n<p><\/p>\n<p><strong><u>Aucune des photos et des s\u00e9quences vid\u00e9o n&#039;a \u00e9t\u00e9 filtr\u00e9e. Nous encourageons nos clients \u00e0 regarder \u00e9galement les vid\u00e9os d&#039;accompagnement pour une vue plus compl\u00e8te de nos produits<\/u><\/strong><\/p>","protected":false},"excerpt":{"rendered":"<p>Enhance your jewelry collection with this exquisite Premium Semi Icy with Light Green Hue Natural Type A Jadeite Jade pendant crafted with Pixiu and weighing 12.61 grams. Made in Myanmar, this pendant comes with a certificate of authenticity. Certificate numbers: GD2203H015977 Natural Type A Jadeite: This necklace is made of high-quality natural type A jadeite, [&hellip;]<\/p>","protected":false},"featured_media":7169,"comment_status":"open","ping_status":"closed","template":"","meta":[],"product_brand":[],"product_cat":[195],"product_tag":[],"class_list":{"0":"post-1697","1":"product","2":"type-product","3":"status-publish","4":"has-post-thumbnail","6":"product_cat-heirloom-grade","8":"first","9":"instock","10":"sale","11":"shipping-taxable","12":"purchasable","13":"product-type-simple"},"_links":{"self":[{"href":"https:\/\/shop.yipinqian.com\/fr\/wp-json\/wp\/v2\/product\/1697","targetHints":{"allow":["GET"]}}],"collection":[{"href":"https:\/\/shop.yipinqian.com\/fr\/wp-json\/wp\/v2\/product"}],"about":[{"href":"https:\/\/shop.yipinqian.com\/fr\/wp-json\/wp\/v2\/types\/product"}],"replies":[{"embeddable":true,"href":"https:\/\/shop.yipinqian.com\/fr\/wp-json\/wp\/v2\/comments?post=1697"}],"version-history":[{"count":0,"href":"https:\/\/shop.yipinqian.com\/fr\/wp-json\/wp\/v2\/product\/1697\/revisions"}],"wp:featuredmedia":[{"embeddable":true,"href":"https:\/\/shop.yipinqian.com\/fr\/wp-json\/wp\/v2\/media\/7169"}],"wp:attachment":[{"href":"https:\/\/shop.yipinqian.com\/fr\/wp-json\/wp\/v2\/media?parent=1697"}],"wp:term":[{"taxonomy":"product_brand","embeddable":true,"href":"https:\/\/shop.yipinqian.com\/fr\/wp-json\/wp\/v2\/product_brand?post=1697"},{"taxonomy":"product_cat","embeddable":true,"href":"https:\/\/shop.yipinqian.com\/fr\/wp-json\/wp\/v2\/product_cat?post=1697"},{"taxonomy":"product_tag","embeddable":true,"href":"https:\/\/shop.yipinqian.com\/fr\/wp-json\/wp\/v2\/product_tag?post=1697"}],"curies":[{"name":"wp","href":"https:\/\/api.w.org\/{rel}","templated":true}]}}