{"id":1695,"date":"2024-10-24T23:21:33","date_gmt":"2024-10-24T15:21:33","guid":{"rendered":"https:\/\/shop.yipinqian.com\/product\/premium-rare-semi-icy-natural-type-a-jadeite-jade-crafted-with-milo-buddha-as-pendant-necklace-with-certificate-weigh-30-56-grams-measurement-56-23-12-8-pendant207\/"},"modified":"2025-02-24T01:17:27","modified_gmt":"2025-02-23T17:17:27","slug":"premium-rare-semi-icy-natural-type-a-jadeite-jade-crafted-with-milo-buddha-as-pendant-necklace-with-certificate-weigh-30-56-grams-measurement-56-23-12-8-pendant207","status":"publish","type":"product","link":"https:\/\/shop.yipinqian.com\/fr\/produit\/premium-rare-semi-icy-natural-type-a-jadeite-jade-crafted-with-milo-buddha-as-pendant-necklace-with-certificate-weigh-30-56-grams-measurement-56-23-12-8-pendant207\/","title":{"rendered":"Collier pendentif en jade jad\u00e9ite de type A semi-glac\u00e9 naturel rare de qualit\u00e9 sup\u00e9rieure fabriqu\u00e9 avec le Bouddha Milo avec certificat pesant 30,56 grammes, mesurant 56 * 23 * 12,8 (pendentif207)"},"content":{"rendered":"<p>Ornez-vous de ce collier pendentif en jade jad\u00e9ite de type A naturel semi-glac\u00e9 rare de qualit\u00e9 sup\u00e9rieure, dot\u00e9 d&#039;un magnifique motif de Bouddha Milo.<\/p>\n<p>\u00a0<\/p>\n<p>Num\u00e9ros de certificat : SZ21367221<\/p>\n<ul>\n<li>\n<strong>Mat\u00e9riel:<\/strong> Fabriqu\u00e9 en jade jad\u00e9ite de type A de haute qualit\u00e9, ce collier respire l&#039;\u00e9l\u00e9gance et le charme.<\/li>\n<li>\n<strong>Poids et mesures :<\/strong> Pesant 30,56 grammes et mesurant 56 * 23 * 12,8 (pendentif207), ce collier pendentif est parfait \u00e0 porter en toute occasion.<\/li>\n<li>\n<strong>Certificat:<\/strong>Le pendentif est accompagn\u00e9 d&#039;un certificat garantissant l&#039;authenticit\u00e9 du produit.<\/li>\n<\/ul>\n<p>Ce style de collier unisexe est parfait pour une tenue d\u00e9contract\u00e9e et peut \u00eatre port\u00e9 par des personnes de tout sexe.<\/p>\n<ul>\n<li>\n<strong>Type de jade :<\/strong>Le jade utilis\u00e9 dans la fabrication de ce pendentif est une jad\u00e9ite birmane naturelle semi-glac\u00e9e de type A, ce qui ajoute \u00e0 son caract\u00e8re unique.<\/li>\n<li>\n<strong>Pays d&#039;origine : <\/strong>Ce produit est originaire du Myanmar, ce qui garantit sa qualit\u00e9 et son authenticit\u00e9, car le Myanmar est connu pour produire des pierres de jade de qualit\u00e9 sup\u00e9rieure depuis des si\u00e8cles. La nature propice de la pi\u00e8ce la rend id\u00e9ale comme cadeau lors d&#039;occasions sp\u00e9ciales ou pour apporter de la bonne fortune dans votre vie.<\/li>\n<li>Ce produit n&#039;est pas accompagn\u00e9 d&#039;une garantie, mais il est fabriqu\u00e9 avec des d\u00e9tails si soign\u00e9s qu&#039;il constitue une pi\u00e8ce portable durable.<\/li>\n<\/ul>\n<p>Ajoutez une touche d&#039;\u00e9l\u00e9gance suppl\u00e9mentaire \u00e0 votre collection de bijoux d\u00e8s aujourd&#039;hui en mettant la main sur notre collier pendentif Bouddha en jad\u00e9ite naturelle semi-glac\u00e9e de type A de qualit\u00e9 sup\u00e9rieure !<\/p>\n<p>.<\/p>\n<p>Yi Pin Qian \u2013 N\u00e9gociant en pierres pr\u00e9cieuses et m\u00e9taux pr\u00e9cieux \u00e0 Singapour \u2013 Num\u00e9ro de licence PS20190000031<\/p>\n<p>\u00a0<\/p>\n<p>*Toutes les jad\u00e9ites achet\u00e9es chez Yi Pin Qian \u00e0 Singapour, les clients peuvent r\u00e9server des cr\u00e9neaux pour le polissage ou une r\u00e9paration mineure en cas de mauvaise manipulation - des frais s&#039;appliquent et uniquement pour les clients de Yi Pin Qian \u00e0 Singapour*<\/p>\n<p>\u00a0<\/p>\n<p><strong>**Types de certificats**<\/strong><\/p>\n<p>\u00a0<\/p>\n<p><strong>NGI (Nan Yang Gemmologie)<\/strong><\/p>\n<p>ou <strong>Certificats \u00e9trangers <\/strong>(Yi Pin Qian utilise uniquement des certificats authentiques provenant de laboratoires \u00e9trangers et contr\u00f4le \u00e9galement la qualit\u00e9 de chacun de nos produits avant de les mettre en vente \u00e0 Singapour)<\/p>\n<p>\u00a0<\/p>\n<p>Chaque produit sur TikTok aura le type de certificat fourni indiqu\u00e9 dans la description. Pour tout client souhaitant envoyer sa commande \u00e0 NGI Singapore, il y aura un d\u00e9lai d&#039;attente pour la livraison de la commande estim\u00e9 \u00e0 environ 4 semaines pour recevoir votre commande. <strong>Les demandes de rapport sur les pierres pr\u00e9cieuses NGI doivent \u00eatre effectu\u00e9es en envoyant un message \u00e0 la boutique TikTok de Yi Pin Qian.<\/strong> Merci, <strong><u>des frais suppl\u00e9mentaires s&#039;appliquent<\/u><\/strong>.<\/p>\n<p>\u00a0<\/p>\n<p><strong>La jad\u00e9ite naturelle n&#039;est pas parfaite, juste un petit rappel : notre jad\u00e9ite naturelle, comme toutes les belles choses de la nature, poss\u00e8de ses caract\u00e9ristiques et ses variations uniques. Nous invitons nos pr\u00e9cieux clients \u00e0 adopter ces variations naturelles. Bon shopping !<\/strong><\/p>\n<p>\u00a0<\/p>\n<p><strong><u>Aucune des photos et des s\u00e9quences vid\u00e9o n&#039;a \u00e9t\u00e9 filtr\u00e9e. Nous encourageons nos clients \u00e0 regarder \u00e9galement les vid\u00e9os d&#039;accompagnement pour une vue plus compl\u00e8te de nos produits<\/u><\/strong><\/p>","protected":false},"excerpt":{"rendered":"<p>Ornez-vous de ce collier pendentif en jade jad\u00e9ite de type A naturel semi-glac\u00e9 de qualit\u00e9 sup\u00e9rieure, pr\u00e9sentant un magnifique motif de Bouddha Milo. Num\u00e9ros de certificat : SZ21367221 Mat\u00e9riau : Fabriqu\u00e9 en jade jad\u00e9ite de type A de haute qualit\u00e9, ce collier respire l&#039;\u00e9l\u00e9gance et le charme. Poids et mesures : Pesant 30,56 grammes et mesurant 56 * 23 * 12,8 (pendentif207), ce [\u2026]<\/p>","protected":false},"featured_media":7161,"comment_status":"open","ping_status":"closed","template":"","meta":[],"product_brand":[],"product_cat":[195],"product_tag":[],"class_list":{"0":"post-1695","1":"product","2":"type-product","3":"status-publish","4":"has-post-thumbnail","6":"product_cat-heirloom-grade","8":"first","9":"instock","10":"sale","11":"shipping-taxable","12":"purchasable","13":"product-type-simple"},"_links":{"self":[{"href":"https:\/\/shop.yipinqian.com\/fr\/wp-json\/wp\/v2\/product\/1695","targetHints":{"allow":["GET"]}}],"collection":[{"href":"https:\/\/shop.yipinqian.com\/fr\/wp-json\/wp\/v2\/product"}],"about":[{"href":"https:\/\/shop.yipinqian.com\/fr\/wp-json\/wp\/v2\/types\/product"}],"replies":[{"embeddable":true,"href":"https:\/\/shop.yipinqian.com\/fr\/wp-json\/wp\/v2\/comments?post=1695"}],"version-history":[{"count":0,"href":"https:\/\/shop.yipinqian.com\/fr\/wp-json\/wp\/v2\/product\/1695\/revisions"}],"wp:featuredmedia":[{"embeddable":true,"href":"https:\/\/shop.yipinqian.com\/fr\/wp-json\/wp\/v2\/media\/7161"}],"wp:attachment":[{"href":"https:\/\/shop.yipinqian.com\/fr\/wp-json\/wp\/v2\/media?parent=1695"}],"wp:term":[{"taxonomy":"product_brand","embeddable":true,"href":"https:\/\/shop.yipinqian.com\/fr\/wp-json\/wp\/v2\/product_brand?post=1695"},{"taxonomy":"product_cat","embeddable":true,"href":"https:\/\/shop.yipinqian.com\/fr\/wp-json\/wp\/v2\/product_cat?post=1695"},{"taxonomy":"product_tag","embeddable":true,"href":"https:\/\/shop.yipinqian.com\/fr\/wp-json\/wp\/v2\/product_tag?post=1695"}],"curies":[{"name":"wp","href":"https:\/\/api.w.org\/{rel}","templated":true}]}}