{"id":1693,"date":"2024-10-24T23:21:31","date_gmt":"2024-10-24T15:21:31","guid":{"rendered":"https:\/\/shop.yipinqian.com\/product\/premium-rare-quality-light-lavender-and-light-green-hue-with-brown-patches-natural-type-a-jadeite-jade-crafted-as-peace-bangle-with-certificate-weighs-51-68-grams-measurement-13-2-7-3-54-8mm-bangle7\/"},"modified":"2025-02-24T01:34:17","modified_gmt":"2025-02-23T17:34:17","slug":"premium-rare-quality-light-lavender-and-light-green-hue-with-brown-patches-natural-type-a-jadeite-jade-crafted-as-peace-bangle-with-certificate-weighs-51-68-grams-measurement-13-2-7-3-54-8mm-bangle7","status":"publish","type":"product","link":"https:\/\/shop.yipinqian.com\/fr\/produit\/premium-rare-quality-light-lavender-and-light-green-hue-with-brown-patches-natural-type-a-jadeite-jade-crafted-as-peace-bangle-with-certificate-weighs-51-68-grams-measurement-13-2-7-3-54-8mm-bangle7\/","title":{"rendered":"Bracelet de paix en jade naturel de type A de qualit\u00e9 sup\u00e9rieure, de couleur lavande claire et vert clair avec des taches brunes, avec certificat, pesant 51,68 grammes et mesurant 13,2 x 7,3 x 54,8 mm (bracelet 7)"},"content":{"rendered":"<article class=\"lzd-article\">\n<p style=\"line-height: 1.7;text-align: left;text-indent: 0;margin-left: 0;margin-top: 0;margin-bottom: 0\"><span>Offrez-vous la beaut\u00e9 exquise de ce bracelet de paix en jade jad\u00e9ite naturelle de type A de qualit\u00e9 sup\u00e9rieure, de couleur lavande clair et vert clair avec des taches brunes.<\/span><\/p>\n<p style=\"line-height: 1.7;text-align: left;text-indent: 0;margin-left: 0;margin-top: 0;margin-bottom: 0\"><span><\/span><\/p>\n<p style=\"line-height: 1.7;text-align: left;text-indent: 0;margin-left: 0;margin-top: 0;margin-bottom: 0\"><span><\/span><img decoding=\"async\" src=\"https:\/\/shop.yipinqian.com\/wp-content\/uploads\/2024\/10\/Sebb0310554b44285b943af2ae35f1d68a.jpg\" style=\"width: 526.0px;height: 362.0px;vertical-align: middle\"><span> <\/span><\/p>\n<p style=\"line-height: 1.7;text-align: left;text-indent: 0;margin-left: 0;margin-top: 0;margin-bottom: 0\"><span><\/span><\/p>\n<p style=\"line-height: 1.7;text-align: left;text-indent: 0;margin-left: 0;margin-top: 0;margin-bottom: 0\"><span>Num\u00e9ros de certificat : GD2203H013237<\/span><\/p>\n<p style=\"line-height: 1.7;text-align: left;text-indent: 0;margin-left: 0;margin-top: 0;margin-bottom: 0\"><span>Taille du bracelet : 54,8 mm<\/span><\/p>\n<ul>\n<li>\n<div style=\"line-height: 1.7;text-align: left;text-indent: 0\"><span>Design \u00e9poustouflant : Fabriqu\u00e9 \u00e0 la perfection, ce bracelet pr\u00e9sente un m\u00e9lange unique de couleurs et de motifs, ce qui en fait un bijou vraiment remarquable.<\/span><\/div>\n<\/li>\n<li>\n<div style=\"line-height: 1.7;text-align: left;text-indent: 0\"><span>Qualit\u00e9 sup\u00e9rieure : Fabriqu\u00e9 \u00e0 partir de jade jad\u00e9ite de type A rare, ce bracelet respire le luxe et la sophistication.<\/span><\/div>\n<\/li>\n<li>\n<div style=\"line-height: 1.7;text-align: left;text-indent: 0\"><span>Certificat inclus : Livr\u00e9 avec un certificat pour authentifier la qualit\u00e9.<\/span><\/div>\n<\/li>\n<\/ul>\n<p style=\"line-height: 1.7;text-align: left;text-indent: 0;margin-left: 0;margin-top: 0;margin-bottom: 0\"><span>Pes\u00e9e <\/span><span style=\"font-weight: bold\">51,68 grammes<\/span><span> et mesurer <\/span><span style=\"font-weight: bold\">13,2 * 7,3 * 54,8 mm<\/span><span>, ce bracelet est con\u00e7u pour \u00eatre port\u00e9 au quotidien, parfait pour ajouter une touche d&#039;\u00e9l\u00e9gance \u00e0 n&#039;importe quelle tenue. Id\u00e9al pour les femmes qui appr\u00e9cient l&#039;artisanat raffin\u00e9 et les pierres pr\u00e9cieuses uniques.<\/span><\/p>\n<p style=\"line-height: 1.7;text-align: left;text-indent: 0;margin-left: 0;margin-top: 0;margin-bottom: 0\"><span><\/span><\/p>\n<p style=\"line-height: 1.7;text-align: left;text-indent: 0;margin-left: 0;margin-top: 0;margin-bottom: 0\"><span>Yi Pin Qian \u2013 N\u00e9gociant en pierres pr\u00e9cieuses et m\u00e9taux pr\u00e9cieux \u00e0 Singapour \u2013 Num\u00e9ro de licence PS20190000031<\/span><\/p>\n<p style=\"line-height: 1.7;text-align: left;text-indent: 0;margin-left: 0;margin-top: 0;margin-bottom: 0\"><span><\/span><\/p>\n<p style=\"line-height: 1.7;text-align: left;text-indent: 0;margin-left: 0;margin-top: 0;margin-bottom: 0\"><span>*Toutes les jad\u00e9ites achet\u00e9es chez Yi Pin Qian \u00e0 Singapour, les clients peuvent r\u00e9server des cr\u00e9neaux pour le polissage ou une r\u00e9paration mineure en cas de mauvaise manipulation - des frais s&#039;appliquent et uniquement pour les clients de Yi Pin Qian \u00e0 Singapour*<\/span><\/p>\n<p style=\"line-height: 1.7;text-align: left;text-indent: 0;margin-left: 0;margin-top: 0;margin-bottom: 0\"><span><\/span><\/p>\n<p style=\"line-height: 1.7;text-align: left;text-indent: 0;margin-left: 0;margin-top: 0;margin-bottom: 0\"><span style=\"font-weight: bold\">**Types de certificats**<\/span><\/p>\n<p style=\"line-height: 1.7;text-align: left;text-indent: 0;margin-left: 0;margin-top: 0;margin-bottom: 0\"><span><\/span><\/p>\n<p style=\"line-height: 1.7;text-align: left;text-indent: 0;margin-left: 0;margin-top: 0;margin-bottom: 0\"><span style=\"font-weight: bold\">NGI (Nan Yang Gemmologie)<\/span><\/p>\n<p style=\"line-height: 1.7;text-align: left;text-indent: 0;margin-left: 0;margin-top: 0;margin-bottom: 0\"><span>ou <\/span><span style=\"font-weight: bold\">Certificats \u00e9trangers <\/span><span>(Yi Pin Qian utilise uniquement des certificats authentiques provenant de laboratoires \u00e9trangers et contr\u00f4le \u00e9galement la qualit\u00e9 de chacun de nos produits avant de les mettre en vente \u00e0 Singapour)<\/span><\/p>\n<p style=\"line-height: 1.7;text-align: left;text-indent: 0;margin-left: 0;margin-top: 0;margin-bottom: 0\"><span><\/span><\/p>\n<p style=\"line-height: 1.7;text-align: left;text-indent: 0;margin-left: 0;margin-top: 0;margin-bottom: 0\"><span>Chaque produit sur TikTok aura le type de certificat fourni indiqu\u00e9 dans la description. Pour tout client souhaitant envoyer sa commande \u00e0 NGI Singapore, il y aura un d\u00e9lai d&#039;attente pour la livraison de la commande estim\u00e9 \u00e0 environ 4 semaines pour recevoir votre commande. <\/span><span style=\"font-weight: bold\">Les demandes de rapport sur les pierres pr\u00e9cieuses NGI doivent \u00eatre effectu\u00e9es en envoyant un message \u00e0 la boutique TikTok de Yi Pin Qian.<\/span><span> Merci, <\/span><span style=\"font-weight: bold;text-decoration: underline\">des frais suppl\u00e9mentaires s&#039;appliquent<\/span><span>.<\/span><\/p>\n<p style=\"line-height: 1.7;text-align: left;text-indent: 0;margin-left: 0;margin-top: 0;margin-bottom: 0\"><span><\/span><\/p>\n<p style=\"line-height: 1.7;text-align: left;text-indent: 0;margin-left: 0;margin-top: 0;margin-bottom: 0\"><span style=\"font-weight: bold\">La jad\u00e9ite naturelle n&#039;est pas parfaite, juste un petit rappel : notre jad\u00e9ite naturelle, comme toutes les belles choses de la nature, poss\u00e8de ses caract\u00e9ristiques et ses variations uniques. Nous invitons nos pr\u00e9cieux clients \u00e0 adopter ces variations naturelles. Bon shopping !<\/span><\/p>\n<p style=\"line-height: 1.7;text-align: left;text-indent: 0;margin-left: 0;margin-top: 0;margin-bottom: 0\"><span><\/span><\/p>\n<p style=\"line-height: 1.7;text-align: left;text-indent: 0;margin-left: 0;margin-top: 0;margin-bottom: 0\"><span style=\"font-weight: bold;text-decoration: underline\">Aucune des photos et des s\u00e9quences vid\u00e9o n&#039;a \u00e9t\u00e9 filtr\u00e9e. Nous encourageons nos clients \u00e0 regarder \u00e9galement les vid\u00e9os d&#039;accompagnement pour une vue plus compl\u00e8te de nos produits<\/span><\/p>\n<\/article>","protected":false},"excerpt":{"rendered":"<p>Laissez-vous s\u00e9duire par la beaut\u00e9 exquise de ce bracelet de paix en jade jad\u00e9ite naturelle de type A de qualit\u00e9 sup\u00e9rieure, de couleur lavande clair et vert clair avec des taches brunes. Num\u00e9ros de certificat : GD2203H013237 Taille du bracelet : 54,8 mm Superbe design : Fabriqu\u00e9 \u00e0 la perfection, ce bracelet pr\u00e9sente un m\u00e9lange unique de couleurs et de motifs, ce qui en fait un bijou vraiment remarquable. [\u2026]<\/p>","protected":false},"featured_media":7134,"comment_status":"open","ping_status":"closed","template":"","meta":[],"product_brand":[],"product_cat":[196],"product_tag":[],"class_list":{"0":"post-1693","1":"product","2":"type-product","3":"status-publish","4":"has-post-thumbnail","6":"product_cat-vault-collection","8":"first","9":"instock","10":"sale","11":"shipping-taxable","12":"purchasable","13":"product-type-simple"},"_links":{"self":[{"href":"https:\/\/shop.yipinqian.com\/fr\/wp-json\/wp\/v2\/product\/1693","targetHints":{"allow":["GET"]}}],"collection":[{"href":"https:\/\/shop.yipinqian.com\/fr\/wp-json\/wp\/v2\/product"}],"about":[{"href":"https:\/\/shop.yipinqian.com\/fr\/wp-json\/wp\/v2\/types\/product"}],"replies":[{"embeddable":true,"href":"https:\/\/shop.yipinqian.com\/fr\/wp-json\/wp\/v2\/comments?post=1693"}],"version-history":[{"count":0,"href":"https:\/\/shop.yipinqian.com\/fr\/wp-json\/wp\/v2\/product\/1693\/revisions"}],"wp:featuredmedia":[{"embeddable":true,"href":"https:\/\/shop.yipinqian.com\/fr\/wp-json\/wp\/v2\/media\/7134"}],"wp:attachment":[{"href":"https:\/\/shop.yipinqian.com\/fr\/wp-json\/wp\/v2\/media?parent=1693"}],"wp:term":[{"taxonomy":"product_brand","embeddable":true,"href":"https:\/\/shop.yipinqian.com\/fr\/wp-json\/wp\/v2\/product_brand?post=1693"},{"taxonomy":"product_cat","embeddable":true,"href":"https:\/\/shop.yipinqian.com\/fr\/wp-json\/wp\/v2\/product_cat?post=1693"},{"taxonomy":"product_tag","embeddable":true,"href":"https:\/\/shop.yipinqian.com\/fr\/wp-json\/wp\/v2\/product_tag?post=1693"}],"curies":[{"name":"wp","href":"https:\/\/api.w.org\/{rel}","templated":true}]}}