{"id":1692,"date":"2024-10-24T23:21:31","date_gmt":"2024-10-24T15:21:31","guid":{"rendered":"https:\/\/shop.yipinqian.com\/product\/premium-rare-old-pit-icy-natural-type-a-jadeite-cabochon-crafted-as-laughing-buddha-setting-on-g18k-gold-as-ring-with-finger-size-17-6mm-certificate-included-weigh-3-23-grams-jade-measurement-12-8-14\/"},"modified":"2025-02-24T01:17:27","modified_gmt":"2025-02-23T17:17:27","slug":"premium-rare-old-pit-icy-natural-type-a-jadeite-cabochon-crafted-as-laughing-buddha-setting-on-g18k-gold-as-ring-with-finger-size-17-6mm-certificate-included-weigh-3-23-grams-jade-measurement-12-8-14","status":"publish","type":"product","link":"https:\/\/shop.yipinqian.com\/fr\/produit\/premium-rare-old-pit-icy-natural-type-a-jadeite-cabochon-crafted-as-laughing-buddha-setting-on-g18k-gold-as-ring-with-finger-size-17-6mm-certificate-included-weigh-3-23-grams-jade-measurement-12-8-14\/","title":{"rendered":"Cabochon en jad\u00e9ite naturelle de type A de qualit\u00e9 sup\u00e9rieure, rare et ancienne, serti de Bouddha rieur sur or G18 carats comme bague avec une taille de doigt de 17,6 mm, certificat inclus, p\u00e8se 3,23 grammes, mesure du jade 12,8 * 14,8 * 4,1 mm (18kring5)"},"content":{"rendered":"<p>Ce cabochon en jad\u00e9ite naturelle de type A de qualit\u00e9 sup\u00e9rieure est un chef-d&#039;\u0153uvre exquis, con\u00e7u comme un Bouddha rieur serti sur de l&#039;or G18K. <strong>la taille des doigts est de 17,6 mm<\/strong> et p\u00e8se 3,23 grammes, tandis que la mesure du jade est de 12,8 * 14,8 * 4,1 mm.<\/p>\n<p>\u00a0<\/p>\n<p><strong>Num\u00e9ros de certificat : 920770021531<\/strong><\/p>\n<p><img fetchpriority=\"high\" decoding=\"async\" height=\"1080\" src=\"https:\/\/shop.yipinqian.com\/wp-content\/uploads\/2024\/10\/c73928d1aab035b5a5c0f95a0a1f91fa.jpg?from=476444299\" width=\"1080\"><\/p>\n<ul>\n<li>\n<strong>Avec certificat :<\/strong> Oui<\/li>\n<li><strong>Mat\u00e9riau secondaire : Diamant 0,003 * 11 = 0,033 carat<\/strong><\/li>\n<li>\n<strong>Mat\u00e9riau de r\u00e9glage :<\/strong> Or<\/li>\n<li>\n<strong>Type de jade :<\/strong>Jad\u00e9ite<\/li>\n<li>\n<strong>Pays d&#039;origine :<\/strong> Le cabochon en jad\u00e9ite naturelle de type A de qualit\u00e9 sup\u00e9rieure, rare et ancienne, a une belle apparence translucide et a \u00e9t\u00e9 sculpt\u00e9 en forme de Bouddha rieur, qui symbolise le bonheur et la chance. Cette superbe bague peut \u00eatre port\u00e9e pour des occasions quotidiennes ou peut \u00eatre offerte en cadeau sp\u00e9cial \u00e0 quelqu&#039;un qui appr\u00e9cie les bijoux uniques et de haute qualit\u00e9. Le type de garantie de ce produit est Non. Le sexe de ce produit est Femme. L&#039;occasion de ce produit Quotidien..<\/li>\n<\/ul>\n<p>Yi Pin Qian \u2013 N\u00e9gociant en pierres pr\u00e9cieuses et m\u00e9taux pr\u00e9cieux \u00e0 Singapour \u2013 Num\u00e9ro de licence PS20190000031<\/p>\n<p>\u00a0<\/p>\n<p>*Toutes les jad\u00e9ites achet\u00e9es chez Yi Pin Qian \u00e0 Singapour, les clients peuvent r\u00e9server des cr\u00e9neaux pour le polissage ou une r\u00e9paration mineure en cas de mauvaise manipulation - des frais s&#039;appliquent et uniquement pour les clients de Yi Pin Qian \u00e0 Singapour*<\/p>\n<p>\u00a0<\/p>\n<p><strong>**Types de certificats**<\/strong><\/p>\n<p>\u00a0<\/p>\n<p><strong>NGI (Nan Yang Gemmologie)<\/strong><\/p>\n<p>ou <strong>Certificats \u00e9trangers <\/strong>(Yi Pin Qian utilise uniquement des certificats authentiques provenant de laboratoires \u00e9trangers et contr\u00f4le \u00e9galement la qualit\u00e9 de chacun de nos produits avant de les mettre en vente \u00e0 Singapour)<\/p>\n<p>\u00a0<\/p>\n<p>Chaque produit sur TikTok aura le type de certificat fourni indiqu\u00e9 dans la description. Pour tout client souhaitant envoyer sa commande \u00e0 NGI Singapore, il y aura un d\u00e9lai d&#039;attente pour la livraison de la commande estim\u00e9 \u00e0 environ 4 semaines pour recevoir votre commande. <strong>Les demandes de rapport sur les pierres pr\u00e9cieuses NGI doivent \u00eatre effectu\u00e9es en envoyant un message \u00e0 la boutique TikTok de Yi Pin Qian.<\/strong> Merci, <strong><u>des frais suppl\u00e9mentaires s&#039;appliquent<\/u><\/strong>.<\/p>\n<p>\u00a0<\/p>\n<p><strong>La jad\u00e9ite naturelle n&#039;est pas parfaite, juste un petit rappel : notre jad\u00e9ite naturelle, comme toutes les belles choses de la nature, poss\u00e8de ses caract\u00e9ristiques et ses variations uniques. Nous invitons nos pr\u00e9cieux clients \u00e0 adopter ces variations naturelles. Bon shopping !<\/strong><\/p>\n<p>\u00a0<\/p>\n<p><strong><u>Aucune des photos et des s\u00e9quences vid\u00e9o n&#039;a \u00e9t\u00e9 filtr\u00e9e. Nous encourageons nos clients \u00e0 regarder \u00e9galement les vid\u00e9os d&#039;accompagnement pour une vue plus compl\u00e8te de nos produits<\/u><\/strong><\/p>","protected":false},"excerpt":{"rendered":"<p>Ce cabochon en jad\u00e9ite naturelle de type A de qualit\u00e9 sup\u00e9rieure est un chef-d&#039;\u0153uvre exquis, con\u00e7u comme un sertissage de Bouddha rieur sur de l&#039;or G18K. Sa taille de doigt est de 17,6 mm et p\u00e8se 3,23 grammes, tandis que la mesure du jade est de 12,8 * 14,8 * 4,1 mm. Num\u00e9ros de certificat : 920770021531 Avec certificat : Oui Mat\u00e9riau secondaire : Diamant 0,003 * 11 [\u2026]<\/p>","protected":false},"featured_media":7125,"comment_status":"open","ping_status":"closed","template":"","meta":[],"product_brand":[],"product_cat":[195],"product_tag":[],"class_list":{"0":"post-1692","1":"product","2":"type-product","3":"status-publish","4":"has-post-thumbnail","6":"product_cat-heirloom-grade","8":"first","9":"instock","10":"sale","11":"shipping-taxable","12":"purchasable","13":"product-type-simple"},"_links":{"self":[{"href":"https:\/\/shop.yipinqian.com\/fr\/wp-json\/wp\/v2\/product\/1692","targetHints":{"allow":["GET"]}}],"collection":[{"href":"https:\/\/shop.yipinqian.com\/fr\/wp-json\/wp\/v2\/product"}],"about":[{"href":"https:\/\/shop.yipinqian.com\/fr\/wp-json\/wp\/v2\/types\/product"}],"replies":[{"embeddable":true,"href":"https:\/\/shop.yipinqian.com\/fr\/wp-json\/wp\/v2\/comments?post=1692"}],"version-history":[{"count":0,"href":"https:\/\/shop.yipinqian.com\/fr\/wp-json\/wp\/v2\/product\/1692\/revisions"}],"wp:featuredmedia":[{"embeddable":true,"href":"https:\/\/shop.yipinqian.com\/fr\/wp-json\/wp\/v2\/media\/7125"}],"wp:attachment":[{"href":"https:\/\/shop.yipinqian.com\/fr\/wp-json\/wp\/v2\/media?parent=1692"}],"wp:term":[{"taxonomy":"product_brand","embeddable":true,"href":"https:\/\/shop.yipinqian.com\/fr\/wp-json\/wp\/v2\/product_brand?post=1692"},{"taxonomy":"product_cat","embeddable":true,"href":"https:\/\/shop.yipinqian.com\/fr\/wp-json\/wp\/v2\/product_cat?post=1692"},{"taxonomy":"product_tag","embeddable":true,"href":"https:\/\/shop.yipinqian.com\/fr\/wp-json\/wp\/v2\/product_tag?post=1692"}],"curies":[{"name":"wp","href":"https:\/\/api.w.org\/{rel}","templated":true}]}}