{"id":1690,"date":"2024-10-24T23:21:30","date_gmt":"2024-10-24T15:21:30","guid":{"rendered":"https:\/\/shop.yipinqian.com\/product\/premium-quality-yellow-natural-type-a-jadeite-pendant-with-fortune-god-mountain-and-trees-symbolize-the-blessing-of-good-fortune-eternal-strength-and-continuous-growth-certificate-weigh-77-61-g-76-10\/"},"modified":"2025-02-24T01:34:17","modified_gmt":"2025-02-23T17:34:17","slug":"premium-quality-yellow-natural-type-a-jadeite-pendant-with-fortune-god-mountain-and-trees-symbolize-the-blessing-of-good-fortune-eternal-strength-and-continuous-growth-certificate-weigh-77-61-g-76-10","status":"publish","type":"product","link":"https:\/\/shop.yipinqian.com\/fr\/produit\/premium-quality-yellow-natural-type-a-jadeite-pendant-with-fortune-god-mountain-and-trees-symbolize-the-blessing-of-good-fortune-eternal-strength-and-continuous-growth-certificate-weigh-77-61-g-76-10\/","title":{"rendered":"Pendentif en jad\u00e9ite naturelle jaune de qualit\u00e9 sup\u00e9rieure de type A avec dieu de la fortune, montagne et arbres, symbolisant la b\u00e9n\u00e9diction de la bonne fortune, de la force \u00e9ternelle et de la croissance continue, le certificat p\u00e8se 77,61 g, 76,10 * 39 * 19,30 mm, symbole de prosp\u00e9rit\u00e9 (pendentif81)"},"content":{"rendered":"<p>Ce <strong>Pendentif en jad\u00e9ite naturelle jaune de type A de qualit\u00e9 sup\u00e9rieure<\/strong> est un puissant symbole de prosp\u00e9rit\u00e9. Le design complexe pr\u00e9sente le dieu de la fortune, la montagne, les arbres, le pavillon, le pont, l&#039;eau - tous des symboles de bonne fortune, de force \u00e9ternelle et de croissance continue.<\/p>\n<p>\u00a0<\/p>\n<p>Fabriqu\u00e9 avec de la jad\u00e9ite naturelle jaune de type A de qualit\u00e9, ce pendentif est un accessoire exquis \u00e0 porter au quotidien.<\/p>\n<p>\u00a0<\/p>\n<p>Le certificat p\u00e8se <strong>77,61 g<\/strong> et mesures <strong>76,10 * 39 * 19,30 mm<\/strong> \u2013 une taille parfaite pour quiconque cherche \u00e0 attirer l\u2019abondance dans sa vie.<\/p>\n<p>\u00a0<\/p>\n<p><strong>Num\u00e9ros de certificat : GD2203H000390<\/strong><\/p>\n<p><img fetchpriority=\"high\" decoding=\"async\" height=\"1080\" src=\"https:\/\/shop.yipinqian.com\/wp-content\/uploads\/2024\/10\/ee68a50be71a21712af1523c3207dd3e.jpg?from=476444299\" width=\"1080\"><img decoding=\"async\" height=\"1080\" src=\"https:\/\/shop.yipinqian.com\/wp-content\/uploads\/2024\/10\/27b3c7e4df014b03b0856f2d97501732.jpg?from=476444299\" width=\"1080\"><\/p>\n<p>Ce pendentif unisexe est accompagn\u00e9 d&#039;un certificat d&#039;authenticit\u00e9 du Myanmar, le pays d&#039;origine de cette superbe pi\u00e8ce.<\/p>\n<p>\u00a0<\/p>\n<p>Que ce soit pour vous-m\u00eame ou comme cadeau \u00e0 une personne sp\u00e9ciale dans votre vie, ce pendentif en jad\u00e9ite de qualit\u00e9 sup\u00e9rieure apportera \u00e0 coup s\u00fbr chance et prosp\u00e9rit\u00e9 au quotidien !<\/p>\n<p>\u00a0<\/p>\n<p>Yi Pin Qian \u2013 N\u00e9gociant en pierres pr\u00e9cieuses et m\u00e9taux pr\u00e9cieux \u00e0 Singapour \u2013 Num\u00e9ro de licence PS20190000031<\/p>\n<p>\u00a0<\/p>\n<p>*Toutes les jad\u00e9ites achet\u00e9es chez Yi Pin Qian \u00e0 Singapour, les clients peuvent r\u00e9server des cr\u00e9neaux pour le polissage ou une r\u00e9paration mineure en cas de mauvaise manipulation - des frais s&#039;appliquent et uniquement pour les clients de Yi Pin Qian \u00e0 Singapour*<\/p>\n<p>\u00a0<\/p>\n<p><strong>**Types de certificats**<\/strong><\/p>\n<p>\u00a0<\/p>\n<p><strong>NGI (Nan Yang Gemmologie)<\/strong><\/p>\n<p>ou <strong>Certificats \u00e9trangers <\/strong>(Yi Pin Qian utilise uniquement des certificats authentiques provenant de laboratoires \u00e9trangers et contr\u00f4le \u00e9galement la qualit\u00e9 de chacun de nos produits avant de les mettre en vente \u00e0 Singapour)<\/p>\n<p>\u00a0<\/p>\n<p>Chaque produit sur TikTok aura le type de certificat fourni indiqu\u00e9 dans la description. Pour tout client souhaitant envoyer sa commande \u00e0 NGI Singapore, il y aura un d\u00e9lai d&#039;attente pour la livraison de la commande estim\u00e9 \u00e0 environ 4 semaines pour recevoir votre commande. <strong>Les demandes de rapport sur les pierres pr\u00e9cieuses NGI doivent \u00eatre effectu\u00e9es en envoyant un message \u00e0 la boutique TikTok de Yi Pin Qian.<\/strong> Merci, <strong><u>des frais suppl\u00e9mentaires s&#039;appliquent<\/u><\/strong>.<\/p>\n<p>\u00a0<\/p>\n<p><strong>La jad\u00e9ite naturelle n&#039;est pas parfaite, juste un petit rappel : notre jad\u00e9ite naturelle, comme toutes les belles choses de la nature, poss\u00e8de ses caract\u00e9ristiques et ses variations uniques. Nous invitons nos pr\u00e9cieux clients \u00e0 adopter ces variations naturelles. Bon shopping !<\/strong><\/p>\n<p>\u00a0<\/p>\n<p><strong><u>Aucune des photos et des s\u00e9quences vid\u00e9o n&#039;a \u00e9t\u00e9 filtr\u00e9e. Nous encourageons nos clients \u00e0 regarder \u00e9galement les vid\u00e9os d&#039;accompagnement pour une vue plus compl\u00e8te de nos produits<\/u><\/strong><\/p>","protected":false},"excerpt":{"rendered":"<p>This Premium Quality Yellow Natural Type A Jadeite pendant is a powerful symbol of prosperity. The intricate design features the fortune god, mountain, and trees, pavilion,bridge, water &#8211; all symbols of good fortune, eternal strength and continuous growth. \u00a0 Crafted with quality Yellow Natural Type A Jadeite, this pendant is an exquisite accessory for daily [&hellip;]<\/p>","protected":false},"featured_media":7115,"comment_status":"open","ping_status":"closed","template":"","meta":[],"product_brand":[],"product_cat":[196],"product_tag":[],"class_list":{"0":"post-1690","1":"product","2":"type-product","3":"status-publish","4":"has-post-thumbnail","6":"product_cat-vault-collection","8":"first","9":"instock","10":"sale","11":"shipping-taxable","12":"purchasable","13":"product-type-simple"},"_links":{"self":[{"href":"https:\/\/shop.yipinqian.com\/fr\/wp-json\/wp\/v2\/product\/1690","targetHints":{"allow":["GET"]}}],"collection":[{"href":"https:\/\/shop.yipinqian.com\/fr\/wp-json\/wp\/v2\/product"}],"about":[{"href":"https:\/\/shop.yipinqian.com\/fr\/wp-json\/wp\/v2\/types\/product"}],"replies":[{"embeddable":true,"href":"https:\/\/shop.yipinqian.com\/fr\/wp-json\/wp\/v2\/comments?post=1690"}],"version-history":[{"count":0,"href":"https:\/\/shop.yipinqian.com\/fr\/wp-json\/wp\/v2\/product\/1690\/revisions"}],"wp:featuredmedia":[{"embeddable":true,"href":"https:\/\/shop.yipinqian.com\/fr\/wp-json\/wp\/v2\/media\/7115"}],"wp:attachment":[{"href":"https:\/\/shop.yipinqian.com\/fr\/wp-json\/wp\/v2\/media?parent=1690"}],"wp:term":[{"taxonomy":"product_brand","embeddable":true,"href":"https:\/\/shop.yipinqian.com\/fr\/wp-json\/wp\/v2\/product_brand?post=1690"},{"taxonomy":"product_cat","embeddable":true,"href":"https:\/\/shop.yipinqian.com\/fr\/wp-json\/wp\/v2\/product_cat?post=1690"},{"taxonomy":"product_tag","embeddable":true,"href":"https:\/\/shop.yipinqian.com\/fr\/wp-json\/wp\/v2\/product_tag?post=1690"}],"curies":[{"name":"wp","href":"https:\/\/api.w.org\/{rel}","templated":true}]}}