{"id":1687,"date":"2024-10-24T23:21:27","date_gmt":"2024-10-24T15:21:27","guid":{"rendered":"https:\/\/shop.yipinqian.com\/product\/premium-quality-yellow-natural-type-a-jadeite-jade-crafted-with-dragon-as-pendant-certificate-weighs-53-72-grams-measurement-67-3-37-5-12-9-mm-pendant240\/"},"modified":"2025-02-24T01:34:17","modified_gmt":"2025-02-23T17:34:17","slug":"premium-quality-yellow-natural-type-a-jadeite-jade-crafted-with-dragon-as-pendant-certificate-weighs-53-72-grams-measurement-67-3-37-5-12-9-mm-pendant240","status":"publish","type":"product","link":"https:\/\/shop.yipinqian.com\/fr\/produit\/premium-quality-yellow-natural-type-a-jadeite-jade-crafted-with-dragon-as-pendant-certificate-weighs-53-72-grams-measurement-67-3-37-5-12-9-mm-pendant240\/","title":{"rendered":"Jade jad\u00e9ite naturelle jaune de qualit\u00e9 sup\u00e9rieure de type A fabriqu\u00e9 avec un dragon comme pendentif, le certificat p\u00e8se 53,72 grammes, mesure 67,3 * 37,5 * 12,9 mm (pendentif240)"},"content":{"rendered":"<p>Ce pendentif en jade jad\u00e9ite naturelle jaune de type A de qualit\u00e9 sup\u00e9rieure pr\u00e9sente un motif de dragon magnifiquement con\u00e7u, ce qui en fait un superbe bijou.<\/p>\n<p><\/p>\n<p>Num\u00e9ros de certificat : GD2110H018186<\/p>\n<ul>\n<li>\n<strong>Poids et mesures :<\/strong> Pesant 53,72 grammes, le pendentif mesure 67,3 x 37,5 x 12,9 mm, ajoutant une touche exquise \u00e0 n&#039;importe quelle tenue.<\/li>\n<li>\n<strong>Certificat:<\/strong> Livr\u00e9 avec un certificat pour authentifier la qualit\u00e9 et l&#039;origine du jade.<\/li>\n<li>\n<strong>Type de jade :<\/strong> Fabriqu\u00e9 \u00e0 partir de jad\u00e9ite v\u00e9ritable, provenant du Myanmar pour son authenticit\u00e9 et sa qualit\u00e9.<\/li>\n<\/ul>\n<p>Ce collier est parfait pour diverses occasions en raison de son symbolisme de bon augure, ce qui en fait un accessoire id\u00e9al pour les hommes et les femmes avec son design unisexe.<\/p>\n<ul>\n<li>\n<strong>Occasion:<\/strong> Propice<\/li>\n<li>\n<strong>Type de jade :<\/strong>Jad\u00e9ite<\/li>\n<\/ul>\n<p>Le style \u00e9l\u00e9gant du collier ajoute de la sophistication \u00e0 n&#039;importe quelle tenue tout en mettant en valeur la beaut\u00e9 du jade naturel dans un design de pendentif Dragon unique.<\/p>\n<ul>\n<li>Aucune garantie incluse<\/li>\n<\/ul>\n<p>Yi Pin Qian \u2013 N\u00e9gociant en pierres pr\u00e9cieuses et m\u00e9taux pr\u00e9cieux \u00e0 Singapour \u2013 Num\u00e9ro de licence PS20190000031<\/p>\n<p><\/p>\n<p>*Toutes les jad\u00e9ites achet\u00e9es chez Yi Pin Qian \u00e0 Singapour, les clients peuvent r\u00e9server des cr\u00e9neaux pour le polissage ou une r\u00e9paration mineure en cas de mauvaise manipulation - des frais s&#039;appliquent et uniquement pour les clients de Yi Pin Qian \u00e0 Singapour*<\/p>\n<p><\/p>\n<p><strong>**Types de certificats**<\/strong><\/p>\n<p><\/p>\n<p><strong>NGI (Nan Yang Gemmologie)<\/strong><\/p>\n<p>ou <strong>Certificats \u00e9trangers <\/strong>(Yi Pin Qian utilise uniquement des certificats authentiques provenant de laboratoires \u00e9trangers et contr\u00f4le \u00e9galement la qualit\u00e9 de chacun de nos produits avant de les mettre en vente \u00e0 Singapour)<\/p>\n<p><\/p>\n<p>Chaque produit sur TikTok aura le type de certificat fourni indiqu\u00e9 dans la description. Pour tout client souhaitant envoyer sa commande \u00e0 NGI Singapore, il y aura un d\u00e9lai d&#039;attente pour la livraison de la commande estim\u00e9 \u00e0 environ 4 semaines pour recevoir votre commande. <strong>Les demandes de rapport sur les pierres pr\u00e9cieuses NGI doivent \u00eatre effectu\u00e9es en envoyant un message \u00e0 la boutique TikTok de Yi Pin Qian.<\/strong> Merci, <strong><u>des frais suppl\u00e9mentaires s&#039;appliquent<\/u><\/strong>.<\/p>\n<p><\/p>\n<p><strong>La jad\u00e9ite naturelle n&#039;est pas parfaite, juste un petit rappel : notre jad\u00e9ite naturelle, comme toutes les belles choses de la nature, poss\u00e8de ses caract\u00e9ristiques et ses variations uniques. Nous invitons nos pr\u00e9cieux clients \u00e0 adopter ces variations naturelles. Bon shopping !<\/strong><\/p>\n<p><\/p>\n<p><strong><u>Aucune des photos et des s\u00e9quences vid\u00e9o n&#039;a \u00e9t\u00e9 filtr\u00e9e. Nous encourageons nos clients \u00e0 regarder \u00e9galement les vid\u00e9os d&#039;accompagnement pour une vue plus compl\u00e8te de nos produits<\/u><\/strong><\/p>","protected":false},"excerpt":{"rendered":"<p>This Premium Quality Yellow Natural Type A Jadeite Jade pendant features a beautifully crafted Dragon design, making it a stunning piece of jewelry. Certificate numbers: GD2110H018186 Weight and Measurement: Weighing 53.72 grams, the pendant measures 67.3 x 37.5 x 12.9 mm, adding an exquisite touch to any outfit. Certificate: Comes with a certificate to authenticate [&hellip;]<\/p>","protected":false},"featured_media":7086,"comment_status":"open","ping_status":"closed","template":"","meta":[],"product_brand":[],"product_cat":[196],"product_tag":[],"class_list":{"0":"post-1687","1":"product","2":"type-product","3":"status-publish","4":"has-post-thumbnail","6":"product_cat-vault-collection","8":"first","9":"instock","10":"sale","11":"shipping-taxable","12":"purchasable","13":"product-type-simple"},"_links":{"self":[{"href":"https:\/\/shop.yipinqian.com\/fr\/wp-json\/wp\/v2\/product\/1687","targetHints":{"allow":["GET"]}}],"collection":[{"href":"https:\/\/shop.yipinqian.com\/fr\/wp-json\/wp\/v2\/product"}],"about":[{"href":"https:\/\/shop.yipinqian.com\/fr\/wp-json\/wp\/v2\/types\/product"}],"replies":[{"embeddable":true,"href":"https:\/\/shop.yipinqian.com\/fr\/wp-json\/wp\/v2\/comments?post=1687"}],"version-history":[{"count":0,"href":"https:\/\/shop.yipinqian.com\/fr\/wp-json\/wp\/v2\/product\/1687\/revisions"}],"wp:featuredmedia":[{"embeddable":true,"href":"https:\/\/shop.yipinqian.com\/fr\/wp-json\/wp\/v2\/media\/7086"}],"wp:attachment":[{"href":"https:\/\/shop.yipinqian.com\/fr\/wp-json\/wp\/v2\/media?parent=1687"}],"wp:term":[{"taxonomy":"product_brand","embeddable":true,"href":"https:\/\/shop.yipinqian.com\/fr\/wp-json\/wp\/v2\/product_brand?post=1687"},{"taxonomy":"product_cat","embeddable":true,"href":"https:\/\/shop.yipinqian.com\/fr\/wp-json\/wp\/v2\/product_cat?post=1687"},{"taxonomy":"product_tag","embeddable":true,"href":"https:\/\/shop.yipinqian.com\/fr\/wp-json\/wp\/v2\/product_tag?post=1687"}],"curies":[{"name":"wp","href":"https:\/\/api.w.org\/{rel}","templated":true}]}}