{"id":1686,"date":"2024-10-24T23:21:27","date_gmt":"2024-10-24T15:21:27","guid":{"rendered":"https:\/\/shop.yipinqian.com\/product\/premium-quality-yellow-and-green-natural-type-a-jadeite-jade-crafted-as-rooster-with-ruyi-as-pendant-necklace-with-certificate-weigh-17-7-grams-measurement-41-6-34-8-7-5-mm-pendant208\/"},"modified":"2025-02-24T00:49:52","modified_gmt":"2025-02-23T16:49:52","slug":"premium-quality-yellow-and-green-natural-type-a-jadeite-jade-crafted-as-rooster-with-ruyi-as-pendant-necklace-with-certificate-weigh-17-7-grams-measurement-41-6-34-8-7-5-mm-pendant208","status":"publish","type":"product","link":"https:\/\/shop.yipinqian.com\/fr\/produit\/premium-quality-yellow-and-green-natural-type-a-jadeite-jade-crafted-as-rooster-with-ruyi-as-pendant-necklace-with-certificate-weigh-17-7-grams-measurement-41-6-34-8-7-5-mm-pendant208\/","title":{"rendered":"Collier pendentif en jade jad\u00e9ite naturelle de type A jaune et vert de qualit\u00e9 sup\u00e9rieure, fabriqu\u00e9 en forme de coq avec Ruyi, avec certificat, pesant 17,7 grammes, mesurant 41,6 * 34,8 * 7,5 mm (pendentif208)"},"content":{"rendered":"<p>Rehaussez votre style avec ce collier pendentif en jade jad\u00e9ite naturelle de type A jaune et vert de qualit\u00e9 sup\u00e9rieure avec pendentif Ruyi. Fabriqu\u00e9 avec soin et perfection, ce collier respire l&#039;\u00e9l\u00e9gance et la sophistication.<\/p>\n<p>\u00a0<\/p>\n<p>Num\u00e9ros de certificat : GD2110H006413<\/p>\n<p><img fetchpriority=\"high\" decoding=\"async\" height=\"1080\" src=\"https:\/\/shop.yipinqian.com\/wp-content\/uploads\/2024\/10\/161982ee01f5b6ff583ae24a873aaa82.jpg?from=476444299\" width=\"1080\"><\/p>\n<ul>\n<li>\n<strong>Jad\u00e9ite naturelle de type A :<\/strong> Fabriqu\u00e9 \u00e0 partir de jad\u00e9ite naturelle de type A non trait\u00e9e de qualit\u00e9 sup\u00e9rieure provenant du Myanmar, le pendentif p\u00e8se 17,7 grammes et mesure 41,6 * 34,8 * 7,5 mm.<\/li>\n<li>\n<strong>Coq avec le design Ruyi :<\/strong> Le pendentif est r\u00e9alis\u00e9 en forme de coq tenant un ruyi \u2013 un symbole chinois traditionnel de chance \u2013 dans son bec.<\/li>\n<li>\n<strong>Certificat inclus :<\/strong> Cette pi\u00e8ce est accompagn\u00e9e d&#039;un certificat d&#039;authenticit\u00e9 pour votre tranquillit\u00e9 d&#039;esprit.<\/li>\n<\/ul>\n<p>Ce collier unisexe est parfait pour un usage quotidien\u00a0; son style d\u00e9contract\u00e9 permet de l&#039;associer facilement \u00e0 un style haut ou bas selon vos pr\u00e9f\u00e9rences ou l&#039;occasion.<\/p>\n<ul>\n<li>\n<strong>Style de collier en jade : <\/strong>Occasionnel<\/li>\n<li>\n<strong>Jade Occasion: <\/strong>Tous les jours<\/li>\n<li>\n<strong>Jade Sexe: <\/strong>Unisexe<\/li>\n<\/ul>\n<p>Ajoutez ce chef-d&#039;\u0153uvre \u00e0 votre collection de bijoux d\u00e8s aujourd&#039;hui et faites tourner les t\u00eates !<\/p>\n<ul>\n<li><strong>L&#039;attribut Avec certificat est Oui. L&#039;attribut Pays d&#039;origine est Myanmar. L&#039;attribut Occasion est Quotidien. L&#039;attribut Type de garantie ne s&#039;applique pas \u00e0 ce produit. L&#039;attribut Sexe est Unisexe<\/strong><\/li>\n<\/ul>\n<p>Yi Pin Qian \u2013 N\u00e9gociant en pierres pr\u00e9cieuses et m\u00e9taux pr\u00e9cieux \u00e0 Singapour \u2013 Num\u00e9ro de licence PS20190000031<\/p>\n<p>\u00a0<\/p>\n<p>*Toutes les jad\u00e9ites achet\u00e9es chez Yi Pin Qian \u00e0 Singapour, les clients peuvent r\u00e9server des cr\u00e9neaux pour le polissage ou une r\u00e9paration mineure en cas de mauvaise manipulation - des frais s&#039;appliquent et uniquement pour les clients de Yi Pin Qian \u00e0 Singapour*<\/p>\n<p>\u00a0<\/p>\n<p><strong>**Types de certificats**<\/strong><\/p>\n<p>\u00a0<\/p>\n<p><strong>NGI (Nan Yang Gemmologie)<\/strong><\/p>\n<p>ou <strong>Certificats \u00e9trangers <\/strong>(Yi Pin Qian utilise uniquement des certificats authentiques provenant de laboratoires \u00e9trangers et contr\u00f4le \u00e9galement la qualit\u00e9 de chacun de nos produits avant de les mettre en vente \u00e0 Singapour)<\/p>\n<p>\u00a0<\/p>\n<p>Chaque produit sur TikTok aura le type de certificat fourni indiqu\u00e9 dans la description. Pour tout client souhaitant envoyer sa commande \u00e0 NGI Singapore, il y aura un d\u00e9lai d&#039;attente pour la livraison de la commande estim\u00e9 \u00e0 environ 4 semaines pour recevoir votre commande. <strong>Les demandes de rapport sur les pierres pr\u00e9cieuses NGI doivent \u00eatre effectu\u00e9es en envoyant un message \u00e0 la boutique TikTok de Yi Pin Qian.<\/strong> Merci, <strong><u>des frais suppl\u00e9mentaires s&#039;appliquent<\/u><\/strong>.<\/p>\n<p>\u00a0<\/p>\n<p><strong>La jad\u00e9ite naturelle n&#039;est pas parfaite, juste un petit rappel : notre jad\u00e9ite naturelle, comme toutes les belles choses de la nature, poss\u00e8de ses caract\u00e9ristiques et ses variations uniques. Nous invitons nos pr\u00e9cieux clients \u00e0 adopter ces variations naturelles. Bon shopping !<\/strong><\/p>\n<p>\u00a0<\/p>\n<p><strong><u>Aucune des photos et des s\u00e9quences vid\u00e9o n&#039;a \u00e9t\u00e9 filtr\u00e9e. Nous encourageons nos clients \u00e0 regarder \u00e9galement les vid\u00e9os d&#039;accompagnement pour une vue plus compl\u00e8te de nos produits<\/u><\/strong><\/p>","protected":false},"excerpt":{"rendered":"<p>Rehaussez votre style avec ce collier pendentif en jade de type A naturel jaune et vert de qualit\u00e9 sup\u00e9rieure en forme de coq avec Ruyi. Fabriqu\u00e9 avec soin \u00e0 la perfection, ce collier respire l&#039;\u00e9l\u00e9gance et la sophistication. Num\u00e9ros de certificat : GD2110H006413 Jad\u00e9ite naturelle de type A : Fabriqu\u00e9 \u00e0 partir de jad\u00e9ite naturelle de type A non trait\u00e9e de qualit\u00e9 sup\u00e9rieure du Myanmar, le pendentif p\u00e8se 17,7 grammes et [\u2026]<\/p>","protected":false},"featured_media":7078,"comment_status":"open","ping_status":"closed","template":"","meta":[],"product_brand":[],"product_cat":[194],"product_tag":[],"class_list":{"0":"post-1686","1":"product","2":"type-product","3":"status-publish","4":"has-post-thumbnail","6":"product_cat-value-picks","8":"first","9":"instock","10":"sale","11":"shipping-taxable","12":"purchasable","13":"product-type-simple"},"_links":{"self":[{"href":"https:\/\/shop.yipinqian.com\/fr\/wp-json\/wp\/v2\/product\/1686","targetHints":{"allow":["GET"]}}],"collection":[{"href":"https:\/\/shop.yipinqian.com\/fr\/wp-json\/wp\/v2\/product"}],"about":[{"href":"https:\/\/shop.yipinqian.com\/fr\/wp-json\/wp\/v2\/types\/product"}],"replies":[{"embeddable":true,"href":"https:\/\/shop.yipinqian.com\/fr\/wp-json\/wp\/v2\/comments?post=1686"}],"version-history":[{"count":0,"href":"https:\/\/shop.yipinqian.com\/fr\/wp-json\/wp\/v2\/product\/1686\/revisions"}],"wp:featuredmedia":[{"embeddable":true,"href":"https:\/\/shop.yipinqian.com\/fr\/wp-json\/wp\/v2\/media\/7078"}],"wp:attachment":[{"href":"https:\/\/shop.yipinqian.com\/fr\/wp-json\/wp\/v2\/media?parent=1686"}],"wp:term":[{"taxonomy":"product_brand","embeddable":true,"href":"https:\/\/shop.yipinqian.com\/fr\/wp-json\/wp\/v2\/product_brand?post=1686"},{"taxonomy":"product_cat","embeddable":true,"href":"https:\/\/shop.yipinqian.com\/fr\/wp-json\/wp\/v2\/product_cat?post=1686"},{"taxonomy":"product_tag","embeddable":true,"href":"https:\/\/shop.yipinqian.com\/fr\/wp-json\/wp\/v2\/product_tag?post=1686"}],"curies":[{"name":"wp","href":"https:\/\/api.w.org\/{rel}","templated":true}]}}